{"id":22951,"date":"2025-04-07T08:15:11","date_gmt":"2025-04-07T08:15:11","guid":{"rendered":"https:\/\/graphired.com\/?post_type=product&#038;p=22951"},"modified":"2025-04-07T08:21:19","modified_gmt":"2025-04-07T08:21:19","slug":"canne-reutilisable-6x20mm-couleurs-assorties-5000-pcs-copia-copia-copia","status":"publish","type":"product","link":"https:\/\/graphired.com\/fr\/produit\/canne-reutilisable-6x20mm-couleurs-assorties-5000-pcs-copia-copia-copia\/","title":{"rendered":"Canne r\u00e9utilisable 6x20mm Couleurs assorties &#8211; 5000 pcs. (copia) (copia) (copia)"},"content":{"rendered":"<p>\ud83e\udd64\ud83c\udf3f <strong>Canne r\u00e9utilisable Vari\u00e9t\u00e9s de couleurs :<\/strong> Un pas vers la durabilit\u00e9<\/p>\n<p>Dans un monde avide de solutions respectueuses de la plan\u00e8te, la <strong>paille r\u00e9utilisable en PP<\/strong> transparent de 20 cm \u00d86 cm appara\u00eet comme un choix conscient et responsable.<\/p>\n<p>Fabriqu\u00e9e en polypropyl\u00e8ne (PP), un mat\u00e9riau durable \u267b\ufe0f, cette paille transparente offre une exp\u00e9rience de boisson sans perdre de vue la durabilit\u00e9. Polyvalent pour les boissons rafra\u00eechissantes et les smoothies.<\/p>\n<p>Sa particularit\u00e9 r\u00e9side dans le fait qu&rsquo;il peut \u00eatre r\u00e9utilis\u00e9. En optant pour cette solution, vous \u00e9vitez les d\u00e9chets plastiques \u00e0 usage unique et vous r\u00e9duisez la pollution de l&rsquo;environnement. Sa transparence est l&rsquo;expression d&rsquo;un engagement \u00e9cologique.<\/p>\n<p>Chaque gorg\u00e9e est un pas vers la durabilit\u00e9 \ud83c\udf0d\ud83c\udf1f. Avec la <strong>paille r\u00e9utilisable en PP<\/strong>, nous transformons chaque boisson en une action consciente.<\/p>\n","protected":false},"excerpt":{"rendered":"<p>\ud83e\udd64\ud83c\udf3f <strong>Canne r\u00e9utilisable Vari\u00e9t\u00e9s de couleurs :<\/strong> Un pas vers la durabilit\u00e9<\/p>\n<p>Dans un monde avide de solutions respectueuses de la plan\u00e8te, la <strong>paille r\u00e9utilisable en PP<\/strong> transparent de 20 cm \u00d86 cm appara\u00eet comme un choix conscient et responsable.<\/p>\n<p>Fabriqu\u00e9e en polypropyl\u00e8ne (PP), un mat\u00e9riau durable \u267b\ufe0f, cette paille transparente offre une exp\u00e9rience de boisson sans perdre de vue la durabilit\u00e9. Polyvalent pour les boissons rafra\u00eechissantes et les smoothies.<\/p>\n<p>Sa particularit\u00e9 r\u00e9side dans le fait qu&rsquo;il peut \u00eatre r\u00e9utilis\u00e9. En optant pour cette solution, vous \u00e9vitez les d\u00e9chets plastiques \u00e0 usage unique et vous r\u00e9duisez la pollution de l&rsquo;environnement. Sa transparence est l&rsquo;expression d&rsquo;un engagement \u00e9cologique.<\/p>\n<p>Chaque gorg\u00e9e est un pas vers la durabilit\u00e9 \ud83c\udf0d\ud83c\udf1f. Avec la <strong>paille r\u00e9utilisable en PP<\/strong>, nous transformons chaque boisson en une action consciente.<\/p>\n","protected":false},"featured_media":22977,"template":"","meta":{"_acf_changed":false},"product_brand":[],"product_cat":[1850],"product_tag":[],"class_list":{"0":"post-22951","1":"product","2":"type-product","3":"status-publish","4":"has-post-thumbnail","6":"product_cat-pailles-en-plastique","7":"pa_apto-microondas-non","8":"pa_biodegradable-compostable-non","9":"pa_color-grafica-assortiment-multicolore","10":"pa_material-pp-fr","12":"first","13":"instock","14":"taxable","15":"shipping-taxable","16":"purchasable","17":"product-type-simple"},"acf":[],"_links":{"self":[{"href":"https:\/\/graphired.com\/fr\/wp-json\/wp\/v2\/product\/22951","targetHints":{"allow":["GET"]}}],"collection":[{"href":"https:\/\/graphired.com\/fr\/wp-json\/wp\/v2\/product"}],"about":[{"href":"https:\/\/graphired.com\/fr\/wp-json\/wp\/v2\/types\/product"}],"version-history":[{"count":0,"href":"https:\/\/graphired.com\/fr\/wp-json\/wp\/v2\/product\/22951\/revisions"}],"wp:featuredmedia":[{"embeddable":true,"href":"https:\/\/graphired.com\/fr\/wp-json\/wp\/v2\/media\/22977"}],"wp:attachment":[{"href":"https:\/\/graphired.com\/fr\/wp-json\/wp\/v2\/media?parent=22951"}],"wp:term":[{"taxonomy":"product_brand","embeddable":true,"href":"https:\/\/graphired.com\/fr\/wp-json\/wp\/v2\/product_brand?post=22951"},{"taxonomy":"product_cat","embeddable":true,"href":"https:\/\/graphired.com\/fr\/wp-json\/wp\/v2\/product_cat?post=22951"},{"taxonomy":"product_tag","embeddable":true,"href":"https:\/\/graphired.com\/fr\/wp-json\/wp\/v2\/product_tag?post=22951"}],"curies":[{"name":"wp","href":"https:\/\/api.w.org\/{rel}","templated":true}]}}