{"id":22664,"date":"2025-01-28T10:36:27","date_gmt":"2025-01-28T10:36:27","guid":{"rendered":"https:\/\/graphired.com\/?post_type=product&#038;p=22664"},"modified":"2025-01-28T10:43:52","modified_gmt":"2025-01-28T10:43:52","slug":"gobelet-en-carton-125ml-boisson-chaude-4oz-simple-paroi-1000-pcs-copia","status":"publish","type":"product","link":"https:\/\/graphired.com\/fr\/produit\/gobelet-en-carton-125ml-boisson-chaude-4oz-simple-paroi-1000-pcs-copia\/","title":{"rendered":"Gobelet en carton 125ml boisson chaude 4oz simple paroi &#8211; 1000 pcs. (copia)"},"content":{"rendered":"<p>Les gobelets en carton Caliente SW sont parfaits pour les boissons chaudes telles que le caf\u00e9 et les tisanes. Ils vous offrent commodit\u00e9 et praticit\u00e9 tout en vous permettant de d\u00e9guster votre boisson pr\u00e9f\u00e9r\u00e9e. \u2615\ud83c\udf75 Ces gobelets sont con\u00e7us avec une seule paroi en carton (Single Wall), offrant une solution efficace et respectueuse de l&rsquo;environnement.<\/p>\n<p>Caract\u00e9ristiques des gobelets en carton Caliente SW :<\/p>\n<ol>\n<li><strong>Carton 100 % fibres vierges lamin\u00e9 avec du poly\u00e9thyl\u00e8ne :<\/strong> ces gobelets sont fabriqu\u00e9s en carton 100 % fibres vierges de haute qualit\u00e9 et sont lamin\u00e9s avec une couche de poly\u00e9thyl\u00e8ne. Cela garantit la solidit\u00e9 et la capacit\u00e9 de contenir des boissons chaudes sans que le carton ne se d\u00e9t\u00e9riore. \ud83d\udce6\ud83c\udf3f<\/li>\n<li><strong>Encres et vernis approuv\u00e9s pour le contact alimentaire :<\/strong> Les encres et vernis utilis\u00e9s pour l&rsquo;impression des gobelets en carton sont autoris\u00e9s pour le contact alimentaire. Cela garantit la s\u00e9curit\u00e9 et l&rsquo;absence de substances nocives dans la boisson. \ud83d\udda8\ufe0f\ud83c\udf74<\/li>\n<li><strong>Mod\u00e8les standard disponibles en stock pour une livraison imm\u00e9diate :<\/strong> Si vous avez besoin de gobelets en carton rapidement, des mod\u00e8les standard sont disponibles en stock pour une livraison imm\u00e9diate. Ces mod\u00e8les pr\u00e9d\u00e9finis sont id\u00e9aux pour r\u00e9pondre \u00e0 vos besoins de base. \ud83d\udce6\u2709\ufe0f<\/li>\n<li><strong>Impression personnalis\u00e9e disponible :<\/strong> Si vous souhaitez personnaliser vos gobelets en carton avec votre marque, vos informations ou un design unique, l&rsquo;option d&rsquo;impression personnalis\u00e9e est disponible. Cela vous permet de vous d\u00e9marquer et de cr\u00e9er un lien avec vos clients. \ud83c\udfa8\ud83c\udff7\ufe0f<\/li>\n<li><strong>Plusieurs options de couvercles pour la vente \u00e0 emporter, en carton et en plastique (PET, PLA) :<\/strong> Pour transporter facilement vos boissons, les gobelets en carton Caliente SW offrent plusieurs options de couvercles, y compris des couvercles en carton et en plastique (PET, PLA) pour r\u00e9pondre \u00e0 vos pr\u00e9f\u00e9rences et \u00e0 vos besoins. \u267b\ufe0f\ud83e\udd64<\/li>\n<\/ol>\n<p>En outre, il est important de noter que tous les gobelets en carton sont fabriqu\u00e9s conform\u00e9ment au r\u00e8glement de mise en \u0153uvre SUP (Single Use Plastic) (EU) 2020\/2151, ce qui t\u00e9moigne d&rsquo;un engagement en faveur de la r\u00e9glementation et du respect de l&rsquo;environnement. \ud83c\udf0d\ud83d\udd04<\/p>\n","protected":false},"excerpt":{"rendered":"<p>Les gobelets en carton Caliente SW sont parfaits pour les boissons chaudes telles que le caf\u00e9 et les tisanes. Ils vous offrent commodit\u00e9 et praticit\u00e9 tout en vous permettant de d\u00e9guster votre boisson pr\u00e9f\u00e9r\u00e9e. \u2615\ud83c\udf75 Ces gobelets sont con\u00e7us avec une seule paroi en carton (Single Wall), offrant une solution efficace et respectueuse de l&rsquo;environnement.<\/p>\n<p>Caract\u00e9ristiques des gobelets en carton Caliente SW :<\/p>\n<ol>\n<li><strong>Carton 100 % fibres vierges lamin\u00e9 avec du poly\u00e9thyl\u00e8ne :<\/strong> ces gobelets sont fabriqu\u00e9s en carton 100 % fibres vierges de haute qualit\u00e9 et sont lamin\u00e9s avec une couche de poly\u00e9thyl\u00e8ne. Cela garantit la solidit\u00e9 et la capacit\u00e9 de contenir des boissons chaudes sans que le carton ne se d\u00e9t\u00e9riore. \ud83d\udce6\ud83c\udf3f<\/li>\n<li><strong>Encres et vernis approuv\u00e9s pour le contact alimentaire :<\/strong> Les encres et vernis utilis\u00e9s pour l&rsquo;impression des gobelets en carton sont autoris\u00e9s pour le contact alimentaire. Cela garantit la s\u00e9curit\u00e9 et l&rsquo;absence de substances nocives dans la boisson. \ud83d\udda8\ufe0f\ud83c\udf74<\/li>\n<li><strong>Mod\u00e8les standard disponibles en stock pour une livraison imm\u00e9diate :<\/strong> Si vous avez besoin de gobelets en carton rapidement, des mod\u00e8les standard sont disponibles en stock pour une livraison imm\u00e9diate. Ces mod\u00e8les pr\u00e9d\u00e9finis sont id\u00e9aux pour r\u00e9pondre \u00e0 vos besoins de base. \ud83d\udce6\u2709\ufe0f<\/li>\n<li><strong>Impression personnalis\u00e9e disponible :<\/strong> Si vous souhaitez personnaliser vos gobelets en carton avec votre marque, vos informations ou un design unique, l&rsquo;option d&rsquo;impression personnalis\u00e9e est disponible. Cela vous permet de vous d\u00e9marquer et de cr\u00e9er un lien avec vos clients. \ud83c\udfa8\ud83c\udff7\ufe0f<\/li>\n<li><strong>Plusieurs options de couvercles pour la vente \u00e0 emporter, en carton et en plastique (PET, PLA) :<\/strong> Pour transporter facilement vos boissons, les gobelets en carton Caliente SW offrent plusieurs options de couvercles, y compris des couvercles en carton et en plastique (PET, PLA) pour r\u00e9pondre \u00e0 vos pr\u00e9f\u00e9rences et \u00e0 vos besoins. \u267b\ufe0f\ud83e\udd64<\/li>\n<\/ol>\n<p>En outre, il est important de noter que tous les gobelets en carton sont fabriqu\u00e9s conform\u00e9ment au r\u00e8glement de mise en \u0153uvre SUP (Single Use Plastic) (EU) 2020\/2151, ce qui t\u00e9moigne d&rsquo;un engagement en faveur de la r\u00e9glementation et du respect de l&rsquo;environnement. \ud83c\udf0d\ud83d\udd04<\/p>\n","protected":false},"featured_media":22688,"template":"","meta":{"_acf_changed":false},"product_brand":[],"product_cat":[1561,1845],"product_tag":[],"class_list":{"0":"post-22664","1":"product","2":"type-product","3":"status-publish","4":"has-post-thumbnail","6":"product_cat-outlet-fr","7":"product_cat-gobelets-en-carton-chaud-normaux","8":"pa_apto-microondas-oui","9":"pa_biodegradable-compostable-non","10":"pa_color-grafica-coffee-is-coffee-fr","11":"pa_color-grafica-coffee-is-coffee-brown-fr","12":"pa_color-grafica-personnalise","13":"pa_material-carton-fr","14":"pa_recipiente-compatible-gobelet-en-carton-4oz","16":"first","17":"instock","18":"sale","19":"taxable","20":"shipping-taxable","21":"purchasable","22":"product-type-simple"},"acf":[],"_links":{"self":[{"href":"https:\/\/graphired.com\/fr\/wp-json\/wp\/v2\/product\/22664","targetHints":{"allow":["GET"]}}],"collection":[{"href":"https:\/\/graphired.com\/fr\/wp-json\/wp\/v2\/product"}],"about":[{"href":"https:\/\/graphired.com\/fr\/wp-json\/wp\/v2\/types\/product"}],"version-history":[{"count":0,"href":"https:\/\/graphired.com\/fr\/wp-json\/wp\/v2\/product\/22664\/revisions"}],"wp:featuredmedia":[{"embeddable":true,"href":"https:\/\/graphired.com\/fr\/wp-json\/wp\/v2\/media\/22688"}],"wp:attachment":[{"href":"https:\/\/graphired.com\/fr\/wp-json\/wp\/v2\/media?parent=22664"}],"wp:term":[{"taxonomy":"product_brand","embeddable":true,"href":"https:\/\/graphired.com\/fr\/wp-json\/wp\/v2\/product_brand?post=22664"},{"taxonomy":"product_cat","embeddable":true,"href":"https:\/\/graphired.com\/fr\/wp-json\/wp\/v2\/product_cat?post=22664"},{"taxonomy":"product_tag","embeddable":true,"href":"https:\/\/graphired.com\/fr\/wp-json\/wp\/v2\/product_tag?post=22664"}],"curies":[{"name":"wp","href":"https:\/\/api.w.org\/{rel}","templated":true}]}}