{"id":22443,"date":"2024-11-22T14:24:58","date_gmt":"2024-11-22T14:24:58","guid":{"rendered":"https:\/\/graphired.com\/?post_type=product&#038;p=22443"},"modified":"2024-11-22T14:46:35","modified_gmt":"2024-11-22T14:46:35","slug":"couvercle-plat-en-plastique-pour-gobelet-25m-2000-pcs-copia","status":"publish","type":"product","link":"https:\/\/graphired.com\/fr\/produit\/couvercle-plat-en-plastique-pour-gobelet-25m-2000-pcs-copia\/","title":{"rendered":"Couvercle plat en plastique pour Gobelet 25M &#8211; 2000 pcs. (copia)"},"content":{"rendered":"<p>Les couvercles pour boissons froides en plastique \ud83e\udd64\ud83e\uddca compl\u00e8tent parfaitement les gobelets en carton, garantissant une exp\u00e9rience sans d\u00e9bordement lorsque vous transportez vos boissons pr\u00e9f\u00e9r\u00e9es. Ces couvercles plats jetables avec trou sont sp\u00e9cifiquement con\u00e7us pour les gobelets en carton et sont id\u00e9aux pour le transport \u00e0 emporter de boissons froides telles que les jus \ud83c\udf79, les smoothies \ud83e\udd64, les slushies \ud83c\udf67 ou les caf\u00e9s glac\u00e9s \u2615.<\/p>\n<p>Caract\u00e9ristiques des couvercles en plastique pour boissons froides :<\/p>\n<ol>\n<li><strong>Couvercle avec trou de paille \ud83c\udf00 :<\/strong> Ces couvercles pr\u00e9sentent un design plat avec un trou central, parfait pour ins\u00e9rer une paille afin de d\u00e9guster vos boissons de mani\u00e8re pratique.<\/li>\n<li><strong>Conception jetable pour plus de commodit\u00e9 \ud83d\uddd1\ufe0f :<\/strong> les couvercles sont con\u00e7us pour un usage unique, ce qui les rend id\u00e9aux pour transporter vos boissons froides sans vous soucier de les nettoyer ou de les r\u00e9utiliser.<\/li>\n<li><strong>Ajustement \u00e9tanche anti-renversement \ud83d\udeab\ud83c\udf0a :<\/strong> Les couvercles assurent un ajustement \u00e9tanche autour du bord du gobelet, ce qui permet d&rsquo;\u00e9viter les renversements accidentels pendant le transport. Ceci est particuli\u00e8rement important lorsque vous emportez vos boissons hors de chez vous.<\/li>\n<\/ol>\n<p>Ces couvercles en plastique sont particuli\u00e8rement utiles pour les entreprises de restauration qui proposent des plats \u00e0 emporter. Que vous teniez un caf\u00e9, un magasin de jus de fruits, un glacier ou tout autre commerce proposant des boissons fra\u00eeches \u00e0 emporter, ces couvercles permettent \u00e0 vos clients de d\u00e9guster leurs boissons sans craindre de les renverser.<\/p>\n","protected":false},"excerpt":{"rendered":"<p>Les couvercles pour boissons froides en plastique \ud83e\udd64\ud83e\uddca compl\u00e8tent parfaitement les gobelets en carton, garantissant une exp\u00e9rience sans d\u00e9bordement lorsque vous transportez vos boissons pr\u00e9f\u00e9r\u00e9es. Ces couvercles plats jetables avec trou sont sp\u00e9cifiquement con\u00e7us pour les gobelets en carton et sont id\u00e9aux pour le transport \u00e0 emporter de boissons froides telles que les jus \ud83c\udf79, les smoothies \ud83e\udd64, les slushies \ud83c\udf67 ou les caf\u00e9s glac\u00e9s \u2615.<\/p>\n<p>Caract\u00e9ristiques des couvercles en plastique pour boissons froides :<\/p>\n<ol>\n<li>Couvercles <strong>avec trou de paille \ud83c\udf00 :<\/strong> Ces couvercles pr\u00e9sentent un design plat avec un trou central, parfait pour ins\u00e9rer une paille et d\u00e9guster vos boissons de mani\u00e8re pratique.<\/li>\n<li><strong>Conception jetable pour plus de commodit\u00e9 \ud83d\uddd1\ufe0f :<\/strong> les couvercles sont con\u00e7us pour un usage unique, ce qui les rend id\u00e9aux pour transporter vos boissons froides sans vous soucier de les nettoyer ou de les r\u00e9utiliser.<\/li>\n<li><strong>Ajustement \u00e9tanche anti-renversement \ud83d\udeab\ud83c\udf0a :<\/strong> Les couvercles assurent un ajustement \u00e9tanche autour du bord du gobelet, ce qui permet d&rsquo;\u00e9viter les renversements accidentels pendant le transport. Ceci est particuli\u00e8rement important lorsque vous emportez vos boissons hors de chez vous.<\/li>\n<\/ol>\n<p>Ces couvercles en plastique sont particuli\u00e8rement utiles pour les entreprises de restauration qui proposent des plats \u00e0 emporter. Que vous teniez un caf\u00e9, un magasin de jus de fruits, un glacier ou tout autre commerce proposant des boissons fra\u00eeches \u00e0 emporter, ces couvercles permettent \u00e0 vos clients de d\u00e9guster leurs boissons sans craindre de les renverser.<\/p>\n","protected":false},"featured_media":22446,"template":"","meta":{"_acf_changed":false},"product_brand":[],"product_cat":[1561],"product_tag":[],"class_list":{"0":"post-22443","1":"product","2":"type-product","3":"status-publish","4":"has-post-thumbnail","6":"product_cat-outlet-fr","7":"pa_apto-microondas-non","8":"pa_biodegradable-compostable-non","9":"pa_color-grafica-transparent-fr","10":"pa_material-polystyrene-fr","11":"pa_recipiente-compatible-coupe-en-carton-25m","12":"pa_tipo-de-tapa-couvercle-plat-empilable","14":"first","15":"instock","16":"sale","17":"taxable","18":"shipping-taxable","19":"purchasable","20":"product-type-simple"},"acf":[],"_links":{"self":[{"href":"https:\/\/graphired.com\/fr\/wp-json\/wp\/v2\/product\/22443","targetHints":{"allow":["GET"]}}],"collection":[{"href":"https:\/\/graphired.com\/fr\/wp-json\/wp\/v2\/product"}],"about":[{"href":"https:\/\/graphired.com\/fr\/wp-json\/wp\/v2\/types\/product"}],"version-history":[{"count":0,"href":"https:\/\/graphired.com\/fr\/wp-json\/wp\/v2\/product\/22443\/revisions"}],"wp:featuredmedia":[{"embeddable":true,"href":"https:\/\/graphired.com\/fr\/wp-json\/wp\/v2\/media\/22446"}],"wp:attachment":[{"href":"https:\/\/graphired.com\/fr\/wp-json\/wp\/v2\/media?parent=22443"}],"wp:term":[{"taxonomy":"product_brand","embeddable":true,"href":"https:\/\/graphired.com\/fr\/wp-json\/wp\/v2\/product_brand?post=22443"},{"taxonomy":"product_cat","embeddable":true,"href":"https:\/\/graphired.com\/fr\/wp-json\/wp\/v2\/product_cat?post=22443"},{"taxonomy":"product_tag","embeddable":true,"href":"https:\/\/graphired.com\/fr\/wp-json\/wp\/v2\/product_tag?post=22443"}],"curies":[{"name":"wp","href":"https:\/\/api.w.org\/{rel}","templated":true}]}}