{"id":22115,"date":"2023-11-08T08:24:38","date_gmt":"2023-11-08T08:24:38","guid":{"rendered":"https:\/\/graphired.com\/producto\/swisspack-pot-en-plastique-rose-graphique-fruits-230ml-1000-unites\/"},"modified":"2023-11-08T08:24:38","modified_gmt":"2023-11-08T08:24:38","slug":"swisspack-pot-en-plastique-rose-graphique-fruits-230ml-1000-unites","status":"publish","type":"product","link":"https:\/\/graphired.com\/fr\/produit\/swisspack-pot-en-plastique-rose-graphique-fruits-230ml-1000-unites\/","title":{"rendered":"Swisspack Pot en plastique rose graphique fruits 230ml &#8211; 1000 unit\u00e9s"},"content":{"rendered":"<p><strong>\ud83c\udf1f Pot en plastique C-Fine<\/strong> \ud83d\udfe2 <strong>Mat\u00e9riau de qualit\u00e9<\/strong>: Fabriqu\u00e9 en plastique r\u00e9sistant de haute qualit\u00e9, id\u00e9al pour garantir la durabilit\u00e9. \ud83d\udfe2 <strong>Conception polyvalente<\/strong>: parfaite pour conserver une grande vari\u00e9t\u00e9 d&rsquo;aliments, de la cr\u00e8me glac\u00e9e aux fruits et aux salades. <strong>Fermeture her<\/strong>m\u00e9tique : La conception herm\u00e9tique permet de conserver la fra\u00eecheur de vos aliments plus longtemps et d&rsquo;\u00e9viter les d\u00e9versements ind\u00e9sirables. <strong>S\u00e9curit\u00e9 alimentaire<\/strong>: conforme aux r\u00e9glementations en mati\u00e8re de s\u00e9curit\u00e9 alimentaire, vous pouvez l&rsquo;utiliser pour vos repas en toute tranquillit\u00e9 d&rsquo;esprit. <strong>Empilable<\/strong>: La conception empilable vous permet de gagner de la place dans votre garde-manger ou votre r\u00e9frig\u00e9rateur. <strong>\u2705 Notre Pot C-Fine<\/strong> est la solution parfaite pour le stockage de tes aliments. Avec sa qualit\u00e9, sa polyvalence et sa commodit\u00e9, ce bol en plastique est votre alli\u00e9 dans la cuisine. Rendez votre vie plus facile et plus organis\u00e9e gr\u00e2ce \u00e0 notre produit de confiance ! \ud83d\udcaa\ud83c\udf7d\ufe0f<\/p>\n","protected":false},"excerpt":{"rendered":"<p><strong>\ud83c\udf1f Pot en plastique C-Fine<\/strong> \ud83d\udfe2 <strong>Mat\u00e9riau de qualit\u00e9<\/strong>: Fabriqu\u00e9 en plastique r\u00e9sistant de haute qualit\u00e9, id\u00e9al pour garantir la durabilit\u00e9. \ud83d\udfe2 <strong>Conception polyvalente<\/strong>: parfaite pour conserver une grande vari\u00e9t\u00e9 d&rsquo;aliments, de la cr\u00e8me glac\u00e9e aux fruits et aux salades. <strong>Fermeture her<\/strong>m\u00e9tique : La conception herm\u00e9tique permet de conserver la fra\u00eecheur de vos aliments plus longtemps et d&rsquo;\u00e9viter les d\u00e9versements ind\u00e9sirables. <strong>S\u00e9curit\u00e9 alimentaire<\/strong>: conforme aux r\u00e9glementations en mati\u00e8re de s\u00e9curit\u00e9 alimentaire, vous pouvez l&rsquo;utiliser pour vos repas en toute tranquillit\u00e9 d&rsquo;esprit. <strong>Empilable<\/strong>: La conception empilable vous permet de gagner de la place dans votre garde-manger ou votre r\u00e9frig\u00e9rateur. <strong>\u2705 Notre Pot C-Fine<\/strong> est la solution parfaite pour le stockage de tes aliments. Avec sa qualit\u00e9, sa polyvalence et sa commodit\u00e9, ce bol en plastique est votre alli\u00e9 dans la cuisine. Rendez votre vie plus facile et plus organis\u00e9e gr\u00e2ce \u00e0 notre produit de confiance ! \ud83d\udcaa\ud83c\udf7d\ufe0f<\/p>\n","protected":false},"featured_media":19259,"template":"","meta":{"_acf_changed":false},"product_brand":[],"product_cat":[1951,1561],"product_tag":[1728],"class_list":{"0":"post-22115","1":"product","2":"type-product","3":"status-publish","4":"has-post-thumbnail","6":"product_cat-pots-en-plastique","7":"product_cat-outlet-fr","8":"product_tag-outlet-fr","9":"pa_apto-microondas-non","10":"pa_biodegradable-compostable-non","11":"pa_color-grafica-fruit-graphique","12":"pa_color-grafica-rose","13":"pa_material-plastique","14":"pa_recipiente-compatible-pot-swisspack-230ml-o1015mm","16":"first","17":"instock","18":"sale","19":"taxable","20":"shipping-taxable","21":"purchasable","22":"product-type-simple"},"acf":[],"_links":{"self":[{"href":"https:\/\/graphired.com\/fr\/wp-json\/wp\/v2\/product\/22115","targetHints":{"allow":["GET"]}}],"collection":[{"href":"https:\/\/graphired.com\/fr\/wp-json\/wp\/v2\/product"}],"about":[{"href":"https:\/\/graphired.com\/fr\/wp-json\/wp\/v2\/types\/product"}],"version-history":[{"count":0,"href":"https:\/\/graphired.com\/fr\/wp-json\/wp\/v2\/product\/22115\/revisions"}],"wp:featuredmedia":[{"embeddable":true,"href":"https:\/\/graphired.com\/fr\/wp-json\/wp\/v2\/media\/19259"}],"wp:attachment":[{"href":"https:\/\/graphired.com\/fr\/wp-json\/wp\/v2\/media?parent=22115"}],"wp:term":[{"taxonomy":"product_brand","embeddable":true,"href":"https:\/\/graphired.com\/fr\/wp-json\/wp\/v2\/product_brand?post=22115"},{"taxonomy":"product_cat","embeddable":true,"href":"https:\/\/graphired.com\/fr\/wp-json\/wp\/v2\/product_cat?post=22115"},{"taxonomy":"product_tag","embeddable":true,"href":"https:\/\/graphired.com\/fr\/wp-json\/wp\/v2\/product_tag?post=22115"}],"curies":[{"name":"wp","href":"https:\/\/api.w.org\/{rel}","templated":true}]}}