{"id":21927,"date":"2024-08-20T10:04:27","date_gmt":"2024-08-20T10:04:27","guid":{"rendered":"https:\/\/graphired.com\/?post_type=product&#038;p=21927"},"modified":"2024-08-20T13:41:28","modified_gmt":"2024-08-20T13:41:28","slug":"set-fourchette-couteau-serviette-cpla-bio-250-pcs-copia","status":"publish","type":"product","link":"https:\/\/graphired.com\/fr\/produit\/set-fourchette-couteau-serviette-cpla-bio-250-pcs-copia\/","title":{"rendered":"Ensemble en bois Fourchette + couteau + serviette &#8211; 250 pi\u00e8ces."},"content":{"rendered":"<p>Pratique : ce set de fourchettes et de couteaux jetables avec serviette est la solution parfaite pour les repas sur le pouce et les \u00e9v\u00e9nements o\u00f9 l&rsquo;on pr\u00e9f\u00e8re utiliser des ustensiles jetables. \ud83c\udf32 Mat\u00e9riau durable : Il est fabriqu\u00e9 en bois naturel, une source renouvelable et respectueuse de l&rsquo;environnement. \ud83c\udf43 Eco-Conscient : Cette fourchette est biod\u00e9gradable, contribuant ainsi \u00e0 la r\u00e9duction des d\u00e9chets plastiques et au respect de la plan\u00e8te. Comprend une serviette : chaque ensemble comprend une serviette, ce qui en fait une option compl\u00e8te pour un repas rapide et pratique. Respect de l&rsquo;environnement : bien que ces ustensiles soient jetables, veuillez noter qu&rsquo;ils sont moins nocifs pour l&rsquo;environnement que les produits en plastique traditionnels. \ud83c\udf89 Id\u00e9al pour les \u00e9v\u00e9nements : Parfait pour les f\u00eates, les pique-niques, les barbecues, les s\u00e9ances de cuisine, les \u00e9v\u00e9nements d&rsquo;entreprise et bien plus encore. Emballage pratique : L&#8217;emballage pratique facilite la distribution lors d&rsquo;\u00e9v\u00e9nements et de r\u00e9unions. Polyvalence : ce set convient \u00e0 une grande vari\u00e9t\u00e9 de situations o\u00f9 des ustensiles jetables sont n\u00e9cessaires. \ud83d\udeae R\u00e9duire les d\u00e9chets : bien que jetables, ces ustensiles contribuent \u00e0 r\u00e9duire la quantit\u00e9 de d\u00e9chets plastiques par rapport aux options conventionnelles. \ud83d\udc4c Avec l&rsquo;ensemble fourchette + couteau + serviette en bois, tu profiteras du confort et de l&rsquo;hygi\u00e8ne de tes repas tout en minimisant ton impact sur l&rsquo;environnement. Un choix pratique pour votre vie active ! \ud83c\udf7d\ufe0f\ud83c\udf3f<\/p>\n","protected":false},"excerpt":{"rendered":"<p>Pratique : ce set de fourchettes et de couteaux jetables avec serviette est la solution parfaite pour les repas sur le pouce et les \u00e9v\u00e9nements o\u00f9 l&rsquo;on pr\u00e9f\u00e8re utiliser des ustensiles jetables. \ud83c\udf32 Mat\u00e9riau durable : Il est fabriqu\u00e9 en bois naturel, une source renouvelable et respectueuse de l&rsquo;environnement. \ud83c\udf43 Eco-Conscient : Cette fourchette est biod\u00e9gradable, contribuant ainsi \u00e0 la r\u00e9duction des d\u00e9chets plastiques et au respect de la plan\u00e8te. Comprend une serviette : chaque ensemble comprend une serviette, ce qui en fait une option compl\u00e8te pour un repas rapide et pratique. Respect de l&rsquo;environnement : bien que ces ustensiles soient jetables, veuillez noter qu&rsquo;ils sont moins nocifs pour l&rsquo;environnement que les produits en plastique traditionnels. \ud83c\udf89 Id\u00e9al pour les \u00e9v\u00e9nements : Parfait pour les f\u00eates, les pique-niques, les barbecues, les s\u00e9ances de cuisine, les \u00e9v\u00e9nements d&rsquo;entreprise et bien plus encore. Emballage pratique : L&#8217;emballage pratique facilite la distribution lors d&rsquo;\u00e9v\u00e9nements et de r\u00e9unions. Polyvalence : ce set convient \u00e0 une grande vari\u00e9t\u00e9 de situations o\u00f9 des ustensiles jetables sont n\u00e9cessaires. \ud83d\udeae R\u00e9duire les d\u00e9chets : bien que jetables, ces ustensiles contribuent \u00e0 r\u00e9duire la quantit\u00e9 de d\u00e9chets plastiques par rapport aux options conventionnelles. \ud83d\udc4c Avec l&rsquo;ensemble fourchette + couteau + serviette en bois, tu profiteras du confort et de l&rsquo;hygi\u00e8ne de tes repas tout en minimisant ton impact sur l&rsquo;environnement. Un choix pratique pour votre vie active ! \ud83c\udf7d\ufe0f\ud83c\udf3f<\/p>\n","protected":false},"featured_media":21983,"template":"","meta":{"_acf_changed":false},"product_brand":[],"product_cat":[1746],"product_tag":[],"class_list":{"0":"post-21927","1":"product","2":"type-product","3":"status-publish","4":"has-post-thumbnail","6":"product_cat-set-de-couverts","7":"pa_apto-microondas-non","8":"pa_biodegradable-compostable-oui","9":"pa_color-grafica-blanc","10":"pa_material-bois","12":"first","13":"instock","14":"sale","15":"taxable","16":"shipping-taxable","17":"purchasable","18":"product-type-simple"},"acf":[],"_links":{"self":[{"href":"https:\/\/graphired.com\/fr\/wp-json\/wp\/v2\/product\/21927","targetHints":{"allow":["GET"]}}],"collection":[{"href":"https:\/\/graphired.com\/fr\/wp-json\/wp\/v2\/product"}],"about":[{"href":"https:\/\/graphired.com\/fr\/wp-json\/wp\/v2\/types\/product"}],"version-history":[{"count":0,"href":"https:\/\/graphired.com\/fr\/wp-json\/wp\/v2\/product\/21927\/revisions"}],"wp:featuredmedia":[{"embeddable":true,"href":"https:\/\/graphired.com\/fr\/wp-json\/wp\/v2\/media\/21983"}],"wp:attachment":[{"href":"https:\/\/graphired.com\/fr\/wp-json\/wp\/v2\/media?parent=21927"}],"wp:term":[{"taxonomy":"product_brand","embeddable":true,"href":"https:\/\/graphired.com\/fr\/wp-json\/wp\/v2\/product_brand?post=21927"},{"taxonomy":"product_cat","embeddable":true,"href":"https:\/\/graphired.com\/fr\/wp-json\/wp\/v2\/product_cat?post=21927"},{"taxonomy":"product_tag","embeddable":true,"href":"https:\/\/graphired.com\/fr\/wp-json\/wp\/v2\/product_tag?post=21927"}],"curies":[{"name":"wp","href":"https:\/\/api.w.org\/{rel}","templated":true}]}}