{"id":20535,"date":"2024-05-08T06:12:20","date_gmt":"2024-05-08T06:12:20","guid":{"rendered":"https:\/\/graphired.com\/?post_type=product&#038;p=20535"},"modified":"2024-08-22T08:54:41","modified_gmt":"2024-08-22T08:54:41","slug":"capuchon-plat-avec-trou-transversal-pla-pour-gobelet-o96-1600-pcs-copia","status":"publish","type":"product","link":"https:\/\/graphired.com\/fr\/produit\/capuchon-plat-avec-trou-transversal-pla-pour-gobelet-o96-1600-pcs-copia\/","title":{"rendered":"Couvercle plat rPET avec trou transversal pour Gobelet \u00d896 &#8211; 1000 pcs."},"content":{"rendered":"<p>\ud83c\udf1f <strong>rPET Couvercle transparent pour Gobelets<\/strong>: \u00c9l\u00e8ve ton exp\u00e9rience de la boisson avec nos couvercles de qualit\u00e9. Con\u00e7us pour s&rsquo;adapter aux gobelets de \u00d8 96 mm, ces couvercles constituent une solution polyvalente et durable pour vos besoins en mati\u00e8re de transport \u00e0 emporter. \ud83d\udecd\ufe0f <strong>Transport \u00e0 emporter sans stress<\/strong>: Les couvercles transparents ne gardent pas seulement tes boissons en s\u00e9curit\u00e9, mais ajoutent aussi \u00e0 la commodit\u00e9 du transport \u00e0 emporter. Sa conception \u00e9tanche \u00e0 l&rsquo;air emp\u00eache les fuites, garantissant que vos boissons arrivent intactes \u00e0 destination. \ud83c\udf0d <strong>Engagement en faveur de l&rsquo;environnement<\/strong>: Chaque couvercle est fabriqu\u00e9 en rPET, des mat\u00e9riaux recyclables qui contribuent \u00e0 la r\u00e9duction des d\u00e9chets. Contribuez \u00e0 un mode de vie plus \u00e9cologique tout en savourant vos boissons pr\u00e9f\u00e9r\u00e9es en toute tranquillit\u00e9. \ud83d\ude80 <strong>Solution pratique et responsable<\/strong>: nos fermetures sont le choix intelligent pour ceux qui recherchent le confort et la durabilit\u00e9 dans chaque gorg\u00e9e. Qu&rsquo;il s&rsquo;agisse d&rsquo;un caf\u00e9 matinal ou d&rsquo;un smoothie rafra\u00eechissant, nos couvercles rendent ton exp\u00e9rience agr\u00e9able et \u00e9cologique. En bref, nos couvercles transparents en rPET sont le compl\u00e9ment id\u00e9al de tes Gobelets d&rsquo;un diam\u00e8tre de \u00d8 96 mm. Gardez vos boissons fra\u00eeches et s\u00fbres tout en contribuant \u00e0 la protection de l&rsquo;environnement. Profitez de la polyvalence, de la fonctionnalit\u00e9 et de l&rsquo;engagement durable \u00e0 chaque gorg\u00e9e. \ud83c\udf1f\ud83c\udf79\ud83c\udf0d<\/p>\n","protected":false},"excerpt":{"rendered":"<p>\ud83c\udf1f rPET Couvercle plat transparent pour les Gobelets : \u00c9l\u00e8ve ton exp\u00e9rience de la boisson avec nos couvercles de qualit\u00e9. Ces couvercles plats sont une solution polyvalente et durable pour vos besoins de transport de plats \u00e0 emporter. \ud83d\udecd\ufe0f Transport \u00e0 emporter sans stress : Les couvercles plats transparents ne gardent pas seulement tes boissons en s\u00e9curit\u00e9, mais ajoutent aussi \u00e0 la commodit\u00e9 du transport \u00e0 emporter. Sa conception \u00e9tanche \u00e0 l&rsquo;air emp\u00eache les fuites, garantissant que vos boissons arrivent intactes \u00e0 destination. \ud83c\udf0d Engagement en faveur de l&rsquo;environnement : Chaque casquette plate est fabriqu\u00e9e en rPET, un mat\u00e9riau biod\u00e9gradable et compostable qui contribue \u00e0 r\u00e9duire les d\u00e9chets et \u00e0 prendre soin de la plan\u00e8te. Contribuez \u00e0 un mode de vie plus \u00e9cologique tout en savourant vos boissons pr\u00e9f\u00e9r\u00e9es en toute tranquillit\u00e9. \ud83d\ude80 Solution pratique et responsable : Nos casquettes plates sont le choix intelligent pour ceux qui recherchent la commodit\u00e9 et la durabilit\u00e9 \u00e0 chaque gorg\u00e9e. Qu&rsquo;il s&rsquo;agisse d&rsquo;un caf\u00e9 matinal ou d&rsquo;un smoothie rafra\u00eechissant, nos tapas rendent votre exp\u00e9rience agr\u00e9able et respectueuse de l&rsquo;environnement. En bref, nos couvercles plats transparents en rPET sont le compl\u00e9ment id\u00e9al de tes Gobelets. Gardez vos boissons fra\u00eeches et s\u00fbres tout en contribuant \u00e0 la protection de l&rsquo;environnement. Profitez de la polyvalence, de la fonctionnalit\u00e9 et de l&rsquo;engagement durable \u00e0 chaque gorg\u00e9e. \ud83c\udf1f\ud83c\udf79\ud83c\udf0d<\/p>\n","protected":false},"featured_media":20524,"template":"","meta":{"_acf_changed":false},"product_brand":[],"product_cat":[1829],"product_tag":[],"class_list":{"0":"post-20535","1":"product","2":"type-product","3":"status-publish","4":"has-post-thumbnail","6":"product_cat-couvercles-en-pet-et-rpet-pour-gobelets","7":"pa_apto-microondas-non","8":"pa_color-grafica-transparent-fr","9":"pa_material-pla-fr","10":"pa_recipiente-compatible-gobelet-pet-450ml-o96","11":"pa_recipiente-compatible-gobelet-pet-500ml-o96","12":"pa_recipiente-compatible-gobelet-pla-500ml-o96","13":"pa_recipiente-compatible-gobelet-pla-525ml-16oz-o96","14":"pa_recipiente-compatible-gobelet-pla-600ml-o96","15":"pa_recipiente-compatible-pla-gobelet-transparent-400ml-12oz-o96","16":"pa_recipiente-compatible-gobelet-rpet-350ml-o96","17":"pa_recipiente-compatible-gobelet-rpet-450ml-o96","18":"pa_recipiente-compatible-gobelet-rpet-500ml-o96","19":"pa_recipiente-compatible-verre-transparent-330ml-o96","20":"pa_tipo-de-tapa-couvercle-plat-empilable","22":"first","23":"instock","24":"taxable","25":"shipping-taxable","26":"purchasable","27":"product-type-simple"},"acf":[],"_links":{"self":[{"href":"https:\/\/graphired.com\/fr\/wp-json\/wp\/v2\/product\/20535","targetHints":{"allow":["GET"]}}],"collection":[{"href":"https:\/\/graphired.com\/fr\/wp-json\/wp\/v2\/product"}],"about":[{"href":"https:\/\/graphired.com\/fr\/wp-json\/wp\/v2\/types\/product"}],"version-history":[{"count":0,"href":"https:\/\/graphired.com\/fr\/wp-json\/wp\/v2\/product\/20535\/revisions"}],"wp:featuredmedia":[{"embeddable":true,"href":"https:\/\/graphired.com\/fr\/wp-json\/wp\/v2\/media\/20524"}],"wp:attachment":[{"href":"https:\/\/graphired.com\/fr\/wp-json\/wp\/v2\/media?parent=20535"}],"wp:term":[{"taxonomy":"product_brand","embeddable":true,"href":"https:\/\/graphired.com\/fr\/wp-json\/wp\/v2\/product_brand?post=20535"},{"taxonomy":"product_cat","embeddable":true,"href":"https:\/\/graphired.com\/fr\/wp-json\/wp\/v2\/product_cat?post=20535"},{"taxonomy":"product_tag","embeddable":true,"href":"https:\/\/graphired.com\/fr\/wp-json\/wp\/v2\/product_tag?post=20535"}],"curies":[{"name":"wp","href":"https:\/\/api.w.org\/{rel}","templated":true}]}}