{"id":19956,"date":"2024-04-25T08:48:12","date_gmt":"2024-04-25T08:48:12","guid":{"rendered":"https:\/\/graphired.com\/producto\/distributeur-de-cones-pc1\/"},"modified":"2024-04-25T08:48:12","modified_gmt":"2024-04-25T08:48:12","slug":"distributeur-de-cones-pc1","status":"publish","type":"product","link":"https:\/\/graphired.com\/fr\/produit\/distributeur-de-cones-pc1\/","title":{"rendered":"Distributeur de c\u00f4nes PC1"},"content":{"rendered":"<p>Optimise ta station-service de prot\u00e8ges-cornets en papier gr\u00e2ce \u00e0 notre distributeur con\u00e7u sp\u00e9cialement pour le mod\u00e8le PC1. Ce distributeur est con\u00e7u pour s&rsquo;adapter parfaitement aux prot\u00e8ges-cornets utilis\u00e9s avec le mod\u00e8le PC1, offrant ainsi une solution pratique et ordonn\u00e9e pour servir tes produits avec pr\u00e9cision et professionnalisme.<\/p>\n<p>Avec un design qui s&rsquo;int\u00e8gre parfaitement au mod\u00e8le PC1, ce distributeur assure une distribution fluide et contr\u00f4l\u00e9e des prot\u00e8ges-cornets en papier, \u00e9liminant ainsi les tracas et le d\u00e9sordre associ\u00e9s \u00e0 des m\u00e9thodes de service moins efficaces. Tu n&rsquo;as plus \u00e0 t&rsquo;inqui\u00e9ter des manipulations maladroites ou de la perte de c\u00f4nes, car notre distributeur garantit un flux constant de c\u00f4nes pr\u00eats \u00e0 \u00eatre servis.<\/p>\n<p>Fabriqu\u00e9 \u00e0 partir de mat\u00e9riaux durables et de haute qualit\u00e9, notre distributeur de prot\u00e8ges-cornets en papier pour le mod\u00e8le PC1 offre une construction robuste qui garantit une longue dur\u00e9e de vie et des performances fiables, m\u00eame dans les environnements tr\u00e8s fr\u00e9quent\u00e9s.<\/p>\n<p>Am\u00e9liore l&rsquo;exp\u00e9rience de service dans ton entreprise avec notre distributeur de prot\u00e8ges-cornets en papier con\u00e7u sp\u00e9cialement pour le mod\u00e8le PC1. Commande aujourd&rsquo;hui et fais passer ta station-service au niveau sup\u00e9rieur !<\/p>\n","protected":false},"excerpt":{"rendered":"<p>Optimise ta station-service de prot\u00e8ges-cornets en papier gr\u00e2ce \u00e0 notre distributeur con\u00e7u sp\u00e9cialement pour le mod\u00e8le PC1. Ce distributeur est con\u00e7u pour s&rsquo;adapter parfaitement aux prot\u00e8ges-cornets utilis\u00e9s avec le mod\u00e8le PC1, offrant ainsi une solution pratique et ordonn\u00e9e pour servir tes produits avec pr\u00e9cision et professionnalisme.<\/p>\n<p>Avec un design qui s&rsquo;int\u00e8gre parfaitement au mod\u00e8le PC1, ce distributeur assure une distribution fluide et contr\u00f4l\u00e9e des prot\u00e8ges-cornets en papier, \u00e9liminant ainsi les tracas et le d\u00e9sordre associ\u00e9s \u00e0 des m\u00e9thodes de service moins efficaces. Tu n&rsquo;as plus \u00e0 t&rsquo;inqui\u00e9ter des manipulations maladroites ou de la perte de c\u00f4nes, car notre distributeur garantit un flux constant de c\u00f4nes pr\u00eats \u00e0 \u00eatre servis.<\/p>\n<p>Fabriqu\u00e9 \u00e0 partir de mat\u00e9riaux durables et de haute qualit\u00e9, notre distributeur de prot\u00e8ges-cornets en papier pour le mod\u00e8le PC1 offre une construction robuste qui garantit une longue dur\u00e9e de vie et des performances fiables, m\u00eame dans les environnements tr\u00e8s fr\u00e9quent\u00e9s.<\/p>\n<p>Am\u00e9liore l&rsquo;exp\u00e9rience de service dans ton entreprise avec notre distributeur de prot\u00e8ges-cornets en papier con\u00e7u sp\u00e9cialement pour le mod\u00e8le PC1. Commande aujourd&rsquo;hui et fais passer ta station-service au niveau sup\u00e9rieur !<\/p>\n","protected":false},"featured_media":19732,"template":"","meta":{"_acf_changed":false},"product_brand":[],"product_cat":[1956],"product_tag":[],"class_list":{"0":"post-19956","1":"product","2":"type-product","3":"status-publish","4":"has-post-thumbnail","6":"product_cat-distributeur-de-cones","7":"pa_material-methacrylate","9":"first","10":"instock","11":"taxable","12":"shipping-taxable","13":"purchasable","14":"product-type-simple"},"acf":[],"_links":{"self":[{"href":"https:\/\/graphired.com\/fr\/wp-json\/wp\/v2\/product\/19956","targetHints":{"allow":["GET"]}}],"collection":[{"href":"https:\/\/graphired.com\/fr\/wp-json\/wp\/v2\/product"}],"about":[{"href":"https:\/\/graphired.com\/fr\/wp-json\/wp\/v2\/types\/product"}],"version-history":[{"count":0,"href":"https:\/\/graphired.com\/fr\/wp-json\/wp\/v2\/product\/19956\/revisions"}],"wp:featuredmedia":[{"embeddable":true,"href":"https:\/\/graphired.com\/fr\/wp-json\/wp\/v2\/media\/19732"}],"wp:attachment":[{"href":"https:\/\/graphired.com\/fr\/wp-json\/wp\/v2\/media?parent=19956"}],"wp:term":[{"taxonomy":"product_brand","embeddable":true,"href":"https:\/\/graphired.com\/fr\/wp-json\/wp\/v2\/product_brand?post=19956"},{"taxonomy":"product_cat","embeddable":true,"href":"https:\/\/graphired.com\/fr\/wp-json\/wp\/v2\/product_cat?post=19956"},{"taxonomy":"product_tag","embeddable":true,"href":"https:\/\/graphired.com\/fr\/wp-json\/wp\/v2\/product_tag?post=19956"}],"curies":[{"name":"wp","href":"https:\/\/api.w.org\/{rel}","templated":true}]}}