{"id":19725,"date":"2023-11-07T09:51:48","date_gmt":"2023-11-07T09:51:48","guid":{"rendered":"https:\/\/graphired.com\/producto\/fingerfood-square-plateau-en-pate-a-papier-compostable-65x65-mm-2400-pcs\/"},"modified":"2023-11-07T09:51:48","modified_gmt":"2023-11-07T09:51:48","slug":"fingerfood-square-plateau-en-pate-a-papier-compostable-65x65-mm-2400-pcs","status":"publish","type":"product","link":"https:\/\/graphired.com\/fr\/produit\/fingerfood-square-plateau-en-pate-a-papier-compostable-65x65-mm-2400-pcs\/","title":{"rendered":"Fingerfood Square Plateau en p\u00e2te \u00e0 papier compostable 65&#215;65 mm &#8211; 2400 pcs."},"content":{"rendered":"<p>\ud83c\udf3f <strong>Vaisselle en p\u00e2te de cellulose :<\/strong> \u00e9l\u00e9gance et durabilit\u00e9 \u00e0 votre table<\/p>\n<p>Transformez votre exp\u00e9rience culinaire et vos \u00e9v\u00e9nements sp\u00e9ciaux avec notre vaisselle en p\u00e2te de cellulose assortie. Ce pack comprend 250 pi\u00e8ces de vaisselle, vous offrant une solution polyvalente et respectueuse de l&rsquo;environnement.<\/p>\n<p>\ud83c\udf7d\ufe0f La vaisselle en pulpe de cellulose est connue pour sa r\u00e9sistance et sa durabilit\u00e9, ce qui en fait le choix id\u00e9al pour servir les repas et les collations en toute occasion. Des \u00e9v\u00e9nements formels aux rassemblements informels, cette vaisselle est polyvalente et s&rsquo;adapte \u00e0 tous les environnements.<\/p>\n<p>\u267b\ufe0f Mais le point fort de cette vaisselle est son engagement en faveur de la durabilit\u00e9. Il est fabriqu\u00e9 \u00e0 partir de p\u00e2te de cellulose, un mat\u00e9riau biod\u00e9gradable et renouvelable qui minimise l&rsquo;impact sur l&rsquo;environnement. Apr\u00e8s utilisation, vous pouvez \u00eatre s\u00fbr qu&rsquo;il se d\u00e9composera naturellement, contribuant ainsi \u00e0 la r\u00e9duction des d\u00e9chets plastiques.<\/p>\n<p>\ud83c\udf08 En outre, la vaisselle en p\u00e2te de cellulose se pr\u00e9sente sous diff\u00e9rentes formes et tailles, ce qui la rend id\u00e9ale pour servir un large \u00e9ventail de plats et d&rsquo;en-cas. Des plats principaux aux desserts, cette vaisselle r\u00e9pondra \u00e0 tous vos besoins culinaires.<\/p>\n<p>En bref, la <strong>vaisselle en p\u00e2te de cellulose<\/strong> allie \u00e9l\u00e9gance, fonctionnalit\u00e9 et durabilit\u00e9 en une seule solution. Qu&rsquo;il s&rsquo;agisse d&rsquo;un \u00e9v\u00e9nement formel ou d&rsquo;une r\u00e9union informelle, cette vaisselle contient tout ce dont vous avez besoin pour savourer vos repas tout en respectant la plan\u00e8te. \ud83c\udf3f\ud83c\udf7d\ufe0f\u267b\ufe0f<\/p>\n","protected":false},"excerpt":{"rendered":"<p>\ud83c\udf3f <strong>Vaisselle en p\u00e2te de cellulose :<\/strong> \u00e9l\u00e9gance et durabilit\u00e9 \u00e0 votre table<\/p>\n<p>Transformez votre exp\u00e9rience culinaire et vos \u00e9v\u00e9nements sp\u00e9ciaux avec notre vaisselle en p\u00e2te de cellulose assortie. Ce pack comprend 250 pi\u00e8ces de vaisselle, vous offrant une solution polyvalente et respectueuse de l&rsquo;environnement.<\/p>\n<p>\ud83c\udf7d\ufe0f La vaisselle en pulpe de cellulose est connue pour sa r\u00e9sistance et sa durabilit\u00e9, ce qui en fait le choix id\u00e9al pour servir les repas et les collations en toute occasion. Des \u00e9v\u00e9nements formels aux rassemblements informels, cette vaisselle est polyvalente et s&rsquo;adapte \u00e0 tous les environnements.<\/p>\n<p>\u267b\ufe0f Mais le point fort de cette vaisselle est son engagement en faveur de la durabilit\u00e9. Il est fabriqu\u00e9 \u00e0 partir de p\u00e2te de cellulose, un mat\u00e9riau biod\u00e9gradable et renouvelable qui minimise l&rsquo;impact sur l&rsquo;environnement. Apr\u00e8s utilisation, vous pouvez \u00eatre s\u00fbr qu&rsquo;il se d\u00e9composera naturellement, contribuant ainsi \u00e0 la r\u00e9duction des d\u00e9chets plastiques.<\/p>\n<p>\ud83c\udf08 En outre, la vaisselle en p\u00e2te de cellulose se pr\u00e9sente sous diff\u00e9rentes formes et tailles, ce qui la rend id\u00e9ale pour servir un large \u00e9ventail de plats et d&rsquo;en-cas. Des plats principaux aux desserts, cette vaisselle r\u00e9pondra \u00e0 tous vos besoins culinaires.<\/p>\n<p>En bref, la <strong>vaisselle en p\u00e2te de cellulose<\/strong> allie \u00e9l\u00e9gance, fonctionnalit\u00e9 et durabilit\u00e9 en une seule solution. Qu&rsquo;il s&rsquo;agisse d&rsquo;un \u00e9v\u00e9nement formel ou d&rsquo;une r\u00e9union informelle, cette vaisselle contient tout ce dont vous avez besoin pour savourer vos repas tout en respectant la plan\u00e8te. \ud83c\udf3f\ud83c\udf7d\ufe0f\u267b\ufe0f<\/p>\n","protected":false},"featured_media":19248,"template":"","meta":{"_acf_changed":false},"product_brand":[],"product_cat":[1599,1641,1591],"product_tag":[],"class_list":{"0":"post-19725","1":"product","2":"type-product","3":"status-publish","4":"has-post-thumbnail","6":"product_cat-plateaux-en-pate-de-cellulose","7":"product_cat-bol-a-pulpe","8":"product_cat-plats-a-pulpe","9":"pa_apto-microondas-oui","10":"pa_biodegradable-compostable-oui","11":"pa_color-grafica-blanc","12":"pa_material-pate-de-cellulose","13":"pa_medidas-plato-65x65-cm-fr","15":"first","16":"instock","17":"taxable","18":"shipping-taxable","19":"purchasable","20":"product-type-simple"},"acf":[],"_links":{"self":[{"href":"https:\/\/graphired.com\/fr\/wp-json\/wp\/v2\/product\/19725","targetHints":{"allow":["GET"]}}],"collection":[{"href":"https:\/\/graphired.com\/fr\/wp-json\/wp\/v2\/product"}],"about":[{"href":"https:\/\/graphired.com\/fr\/wp-json\/wp\/v2\/types\/product"}],"version-history":[{"count":0,"href":"https:\/\/graphired.com\/fr\/wp-json\/wp\/v2\/product\/19725\/revisions"}],"wp:featuredmedia":[{"embeddable":true,"href":"https:\/\/graphired.com\/fr\/wp-json\/wp\/v2\/media\/19248"}],"wp:attachment":[{"href":"https:\/\/graphired.com\/fr\/wp-json\/wp\/v2\/media?parent=19725"}],"wp:term":[{"taxonomy":"product_brand","embeddable":true,"href":"https:\/\/graphired.com\/fr\/wp-json\/wp\/v2\/product_brand?post=19725"},{"taxonomy":"product_cat","embeddable":true,"href":"https:\/\/graphired.com\/fr\/wp-json\/wp\/v2\/product_cat?post=19725"},{"taxonomy":"product_tag","embeddable":true,"href":"https:\/\/graphired.com\/fr\/wp-json\/wp\/v2\/product_tag?post=19725"}],"curies":[{"name":"wp","href":"https:\/\/api.w.org\/{rel}","templated":true}]}}