{"id":19704,"date":"2023-06-20T12:27:10","date_gmt":"2023-06-20T12:27:10","guid":{"rendered":"https:\/\/graphired.com\/producto\/pot-en-carton-90cc-1932-pcs\/"},"modified":"2023-06-20T12:27:10","modified_gmt":"2023-06-20T12:27:10","slug":"pot-en-carton-90cc-1932-pcs","status":"publish","type":"product","link":"https:\/\/graphired.com\/fr\/produit\/pot-en-carton-90cc-1932-pcs\/","title":{"rendered":"Pot en carton 90cc &#8211; 1932 pcs."},"content":{"rendered":"<p>\ud83c\udf68 <strong>Pot en carton jetable :<\/strong> durabilit\u00e9 et polyvalence pour tes gourmandises froides \ud83c\udf68<\/p>\n<p>\ud83c\udf31 Vous cherchez l&rsquo;option id\u00e9ale pour servir vos d\u00e9licieux aliments froids tels que les glaces, les desserts et les fruits ? Nos bacs en carton jetables sont le choix id\u00e9al ! Avec plus de 8 r\u00e9f\u00e9rences disponibles, vous trouverez la taille et le design adapt\u00e9s \u00e0 vos besoins sp\u00e9cifiques.<\/p>\n<p>\u267b\ufe0f Nous sommes fiers de notre responsabilit\u00e9 environnementale. Nos bacs sont fabriqu\u00e9s en carton 100 % fibres vierges lamin\u00e9 avec du poly\u00e9thyl\u00e8ne (210+15 g\/mq). Ils sont \u00e9galement enti\u00e8rement recyclables, ce qui permet de r\u00e9duire l&rsquo;impact sur l&rsquo;environnement et de promouvoir l&rsquo;\u00e9conomie circulaire.<\/p>\n<p>\ud83e\udd61 L&rsquo;aspect pratique est essentiel. Nous proposons plusieurs options de couvercles pour l&#8217;emport et la livraison, en carton et en mat\u00e9riaux plastiques tels que le rPET et le PLA, afin d&rsquo;assurer la s\u00e9curit\u00e9 du transport de vos produits et d&rsquo;\u00e9viter les d\u00e9versements ind\u00e9sirables.<\/p>\n<p>\ud83c\udfa8 La s\u00e9curit\u00e9 alimentaire est primordiale. Nos encres et vernis sont approuv\u00e9s pour le contact alimentaire direct, ce qui permet \u00e0 vos clients de d\u00e9guster vos produits en toute tranquillit\u00e9.<\/p>\n<p>\ud83d\udca1 Laissez libre cours \u00e0 votre cr\u00e9ativit\u00e9 ! Nos bacs en carton sont personnalisables. Il est possible de cr\u00e9er le design qui repr\u00e9sente le mieux votre marque. Nous savons que la r\u00e9ussite de votre entreprise est importante et nous sommes l\u00e0 pour vous aider.<\/p>\n<p>Nos collections standard \u00e9tant toujours en stock, vous pouvez acheter maintenant et b\u00e9n\u00e9ficier d&rsquo;une <a href=\"http:\/\/graphired.com\/como-comprar\/\">livraison imm\u00e9diate<\/a>, ce qui vous permet de ne jamais \u00eatre \u00e0 court d&rsquo;approvisionnement et de satisfaire vos clients.<\/p>\n<p>Un engagement en faveur de la durabilit\u00e9, de la qualit\u00e9 et de la conception. Choisissez nos barquettes en carton jetables pour aliments froids et contribuez \u00e0 la protection de l&rsquo;environnement tout en offrant \u00e0 vos clients une exp\u00e9rience in\u00e9gal\u00e9e gr\u00e2ce \u00e0 des produits respectueux de l&rsquo;environnement. Commandez maintenant et rejoignez le mouvement \u00e9cologique ! \ud83c\udf31\ud83c\udf0f<\/p>\n<p>Laissez-nous \u00eatre votre partenaire pour pr\u00e9senter vos produits froids de mani\u00e8re responsable, pratique et \u00e9l\u00e9gante ! \ud83c\udf68\ud83d\udc9a<\/p>\n","protected":false},"excerpt":{"rendered":"<p>\ud83c\udf68 <strong>Pot en carton jetable :<\/strong> durabilit\u00e9 et polyvalence pour tes gourmandises froides \ud83c\udf68<\/p>\n<p>\ud83c\udf31 Vous cherchez l&rsquo;option id\u00e9ale pour servir vos d\u00e9licieux aliments froids tels que les glaces, les desserts et les fruits ? Nos bacs en carton jetables sont le choix id\u00e9al ! Avec plus de 8 r\u00e9f\u00e9rences disponibles, vous trouverez la taille et le design adapt\u00e9s \u00e0 vos besoins sp\u00e9cifiques.<\/p>\n<p>\u267b\ufe0f Nous sommes fiers de notre responsabilit\u00e9 environnementale. Nos bacs sont fabriqu\u00e9s en carton 100 % fibres vierges lamin\u00e9 avec du poly\u00e9thyl\u00e8ne (210+15 g\/mq). Ils sont \u00e9galement enti\u00e8rement recyclables, ce qui permet de r\u00e9duire l&rsquo;impact sur l&rsquo;environnement et de promouvoir l&rsquo;\u00e9conomie circulaire.<\/p>\n<p>\ud83e\udd61 L&rsquo;aspect pratique est essentiel. Nous proposons plusieurs options de couvercles pour l&#8217;emport et la livraison, en carton et en mat\u00e9riaux plastiques tels que le rPET et le PLA, afin d&rsquo;assurer la s\u00e9curit\u00e9 du transport de vos produits et d&rsquo;\u00e9viter les d\u00e9versements ind\u00e9sirables.<\/p>\n<p>\ud83c\udfa8 La s\u00e9curit\u00e9 alimentaire est primordiale. Nos encres et vernis sont approuv\u00e9s pour le contact alimentaire direct, ce qui permet \u00e0 vos clients de d\u00e9guster vos produits en toute tranquillit\u00e9.<\/p>\n<p>\ud83d\udca1 Laissez libre cours \u00e0 votre cr\u00e9ativit\u00e9 ! Nos bacs en carton sont personnalisables. Il est possible de cr\u00e9er le design qui repr\u00e9sente le mieux votre marque. Nous savons que la r\u00e9ussite de votre entreprise est importante et nous sommes l\u00e0 pour vous aider.<\/p>\n<p>Nos collections standard \u00e9tant toujours en stock, vous pouvez acheter maintenant et b\u00e9n\u00e9ficier d&rsquo;une <a href=\"http:\/\/graphired.com\/como-comprar\/\">livraison imm\u00e9diate<\/a>, ce qui vous permet de ne jamais \u00eatre \u00e0 court d&rsquo;approvisionnement et de satisfaire vos clients.<\/p>\n<p>Un engagement en faveur de la durabilit\u00e9, de la qualit\u00e9 et de la conception. Choisissez nos barquettes en carton jetables pour aliments froids et contribuez \u00e0 la protection de l&rsquo;environnement tout en offrant \u00e0 vos clients une exp\u00e9rience in\u00e9gal\u00e9e gr\u00e2ce \u00e0 des produits respectueux de l&rsquo;environnement. Commandez maintenant et rejoignez le mouvement \u00e9cologique ! \ud83c\udf31\ud83c\udf0f<\/p>\n<p>Laissez-nous \u00eatre votre partenaire pour pr\u00e9senter vos produits froids de mani\u00e8re responsable, pratique et \u00e9l\u00e9gante ! \ud83c\udf68\ud83d\udc9a<\/p>\n","protected":false},"featured_media":18906,"template":"","meta":{"_acf_changed":false},"product_brand":[],"product_cat":[1917],"product_tag":[],"class_list":{"0":"post-19704","1":"product","2":"type-product","3":"status-publish","4":"has-post-thumbnail","6":"product_cat-pots-en-carton-normaux","7":"pa_apto-microondas-non","8":"pa_biodegradable-compostable-non","9":"pa_color-grafica-black-is-black-fr","10":"pa_color-grafica-blanc","11":"pa_color-grafica-fleurs","12":"pa_color-grafica-kraft-colors-vert","13":"pa_color-grafica-personnalise","14":"pa_color-grafica-soleil","15":"pa_color-grafica-spring-color-fr","16":"pa_color-grafica-sweet-graphique","17":"pa_color-grafica-tribal-orange-fr","18":"pa_material-carton-fr","19":"pa_recipiente-compatible-bocal-80","21":"first","22":"instock","23":"taxable","24":"shipping-taxable","25":"purchasable","26":"product-type-variable"},"acf":[],"_links":{"self":[{"href":"https:\/\/graphired.com\/fr\/wp-json\/wp\/v2\/product\/19704","targetHints":{"allow":["GET"]}}],"collection":[{"href":"https:\/\/graphired.com\/fr\/wp-json\/wp\/v2\/product"}],"about":[{"href":"https:\/\/graphired.com\/fr\/wp-json\/wp\/v2\/types\/product"}],"version-history":[{"count":0,"href":"https:\/\/graphired.com\/fr\/wp-json\/wp\/v2\/product\/19704\/revisions"}],"wp:featuredmedia":[{"embeddable":true,"href":"https:\/\/graphired.com\/fr\/wp-json\/wp\/v2\/media\/18906"}],"wp:attachment":[{"href":"https:\/\/graphired.com\/fr\/wp-json\/wp\/v2\/media?parent=19704"}],"wp:term":[{"taxonomy":"product_brand","embeddable":true,"href":"https:\/\/graphired.com\/fr\/wp-json\/wp\/v2\/product_brand?post=19704"},{"taxonomy":"product_cat","embeddable":true,"href":"https:\/\/graphired.com\/fr\/wp-json\/wp\/v2\/product_cat?post=19704"},{"taxonomy":"product_tag","embeddable":true,"href":"https:\/\/graphired.com\/fr\/wp-json\/wp\/v2\/product_tag?post=19704"}],"curies":[{"name":"wp","href":"https:\/\/api.w.org\/{rel}","templated":true}]}}