{"id":19673,"date":"2023-06-20T14:28:53","date_gmt":"2023-06-20T14:28:53","guid":{"rendered":"https:\/\/graphired.com\/producto\/pot-en-carton-compostable-bio-75cc-3240-pieces\/"},"modified":"2023-06-20T14:28:53","modified_gmt":"2023-06-20T14:28:53","slug":"pot-en-carton-compostable-bio-75cc-3240-pieces","status":"publish","type":"product","link":"https:\/\/graphired.com\/fr\/produit\/pot-en-carton-compostable-bio-75cc-3240-pieces\/","title":{"rendered":"Pot en carton compostable bio 75cc &#8211; 3240 pi\u00e8ces."},"content":{"rendered":"<p><strong><img decoding=\"async\" class=\"emoji\" role=\"img\" draggable=\"false\" src=\"https:\/\/s.w.org\/images\/core\/emoji\/14.0.0\/svg\/1f331.svg\" alt=\"\ud83c\udf31\">  Pot en carton bio compostable 75cc : un choix \u00e9cologique et fonctionnel pour tes gourmandises.<\/strong> <img decoding=\"async\" class=\"emoji\" role=\"img\" draggable=\"false\" src=\"https:\/\/s.w.org\/images\/core\/emoji\/14.0.0\/svg\/1f368.svg\" alt=\"\ud83c\udf68\"><\/p>\n<p><img decoding=\"async\" class=\"emoji\" role=\"img\" draggable=\"false\" src=\"https:\/\/s.w.org\/images\/core\/emoji\/14.0.0\/svg\/1f30d.svg\" alt=\"\ud83c\udf0d\">  D\u00e9couvrez une solution \u00e9cologique qui fait passer vos moments culinaires \u00e0 la vitesse sup\u00e9rieure gr\u00e2ce aux barquettes en carton jetables 100 % biod\u00e9gradables et compostables. Ces merveilles permettent non seulement de conserver au froid vos aliments, tels que les succulentes glaces <img decoding=\"async\" class=\"emoji\" role=\"img\" draggable=\"false\" src=\"https:\/\/s.w.org\/images\/core\/emoji\/14.0.0\/svg\/1f366.svg\" alt=\"\ud83c\udf66\">, les desserts exquis <img decoding=\"async\" class=\"emoji\" role=\"img\" draggable=\"false\" src=\"https:\/\/s.w.org\/images\/core\/emoji\/14.0.0\/svg\/1f370.svg\" alt=\"\ud83c\udf70\"> ou les fruits frais <img decoding=\"async\" class=\"emoji\" role=\"img\" draggable=\"false\" src=\"https:\/\/s.w.org\/images\/core\/emoji\/14.0.0\/svg\/1f353.svg\" alt=\"\ud83c\udf53\">, mais aussi de faire une d\u00e9claration d&rsquo;engagement en faveur de la durabilit\u00e9 <img decoding=\"async\" class=\"emoji\" role=\"img\" draggable=\"false\" src=\"https:\/\/s.w.org\/images\/core\/emoji\/14.0.0\/svg\/267b.svg\" alt=\"\u267b\ufe0f\">.<\/p>\n<p><img decoding=\"async\" class=\"emoji\" role=\"img\" draggable=\"false\" src=\"https:\/\/s.w.org\/images\/core\/emoji\/14.0.0\/svg\/1f33f.svg\" alt=\"\ud83c\udf3f\">  Fabriqu\u00e9s \u00e0 partir de panneaux de fibres vierges et lamin\u00e9s avec un biopolym\u00e8re innovant, ces bacs garantissent non seulement une r\u00e9sistance et une durabilit\u00e9 exceptionnelles, mais font \u00e9galement la diff\u00e9rence en termes d&rsquo;\u00e9cologie <img decoding=\"async\" class=\"emoji\" role=\"img\" draggable=\"false\" src=\"https:\/\/s.w.org\/images\/core\/emoji\/14.0.0\/svg\/1f343.svg\" alt=\"\ud83c\udf43\">. En outre, les encres et vernis utilis\u00e9s dans leur production sont approuv\u00e9s pour le contact alimentaire direct <img decoding=\"async\" class=\"emoji\" role=\"img\" draggable=\"false\" src=\"https:\/\/s.w.org\/images\/core\/emoji\/14.0.0\/svg\/1f957.svg\" alt=\"\ud83e\udd57\">, sans compromettre la qualit\u00e9 ou le go\u00fbt <img decoding=\"async\" class=\"emoji\" role=\"img\" draggable=\"false\" src=\"https:\/\/s.w.org\/images\/core\/emoji\/14.0.0\/svg\/1f3a8.svg\" alt=\"\ud83c\udfa8\">.<\/p>\n<p><strong><img decoding=\"async\" class=\"emoji\" role=\"img\" draggable=\"false\" src=\"https:\/\/s.w.org\/images\/core\/emoji\/14.0.0\/svg\/2728.svg\" alt=\"\u2728\">  Caract\u00e9ristiques exceptionnelles de nos pots biologiques :  <img decoding=\"async\" class=\"emoji\" role=\"img\" draggable=\"false\" src=\"https:\/\/s.w.org\/images\/core\/emoji\/14.0.0\/svg\/2728.svg\" alt=\"\u2728\"><\/strong><\/p>\n<p><img decoding=\"async\" class=\"emoji\" role=\"img\" draggable=\"false\" src=\"https:\/\/s.w.org\/images\/core\/emoji\/14.0.0\/svg\/1f58c.svg\" alt=\"\ud83d\udd8c\ufe0f\"> <strong>Personnalisation :<\/strong> si vous souhaitez apporter une touche personnelle, vous pouvez opter pour l&rsquo;impression de motifs personnalisables, afin de cr\u00e9er des bacs uniques qui refl\u00e8tent votre style ou votre marque.<\/p>\n<p><img decoding=\"async\" class=\"emoji\" role=\"img\" draggable=\"false\" src=\"https:\/\/s.w.org\/images\/core\/emoji\/14.0.0\/svg\/23f1.svg\" alt=\"\u23f1\ufe0f\"> <strong>Stock imm\u00e9diat :<\/strong> Les mod\u00e8les standard sont disponibles en stock et peuvent \u00eatre <a href=\"http:\/\/graphired.com\/como-comprar\/\">exp\u00e9di\u00e9s imm\u00e9diatement<\/a>, ce qui est id\u00e9al lorsque le temps presse.<\/p>\n<p><img decoding=\"async\" class=\"emoji\" role=\"img\" draggable=\"false\" src=\"https:\/\/s.w.org\/images\/core\/emoji\/14.0.0\/svg\/1f961.svg\" alt=\"\ud83e\udd61\"> <strong>Options de couvercles de transport :<\/strong> avec plusieurs options de couvercles de transport, notamment en carton et en plastique recycl\u00e9 (rPET) <img decoding=\"async\" class=\"emoji\" role=\"img\" draggable=\"false\" src=\"https:\/\/s.w.org\/images\/core\/emoji\/14.0.0\/svg\/267b.svg\" alt=\"\u267b\ufe0f\">, ainsi qu&rsquo;en plastique biod\u00e9gradable (PLA) <img decoding=\"async\" class=\"emoji\" role=\"img\" draggable=\"false\" src=\"https:\/\/s.w.org\/images\/core\/emoji\/14.0.0\/svg\/1f33f.svg\" alt=\"\ud83c\udf3f\">.<\/p>\n<p><img decoding=\"async\" class=\"emoji\" role=\"img\" draggable=\"false\" src=\"https:\/\/s.w.org\/images\/core\/emoji\/14.0.0\/svg\/267b.svg\" alt=\"\u267b\ufe0f\"> <strong>Engagement en faveur du d\u00e9veloppement durable :<\/strong> chaque pot comporte une iconographie imprim\u00e9e pour une collecte et un recyclage ad\u00e9quats, contribuant ainsi \u00e0 une gestion responsable des d\u00e9chets.<\/p>\n<p><img decoding=\"async\" class=\"emoji\" role=\"img\" draggable=\"false\" src=\"https:\/\/s.w.org\/images\/core\/emoji\/14.0.0\/svg\/1f31f.svg\" alt=\"\ud83c\udf1f\"> <strong>\u00c9l\u00e9gance et conscience dans chaque bouch\u00e9e :<\/strong> En bref, nos pots BIO sont plus que de simples contenants ; ils repr\u00e9sentent un choix conscient vers un avenir plus vert <img decoding=\"async\" class=\"emoji\" role=\"img\" draggable=\"false\" src=\"https:\/\/s.w.org\/images\/core\/emoji\/14.0.0\/svg\/1f331.svg\" alt=\"\ud83c\udf31\"> et une exp\u00e9rience culinaire plus \u00e9l\u00e9gante <img decoding=\"async\" class=\"emoji\" role=\"img\" draggable=\"false\" src=\"https:\/\/s.w.org\/images\/core\/emoji\/14.0.0\/svg\/1f37d.svg\" alt=\"\ud83c\udf7d\ufe0f\">. Rejoignez-nous dans ce voyage vers un monde o\u00f9 le go\u00fbt et la durabilit\u00e9 s&rsquo;unissent dans chaque bouch\u00e9e.  <img decoding=\"async\" class=\"emoji\" role=\"img\" draggable=\"false\" src=\"https:\/\/s.w.org\/images\/core\/emoji\/14.0.0\/svg\/1f32e.svg\" alt=\"\ud83c\udf2e\"><img decoding=\"async\" class=\"emoji\" role=\"img\" draggable=\"false\" src=\"https:\/\/s.w.org\/images\/core\/emoji\/14.0.0\/svg\/1f30e.svg\" alt=\"\ud83c\udf0e\">.<\/p>\n<p>Pour des informations plus sp\u00e9cifiques sur le produit affich\u00e9, veuillez vous r\u00e9f\u00e9rer aux tableaux de caract\u00e9ristiques et de comparaison.<\/p>\n","protected":false},"excerpt":{"rendered":"<p><strong><img decoding=\"async\" class=\"emoji\" role=\"img\" draggable=\"false\" src=\"https:\/\/s.w.org\/images\/core\/emoji\/14.0.0\/svg\/1f331.svg\" alt=\"\ud83c\udf31\">  Pot bio : une option \u00e9cologique et fonctionnelle pour tes gourmandises.<\/strong> <img decoding=\"async\" class=\"emoji\" role=\"img\" draggable=\"false\" src=\"https:\/\/s.w.org\/images\/core\/emoji\/14.0.0\/svg\/1f368.svg\" alt=\"\ud83c\udf68\"><\/p>\n<p><img decoding=\"async\" class=\"emoji\" role=\"img\" draggable=\"false\" src=\"https:\/\/s.w.org\/images\/core\/emoji\/14.0.0\/svg\/1f30d.svg\" alt=\"\ud83c\udf0d\">  D\u00e9couvrez une solution \u00e9cologique qui fait passer vos moments culinaires \u00e0 la vitesse sup\u00e9rieure gr\u00e2ce aux barquettes en carton jetables 100 % biod\u00e9gradables et compostables. Ces merveilles permettent non seulement de conserver au froid vos aliments, tels que les succulentes glaces <img decoding=\"async\" class=\"emoji\" role=\"img\" draggable=\"false\" src=\"https:\/\/s.w.org\/images\/core\/emoji\/14.0.0\/svg\/1f366.svg\" alt=\"\ud83c\udf66\">, les desserts exquis <img decoding=\"async\" class=\"emoji\" role=\"img\" draggable=\"false\" src=\"https:\/\/s.w.org\/images\/core\/emoji\/14.0.0\/svg\/1f370.svg\" alt=\"\ud83c\udf70\"> ou les fruits frais <img decoding=\"async\" class=\"emoji\" role=\"img\" draggable=\"false\" src=\"https:\/\/s.w.org\/images\/core\/emoji\/14.0.0\/svg\/1f353.svg\" alt=\"\ud83c\udf53\">, mais aussi de faire une d\u00e9claration d&rsquo;engagement en faveur de la durabilit\u00e9 <img decoding=\"async\" class=\"emoji\" role=\"img\" draggable=\"false\" src=\"https:\/\/s.w.org\/images\/core\/emoji\/14.0.0\/svg\/267b.svg\" alt=\"\u267b\ufe0f\">.<\/p>\n<p><img decoding=\"async\" class=\"emoji\" role=\"img\" draggable=\"false\" src=\"https:\/\/s.w.org\/images\/core\/emoji\/14.0.0\/svg\/1f33f.svg\" alt=\"\ud83c\udf3f\">  Fabriqu\u00e9s \u00e0 partir de panneaux de fibres vierges et lamin\u00e9s avec un biopolym\u00e8re innovant, ces bacs garantissent non seulement une r\u00e9sistance et une durabilit\u00e9 exceptionnelles, mais font \u00e9galement la diff\u00e9rence en termes d&rsquo;\u00e9cologie <img decoding=\"async\" class=\"emoji\" role=\"img\" draggable=\"false\" src=\"https:\/\/s.w.org\/images\/core\/emoji\/14.0.0\/svg\/1f343.svg\" alt=\"\ud83c\udf43\">. En outre, les encres et vernis utilis\u00e9s dans leur production sont approuv\u00e9s pour le contact alimentaire direct <img decoding=\"async\" class=\"emoji\" role=\"img\" draggable=\"false\" src=\"https:\/\/s.w.org\/images\/core\/emoji\/14.0.0\/svg\/1f957.svg\" alt=\"\ud83e\udd57\">, sans compromettre la qualit\u00e9 ou le go\u00fbt <img decoding=\"async\" class=\"emoji\" role=\"img\" draggable=\"false\" src=\"https:\/\/s.w.org\/images\/core\/emoji\/14.0.0\/svg\/1f3a8.svg\" alt=\"\ud83c\udfa8\">.<\/p>\n<p><strong><img decoding=\"async\" class=\"emoji\" role=\"img\" draggable=\"false\" src=\"https:\/\/s.w.org\/images\/core\/emoji\/14.0.0\/svg\/2728.svg\" alt=\"\u2728\">  Caract\u00e9ristiques exceptionnelles de nos pots biologiques :  <img decoding=\"async\" class=\"emoji\" role=\"img\" draggable=\"false\" src=\"https:\/\/s.w.org\/images\/core\/emoji\/14.0.0\/svg\/2728.svg\" alt=\"\u2728\"><\/strong><\/p>\n<p><img decoding=\"async\" class=\"emoji\" role=\"img\" draggable=\"false\" src=\"https:\/\/s.w.org\/images\/core\/emoji\/14.0.0\/svg\/1f58c.svg\" alt=\"\ud83d\udd8c\ufe0f\"> <strong>Personnalisation :<\/strong> si vous souhaitez apporter une touche personnelle, vous pouvez opter pour l&rsquo;impression de motifs personnalisables, afin de cr\u00e9er des bacs uniques qui refl\u00e8tent votre style ou votre marque.<\/p>\n<p><img decoding=\"async\" class=\"emoji\" role=\"img\" draggable=\"false\" src=\"https:\/\/s.w.org\/images\/core\/emoji\/14.0.0\/svg\/23f1.svg\" alt=\"\u23f1\ufe0f\"> <strong>Stock imm\u00e9diat :<\/strong> Les mod\u00e8les standard sont disponibles en stock et peuvent \u00eatre <a href=\"http:\/\/graphired.com\/como-comprar\/\">exp\u00e9di\u00e9s imm\u00e9diatement<\/a>, ce qui est id\u00e9al lorsque le temps presse.<\/p>\n<p><img decoding=\"async\" class=\"emoji\" role=\"img\" draggable=\"false\" src=\"https:\/\/s.w.org\/images\/core\/emoji\/14.0.0\/svg\/1f961.svg\" alt=\"\ud83e\udd61\"> <strong>Options de couvercles de transport :<\/strong> avec plusieurs options de couvercles de transport, notamment en carton et en plastique recycl\u00e9 (rPET) <img decoding=\"async\" class=\"emoji\" role=\"img\" draggable=\"false\" src=\"https:\/\/s.w.org\/images\/core\/emoji\/14.0.0\/svg\/267b.svg\" alt=\"\u267b\ufe0f\">, ainsi qu&rsquo;en plastique biod\u00e9gradable (PLA) <img decoding=\"async\" class=\"emoji\" role=\"img\" draggable=\"false\" src=\"https:\/\/s.w.org\/images\/core\/emoji\/14.0.0\/svg\/1f33f.svg\" alt=\"\ud83c\udf3f\">.<\/p>\n<p><img decoding=\"async\" class=\"emoji\" role=\"img\" draggable=\"false\" src=\"https:\/\/s.w.org\/images\/core\/emoji\/14.0.0\/svg\/267b.svg\" alt=\"\u267b\ufe0f\"> <strong>Engagement en faveur du d\u00e9veloppement durable :<\/strong> chaque pot comporte une iconographie imprim\u00e9e pour une collecte et un recyclage ad\u00e9quats, contribuant ainsi \u00e0 une gestion responsable des d\u00e9chets.<\/p>\n<p><img decoding=\"async\" class=\"emoji\" role=\"img\" draggable=\"false\" src=\"https:\/\/s.w.org\/images\/core\/emoji\/14.0.0\/svg\/1f31f.svg\" alt=\"\ud83c\udf1f\"> <strong>\u00c9l\u00e9gance et conscience dans chaque bouch\u00e9e :<\/strong> En bref, nos pots BIO sont plus que de simples contenants ; ils repr\u00e9sentent un choix conscient vers un avenir plus vert <img decoding=\"async\" class=\"emoji\" role=\"img\" draggable=\"false\" src=\"https:\/\/s.w.org\/images\/core\/emoji\/14.0.0\/svg\/1f331.svg\" alt=\"\ud83c\udf31\"> et une exp\u00e9rience culinaire plus \u00e9l\u00e9gante <img decoding=\"async\" class=\"emoji\" role=\"img\" draggable=\"false\" src=\"https:\/\/s.w.org\/images\/core\/emoji\/14.0.0\/svg\/1f37d.svg\" alt=\"\ud83c\udf7d\ufe0f\">. Rejoignez-nous dans ce voyage vers un monde o\u00f9 le go\u00fbt et la durabilit\u00e9 s&rsquo;unissent dans chaque bouch\u00e9e.  <img decoding=\"async\" class=\"emoji\" role=\"img\" draggable=\"false\" src=\"https:\/\/s.w.org\/images\/core\/emoji\/14.0.0\/svg\/1f32e.svg\" alt=\"\ud83c\udf2e\"><img decoding=\"async\" class=\"emoji\" role=\"img\" draggable=\"false\" src=\"https:\/\/s.w.org\/images\/core\/emoji\/14.0.0\/svg\/1f30e.svg\" alt=\"\ud83c\udf0e\">.<\/p>\n<p>Pour des informations plus sp\u00e9cifiques sur le produit affich\u00e9, veuillez vous r\u00e9f\u00e9rer aux tableaux de caract\u00e9ristiques et de comparaison.<\/p>\n","protected":false},"featured_media":15943,"template":"","meta":{"_acf_changed":false},"product_brand":[],"product_cat":[1916],"product_tag":[],"class_list":{"0":"post-19673","1":"product","2":"type-product","3":"status-publish","4":"has-post-thumbnail","6":"product_cat-pots-en-carton-bio","7":"pa_apto-microondas-non","8":"pa_biodegradable-compostable-oui","9":"pa_color-grafica-personnalise","10":"pa_material-carton-fr","11":"pa_recipiente-compatible-jarre-60","13":"first","14":"instock","15":"taxable","16":"shipping-taxable","17":"product-type-variable"},"acf":[],"_links":{"self":[{"href":"https:\/\/graphired.com\/fr\/wp-json\/wp\/v2\/product\/19673","targetHints":{"allow":["GET"]}}],"collection":[{"href":"https:\/\/graphired.com\/fr\/wp-json\/wp\/v2\/product"}],"about":[{"href":"https:\/\/graphired.com\/fr\/wp-json\/wp\/v2\/types\/product"}],"version-history":[{"count":0,"href":"https:\/\/graphired.com\/fr\/wp-json\/wp\/v2\/product\/19673\/revisions"}],"wp:featuredmedia":[{"embeddable":true,"href":"https:\/\/graphired.com\/fr\/wp-json\/wp\/v2\/media\/15943"}],"wp:attachment":[{"href":"https:\/\/graphired.com\/fr\/wp-json\/wp\/v2\/media?parent=19673"}],"wp:term":[{"taxonomy":"product_brand","embeddable":true,"href":"https:\/\/graphired.com\/fr\/wp-json\/wp\/v2\/product_brand?post=19673"},{"taxonomy":"product_cat","embeddable":true,"href":"https:\/\/graphired.com\/fr\/wp-json\/wp\/v2\/product_cat?post=19673"},{"taxonomy":"product_tag","embeddable":true,"href":"https:\/\/graphired.com\/fr\/wp-json\/wp\/v2\/product_tag?post=19673"}],"curies":[{"name":"wp","href":"https:\/\/api.w.org\/{rel}","templated":true}]}}