{"id":19648,"date":"2023-08-14T12:08:14","date_gmt":"2023-08-14T12:08:14","guid":{"rendered":"https:\/\/graphired.com\/producto\/serviette-de-table-mini-luxe-tissue-nature-17x17-cm-14-000-pieces\/"},"modified":"2024-06-05T09:50:50","modified_gmt":"2024-06-05T09:50:50","slug":"serviette-de-table-mini-luxe-tissue-nature-17x17-cm-14-000-pieces","status":"publish","type":"product","link":"https:\/\/graphired.com\/fr\/produit\/serviette-de-table-mini-luxe-tissue-nature-17x17-cm-14-000-pieces\/","title":{"rendered":"Serviette de table Mini Luxe Tissue Nature 17&#215;17 cm &#8211; 14.000 pi\u00e8ces"},"content":{"rendered":"<p>\ud83d\udccc <strong>Serviettes en papier mousseline :<\/strong> l&rsquo;\u00e9l\u00e9gance essentielle pour toutes les occasions.<\/p>\n<p>La d\u00e9licatesse et la sophistication d\u00e9finissent les serviettes en papier de soie, id\u00e9ales pour rehausser toute exp\u00e9rience. Chaque lame est d&rsquo;une douceur exceptionnelle, offrant une sensation de luxe \u00e0 chaque utilisation. Ces serviettes ont \u00e9t\u00e9 m\u00e9ticuleusement con\u00e7ues pour s&rsquo;int\u00e9grer dans n&rsquo;importe quel environnement, en y apportant une touche de distinction.<\/p>\n<p>Les serviettes en papier de soie sont le choix id\u00e9al pour les moments sp\u00e9ciaux, car elles allient douceur et r\u00e9sistance d&rsquo;une mani\u00e8re unique. Le papier de soie, caract\u00e9ris\u00e9 par sa finesse et sa l\u00e9g\u00e8ret\u00e9, est au c\u0153ur de leur charme, ce qui leur permet de se distinguer dans des contextes vari\u00e9s.<\/p>\n<p>Qu&rsquo;il s&rsquo;agisse de r\u00e9unions \u00e9l\u00e9gantes ou d&rsquo;occasions formelles, ces serviettes s&rsquo;int\u00e8grent parfaitement. Ses principales caract\u00e9ristiques sont les suivantes<\/p>\n<ul>\n<li><strong>\u00c9l\u00e9gance distinctive :<\/strong> con\u00e7us pour apporter une touche de classe, ils enrichissent l&rsquo;exp\u00e9rience gastronomique.<\/li>\n<li>\ud83d\uddd1\ufe0f <strong>Jetable et pratique :<\/strong> \u00e0 usage unique, il \u00e9limine les soucis de nettoyage et garantit une hygi\u00e8ne irr\u00e9prochable.<\/li>\n<li>\ud83d\udca7 <strong>Absorption efficace :<\/strong> Malgr\u00e9 leur d\u00e9licatesse, ils offrent une capacit\u00e9 \u00e9tonnante \u00e0 faire face aux d\u00e9versements et aux taches.<\/li>\n<li>\ud83d\ude0c <strong>Commodit\u00e9 et style :<\/strong> Compl\u00e9tez la pr\u00e9sentation des aliments avec une apparence impeccable, en \u00e9vitant d&rsquo;avoir recours \u00e0 des serviettes plus traditionnelles.<\/li>\n<\/ul>\n<p>En bref, les serviettes de table en papier offrent une exp\u00e9rience \u00e9l\u00e9gante et pratique pour toutes les occasions. Leur combinaison de douceur, de r\u00e9sistance et d&rsquo;esth\u00e9tique en fait le choix pr\u00e9f\u00e9r\u00e9 de ceux qui cherchent \u00e0 rehausser leurs moments sp\u00e9ciaux d&rsquo;une touche de sophistication.<\/p>\n","protected":false},"excerpt":{"rendered":"<p>\ud83d\udccc <strong>Serviettes en papier mousseline :<\/strong> l&rsquo;\u00e9l\u00e9gance essentielle pour toutes les occasions.<\/p>\n<p>La d\u00e9licatesse et la sophistication d\u00e9finissent les serviettes en papier de soie, id\u00e9ales pour rehausser toute exp\u00e9rience. Chaque lame est d&rsquo;une douceur exceptionnelle, offrant une sensation de luxe \u00e0 chaque utilisation. Ces serviettes ont \u00e9t\u00e9 m\u00e9ticuleusement con\u00e7ues pour s&rsquo;int\u00e9grer dans n&rsquo;importe quel environnement, en y apportant une touche de distinction.<\/p>\n<p>Les serviettes en papier de soie sont le choix id\u00e9al pour les moments sp\u00e9ciaux, car elles allient douceur et r\u00e9sistance d&rsquo;une mani\u00e8re unique. Le papier de soie, caract\u00e9ris\u00e9 par sa finesse et sa l\u00e9g\u00e8ret\u00e9, est au c\u0153ur de leur charme, ce qui leur permet de se distinguer dans des contextes vari\u00e9s.<\/p>\n<p>Qu&rsquo;il s&rsquo;agisse de r\u00e9unions \u00e9l\u00e9gantes ou d&rsquo;occasions formelles, ces serviettes s&rsquo;int\u00e8grent parfaitement. Ses principales caract\u00e9ristiques sont les suivantes<\/p>\n<ul>\n<li><strong>\u00c9l\u00e9gance distinctive :<\/strong> con\u00e7us pour apporter une touche de classe, ils enrichissent l&rsquo;exp\u00e9rience gastronomique.<\/li>\n<li>\ud83d\uddd1\ufe0f <strong>Jetable et pratique :<\/strong> \u00e0 usage unique, il \u00e9limine les soucis de nettoyage et garantit une hygi\u00e8ne irr\u00e9prochable.<\/li>\n<li>\ud83d\udca7 <strong>Absorption efficace :<\/strong> Malgr\u00e9 leur d\u00e9licatesse, ils offrent une capacit\u00e9 \u00e9tonnante \u00e0 faire face aux d\u00e9versements et aux taches.<\/li>\n<li>\ud83d\ude0c <strong>Commodit\u00e9 et style :<\/strong> Compl\u00e9tez la pr\u00e9sentation des aliments avec une apparence impeccable, en \u00e9vitant d&rsquo;avoir recours \u00e0 des serviettes plus traditionnelles.<\/li>\n<\/ul>\n<p>En bref, les serviettes de table en papier offrent une exp\u00e9rience \u00e9l\u00e9gante et pratique pour toutes les occasions. Leur combinaison de douceur, de r\u00e9sistance et d&rsquo;esth\u00e9tique en fait le choix pr\u00e9f\u00e9r\u00e9 de ceux qui cherchent \u00e0 rehausser leurs moments sp\u00e9ciaux d&rsquo;une touche de sophistication.<\/p>\n","protected":false},"featured_media":18963,"template":"","meta":{"_acf_changed":false},"product_brand":[],"product_cat":[1961],"product_tag":[],"class_list":{"0":"post-19648","1":"product","2":"type-product","3":"status-publish","4":"has-post-thumbnail","6":"product_cat-serviettes","7":"pa_apto-microondas-non","8":"pa_color-grafica-nature-fr","9":"pa_color-grafica-personnalise","10":"pa_material-papier-100-recycle","12":"first","13":"instock","14":"taxable","15":"shipping-taxable","16":"purchasable","17":"product-type-variable"},"acf":[],"_links":{"self":[{"href":"https:\/\/graphired.com\/fr\/wp-json\/wp\/v2\/product\/19648","targetHints":{"allow":["GET"]}}],"collection":[{"href":"https:\/\/graphired.com\/fr\/wp-json\/wp\/v2\/product"}],"about":[{"href":"https:\/\/graphired.com\/fr\/wp-json\/wp\/v2\/types\/product"}],"version-history":[{"count":0,"href":"https:\/\/graphired.com\/fr\/wp-json\/wp\/v2\/product\/19648\/revisions"}],"wp:featuredmedia":[{"embeddable":true,"href":"https:\/\/graphired.com\/fr\/wp-json\/wp\/v2\/media\/18963"}],"wp:attachment":[{"href":"https:\/\/graphired.com\/fr\/wp-json\/wp\/v2\/media?parent=19648"}],"wp:term":[{"taxonomy":"product_brand","embeddable":true,"href":"https:\/\/graphired.com\/fr\/wp-json\/wp\/v2\/product_brand?post=19648"},{"taxonomy":"product_cat","embeddable":true,"href":"https:\/\/graphired.com\/fr\/wp-json\/wp\/v2\/product_cat?post=19648"},{"taxonomy":"product_tag","embeddable":true,"href":"https:\/\/graphired.com\/fr\/wp-json\/wp\/v2\/product_tag?post=19648"}],"curies":[{"name":"wp","href":"https:\/\/api.w.org\/{rel}","templated":true}]}}