{"id":16182,"date":"2023-06-20T11:36:42","date_gmt":"2023-06-20T11:36:42","guid":{"rendered":"https:\/\/graphired.com\/producto\/cone-de-glace-en-papier-15x29o-2000-pcs\/"},"modified":"2024-04-25T09:07:54","modified_gmt":"2024-04-25T09:07:54","slug":"cone-de-glace-en-papier-15x29o-2000-pcs","status":"publish","type":"product","link":"https:\/\/graphired.com\/fr\/produit\/cone-de-glace-en-papier-15x29o-2000-pcs\/","title":{"rendered":"C\u00f4ne de glace en papier \u00b015&#215;29\u00f8 &#8211; 2000 pcs."},"content":{"rendered":"<p>\ud83c\udf66 Prot\u00e9gez et personnalisez vos glaces pr\u00e9f\u00e9r\u00e9es avec style ! D\u00e9couvrez nos \u00e9tonnantes housses en papier pour cornets de glace : le choix id\u00e9al pour prot\u00e9ger vos glaces et les garder \u00e9l\u00e9gantes aussi longtemps que vous les d\u00e9gusterez.<\/p>\n<p>Avec plus de 12 r\u00e9f\u00e9rences disponibles, nous veillons \u00e0 nous adapter \u00e0 vos besoins et \u00e0 vos pr\u00e9f\u00e9rences pour vous offrir la meilleure exp\u00e9rience en mati\u00e8re de glaces.<\/p>\n<p>\ud83c\udf31\u267b\ufe0f Nos c\u00f4nes en papier gaufr\u00e9 sont exceptionnels, car ils remplissent non seulement leur fonction de protection, mais ils sont \u00e9galement respectueux de l&rsquo;environnement puisqu&rsquo;ils sont recyclables \u00e0 100 %. Nous savons combien il est important de prendre soin de notre plan\u00e8te, et c&rsquo;est pourquoi nous avons con\u00e7u ces solutions durables pour que nous puissions d\u00e9guster des glaces en toute tranquillit\u00e9.<\/p>\n<p>\ud83d\udca7\ud83d\udeab Disponibles dans une large gamme de tailles et de designs, nos housses de c\u00f4nes de glace en papier offrent une solution hygi\u00e9nique pour \u00e9viter le contact direct avec la gaufrette, garantissant que votre glace arrive entre vos mains sans aucune contamination. En outre, toutes nos encres et tous nos vernis sont approuv\u00e9s pour le contact alimentaire, ce qui garantit que votre glace reste saine et d\u00e9licieuse.<\/p>\n<p>\ud83c\udf89 Et ce n&rsquo;est pas tout ! Nos couvertures d&rsquo;ic\u00f4nes sont enti\u00e8rement personnalisables, ce qui signifie que vous pouvez proposer diff\u00e9rents mod\u00e8les avec votre marque, adapt\u00e9s \u00e0 votre entreprise. C&rsquo;est un excellent moyen de se d\u00e9marquer de la concurrence et de rendre votre glace unique et attrayante pour vos clients. Votre succ\u00e8s est notre succ\u00e8s, et nous sommes l\u00e0 pour vous aider \u00e0 l&rsquo;atteindre.<\/p>\n<p>\ud83d\udcaa\ud83c\udffc\ud83c\udf08 Alors n&rsquo;attendez plus, procurez-vous d\u00e8s maintenant nos housses de c\u00f4nes en papier pour gaufrettes de cr\u00e8me glac\u00e9e et d\u00e9couvrez comment am\u00e9liorer la pr\u00e9sentation de vos produits tout en les prot\u00e9geant et en leur donnant une touche unique. Et surtout, b\u00e9n\u00e9ficiez d&rsquo;une livraison imm\u00e9diate sur nos collections standard, toujours en stock ! \ud83d\ude80\ud83d\udce6 Ne manquez pas l&rsquo;occasion de faire passer votre glacier au niveau sup\u00e9rieur gr\u00e2ce \u00e0 nos solutions innovantes et respectueuses de l&rsquo;environnement. <\/p>\n","protected":false},"excerpt":{"rendered":"<p>\ud83c\udf66 Prot\u00e9gez et personnalisez vos glaces pr\u00e9f\u00e9r\u00e9es avec style ! D\u00e9couvrez nos \u00e9tonnantes housses en papier pour cornets de glace : le choix id\u00e9al pour prot\u00e9ger vos glaces et les garder \u00e9l\u00e9gantes aussi longtemps que vous les d\u00e9gusterez.<\/p>\n<p>Avec plus de 12 r\u00e9f\u00e9rences disponibles, nous veillons \u00e0 nous adapter \u00e0 vos besoins et \u00e0 vos pr\u00e9f\u00e9rences pour vous offrir la meilleure exp\u00e9rience en mati\u00e8re de glaces.<\/p>\n<p>\ud83c\udf31\u267b\ufe0f Nos c\u00f4nes en papier gaufr\u00e9 sont exceptionnels, car ils remplissent non seulement leur fonction de protection, mais ils sont \u00e9galement respectueux de l&rsquo;environnement puisqu&rsquo;ils sont recyclables \u00e0 100 %. Nous savons combien il est important de prendre soin de notre plan\u00e8te, et c&rsquo;est pourquoi nous avons con\u00e7u ces solutions durables pour que nous puissions d\u00e9guster des glaces en toute tranquillit\u00e9.<\/p>\n<p>\ud83d\udca7\ud83d\udeab Disponibles dans une large gamme de tailles et de designs, nos housses de c\u00f4nes de glace en papier offrent une solution hygi\u00e9nique pour \u00e9viter le contact direct avec la gaufrette, garantissant que votre glace arrive entre vos mains sans aucune contamination. En outre, toutes nos encres et tous nos vernis sont approuv\u00e9s pour le contact alimentaire, ce qui garantit que votre glace reste saine et d\u00e9licieuse.<\/p>\n<p>\ud83c\udf89 Et ce n&rsquo;est pas tout ! Nos couvertures d&rsquo;ic\u00f4nes sont enti\u00e8rement personnalisables, ce qui signifie que vous pouvez proposer diff\u00e9rents mod\u00e8les avec votre marque, adapt\u00e9s \u00e0 votre entreprise. C&rsquo;est un excellent moyen de se d\u00e9marquer de la concurrence et de rendre votre glace unique et attrayante pour vos clients. Votre succ\u00e8s est notre succ\u00e8s, et nous sommes l\u00e0 pour vous aider \u00e0 l&rsquo;atteindre.<\/p>\n<p>\ud83d\udcaa\ud83c\udffc\ud83c\udf08 Alors n&rsquo;attendez plus, procurez-vous d\u00e8s maintenant nos housses de c\u00f4nes en papier pour gaufrettes de cr\u00e8me glac\u00e9e et d\u00e9couvrez comment am\u00e9liorer la pr\u00e9sentation de vos produits tout en les prot\u00e9geant et en leur donnant une touche unique. Et surtout, b\u00e9n\u00e9ficiez d&rsquo;une livraison imm\u00e9diate sur nos collections standard, toujours en stock ! \ud83d\ude80\ud83d\udce6 Ne manquez pas l&rsquo;occasion de faire passer votre glacier au niveau sup\u00e9rieur gr\u00e2ce \u00e0 nos solutions innovantes et respectueuses de l&rsquo;environnement. <\/p>\n","protected":false},"featured_media":16185,"template":"","meta":{"_acf_changed":false},"product_brand":[],"product_cat":[1932],"product_tag":[],"class_list":{"0":"post-16182","1":"product","2":"type-product","3":"status-publish","4":"has-post-thumbnail","6":"product_cat-protege-cornets","7":"pa_apto-microondas-non","8":"pa_biodegradable-compostable-non","9":"pa_color-grafica-personnalise","10":"pa_material-papier","12":"first","13":"instock","14":"taxable","15":"shipping-taxable","16":"product-type-variable"},"acf":[],"_links":{"self":[{"href":"https:\/\/graphired.com\/fr\/wp-json\/wp\/v2\/product\/16182","targetHints":{"allow":["GET"]}}],"collection":[{"href":"https:\/\/graphired.com\/fr\/wp-json\/wp\/v2\/product"}],"about":[{"href":"https:\/\/graphired.com\/fr\/wp-json\/wp\/v2\/types\/product"}],"version-history":[{"count":0,"href":"https:\/\/graphired.com\/fr\/wp-json\/wp\/v2\/product\/16182\/revisions"}],"wp:featuredmedia":[{"embeddable":true,"href":"https:\/\/graphired.com\/fr\/wp-json\/wp\/v2\/media\/16185"}],"wp:attachment":[{"href":"https:\/\/graphired.com\/fr\/wp-json\/wp\/v2\/media?parent=16182"}],"wp:term":[{"taxonomy":"product_brand","embeddable":true,"href":"https:\/\/graphired.com\/fr\/wp-json\/wp\/v2\/product_brand?post=16182"},{"taxonomy":"product_cat","embeddable":true,"href":"https:\/\/graphired.com\/fr\/wp-json\/wp\/v2\/product_cat?post=16182"},{"taxonomy":"product_tag","embeddable":true,"href":"https:\/\/graphired.com\/fr\/wp-json\/wp\/v2\/product_tag?post=16182"}],"curies":[{"name":"wp","href":"https:\/\/api.w.org\/{rel}","templated":true}]}}