{"id":16154,"date":"2023-04-04T13:45:37","date_gmt":"2023-04-04T13:45:37","guid":{"rendered":"https:\/\/graphired.com\/producto\/cone-de-glace-en-papier-15x42o-2000-pcs\/"},"modified":"2024-04-25T09:16:57","modified_gmt":"2024-04-25T09:16:57","slug":"cone-de-glace-en-papier-15x42o-2000-pcs","status":"publish","type":"product","link":"https:\/\/graphired.com\/fr\/produit\/cone-de-glace-en-papier-15x42o-2000-pcs\/","title":{"rendered":"C\u00f4ne de glace en papier \u00b015&#215;42\u00f8 &#8211; 2000 pcs."},"content":{"rendered":"<p>D\u00e9couvrez nos housses en papier pour cornets de glace : le choix id\u00e9al pour conserver la fra\u00eecheur et l&rsquo;\u00e9l\u00e9gance de vos glaces. Nous avons plus de <strong>12 r\u00e9f\u00e9rences<\/strong> pour r\u00e9pondre \u00e0 vos besoins. Nos c\u00f4nes en papier sont 100 % recyclables et sont disponibles dans une large gamme de tailles et de designs.  <span style=\"font-weight: 400;\">Id\u00e9al pour prot\u00e9ger la gaufrette du contact direct avec le consommateur et garantir une meilleure hygi\u00e8ne. <\/span>Achetez maintenant et profitez d&rsquo;une <a href=\"http:\/\/graphired.com\/como-comprar\/\"><br \/>\n  <strong>d&rsquo;une livraison imm\u00e9diate <\/strong><br \/>\n<\/a>sur nos collections standard, toujours en stock.  <strong>Prot\u00e9gez et personnalisez votre glace avec style !  <\/strong><\/p>\n<ul>\n<li>\ud83c\udf66 Couvercle de cornet de glace en papier pour les gaufrettes de cr\u00e8me glac\u00e9e<\/li>\n<li>\u267b\ufe0f Papier 100% recyclable<\/li>\n<li>\u270c\ufe0f Solution hygi\u00e9nique pour \u00e9viter tout contact avec la plaquette de silicium<\/li>\n<li>\ud83d\udd8c\ufe0f Encres et vernis approuv\u00e9s pour le contact avec les denr\u00e9es alimentaires<\/li>\n<li>\ud83c\udfa8 Conception personnalisable : vos go\u00fbts, votre marque, notre succ\u00e8s.<\/li>\n<\/ul>\n<p>&nbsp;<\/p>\n<ul>\n<li><strong>C\u00f4nes graphiques standard : bo\u00eete de 2 000 unit\u00e9s<\/strong><\/li>\n<li><strong>C\u00f4nes personnalis\u00e9s : consulter le MOQ en fonction de la r\u00e9f\u00e9rence<\/strong><\/li>\n<\/ul>\n<p>&nbsp;<\/p>\n<p><i>Tous les c\u00f4nes en papier sont fabriqu\u00e9s avec l&rsquo;iconographie correspondant \u00e0 leur collecte et \u00e0 leur recyclage corrects imprim\u00e9e sur le c\u00f4t\u00e9 de chaque r\u00e9f\u00e9rence contribuant \u00e0 la bonne gestion des d\u00e9chets (PAP 22).<\/i><\/p>\n<p>&nbsp;<\/p>\n","protected":false},"excerpt":{"rendered":"<p>D\u00e9couvrez nos housses en papier pour cornets de glace : le choix id\u00e9al pour conserver la fra\u00eecheur et l&rsquo;\u00e9l\u00e9gance de vos glaces. Nous avons plus de <strong>12 r\u00e9f\u00e9rences<\/strong> pour r\u00e9pondre \u00e0 vos besoins. Nos c\u00f4nes en papier sont 100 % recyclables et sont disponibles dans une large gamme de tailles et de designs.  <span style=\"font-weight: 400;\">Id\u00e9al pour prot\u00e9ger la gaufrette du contact direct avec le consommateur et garantir une meilleure hygi\u00e8ne. <\/span>Achetez maintenant et profitez d&rsquo;une <a href=\"http:\/\/graphired.com\/como-comprar\/\"><br \/>\n  <strong>d&rsquo;une livraison imm\u00e9diate <\/strong><br \/>\n<\/a>sur nos collections standard, toujours en stock.  <strong>Prot\u00e9gez et personnalisez votre glace avec style !  <\/strong><\/p>\n<ul>\n<li>\ud83c\udf66 Couvercle de cornet de glace en papier pour les gaufrettes de cr\u00e8me glac\u00e9e<\/li>\n<li>\u267b\ufe0f Papier 100% recyclable<\/li>\n<li>\u270c\ufe0f Solution hygi\u00e9nique pour \u00e9viter tout contact avec la plaquette de silicium<\/li>\n<li>\ud83d\udd8c\ufe0f Encres et vernis approuv\u00e9s pour le contact avec les denr\u00e9es alimentaires<\/li>\n<li>\ud83c\udfa8 Conception personnalisable : vos go\u00fbts, votre marque, notre succ\u00e8s.<\/li>\n<\/ul>\n<p>&nbsp;<\/p>\n<ul>\n<li><strong>C\u00f4nes graphiques standard : bo\u00eete de 2 000 unit\u00e9s<\/strong><\/li>\n<li><strong>C\u00f4nes personnalis\u00e9s : consulter le MOQ en fonction de la r\u00e9f\u00e9rence<\/strong><\/li>\n<\/ul>\n<p>&nbsp;<\/p>\n<p><i>Tous les c\u00f4nes en papier sont fabriqu\u00e9s avec l&rsquo;iconographie correspondant \u00e0 leur collecte et \u00e0 leur recyclage corrects imprim\u00e9e sur le c\u00f4t\u00e9 de chaque r\u00e9f\u00e9rence contribuant \u00e0 la bonne gestion des d\u00e9chets (PAP 22).<\/i><\/p>\n<p>&nbsp;<\/p>\n","protected":false},"featured_media":18910,"template":"","meta":{"_acf_changed":false},"product_brand":[],"product_cat":[1932],"product_tag":[],"class_list":{"0":"post-16154","1":"product","2":"type-product","3":"status-publish","4":"has-post-thumbnail","6":"product_cat-protege-cornets","7":"pa_apto-microondas-non","8":"pa_biodegradable-compostable-non","9":"pa_color-grafica-black-is-black-fr","10":"pa_color-grafica-fleurs","11":"pa_color-grafica-fleurs-bleues","12":"pa_color-grafica-fleurs-fuccia","13":"pa_color-grafica-fleurs-doranger","14":"pa_color-grafica-kraftcolors-fr","15":"pa_color-grafica-personnalise","16":"pa_color-grafica-soleil","17":"pa_color-grafica-soleil-fuchsia","18":"pa_color-grafica-soleil-orange","19":"pa_color-grafica-soleils-bleus","20":"pa_color-grafica-spring-color-fr","21":"pa_color-grafica-sweet-graphique","22":"pa_material-papier","24":"first","25":"instock","26":"taxable","27":"shipping-taxable","28":"purchasable","29":"product-type-variable"},"acf":[],"_links":{"self":[{"href":"https:\/\/graphired.com\/fr\/wp-json\/wp\/v2\/product\/16154","targetHints":{"allow":["GET"]}}],"collection":[{"href":"https:\/\/graphired.com\/fr\/wp-json\/wp\/v2\/product"}],"about":[{"href":"https:\/\/graphired.com\/fr\/wp-json\/wp\/v2\/types\/product"}],"version-history":[{"count":0,"href":"https:\/\/graphired.com\/fr\/wp-json\/wp\/v2\/product\/16154\/revisions"}],"wp:featuredmedia":[{"embeddable":true,"href":"https:\/\/graphired.com\/fr\/wp-json\/wp\/v2\/media\/18910"}],"wp:attachment":[{"href":"https:\/\/graphired.com\/fr\/wp-json\/wp\/v2\/media?parent=16154"}],"wp:term":[{"taxonomy":"product_brand","embeddable":true,"href":"https:\/\/graphired.com\/fr\/wp-json\/wp\/v2\/product_brand?post=16154"},{"taxonomy":"product_cat","embeddable":true,"href":"https:\/\/graphired.com\/fr\/wp-json\/wp\/v2\/product_cat?post=16154"},{"taxonomy":"product_tag","embeddable":true,"href":"https:\/\/graphired.com\/fr\/wp-json\/wp\/v2\/product_tag?post=16154"}],"curies":[{"name":"wp","href":"https:\/\/api.w.org\/{rel}","templated":true}]}}