{"id":16095,"date":"2023-06-19T14:26:03","date_gmt":"2023-06-19T14:26:03","guid":{"rendered":"https:\/\/graphired.com\/producto\/cone-de-glace-en-papier-15x445o-2000-pcs\/"},"modified":"2024-04-25T09:17:33","modified_gmt":"2024-04-25T09:17:33","slug":"cone-de-glace-en-papier-15x445o-2000-pcs","status":"publish","type":"product","link":"https:\/\/graphired.com\/fr\/produit\/cone-de-glace-en-papier-15x445o-2000-pcs\/","title":{"rendered":"C\u00f4ne de glace en papier \u00b015&#215;44,5\u00f8 &#8211; 2000 pcs."},"content":{"rendered":"<p>Prot\u00e9gez et personnalisez vos glaces pr\u00e9f\u00e9r\u00e9es avec style ! D\u00e9couvrez nos housses en papier pour cornets de glace : le choix id\u00e9al pour conserver la fra\u00eecheur et l&rsquo;\u00e9l\u00e9gance de vos glaces. <strong>Plus de 12 r\u00e9f\u00e9rences<\/strong> disponibles pour r\u00e9pondre \u00e0 vos besoins. Nos c\u00f4nes en papier sont 100 % recyclables et sont disponibles dans une large gamme de tailles et de designs. Achetez maintenant et profitez d&rsquo;une <a href=\"http:\/\/graphired.com\/como-comprar\/\"><br \/>\n  <strong>d&rsquo;une livraison imm\u00e9diate <\/strong><br \/>\n<\/a>sur nos collections standard, toujours en stock.<\/p>\n<ul>\n<li>\ud83c\udf66 Couvercle de cornet de glace en papier pour les gaufrettes de cr\u00e8me glac\u00e9e<\/li>\n<li>\u267b\ufe0f Papier 100% recyclable PAP 22<\/li>\n<li>\u270c\ufe0f Solution hygi\u00e9nique pour \u00e9viter tout contact avec la plaquette de silicium<\/li>\n<li>\ud83d\udd8c\ufe0f Encres et vernis approuv\u00e9s pour le contact avec les denr\u00e9es alimentaires<\/li>\n<li>\ud83c\udfa8 Conception personnalisable : vos go\u00fbts, votre marque, notre succ\u00e8s.<\/li>\n<\/ul>\n","protected":false},"excerpt":{"rendered":"<p>Prot\u00e9gez et personnalisez vos glaces pr\u00e9f\u00e9r\u00e9es avec style ! D\u00e9couvrez nos housses en papier pour cornets de glace : le choix id\u00e9al pour conserver la fra\u00eecheur et l&rsquo;\u00e9l\u00e9gance de vos glaces. Nous avons plus de <strong>12 r\u00e9f\u00e9rences<\/strong> pour r\u00e9pondre \u00e0 vos besoins. Nos c\u00f4nes en papier sont 100 % recyclables et sont disponibles dans une large gamme de tailles et de designs. Achetez maintenant et profitez d&rsquo;une <a href=\"http:\/\/graphired.com\/como-comprar\/\"><br \/>\n  <strong>d&rsquo;une livraison imm\u00e9diate <\/strong><br \/>\n<\/a>sur nos collections standard, toujours en stock.<\/p>\n<ul>\n<li>\ud83c\udf66 Couvercle de cornet de glace en papier pour les gaufrettes de cr\u00e8me glac\u00e9e<\/li>\n<li>\u267b\ufe0f Papier 100% recyclable PAP 22<\/li>\n<li>\u270c\ufe0f Solution hygi\u00e9nique pour \u00e9viter tout contact avec la plaquette de silicium<\/li>\n<li>\ud83d\udd8c\ufe0f Encres et vernis approuv\u00e9s pour le contact avec les denr\u00e9es alimentaires<\/li>\n<li>\ud83c\udfa8 Conception personnalisable : vos go\u00fbts, votre marque, notre succ\u00e8s.<\/li>\n<\/ul>\n","protected":false},"featured_media":18911,"template":"","meta":{"_acf_changed":false},"product_brand":[],"product_cat":[1932],"product_tag":[],"class_list":{"0":"post-16095","1":"product","2":"type-product","3":"status-publish","4":"has-post-thumbnail","6":"product_cat-protege-cornets","7":"pa_apto-microondas-non","8":"pa_biodegradable-compostable-non","9":"pa_color-grafica-personnalise","10":"pa_material-papier","12":"first","13":"instock","14":"taxable","15":"shipping-taxable","16":"product-type-variable"},"acf":[],"_links":{"self":[{"href":"https:\/\/graphired.com\/fr\/wp-json\/wp\/v2\/product\/16095","targetHints":{"allow":["GET"]}}],"collection":[{"href":"https:\/\/graphired.com\/fr\/wp-json\/wp\/v2\/product"}],"about":[{"href":"https:\/\/graphired.com\/fr\/wp-json\/wp\/v2\/types\/product"}],"version-history":[{"count":0,"href":"https:\/\/graphired.com\/fr\/wp-json\/wp\/v2\/product\/16095\/revisions"}],"wp:featuredmedia":[{"embeddable":true,"href":"https:\/\/graphired.com\/fr\/wp-json\/wp\/v2\/media\/18911"}],"wp:attachment":[{"href":"https:\/\/graphired.com\/fr\/wp-json\/wp\/v2\/media?parent=16095"}],"wp:term":[{"taxonomy":"product_brand","embeddable":true,"href":"https:\/\/graphired.com\/fr\/wp-json\/wp\/v2\/product_brand?post=16095"},{"taxonomy":"product_cat","embeddable":true,"href":"https:\/\/graphired.com\/fr\/wp-json\/wp\/v2\/product_cat?post=16095"},{"taxonomy":"product_tag","embeddable":true,"href":"https:\/\/graphired.com\/fr\/wp-json\/wp\/v2\/product_tag?post=16095"}],"curies":[{"name":"wp","href":"https:\/\/api.w.org\/{rel}","templated":true}]}}