{"id":16026,"date":"2023-06-21T07:57:04","date_gmt":"2023-06-21T07:57:04","guid":{"rendered":"https:\/\/graphired.com\/producto\/porexpan-isothermal-container-with-film-500cc-160-pcs\/"},"modified":"2024-05-27T08:46:55","modified_gmt":"2024-05-27T08:46:55","slug":"porexpan-isothermal-container-with-film-500cc-160-pcs","status":"publish","type":"product","link":"https:\/\/graphired.com\/fr\/produit\/porexpan-isothermal-container-with-film-500cc-160-pcs\/","title":{"rendered":"Porexpan Isothermal Container with Film 500cc &#8211; 160 pcs."},"content":{"rendered":"<p>Les conteneurs isothermes TA en polystyr\u00e8ne expans\u00e9 Porex (\u00e9galement connu sous le nom d&rsquo;airpop) constituent une solution id\u00e9ale pour la conservation et le transport d&rsquo;aliments froids tels que les g\u00e2teaux et les cr\u00e8mes glac\u00e9es. Ces conteneurs sont con\u00e7us pour pr\u00e9server les propri\u00e9t\u00e9s des aliments, telles que l&rsquo;ar\u00f4me, le go\u00fbt et la texture, gr\u00e2ce \u00e0 leurs propri\u00e9t\u00e9s isolantes de grande capacit\u00e9.<\/p>\n<p>Caract\u00e9ristiques des conteneurs isothermes TA :<\/p>\n<ol>\n<li>Polystyr\u00e8ne <strong>expans\u00e9 Porex (airpop) :<\/strong> Le polystyr\u00e8ne expans\u00e9 est un mat\u00e9riau connu pour son pouvoir isolant. Permet de maintenir la temp\u00e9rature interne et de prot\u00e9ger les aliments froids des variations de temp\u00e9rature ext\u00e9rieures. \ud83d\udce6\ud83c\udf1f<\/li>\n<li><strong>S\u00e9rie TA avec film int\u00e9gr\u00e9 pour usage alimentaire :<\/strong> La s\u00e9rie TA de ces emballages isothermes comprend un film int\u00e9rieur sp\u00e9cialement con\u00e7u pour le contact alimentaire. Cela permet de garantir la s\u00e9curit\u00e9 alimentaire et d&rsquo;\u00e9viter la contamination des aliments par le mat\u00e9riau d&#8217;emballage. \ud83c\udf7d\ufe0f\ud83e\udd50<\/li>\n<li><strong>Empilables et hygi\u00e9niquement prot\u00e9g\u00e9s :<\/strong> Les conteneurs sont con\u00e7us pour \u00eatre empilables, ce qui facilite leur stockage et leur transport. En outre, sa conception prot\u00e8ge les aliments de toute contamination ext\u00e9rieure, ce qui les rend hygi\u00e9niquement s\u00fbrs. \ud83e\uddfc\ud83d\udce6<\/li>\n<li><strong><a href=\"http:\/\/graphired.com\/categoria-producto\/vajilla-y-complementos\/otros-complementos\/tiras-adhesivas-porex\/\">Bandes adh\u00e9sives personnalisables<\/a>:<\/strong> les conteneurs isothermes TA peuvent \u00eatre personnalis\u00e9s avec des bandes adh\u00e9sives portant votre marque. Cela permet une meilleure visibilit\u00e9 de votre entreprise ou de votre produit et ajoute une touche personnalis\u00e9e \u00e0 l&#8217;emballage. \ud83c\udff7\ufe0f\ud83c\udfa8<\/li>\n<\/ol>\n<p>Ces emballages sont particuli\u00e8rement utiles pour les entreprises qui doivent maintenir la qualit\u00e9 des aliments froids pendant le transport et le stockage, comme les boulangeries, les glaciers, les traiteurs, etc. Le pouvoir isolant du polystyr\u00e8ne expans\u00e9 permet d&rsquo;\u00e9viter la d\u00e9t\u00e9rioration des aliments et de maintenir leur fra\u00eecheur jusqu&rsquo;\u00e0 ce qu&rsquo;ils atteignent le consommateur. \ud83d\ude9a\ud83d\udc68\u200d\ud83c\udf73<\/p>\n","protected":false},"excerpt":{"rendered":"<p>Les conteneurs isothermes TA en polystyr\u00e8ne expans\u00e9 Porex (\u00e9galement connu sous le nom d&rsquo;airpop) constituent une solution id\u00e9ale pour la conservation et le transport d&rsquo;aliments froids tels que les g\u00e2teaux et les cr\u00e8mes glac\u00e9es. Ces conteneurs sont con\u00e7us pour pr\u00e9server les propri\u00e9t\u00e9s des aliments, telles que l&rsquo;ar\u00f4me, le go\u00fbt et la texture, gr\u00e2ce \u00e0 leurs propri\u00e9t\u00e9s isolantes de grande capacit\u00e9.<\/p>\n<p>Caract\u00e9ristiques des conteneurs isothermes TA :<\/p>\n<ol>\n<li>Polystyr\u00e8ne <strong>expans\u00e9 Porex (airpop) :<\/strong> Le polystyr\u00e8ne expans\u00e9 est un mat\u00e9riau connu pour son pouvoir isolant. Permet de maintenir la temp\u00e9rature interne et de prot\u00e9ger les aliments froids des variations de temp\u00e9rature ext\u00e9rieures. \ud83d\udce6\ud83c\udf1f<\/li>\n<li><strong>S\u00e9rie TA avec film int\u00e9gr\u00e9 pour usage alimentaire :<\/strong> La s\u00e9rie TA de ces emballages isothermes comprend un film int\u00e9rieur sp\u00e9cialement con\u00e7u pour le contact alimentaire. Cela permet de garantir la s\u00e9curit\u00e9 alimentaire et d&rsquo;\u00e9viter la contamination des aliments par le mat\u00e9riau d&#8217;emballage. \ud83c\udf7d\ufe0f\ud83e\udd50<\/li>\n<li><strong>Empilables et hygi\u00e9niquement prot\u00e9g\u00e9s :<\/strong> Les conteneurs sont con\u00e7us pour \u00eatre empilables, ce qui facilite leur stockage et leur transport. En outre, sa conception prot\u00e8ge les aliments de toute contamination ext\u00e9rieure, ce qui les rend hygi\u00e9niquement s\u00fbrs. \ud83e\uddfc\ud83d\udce6<\/li>\n<li><strong><a href=\"http:\/\/graphired.com\/categoria-producto\/vajilla-y-complementos\/otros-complementos\/tiras-adhesivas-porex\/\">Bandes adh\u00e9sives personnalisables<\/a>:<\/strong> les conteneurs isothermes TA peuvent \u00eatre personnalis\u00e9s avec des bandes adh\u00e9sives portant votre marque. Cela permet une meilleure visibilit\u00e9 de votre entreprise ou de votre produit et ajoute une touche personnalis\u00e9e \u00e0 l&#8217;emballage. \ud83c\udff7\ufe0f\ud83c\udfa8<\/li>\n<\/ol>\n<p>Ces emballages sont particuli\u00e8rement utiles pour les entreprises qui doivent maintenir la qualit\u00e9 des aliments froids pendant le transport et le stockage, comme les boulangeries, les glaciers, les traiteurs, etc. Le pouvoir isolant du polystyr\u00e8ne expans\u00e9 permet d&rsquo;\u00e9viter la d\u00e9t\u00e9rioration des aliments et de maintenir leur fra\u00eecheur jusqu&rsquo;\u00e0 ce qu&rsquo;ils atteignent le consommateur. \ud83d\ude9a\ud83d\udc68\u200d\ud83c\udf73<\/p>\n","protected":false},"featured_media":16030,"template":"","meta":{"_acf_changed":false},"product_brand":[],"product_cat":[1776],"product_tag":[],"class_list":{"0":"post-16026","1":"product","2":"type-product","3":"status-publish","4":"has-post-thumbnail","6":"product_cat-boites-isothermes","7":"pa_apto-microondas-non","8":"pa_biodegradable-compostable-non","9":"pa_color-grafica-blanc","10":"pa_material-porexpan-fr","11":"pa_recipiente-compatible-conteneur-porexpan","13":"first","14":"instock","15":"taxable","16":"shipping-taxable","17":"purchasable","18":"product-type-simple"},"acf":[],"_links":{"self":[{"href":"https:\/\/graphired.com\/fr\/wp-json\/wp\/v2\/product\/16026","targetHints":{"allow":["GET"]}}],"collection":[{"href":"https:\/\/graphired.com\/fr\/wp-json\/wp\/v2\/product"}],"about":[{"href":"https:\/\/graphired.com\/fr\/wp-json\/wp\/v2\/types\/product"}],"version-history":[{"count":0,"href":"https:\/\/graphired.com\/fr\/wp-json\/wp\/v2\/product\/16026\/revisions"}],"wp:featuredmedia":[{"embeddable":true,"href":"https:\/\/graphired.com\/fr\/wp-json\/wp\/v2\/media\/16030"}],"wp:attachment":[{"href":"https:\/\/graphired.com\/fr\/wp-json\/wp\/v2\/media?parent=16026"}],"wp:term":[{"taxonomy":"product_brand","embeddable":true,"href":"https:\/\/graphired.com\/fr\/wp-json\/wp\/v2\/product_brand?post=16026"},{"taxonomy":"product_cat","embeddable":true,"href":"https:\/\/graphired.com\/fr\/wp-json\/wp\/v2\/product_cat?post=16026"},{"taxonomy":"product_tag","embeddable":true,"href":"https:\/\/graphired.com\/fr\/wp-json\/wp\/v2\/product_tag?post=16026"}],"curies":[{"name":"wp","href":"https:\/\/api.w.org\/{rel}","templated":true}]}}