{"id":15998,"date":"2023-06-23T07:26:38","date_gmt":"2023-06-23T07:26:38","guid":{"rendered":"https:\/\/graphired.com\/producto\/rpet-couvercle-en-dome-empilable-pour-bac-8095-800-pcs\/"},"modified":"2024-04-25T09:18:33","modified_gmt":"2024-04-25T09:18:33","slug":"rpet-couvercle-en-dome-empilable-pour-bac-8095-800-pcs","status":"publish","type":"product","link":"https:\/\/graphired.com\/fr\/produit\/rpet-couvercle-en-dome-empilable-pour-bac-8095-800-pcs\/","title":{"rendered":"Couvercle \u00e0 d\u00f4me empilable rPET pour les pots de 80|95 &#8211; 800 pcs."},"content":{"rendered":"<p>\u2728 <strong>rPET Couvercle \u00e0 d\u00f4me empilable pour pot de 80|95 :<\/strong> une touche d&rsquo;innovation et d&rsquo;\u00e9l\u00e9gance pour tes pots.<\/p>\n<p>\ud83c\udf1f Imaginez une solution ing\u00e9nieuse qui allie praticit\u00e9 du design et engagement \u00e9cologique. Les <strong>couvercles d\u00f4mes empilables rPET<\/strong> sont bien plus que de simples couvercles ; ils sont la r\u00e9ponse \u00e0 vos besoins en mati\u00e8re de stockage, de transport et de pr\u00e9sentation. La conception transparente et sans trou prot\u00e8ge non seulement vos pots de cr\u00e8me glac\u00e9e en carton, mais permet \u00e9galement aux consommateurs de voir les d\u00e9lices qu&rsquo;ils contiennent.<\/p>\n<p>\u267b\ufe0f Le secret de ces casquettes r\u00e9side dans leur mat\u00e9riau innovant : le <strong>rPET.<\/strong> Fabriqu\u00e9s \u00e0 partir de bouteilles en plastique PET 100 % recycl\u00e9es, ces bouchons ne font pas seulement la diff\u00e9rence, ils contribuent \u00e9galement \u00e0 fermer le cycle de production et de consommation du plastique. <strong>Recyclables<\/strong>, ils contribuent \u00e0 un avenir plus durable et plus respectueux de l&rsquo;environnement.<\/p>\n<p>\ud83d\ude80 Le charme de ces tapas ne s&rsquo;arr\u00eate pas l\u00e0. Sa conception empilable ajoute une dimension d&rsquo;<strong>efficacit\u00e9 et de praticit\u00e9<\/strong>. En s&#8217;empilant parfaitement les uns sur les autres, ces couvercles optimisent l&rsquo;espace de stockage, ce que toute entreprise appr\u00e9ciera. Que ce soit pour la pr\u00e9paration de plats \u00e0 emporter ou pour le service de livraison, ces couvercles font de l&rsquo;organisation et du transport un jeu d&rsquo;enfant.<\/p>\n<p>\ud83d\udca7 Mais la v\u00e9ritable magie r\u00e9side dans sa capacit\u00e9 \u00e0 <strong>r\u00e9sister aux liquides<\/strong>. Il n&rsquo;y a pas de place pour des fuites g\u00eanantes ou des inqui\u00e9tudes quant \u00e0 l&rsquo;int\u00e9grit\u00e9 de vos produits. Ces couvercles conservent le contenu intact et frais, garantissant que vos cr\u00e9ations parviennent \u00e0 vos clients en parfait \u00e9tat.<\/p>\n<p>\ud83c\udf0d En bref, les <strong>bouchons \u00e0 d\u00f4me empilables rPET<\/strong> sont l&rsquo;aboutissement de la <strong>fonctionnalit\u00e9<\/strong>, du <strong>style<\/strong> et du <strong>respect de l<\/strong>&lsquo;environnement. Ils nous rappellent que la  l&rsquo;<strong>innovation<\/strong> peut aller de pair avec  Nous sommes conscients de notre <strong>responsabilit\u00e9 environnementale<\/strong> et du fait que chaque d\u00e9tail compte lorsqu&rsquo;il s&rsquo;agit d&rsquo;offrir la meilleure exp\u00e9rience \u00e0 vos clients. \u00c9levez vos bacs et ajoutez une touche de distinction avec ces couvercles d\u00f4mes empilables qui non seulement prot\u00e8gent, mais aussi impressionnent. \u2705<\/p>\n","protected":false},"excerpt":{"rendered":"<p>\u2728 <strong>rPET Couvercle \u00e0 d\u00f4me empilable pour pot de 80|95<\/strong><strong>:<\/strong> une touche d&rsquo;innovation et d&rsquo;\u00e9l\u00e9gance pour tes pots.<\/p>\n<p>\ud83c\udf1f Imaginez une solution ing\u00e9nieuse qui allie praticit\u00e9 du design et engagement \u00e9cologique. Les <strong>couvercles d\u00f4mes empilables rPET<\/strong> sont bien plus que de simples couvercles ; ils sont la r\u00e9ponse \u00e0 vos besoins en mati\u00e8re de stockage, de transport et de pr\u00e9sentation. La conception transparente et sans trou prot\u00e8ge non seulement vos pots de cr\u00e8me glac\u00e9e en carton, mais permet \u00e9galement aux consommateurs de voir les d\u00e9lices qu&rsquo;ils contiennent.<\/p>\n<p>\u267b\ufe0f Le secret de ces casquettes r\u00e9side dans leur mat\u00e9riau innovant : le <strong>rPET.<\/strong> Fabriqu\u00e9s \u00e0 partir de bouteilles en plastique PET 100 % recycl\u00e9es, ces bouchons ne font pas seulement la diff\u00e9rence, ils contribuent \u00e9galement \u00e0 fermer le cycle de production et de consommation du plastique. <strong>Recyclables<\/strong>, ils contribuent \u00e0 un avenir plus durable et plus respectueux de l&rsquo;environnement.<\/p>\n<p>\ud83d\ude80 Le charme de ces tapas ne s&rsquo;arr\u00eate pas l\u00e0. Sa conception empilable ajoute une dimension d&rsquo;<strong>efficacit\u00e9 et de praticit\u00e9<\/strong>. En s&#8217;empilant parfaitement les uns sur les autres, ces couvercles optimisent l&rsquo;espace de stockage, ce que toute entreprise appr\u00e9ciera. Que ce soit pour la pr\u00e9paration de plats \u00e0 emporter ou pour le service de livraison, ces couvercles font de l&rsquo;organisation et du transport un jeu d&rsquo;enfant.<\/p>\n<p>\ud83d\udca7 Mais la v\u00e9ritable magie r\u00e9side dans sa capacit\u00e9 \u00e0 <strong>r\u00e9sister aux liquides<\/strong>. Il n&rsquo;y a pas de place pour des fuites g\u00eanantes ou des inqui\u00e9tudes quant \u00e0 l&rsquo;int\u00e9grit\u00e9 de vos produits. Ces couvercles conservent le contenu intact et frais, garantissant que vos cr\u00e9ations parviennent \u00e0 vos clients en parfait \u00e9tat.<\/p>\n<p>\ud83c\udf0d En bref, les <strong>bouchons \u00e0 d\u00f4me empilables rPET<\/strong> sont l&rsquo;aboutissement de la <strong>fonctionnalit\u00e9<\/strong>, du <strong>style<\/strong> et du <strong>respect de l<\/strong>&lsquo;environnement. Ils nous rappellent que la  l&rsquo;<strong>innovation<\/strong> peut aller de pair avec  Nous sommes conscients de notre <strong>responsabilit\u00e9 environnementale<\/strong> et du fait que chaque d\u00e9tail compte lorsqu&rsquo;il s&rsquo;agit d&rsquo;offrir la meilleure exp\u00e9rience \u00e0 vos clients. \u00c9levez vos bacs et ajoutez une touche de distinction avec ces couvercles d\u00f4mes empilables qui non seulement prot\u00e8gent, mais aussi impressionnent. \u2705<\/p>\n","protected":false},"featured_media":16006,"template":"","meta":{"_acf_changed":false},"product_brand":[],"product_cat":[1647],"product_tag":[],"class_list":{"0":"post-15998","1":"product","2":"type-product","3":"status-publish","4":"has-post-thumbnail","6":"product_cat-couvercles-de-pots-en-plastique","7":"pa_apto-microondas-non","8":"pa_biodegradable-compostable-non","9":"pa_color-grafica-transparent-fr","10":"pa_material-rpet-fr","11":"pa_recipiente-compatible-bocal-80","12":"pa_recipiente-compatible-bocal-95","13":"pa_tipo-de-tapa-dome-empilable","15":"first","16":"instock","17":"taxable","18":"shipping-taxable","19":"purchasable","20":"product-type-simple"},"acf":[],"_links":{"self":[{"href":"https:\/\/graphired.com\/fr\/wp-json\/wp\/v2\/product\/15998","targetHints":{"allow":["GET"]}}],"collection":[{"href":"https:\/\/graphired.com\/fr\/wp-json\/wp\/v2\/product"}],"about":[{"href":"https:\/\/graphired.com\/fr\/wp-json\/wp\/v2\/types\/product"}],"version-history":[{"count":0,"href":"https:\/\/graphired.com\/fr\/wp-json\/wp\/v2\/product\/15998\/revisions"}],"wp:featuredmedia":[{"embeddable":true,"href":"https:\/\/graphired.com\/fr\/wp-json\/wp\/v2\/media\/16006"}],"wp:attachment":[{"href":"https:\/\/graphired.com\/fr\/wp-json\/wp\/v2\/media?parent=15998"}],"wp:term":[{"taxonomy":"product_brand","embeddable":true,"href":"https:\/\/graphired.com\/fr\/wp-json\/wp\/v2\/product_brand?post=15998"},{"taxonomy":"product_cat","embeddable":true,"href":"https:\/\/graphired.com\/fr\/wp-json\/wp\/v2\/product_cat?post=15998"},{"taxonomy":"product_tag","embeddable":true,"href":"https:\/\/graphired.com\/fr\/wp-json\/wp\/v2\/product_tag?post=15998"}],"curies":[{"name":"wp","href":"https:\/\/api.w.org\/{rel}","templated":true}]}}