{"id":15930,"date":"2023-06-21T07:23:11","date_gmt":"2023-06-21T07:23:11","guid":{"rendered":"https:\/\/graphired.com\/producto\/bocal-en-carton-organique-compostable-520cc-1140-pcs\/"},"modified":"2024-05-10T09:02:56","modified_gmt":"2024-05-10T09:02:56","slug":"bocal-en-carton-organique-compostable-520cc-1140-pcs","status":"publish","type":"product","link":"https:\/\/graphired.com\/fr\/produit\/bocal-en-carton-organique-compostable-520cc-1140-pcs\/","title":{"rendered":"Pot en carton bio compostable 520cc &#8211; 1140 pi\u00e8ces."},"content":{"rendered":"<p><strong>\ud83c\udf31 Pot bio : une option \u00e9cologique et fonctionnelle pour tes gourmandises<\/strong> \ud83c\udf68<\/p>\n<p>\ud83c\udf0d D\u00e9couvrez une solution \u00e9cologique qui fait passer vos moments culinaires \u00e0 la vitesse sup\u00e9rieure avec les bocaux en carton jetables 100 % biod\u00e9gradables et compostables. Ces merveilles ne se contentent pas de conserver vos aliments au froid, comme les succulentes glaces \ud83c\udf66, les d\u00e9licieux desserts \ud83c\udf70 ou les fruits frais \ud83c\udf53, mais font \u00e9galement une d\u00e9claration d&rsquo;engagement en faveur de la durabilit\u00e9 \u267b\ufe0f.<\/p>\n<p>Fabriqu\u00e9s \u00e0 partir de panneaux de fibres vierges et lamin\u00e9s avec un biopolym\u00e8re innovant, ces bacs garantissent non seulement une r\u00e9sistance et une durabilit\u00e9 exceptionnelles, mais font \u00e9galement la diff\u00e9rence en termes de respect de l&rsquo;environnement \ud83c\udf43. En outre, les encres et vernis utilis\u00e9s dans leur production sont approuv\u00e9s pour le contact alimentaire direct \ud83e\udd57 sans compromettre la qualit\u00e9 et le go\u00fbt \ud83c\udfa8.<\/p>\n<p><strong>\u2728 Caract\u00e9ristiques remarquables de nos pots bio : \u2728<\/strong><\/p>\n<p>\ud83d\udd8c\ufe0f <strong>Personnalisation :<\/strong> si vous souhaitez apporter une touche personnelle, vous pouvez opter pour une impression avec un design personnalisable, cr\u00e9ant ainsi des bacs uniques qui refl\u00e8tent votre style ou votre marque.<\/p>\n<p>\u23f1\ufe0f <strong>Stock imm\u00e9diat :<\/strong> Les mod\u00e8les standard sont disponibles en stock et peuvent \u00eatre <a href=\"http:\/\/graphired.com\/como-comprar\/\">exp\u00e9di\u00e9s imm\u00e9diatement<\/a>, ce qui est id\u00e9al lorsque le temps est compt\u00e9.<\/p>\n<p>\ud83e\udd61 <strong>Options de couvercles de transport :<\/strong> avec plusieurs options de couvercles de transport, notamment en carton et en plastique recycl\u00e9 (rPET) \u267b\ufe0f, ainsi qu&rsquo;en plastique biod\u00e9gradable (PLA) \ud83c\udf3f.<\/p>\n<p>\u267b\ufe0f <strong>Engagement en faveur de la durabilit\u00e9 :<\/strong> chaque pot comporte une iconographie imprim\u00e9e pour une collecte et un recyclage appropri\u00e9s, contribuant ainsi \u00e0 une gestion responsable des d\u00e9chets.<\/p>\n<p>\ud83c\udf1f <strong>\u00c9l\u00e9gance et conscience dans chaque bouch\u00e9e :<\/strong> En bref, nos pots BIO sont plus que de simples contenants ; ils repr\u00e9sentent un choix conscient vers un avenir plus vert \ud83c\udf31 et une exp\u00e9rience culinaire plus \u00e9l\u00e9gante \ud83c\udf7d\ufe0f. Rejoignez-nous dans ce voyage vers un monde o\u00f9 le go\u00fbt et la durabilit\u00e9 se rejoignent dans chaque bouch\u00e9e \ud83c\udf2e\ud83c\udf0e.<\/p>\n<p>Pour des informations plus sp\u00e9cifiques sur le produit affich\u00e9, veuillez vous r\u00e9f\u00e9rer aux tableaux de caract\u00e9ristiques et de comparaison.<\/p>\n","protected":false},"excerpt":{"rendered":"<p><strong>\ud83c\udf31 Pot bio : une option \u00e9cologique et fonctionnelle pour tes gourmandises<\/strong> \ud83c\udf68<\/p>\n<p>\ud83c\udf0d D\u00e9couvrez une solution \u00e9cologique qui fait passer vos moments culinaires \u00e0 la vitesse sup\u00e9rieure avec les bocaux en carton jetables 100 % biod\u00e9gradables et compostables. Ces merveilles ne se contentent pas de conserver vos aliments au froid, comme les succulentes glaces \ud83c\udf66, les d\u00e9licieux desserts \ud83c\udf70 ou les fruits frais \ud83c\udf53, mais font \u00e9galement une d\u00e9claration d&rsquo;engagement en faveur de la durabilit\u00e9 \u267b\ufe0f.<\/p>\n<p>Fabriqu\u00e9s \u00e0 partir de panneaux de fibres vierges et lamin\u00e9s avec un biopolym\u00e8re innovant, ces bacs garantissent non seulement une r\u00e9sistance et une durabilit\u00e9 exceptionnelles, mais font \u00e9galement la diff\u00e9rence en termes de respect de l&rsquo;environnement \ud83c\udf43. En outre, les encres et vernis utilis\u00e9s dans leur production sont approuv\u00e9s pour le contact alimentaire direct \ud83e\udd57 sans compromettre la qualit\u00e9 et le go\u00fbt \ud83c\udfa8.<\/p>\n<p><strong>\u2728 Caract\u00e9ristiques remarquables de nos pots bio : \u2728<\/strong><\/p>\n<p>\ud83d\udd8c\ufe0f <strong>Personnalisation :<\/strong> si vous souhaitez apporter une touche personnelle, vous pouvez opter pour une impression avec un design personnalisable, cr\u00e9ant ainsi des bacs uniques qui refl\u00e8tent votre style ou votre marque.<\/p>\n<p>\u23f1\ufe0f <strong>Stock imm\u00e9diat :<\/strong> Les mod\u00e8les standard sont disponibles en stock et peuvent \u00eatre <a href=\"http:\/\/graphired.com\/como-comprar\/\">exp\u00e9di\u00e9s imm\u00e9diatement<\/a>, ce qui est id\u00e9al lorsque le temps est compt\u00e9.<\/p>\n<p>\ud83e\udd61 <strong>Options de couvercles de transport :<\/strong> avec plusieurs options de couvercles de transport, notamment en carton et en plastique recycl\u00e9 (rPET) \u267b\ufe0f, ainsi qu&rsquo;en plastique biod\u00e9gradable (PLA) \ud83c\udf3f.<\/p>\n<p>\u267b\ufe0f <strong>Engagement en faveur de la durabilit\u00e9 :<\/strong> chaque pot comporte une iconographie imprim\u00e9e pour une collecte et un recyclage appropri\u00e9s, contribuant ainsi \u00e0 une gestion responsable des d\u00e9chets.<\/p>\n<p>\ud83c\udf1f <strong>\u00c9l\u00e9gance et conscience dans chaque bouch\u00e9e :<\/strong> En bref, nos pots BIO sont plus que de simples contenants ; ils repr\u00e9sentent un choix conscient vers un avenir plus vert \ud83c\udf31 et une exp\u00e9rience culinaire plus \u00e9l\u00e9gante \ud83c\udf7d\ufe0f. Rejoignez-nous dans ce voyage vers un monde o\u00f9 le go\u00fbt et la durabilit\u00e9 se rejoignent dans chaque bouch\u00e9e \ud83c\udf2e\ud83c\udf0e.<\/p>\n<p>Pour des informations plus sp\u00e9cifiques sur le produit affich\u00e9, veuillez vous r\u00e9f\u00e9rer aux tableaux de caract\u00e9ristiques et de comparaison.<\/p>\n","protected":false},"featured_media":15951,"template":"","meta":{"_acf_changed":false},"product_brand":[],"product_cat":[1916],"product_tag":[],"class_list":{"0":"post-15930","1":"product","2":"type-product","3":"status-publish","4":"has-post-thumbnail","6":"product_cat-pots-en-carton-bio","7":"pa_apto-microondas-non","8":"pa_biodegradable-compostable-oui","9":"pa_color-grafica-personnalise","10":"pa_material-carton-fr","11":"pa_recipiente-compatible-pot-450","13":"first","14":"instock","15":"taxable","16":"shipping-taxable","17":"product-type-variable"},"acf":[],"_links":{"self":[{"href":"https:\/\/graphired.com\/fr\/wp-json\/wp\/v2\/product\/15930","targetHints":{"allow":["GET"]}}],"collection":[{"href":"https:\/\/graphired.com\/fr\/wp-json\/wp\/v2\/product"}],"about":[{"href":"https:\/\/graphired.com\/fr\/wp-json\/wp\/v2\/types\/product"}],"version-history":[{"count":0,"href":"https:\/\/graphired.com\/fr\/wp-json\/wp\/v2\/product\/15930\/revisions"}],"wp:featuredmedia":[{"embeddable":true,"href":"https:\/\/graphired.com\/fr\/wp-json\/wp\/v2\/media\/15951"}],"wp:attachment":[{"href":"https:\/\/graphired.com\/fr\/wp-json\/wp\/v2\/media?parent=15930"}],"wp:term":[{"taxonomy":"product_brand","embeddable":true,"href":"https:\/\/graphired.com\/fr\/wp-json\/wp\/v2\/product_brand?post=15930"},{"taxonomy":"product_cat","embeddable":true,"href":"https:\/\/graphired.com\/fr\/wp-json\/wp\/v2\/product_cat?post=15930"},{"taxonomy":"product_tag","embeddable":true,"href":"https:\/\/graphired.com\/fr\/wp-json\/wp\/v2\/product_tag?post=15930"}],"curies":[{"name":"wp","href":"https:\/\/api.w.org\/{rel}","templated":true}]}}