{"id":15899,"date":"2023-06-21T07:48:32","date_gmt":"2023-06-21T07:48:32","guid":{"rendered":"https:\/\/graphired.com\/producto\/bocal-en-carton-de-luxe-940cc-570-pcs\/"},"modified":"2024-05-10T09:11:10","modified_gmt":"2024-05-10T09:11:10","slug":"bocal-en-carton-de-luxe-940cc-570-pcs","status":"publish","type":"product","link":"https:\/\/graphired.com\/fr\/produit\/bocal-en-carton-de-luxe-940cc-570-pcs\/","title":{"rendered":"Pot en carton de luxe 940cc &#8211; 570 pcs."},"content":{"rendered":"<p><img decoding=\"async\" class=\"emoji\" role=\"img\" draggable=\"false\" src=\"https:\/\/s.w.org\/images\/core\/emoji\/14.0.0\/svg\/1f368.svg\" alt=\"\ud83c\udf68\"> <strong>Grand pot en carton de luxe :<\/strong> pr\u00e9sente tes gourmandises avec style !  <img decoding=\"async\" class=\"emoji\" role=\"img\" draggable=\"false\" src=\"https:\/\/s.w.org\/images\/core\/emoji\/14.0.0\/svg\/1f368.svg\" alt=\"\ud83c\udf68\"><\/p>\n<p>D\u00e9couvrez l&rsquo;\u00e9l\u00e9gance et la praticit\u00e9 de nos bacs en carton exclusifs de grande capacit\u00e9, con\u00e7us pour am\u00e9liorer la pr\u00e9sentation de vos aliments froids, tels que les glaces, les desserts ou les yaourts. Dans les moindres d\u00e9tails, notre Pot en carton se distingue comme le choix id\u00e9al pour captiver tes clients.<\/p>\n<p><img decoding=\"async\" class=\"emoji\" role=\"img\" draggable=\"false\" src=\"https:\/\/s.w.org\/images\/core\/emoji\/14.0.0\/svg\/1f331.svg\" alt=\"\ud83c\udf31\">  Fabriqu\u00e9s \u00e0 partir de carton 100 % fibres vierges lamin\u00e9 avec du poly\u00e9thyl\u00e8ne de haute qualit\u00e9, nos bacs offrent une r\u00e9sistance et une durabilit\u00e9 exceptionnelles, garantissant que vos produits arrivent \u00e0 destination en parfait \u00e9tat. En outre, nos mat\u00e9riaux sont enti\u00e8rement recyclables, ce qui r\u00e9affirme notre engagement en faveur de l&rsquo;environnement et du d\u00e9veloppement durable.<\/p>\n<p><img decoding=\"async\" class=\"emoji\" role=\"img\" draggable=\"false\" src=\"https:\/\/s.w.org\/images\/core\/emoji\/14.0.0\/svg\/1f58c.svg\" alt=\"\ud83d\udd8c\ufe0f\">  Pour garantir la s\u00e9curit\u00e9 alimentaire, nos encres et vernis sont approuv\u00e9s pour le contact direct avec les aliments. Vous pouvez ainsi proposer vos d\u00e9licieux produits en toute s\u00e9r\u00e9nit\u00e9 et en toute confiance.<\/p>\n<p><img decoding=\"async\" class=\"emoji\" role=\"img\" draggable=\"false\" src=\"https:\/\/s.w.org\/images\/core\/emoji\/14.0.0\/svg\/1f4e6.svg\" alt=\"\">  Notre large s\u00e9lection de mod\u00e8les standard est toujours en stock et pr\u00eate \u00e0 \u00eatre <a href=\"http:\/\/graphired.com\/como-comprar\/\">exp\u00e9di\u00e9e imm\u00e9diatement<\/a>, ce qui vous permet de ne jamais \u00eatre \u00e0 court d&rsquo;approvisionnement.<\/p>\n<p><img decoding=\"async\" class=\"emoji\" role=\"img\" draggable=\"false\" src=\"https:\/\/s.w.org\/images\/core\/emoji\/14.0.0\/svg\/1f51d.svg\" alt=\"\ud83d\udd1d\">  Et pour plus de commodit\u00e9 et de polyvalence, plusieurs options de couvercles sont disponibles, y compris Snap-On et snap-on. Ces couvercles garantissent une fermeture s\u00fbre et \u00e9vitent les d\u00e9versements. Ils sont parfaits pour transporter vos produits en toute confiance, quelle que soit l&rsquo;occasion.<\/p>\n<p><img decoding=\"async\" class=\"emoji\" role=\"img\" draggable=\"false\" src=\"https:\/\/s.w.org\/images\/core\/emoji\/14.0.0\/svg\/267b.svg\" alt=\"\u267b\ufe0f\">  Nous sommes conscients de l&rsquo;importance d&rsquo;une bonne gestion des d\u00e9chets. Chacun de nos pots est imprim\u00e9 avec l&rsquo;iconographie correspondant au recyclage, contribuant activement \u00e0 la promotion d&rsquo;une culture durable et d&rsquo;une gestion correcte des d\u00e9chets.<\/p>\n<p>En bref, nos pots de luxe combinent l&rsquo;\u00e9l\u00e9gance du design, la qualit\u00e9 des mat\u00e9riaux et l&rsquo;engagement en faveur de l&rsquo;environnement. D\u00e9marquez-vous de la concurrence avec nos baignoires et faites de chaque exp\u00e9rience un plaisir pour vos clients ! <img decoding=\"async\" class=\"emoji\" role=\"img\" draggable=\"false\" src=\"https:\/\/s.w.org\/images\/core\/emoji\/14.0.0\/svg\/1f37d.svg\" alt=\"\ud83c\udf7d\ufe0f\"><img decoding=\"async\" class=\"emoji\" role=\"img\" draggable=\"false\" src=\"https:\/\/s.w.org\/images\/core\/emoji\/14.0.0\/svg\/1f30d.svg\" alt=\"\ud83c\udf0d\"><img decoding=\"async\" class=\"emoji\" role=\"img\" draggable=\"false\" src=\"https:\/\/s.w.org\/images\/core\/emoji\/14.0.0\/svg\/1f366.svg\" alt=\"\ud83c\udf66\"><\/p>\n","protected":false},"excerpt":{"rendered":"<p><img decoding=\"async\" class=\"emoji\" role=\"img\" draggable=\"false\" src=\"https:\/\/s.w.org\/images\/core\/emoji\/14.0.0\/svg\/1f368.svg\" alt=\"\ud83c\udf68\"> <strong>Pot de luxe :<\/strong> pr\u00e9sente tes gourmandises avec style !  <img decoding=\"async\" class=\"emoji\" role=\"img\" draggable=\"false\" src=\"https:\/\/s.w.org\/images\/core\/emoji\/14.0.0\/svg\/1f368.svg\" alt=\"\ud83c\udf68\"><\/p>\n<p>D\u00e9couvrez l&rsquo;\u00e9l\u00e9gance et la praticit\u00e9 de nos bacs en carton exclusifs de grande capacit\u00e9, con\u00e7us pour am\u00e9liorer la pr\u00e9sentation de vos aliments froids, tels que les glaces, les desserts ou les yaourts. Dans les moindres d\u00e9tails, notre Pot en carton se distingue comme le choix id\u00e9al pour captiver tes clients.<\/p>\n<p><img decoding=\"async\" class=\"emoji\" role=\"img\" draggable=\"false\" src=\"https:\/\/s.w.org\/images\/core\/emoji\/14.0.0\/svg\/1f331.svg\" alt=\"\ud83c\udf31\">  Fabriqu\u00e9s \u00e0 partir de carton 100 % fibres vierges lamin\u00e9 avec du poly\u00e9thyl\u00e8ne de haute qualit\u00e9, nos bacs offrent une r\u00e9sistance et une durabilit\u00e9 exceptionnelles, garantissant que vos produits arrivent \u00e0 destination en parfait \u00e9tat. En outre, nos mat\u00e9riaux sont enti\u00e8rement recyclables, ce qui r\u00e9affirme notre engagement en faveur de l&rsquo;environnement et du d\u00e9veloppement durable.<\/p>\n<p><img decoding=\"async\" class=\"emoji\" role=\"img\" draggable=\"false\" src=\"https:\/\/s.w.org\/images\/core\/emoji\/14.0.0\/svg\/1f58c.svg\" alt=\"\ud83d\udd8c\ufe0f\">  Pour garantir la s\u00e9curit\u00e9 alimentaire, nos encres et vernis sont approuv\u00e9s pour le contact direct avec les aliments. Vous pouvez ainsi proposer vos d\u00e9licieux produits en toute s\u00e9r\u00e9nit\u00e9 et en toute confiance.<\/p>\n<p><img decoding=\"async\" class=\"emoji\" role=\"img\" draggable=\"false\" src=\"https:\/\/s.w.org\/images\/core\/emoji\/14.0.0\/svg\/1f4e6.svg\" alt=\"\">  Notre large s\u00e9lection de mod\u00e8les standard est toujours en stock et pr\u00eate \u00e0 \u00eatre <a href=\"http:\/\/graphired.com\/como-comprar\/\">exp\u00e9di\u00e9e imm\u00e9diatement<\/a>, ce qui vous permet de ne jamais \u00eatre \u00e0 court d&rsquo;approvisionnement.<\/p>\n<p><img decoding=\"async\" class=\"emoji\" role=\"img\" draggable=\"false\" src=\"https:\/\/s.w.org\/images\/core\/emoji\/14.0.0\/svg\/1f51d.svg\" alt=\"\ud83d\udd1d\">  Et pour plus de commodit\u00e9 et de polyvalence, plusieurs options de couvercles sont disponibles, y compris Snap-On et snap-on. Ces couvercles garantissent une fermeture s\u00fbre et \u00e9vitent les d\u00e9versements. Ils sont parfaits pour transporter vos produits en toute confiance, quelle que soit l&rsquo;occasion.<\/p>\n<p><img decoding=\"async\" class=\"emoji\" role=\"img\" draggable=\"false\" src=\"https:\/\/s.w.org\/images\/core\/emoji\/14.0.0\/svg\/267b.svg\" alt=\"\u267b\ufe0f\">  Nous sommes conscients de l&rsquo;importance d&rsquo;une bonne gestion des d\u00e9chets. Chacun de nos pots est imprim\u00e9 avec l&rsquo;iconographie correspondant au recyclage, contribuant activement \u00e0 la promotion d&rsquo;une culture durable et d&rsquo;une gestion correcte des d\u00e9chets.<\/p>\n<p>En bref, nos pots de luxe combinent l&rsquo;\u00e9l\u00e9gance du design, la qualit\u00e9 des mat\u00e9riaux et l&rsquo;engagement en faveur de l&rsquo;environnement. D\u00e9marquez-vous de la concurrence avec nos baignoires et faites de chaque exp\u00e9rience un plaisir pour vos clients ! <img decoding=\"async\" class=\"emoji\" role=\"img\" draggable=\"false\" src=\"https:\/\/s.w.org\/images\/core\/emoji\/14.0.0\/svg\/1f37d.svg\" alt=\"\ud83c\udf7d\ufe0f\"><img decoding=\"async\" class=\"emoji\" role=\"img\" draggable=\"false\" src=\"https:\/\/s.w.org\/images\/core\/emoji\/14.0.0\/svg\/1f30d.svg\" alt=\"\ud83c\udf0d\"><img decoding=\"async\" class=\"emoji\" role=\"img\" draggable=\"false\" src=\"https:\/\/s.w.org\/images\/core\/emoji\/14.0.0\/svg\/1f366.svg\" alt=\"\ud83c\udf66\"><\/p>\n","protected":false},"featured_media":15918,"template":"","meta":{"_acf_changed":false},"product_brand":[],"product_cat":[1904],"product_tag":[],"class_list":{"0":"post-15899","1":"product","2":"type-product","3":"status-publish","4":"has-post-thumbnail","6":"product_cat-pots-de-luxe","7":"pa_apto-microondas-non","8":"pa_biodegradable-compostable-non","9":"pa_color-grafica-blanc","10":"pa_color-grafica-personnalise","11":"pa_material-carton-fr","12":"pa_recipiente-compatible-pot-de-luxe-s94","14":"first","15":"instock","16":"taxable","17":"shipping-taxable","18":"purchasable","19":"product-type-variable"},"acf":[],"_links":{"self":[{"href":"https:\/\/graphired.com\/fr\/wp-json\/wp\/v2\/product\/15899","targetHints":{"allow":["GET"]}}],"collection":[{"href":"https:\/\/graphired.com\/fr\/wp-json\/wp\/v2\/product"}],"about":[{"href":"https:\/\/graphired.com\/fr\/wp-json\/wp\/v2\/types\/product"}],"version-history":[{"count":0,"href":"https:\/\/graphired.com\/fr\/wp-json\/wp\/v2\/product\/15899\/revisions"}],"wp:featuredmedia":[{"embeddable":true,"href":"https:\/\/graphired.com\/fr\/wp-json\/wp\/v2\/media\/15918"}],"wp:attachment":[{"href":"https:\/\/graphired.com\/fr\/wp-json\/wp\/v2\/media?parent=15899"}],"wp:term":[{"taxonomy":"product_brand","embeddable":true,"href":"https:\/\/graphired.com\/fr\/wp-json\/wp\/v2\/product_brand?post=15899"},{"taxonomy":"product_cat","embeddable":true,"href":"https:\/\/graphired.com\/fr\/wp-json\/wp\/v2\/product_cat?post=15899"},{"taxonomy":"product_tag","embeddable":true,"href":"https:\/\/graphired.com\/fr\/wp-json\/wp\/v2\/product_tag?post=15899"}],"curies":[{"name":"wp","href":"https:\/\/api.w.org\/{rel}","templated":true}]}}