{"id":15830,"date":"2023-06-23T10:19:37","date_gmt":"2023-06-23T10:19:37","guid":{"rendered":"https:\/\/graphired.com\/producto\/couvercle-en-carton-avec-trou-pour-gobelet-37m8oz-1000-pcs\/"},"modified":"2024-05-23T10:40:24","modified_gmt":"2024-05-23T10:40:24","slug":"couvercle-en-carton-avec-trou-pour-gobelet-37m8oz-1000-pcs","status":"publish","type":"product","link":"https:\/\/graphired.com\/fr\/produit\/couvercle-en-carton-avec-trou-pour-gobelet-37m8oz-1000-pcs\/","title":{"rendered":"Couvercle ajust\u00e9 en carton avec trou pour Gobelet 37M|8oz &#8211; 1000 pcs."},"content":{"rendered":"<p><strong>Couvercle en carton avec trou pour Gobelet 37M<\/strong><\/p>\n<p>\ud83c\udf1f <strong>D\u00e9couvrez l&rsquo;innovation en mati\u00e8re de couvercles jetables<\/strong>: parfaits pour les transports \u00e0 emporter et les services de livraison.<\/p>\n<p><strong>Couvercle empilable<\/strong>: la praticit\u00e9 prend une nouvelle forme avec nos couvercles con\u00e7us pour un rangement efficace. <strong>Empilez et organisez<\/strong> facilement, en optimisant chaque coin de votre espace.<\/p>\n<p>\u2728 <strong>Ajustement herm\u00e9tique anti-\u00e9claboussures<\/strong>: Le voyage de vos boissons n&rsquo;a jamais \u00e9t\u00e9 aussi s\u00fbr. Notre couvercle herm\u00e9tique constitue une <strong>barri\u00e8re infranchissable contre les \u00e9claboussures<\/strong>, garantissant que vos d\u00e9licieuses boissons arrivent intactes.<\/p>\n<p>&nbsp;<\/p>\n<p><strong>Contribuer \u00e0 un avenir durable<\/strong>: Au-del\u00e0 de l&rsquo;esth\u00e9tique et de la fonctionnalit\u00e9, nous sommes fiers de notre engagement en faveur de l&rsquo;environnement. Chaque <strong>couvercle de carton<\/strong> affiche des symboles de recyclage, encourageant une gestion responsable des d\u00e9chets et nous rappelant notre responsabilit\u00e9 \u00e9cologique.<\/p>\n<p><strong>D\u00e9tails sp\u00e9cifiques<\/strong>:<\/p>\n<p>\ud83d\udd35 <a href=\"http:\/\/graphired.com\/producto\/tapas-carton-embutida-con-corte\/\"><br \/>\n  <strong>Couvercle en carton de 92,9 mm avec d\u00e9coupe pour gobelet de 12oz|16oz|45W|50W|70W 1216OZTC.<\/strong><br \/>\n<\/a>: Accueille les gobelets de 12oz, 16oz, 45M, 50W et 70W avec ce couvercle con\u00e7u avec pr\u00e9cision. L&rsquo;<strong>encoche<\/strong> assure une bonne tenue de la paille et emp\u00eache toute fuite.<\/p>\n<p>\ud83d\udd35 <a href=\"http:\/\/graphired.com\/producto\/tapas-carton-con-agujero\/\"><br \/>\n  <strong>Couvercle en carton avec trou <\/strong><br \/>\n<\/a><strong><br \/>\n  <a href=\"http:\/\/graphired.com\/producto\/tapas-carton-con-agujero\/\">8OZ37M-1-C-00-S<\/a><br \/>\n<\/strong>Une symphonie de design et de fonctionnalit\u00e9 pour les gobelets 37M et 8oz. Cette conception intelligente int\u00e8gre un <strong>trou strat\u00e9gique pour ins\u00e9rer votre paille<\/strong>.<\/p>\n<p>\ud83d\udd35 <a href=\"http:\/\/graphired.com\/producto\/tapa-de-carton-e%E2%80%A616oz12ozdw16ozdw\/\"><br \/>\n  <strong>Couvercle encliquetable en carton sans trou <\/strong><br \/>\n<\/a><strong><br \/>\n  <a href=\"http:\/\/graphired.com\/producto\/tapas-carton-con-agujero\/\">S40TC<\/a><br \/>\n<\/strong>Compatibilit\u00e9 avec les gobelets 45W, 50W, 70W, 12oz, 16oz, 12ozdw et 16ozdw. Ce mod\u00e8le est \u00e9galement compatible avec les pots ref : 160 et 200B. Pas de trou de paille.<\/p>\n<p>&nbsp;<\/p>\n<p><strong>En bref<\/strong>:<\/p>\n<p>Les <strong>couvercles pour gobelets et bacs en carton<\/strong> ne sont pas seulement des accessoires, ils sont une d\u00e9claration de style et d&rsquo;objectif. <strong>Rehaussez vos boissons, simplifiez votre service et faites un geste pour la plan\u00e8te<\/strong>, le tout avec un seul mouvement de couvercle. Votre voyage vers l&rsquo;excellence en mati\u00e8re de boissons est sur le point de commencer.<\/p>\n","protected":false},"excerpt":{"rendered":"<p><strong>Couvercle en carton avec trou pour Gobelet 37M<\/strong><\/p>\n<p>\ud83c\udf1f <strong>D\u00e9couvrez l&rsquo;innovation en mati\u00e8re de couvercles jetables<\/strong>: parfaits pour les transports \u00e0 emporter et les services de livraison.<\/p>\n<p><strong>Couvercle empilable<\/strong>: la praticit\u00e9 prend une nouvelle forme avec nos couvercles con\u00e7us pour un rangement efficace. <strong>Empilez et organisez<\/strong> facilement, en optimisant chaque coin de votre espace.<\/p>\n<p>\u2728 <strong>Ajustement herm\u00e9tique anti-\u00e9claboussures<\/strong>: Le voyage de vos boissons n&rsquo;a jamais \u00e9t\u00e9 aussi s\u00fbr. Notre couvercle herm\u00e9tique constitue une <strong>barri\u00e8re infranchissable contre les \u00e9claboussures<\/strong>, garantissant que vos d\u00e9licieuses boissons arrivent intactes.<\/p>\n<p>&nbsp;<\/p>\n<p><strong>Contribuer \u00e0 un avenir durable<\/strong>: Au-del\u00e0 de l&rsquo;esth\u00e9tique et de la fonctionnalit\u00e9, nous sommes fiers de notre engagement en faveur de l&rsquo;environnement. Chaque <strong>couvercle de carton<\/strong> affiche des symboles de recyclage, encourageant une gestion responsable des d\u00e9chets et nous rappelant notre responsabilit\u00e9 \u00e9cologique.<\/p>\n<p><strong>D\u00e9tails sp\u00e9cifiques<\/strong>:<\/p>\n<p>\ud83d\udd35 <a href=\"http:\/\/graphired.com\/producto\/tapas-carton-embutida-con-corte\/\"><br \/>\n  <strong>Couvercle en carton de 92,9 mm avec d\u00e9coupe pour gobelet de 12oz|16oz|45W|50W|70W 1216OZTC.<\/strong><br \/>\n<\/a>: Accueille les gobelets de 12oz, 16oz, 45M, 50W et 70W avec ce couvercle con\u00e7u avec pr\u00e9cision. L&rsquo;<strong>encoche<\/strong> assure une bonne tenue de la paille et emp\u00eache toute fuite.<\/p>\n<p>\ud83d\udd35 <a href=\"http:\/\/graphired.com\/producto\/tapas-carton-con-agujero\/\"><br \/>\n  <strong>Couvercle en carton avec trou <\/strong><br \/>\n<\/a><strong><br \/>\n  <a href=\"http:\/\/graphired.com\/producto\/tapas-carton-con-agujero\/\">8OZ37M-1-C-00-S<\/a><br \/>\n<\/strong>Une symphonie de design et de fonctionnalit\u00e9 pour les gobelets 37M et 8oz. Cette conception intelligente int\u00e8gre un <strong>trou strat\u00e9gique pour ins\u00e9rer votre paille<\/strong>.<\/p>\n<p>\ud83d\udd35 <a href=\"http:\/\/graphired.com\/producto\/tapa-de-carton-e%E2%80%A616oz12ozdw16ozdw\/\"><br \/>\n  <strong>Couvercle encliquetable en carton sans trou <\/strong><br \/>\n<\/a><strong><br \/>\n  <a href=\"http:\/\/graphired.com\/producto\/tapas-carton-con-agujero\/\">S40TC<\/a><br \/>\n<\/strong>Compatibilit\u00e9 avec les gobelets 45W, 50W, 70W, 12oz, 16oz, 12ozdw et 16ozdw. Ce mod\u00e8le est \u00e9galement compatible avec les pots ref : 160 et 200B. Pas de trou de paille.<\/p>\n<p>&nbsp;<\/p>\n<p><strong>En bref<\/strong>:<\/p>\n<p>Les <strong>couvercles pour gobelets et bacs en carton<\/strong> ne sont pas seulement des accessoires, ils sont une d\u00e9claration de style et d&rsquo;objectif. <strong>Rehaussez vos boissons, simplifiez votre service et faites un geste pour la plan\u00e8te<\/strong>, le tout avec un seul mouvement de couvercle. Votre voyage vers l&rsquo;excellence en mati\u00e8re de boissons est sur le point de commencer.<\/p>\n","protected":false},"featured_media":15831,"template":"","meta":{"_acf_changed":false},"product_brand":[],"product_cat":[1900],"product_tag":[],"class_list":{"0":"post-15830","1":"product","2":"type-product","3":"status-publish","4":"has-post-thumbnail","6":"product_cat-couvercles-de-gobelets-en-carton","7":"pa_apto-microondas-non","8":"pa_biodegradable-compostable-non","9":"pa_color-grafica-blanc","10":"pa_material-carton-fr","11":"pa_recipiente-compatible-gobelet-en-carton-37m","12":"pa_recipiente-compatible-gobelet-en-carton-8oz","13":"pa_tipo-de-tapa-carton-plat-avec-orifice","15":"first","16":"instock","17":"taxable","18":"shipping-taxable","19":"purchasable","20":"product-type-simple"},"acf":[],"_links":{"self":[{"href":"https:\/\/graphired.com\/fr\/wp-json\/wp\/v2\/product\/15830","targetHints":{"allow":["GET"]}}],"collection":[{"href":"https:\/\/graphired.com\/fr\/wp-json\/wp\/v2\/product"}],"about":[{"href":"https:\/\/graphired.com\/fr\/wp-json\/wp\/v2\/types\/product"}],"version-history":[{"count":0,"href":"https:\/\/graphired.com\/fr\/wp-json\/wp\/v2\/product\/15830\/revisions"}],"wp:featuredmedia":[{"embeddable":true,"href":"https:\/\/graphired.com\/fr\/wp-json\/wp\/v2\/media\/15831"}],"wp:attachment":[{"href":"https:\/\/graphired.com\/fr\/wp-json\/wp\/v2\/media?parent=15830"}],"wp:term":[{"taxonomy":"product_brand","embeddable":true,"href":"https:\/\/graphired.com\/fr\/wp-json\/wp\/v2\/product_brand?post=15830"},{"taxonomy":"product_cat","embeddable":true,"href":"https:\/\/graphired.com\/fr\/wp-json\/wp\/v2\/product_cat?post=15830"},{"taxonomy":"product_tag","embeddable":true,"href":"https:\/\/graphired.com\/fr\/wp-json\/wp\/v2\/product_tag?post=15830"}],"curies":[{"name":"wp","href":"https:\/\/api.w.org\/{rel}","templated":true}]}}