{"id":15769,"date":"2023-06-23T07:34:02","date_gmt":"2023-06-23T07:34:02","guid":{"rendered":"https:\/\/graphired.com\/producto\/rpet-couvercle-plat-empilable-pour-bocal-80-2000-pcs\/"},"modified":"2024-05-22T11:40:13","modified_gmt":"2024-05-22T11:40:13","slug":"rpet-couvercle-plat-empilable-pour-bocal-80-2000-pcs","status":"publish","type":"product","link":"https:\/\/graphired.com\/fr\/produit\/rpet-couvercle-plat-empilable-pour-bocal-80-2000-pcs\/","title":{"rendered":"Couvercle plat empilable rPET pour Pot 80 &#8211; 2000 pcs."},"content":{"rendered":"<p>\ud83c\udf66 <strong>rPET Couvercle plat empilable pour pot de<\/strong> cr\u00e8me glac\u00e9e <strong>80 :<\/strong> \u00e9l\u00e9gance pratique et durabilit\u00e9 pour tes r\u00e9cipients de cr\u00e8me glac\u00e9e.<\/p>\n<p>Imaginez une solution alliant style et fonctionnalit\u00e9, con\u00e7ue pour r\u00e9pondre parfaitement aux besoins de votre entreprise tout en ayant un impact positif sur l&rsquo;environnement. Les <strong>couvercles plats rPET<\/strong> sont la quintessence de cette fusion, car ils offrent bien plus qu&rsquo;une simple protection \u00e0 vos pots de cr\u00e8me glac\u00e9e en carton.<\/p>\n<p>La cl\u00e9 de ces couvercles r\u00e9side dans leur <strong>conception plate et transparente<\/strong>. Bien que son apparence soit minimaliste, son utilit\u00e9 est ind\u00e9niable. Ils offrent une couche de s\u00e9curit\u00e9 \u00e0 vos d\u00e9licieux produits, les gardant intacts et frais jusqu&rsquo;\u00e0 ce qu&rsquo;ils arrivent dans les mains de vos clients. En outre, la transparence permet de voir clairement le contenu, ce qui ajoute une touche visuelle attrayante.<\/p>\n<p>\u267b\ufe0f La <strong>durabilit\u00e9<\/strong> est une valeur fondamentale dans la fabrication de ces couvercles. Ils sont fabriqu\u00e9s en <strong>rPET<\/strong>, un mat\u00e9riau enti\u00e8rement d\u00e9riv\u00e9 de bouteilles en plastique PET recycl\u00e9es. Cette approche \u00e9cologique permet non seulement de r\u00e9duire l&#8217;empreinte carbone en r\u00e9utilisant le plastique existant, mais aussi de contribuer \u00e0 un flux circulaire, car les bouchons sont enti\u00e8rement <strong>recyclables<\/strong> \u00e0 la fin de leur vie utile.<\/p>\n<p>La polyvalence des bouchons plats en rPET se manifeste par leur adaptabilit\u00e9 au <strong>transport \u00e0 emporter et \u00e0 la livraison<\/strong>. Ces couvercles sont con\u00e7us pour pr\u00e9server la s\u00e9curit\u00e9 de vos cr\u00e9ations pendant leur acheminement vers vos clients. Sa r\u00e9sistance aux liquides garantit que le contenu reste en place et qu&rsquo;aucun d\u00e9versement g\u00eanant n&rsquo;affecte la pr\u00e9sentation ou la qualit\u00e9.<\/p>\n<p>En bref, les <strong>Flat Tops de rPET<\/strong>  repr\u00e9sentent un \u00e9quilibre intelligent entre la fonctionnalit\u00e9 et l&rsquo;esth\u00e9tique, tout en respectant la responsabilit\u00e9 environnementale. Ils rappellent que les solutions d&#8217;emballage peuvent \u00eatre efficaces, attrayantes et durables. De leur conception plate et transparente \u00e0 leur fabrication \u00e0 partir de mat\u00e9riaux recycl\u00e9s, ces couvercles d\u00e9montrent qu&rsquo;il est possible de faire la diff\u00e9rence sur le march\u00e9 tout en prenant soin de la plan\u00e8te. Ils apportent une dose d&rsquo;\u00e9l\u00e9gance pratique \u00e0 vos bacs \u00e0 glace, satisfaisant \u00e0 la fois vos clients et vos valeurs \u00e9cologiques. \u2705<\/p>\n","protected":false},"excerpt":{"rendered":"<p>\ud83c\udf66 <strong>rPET Couvercle plat empilable pour pot de<\/strong> cr\u00e8me glac\u00e9e <strong>80 :<\/strong> \u00e9l\u00e9gance pratique et durabilit\u00e9 pour tes r\u00e9cipients de cr\u00e8me glac\u00e9e.<\/p>\n<p>Imaginez une solution alliant style et fonctionnalit\u00e9, con\u00e7ue pour r\u00e9pondre parfaitement aux besoins de votre entreprise tout en ayant un impact positif sur l&rsquo;environnement. Les <strong>couvercles plats rPET<\/strong> sont la quintessence de cette fusion, car ils offrent bien plus qu&rsquo;une simple protection \u00e0 vos pots de cr\u00e8me glac\u00e9e en carton.<\/p>\n<p>La cl\u00e9 de ces couvercles r\u00e9side dans leur <strong>conception plate et transparente<\/strong>. Bien que son apparence soit minimaliste, son utilit\u00e9 est ind\u00e9niable. Ils offrent une couche de s\u00e9curit\u00e9 \u00e0 vos d\u00e9licieux produits, les gardant intacts et frais jusqu&rsquo;\u00e0 ce qu&rsquo;ils arrivent dans les mains de vos clients. En outre, la transparence permet de voir clairement le contenu, ce qui ajoute une touche visuelle attrayante.<\/p>\n<p>\u267b\ufe0f La <strong>durabilit\u00e9<\/strong> est une valeur fondamentale dans la fabrication de ces couvercles. Ils sont fabriqu\u00e9s en <strong>rPET<\/strong>, un mat\u00e9riau enti\u00e8rement d\u00e9riv\u00e9 de bouteilles en plastique PET recycl\u00e9es. Cette approche \u00e9cologique permet non seulement de r\u00e9duire l&#8217;empreinte carbone en r\u00e9utilisant le plastique existant, mais aussi de contribuer \u00e0 un flux circulaire, car les bouchons sont enti\u00e8rement <strong>recyclables<\/strong> \u00e0 la fin de leur vie utile.<\/p>\n<p>La polyvalence des bouchons plats en rPET se manifeste par leur adaptabilit\u00e9 au <strong>transport \u00e0 emporter et \u00e0 la livraison<\/strong>. Ces couvercles sont con\u00e7us pour pr\u00e9server la s\u00e9curit\u00e9 de vos cr\u00e9ations pendant leur acheminement vers vos clients. Sa r\u00e9sistance aux liquides garantit que le contenu reste en place et qu&rsquo;aucun d\u00e9versement g\u00eanant n&rsquo;affecte la pr\u00e9sentation ou la qualit\u00e9.<\/p>\n<p>En bref, les <strong>Flat Tops de rPET<\/strong>  repr\u00e9sentent un \u00e9quilibre intelligent entre la fonctionnalit\u00e9 et l&rsquo;esth\u00e9tique, tout en respectant la responsabilit\u00e9 environnementale. Ils rappellent que les solutions d&#8217;emballage peuvent \u00eatre efficaces, attrayantes et durables. De leur conception plate et transparente \u00e0 leur fabrication \u00e0 partir de mat\u00e9riaux recycl\u00e9s, ces couvercles d\u00e9montrent qu&rsquo;il est possible de faire la diff\u00e9rence sur le march\u00e9 tout en prenant soin de la plan\u00e8te. Ils apportent une dose d&rsquo;\u00e9l\u00e9gance pratique \u00e0 vos bacs \u00e0 glace, satisfaisant \u00e0 la fois vos clients et vos valeurs \u00e9cologiques. \u2705<\/p>\n","protected":false},"featured_media":16002,"template":"","meta":{"_acf_changed":false},"product_brand":[],"product_cat":[1647],"product_tag":[],"class_list":{"0":"post-15769","1":"product","2":"type-product","3":"status-publish","4":"has-post-thumbnail","6":"product_cat-couvercles-de-pots-en-plastique","7":"pa_apto-microondas-non","8":"pa_biodegradable-compostable-non","9":"pa_color-grafica-transparent-fr","10":"pa_material-rpet-fr","11":"pa_recipiente-compatible-bocal-80","12":"pa_tipo-de-tapa-couvercle-plat-empilable","14":"first","15":"instock","16":"taxable","17":"shipping-taxable","18":"purchasable","19":"product-type-simple"},"acf":[],"_links":{"self":[{"href":"https:\/\/graphired.com\/fr\/wp-json\/wp\/v2\/product\/15769","targetHints":{"allow":["GET"]}}],"collection":[{"href":"https:\/\/graphired.com\/fr\/wp-json\/wp\/v2\/product"}],"about":[{"href":"https:\/\/graphired.com\/fr\/wp-json\/wp\/v2\/types\/product"}],"version-history":[{"count":0,"href":"https:\/\/graphired.com\/fr\/wp-json\/wp\/v2\/product\/15769\/revisions"}],"wp:featuredmedia":[{"embeddable":true,"href":"https:\/\/graphired.com\/fr\/wp-json\/wp\/v2\/media\/16002"}],"wp:attachment":[{"href":"https:\/\/graphired.com\/fr\/wp-json\/wp\/v2\/media?parent=15769"}],"wp:term":[{"taxonomy":"product_brand","embeddable":true,"href":"https:\/\/graphired.com\/fr\/wp-json\/wp\/v2\/product_brand?post=15769"},{"taxonomy":"product_cat","embeddable":true,"href":"https:\/\/graphired.com\/fr\/wp-json\/wp\/v2\/product_cat?post=15769"},{"taxonomy":"product_tag","embeddable":true,"href":"https:\/\/graphired.com\/fr\/wp-json\/wp\/v2\/product_tag?post=15769"}],"curies":[{"name":"wp","href":"https:\/\/api.w.org\/{rel}","templated":true}]}}