{"id":15719,"date":"2023-06-23T12:23:26","date_gmt":"2023-06-23T12:23:26","guid":{"rendered":"https:\/\/graphired.com\/producto\/couvercle-plat-en-plastique-transparent-pour-gobelet-4oz-1000-pcs\/"},"modified":"2024-05-23T10:35:27","modified_gmt":"2024-05-23T10:35:27","slug":"couvercle-plat-en-plastique-transparent-pour-gobelet-4oz-1000-pcs","status":"publish","type":"product","link":"https:\/\/graphired.com\/fr\/produit\/couvercle-plat-en-plastique-transparent-pour-gobelet-4oz-1000-pcs\/","title":{"rendered":"Couvercle plat en plastique transparent pour gobelet de 4 oz &#8211; 1000 pi\u00e8ces."},"content":{"rendered":"<p><strong>Couvercle de gobelet plat de 4 oz :<\/strong> \u00e9l\u00e9gance pratique et durabilit\u00e9 pour tes gobelets \u00e0 boissons chaudes.<\/p>\n<p>Imaginez une solution alliant style et fonctionnalit\u00e9, con\u00e7ue pour r\u00e9pondre parfaitement aux besoins de votre entreprise tout en ayant un impact positif sur l&rsquo;environnement. Les <strong>couvercles plats rPET<\/strong> sont la quintessence de cette fusion, offrant bien plus qu&rsquo;un simple couvercle pour vos verres de boissons chaudes telles que le caf\u00e9 ou le th\u00e9.<\/p>\n<p>La cl\u00e9 de ces casquettes r\u00e9side dans leur conception plate et leur construction de haute qualit\u00e9. Bien qu&rsquo;ils puissent para\u00eetre simples, leur utilit\u00e9 est ind\u00e9niable. Ils apportent une couche de s\u00e9curit\u00e9 \u00e0 vos cr\u00e9ations aromatiques, en maintenant la temp\u00e9rature et la saveur intactes jusqu&rsquo;\u00e0 ce qu&rsquo;elles arrivent dans les mains de vos clients.<\/p>\n<p>\u267b\ufe0f La durabilit\u00e9 est une valeur fondamentale dans la fabrication de ces couvercles. Ils sont fabriqu\u00e9s en <strong>rPET<\/strong>, un mat\u00e9riau enti\u00e8rement d\u00e9riv\u00e9 de bouteilles en plastique PET recycl\u00e9es. Cette approche \u00e9cologique permet non seulement de r\u00e9duire l&#8217;empreinte carbone en r\u00e9utilisant le plastique existant, mais aussi de contribuer \u00e0 un flux circulaire, puisque les bouchons sont enti\u00e8rement recyclables \u00e0 la fin de leur vie utile.<\/p>\n<p>\ud83d\ude9a La polyvalence des <strong>Flat Tops en rPET<\/strong> se manifeste par leur adaptabilit\u00e9 \u00e0 la vente \u00e0 emporter et \u00e0 la livraison \u00e0 domicile. Ces couvercles sont con\u00e7us pour assurer la s\u00e9curit\u00e9 de vos boissons chaudes lors de leur acheminement vers vos clients. Son maintien s\u00fbr garantit que le contenu reste scell\u00e9 et qu&rsquo;aucun d\u00e9bordement n&rsquo;affecte la pr\u00e9sentation ou la qualit\u00e9.<\/p>\n<p>En bref, les <strong>Flat Tops de rPET<\/strong>  repr\u00e9sentent un \u00e9quilibre intelligent entre la fonctionnalit\u00e9 et l&rsquo;esth\u00e9tique, tout en respectant la responsabilit\u00e9 environnementale. Ils rappellent que les solutions d&#8217;emballage peuvent \u00eatre efficaces, attrayantes et durables. De leur conception plate \u00e0 leur fabrication \u00e0 partir de mat\u00e9riaux recycl\u00e9s, ces couvercles d\u00e9montrent qu&rsquo;il est possible de faire la diff\u00e9rence sur le march\u00e9 tout en prenant soin de la plan\u00e8te. Ils apportent une dose d&rsquo;\u00e9l\u00e9gance pratique \u00e0 vos gobelets de boissons chaudes, satisfaisant \u00e0 la fois vos clients et vos valeurs \u00e9cologiques. \u2705<\/p>\n","protected":false},"excerpt":{"rendered":"<p>\u2615 <strong>Couvercle plat rPET pour gobelet de 4oz :<\/strong> \u00e9l\u00e9gance pratique et durabilit\u00e9 pour tes gobelets de boissons chaudes.<\/p>\n<p>Imaginez une solution alliant style et fonctionnalit\u00e9, con\u00e7ue pour r\u00e9pondre parfaitement aux besoins de votre entreprise tout en ayant un impact positif sur l&rsquo;environnement. Les <strong>couvercles plats rPET<\/strong> sont la quintessence de cette fusion, offrant bien plus qu&rsquo;un simple couvercle pour vos verres de boissons chaudes telles que le caf\u00e9 ou le th\u00e9.<\/p>\n<p>La cl\u00e9 de ces casquettes r\u00e9side dans leur conception plate et leur construction de haute qualit\u00e9. Bien qu&rsquo;ils puissent para\u00eetre simples, leur utilit\u00e9 est ind\u00e9niable. Ils apportent une couche de s\u00e9curit\u00e9 \u00e0 vos cr\u00e9ations aromatiques, en maintenant la temp\u00e9rature et la saveur intactes jusqu&rsquo;\u00e0 ce qu&rsquo;elles arrivent dans les mains de vos clients.<\/p>\n<p>\u267b\ufe0f La durabilit\u00e9 est une valeur fondamentale dans la fabrication de ces couvercles. Ils sont fabriqu\u00e9s en <strong>rPET<\/strong>, un mat\u00e9riau enti\u00e8rement d\u00e9riv\u00e9 de bouteilles en plastique PET recycl\u00e9es. Cette approche \u00e9cologique permet non seulement de r\u00e9duire l&#8217;empreinte carbone en r\u00e9utilisant le plastique existant, mais aussi de contribuer \u00e0 un flux circulaire, puisque les bouchons sont enti\u00e8rement recyclables \u00e0 la fin de leur vie utile.<\/p>\n<p>\ud83d\ude9a La polyvalence des <strong>Flat Tops en rPET<\/strong> se manifeste par leur adaptabilit\u00e9 \u00e0 la vente \u00e0 emporter et \u00e0 la livraison \u00e0 domicile. Ces couvercles sont con\u00e7us pour assurer la s\u00e9curit\u00e9 de vos boissons chaudes lors de leur acheminement vers vos clients. Son maintien s\u00fbr garantit que le contenu reste scell\u00e9 et qu&rsquo;aucun d\u00e9bordement n&rsquo;affecte la pr\u00e9sentation ou la qualit\u00e9.<\/p>\n<p>En bref, les <strong>Flat Tops de rPET<\/strong>  repr\u00e9sentent un \u00e9quilibre intelligent entre la fonctionnalit\u00e9 et l&rsquo;esth\u00e9tique, tout en respectant la responsabilit\u00e9 environnementale. Ils rappellent que les solutions d&#8217;emballage peuvent \u00eatre efficaces, attrayantes et durables. De leur conception plate \u00e0 leur fabrication \u00e0 partir de mat\u00e9riaux recycl\u00e9s, ces couvercles d\u00e9montrent qu&rsquo;il est possible de faire la diff\u00e9rence sur le march\u00e9 tout en prenant soin de la plan\u00e8te. Ils apportent une dose d&rsquo;\u00e9l\u00e9gance pratique \u00e0 vos gobelets de boissons chaudes, satisfaisant \u00e0 la fois vos clients et vos valeurs \u00e9cologiques. \u2705<\/p>\n","protected":false},"featured_media":15721,"template":"","meta":{"_acf_changed":false},"product_brand":[],"product_cat":[1760],"product_tag":[],"class_list":{"0":"post-15719","1":"product","2":"type-product","3":"status-publish","4":"has-post-thumbnail","6":"product_cat-couvercles-en-polystyrene","7":"pa_apto-microondas-non","8":"pa_biodegradable-compostable-non","9":"pa_color-grafica-transparent-fr","10":"pa_material-polystyrene-fr","11":"pa_recipiente-compatible-gobelet-en-carton-4oz","12":"pa_tipo-de-tapa-couvercle-plat-empilable","14":"first","15":"instock","16":"taxable","17":"shipping-taxable","18":"purchasable","19":"product-type-simple"},"acf":[],"_links":{"self":[{"href":"https:\/\/graphired.com\/fr\/wp-json\/wp\/v2\/product\/15719","targetHints":{"allow":["GET"]}}],"collection":[{"href":"https:\/\/graphired.com\/fr\/wp-json\/wp\/v2\/product"}],"about":[{"href":"https:\/\/graphired.com\/fr\/wp-json\/wp\/v2\/types\/product"}],"version-history":[{"count":0,"href":"https:\/\/graphired.com\/fr\/wp-json\/wp\/v2\/product\/15719\/revisions"}],"wp:featuredmedia":[{"embeddable":true,"href":"https:\/\/graphired.com\/fr\/wp-json\/wp\/v2\/media\/15721"}],"wp:attachment":[{"href":"https:\/\/graphired.com\/fr\/wp-json\/wp\/v2\/media?parent=15719"}],"wp:term":[{"taxonomy":"product_brand","embeddable":true,"href":"https:\/\/graphired.com\/fr\/wp-json\/wp\/v2\/product_brand?post=15719"},{"taxonomy":"product_cat","embeddable":true,"href":"https:\/\/graphired.com\/fr\/wp-json\/wp\/v2\/product_cat?post=15719"},{"taxonomy":"product_tag","embeddable":true,"href":"https:\/\/graphired.com\/fr\/wp-json\/wp\/v2\/product_tag?post=15719"}],"curies":[{"name":"wp","href":"https:\/\/api.w.org\/{rel}","templated":true}]}}