{"id":15666,"date":"2023-08-17T11:36:52","date_gmt":"2023-08-17T11:36:52","guid":{"rendered":"https:\/\/graphired.com\/producto\/gobelet-en-carton-pour-boisson-froide-410ml-2000-pcs\/"},"modified":"2024-04-25T13:50:24","modified_gmt":"2024-04-25T13:50:24","slug":"gobelet-en-carton-pour-boisson-froide-410ml-2000-pcs","status":"publish","type":"product","link":"https:\/\/graphired.com\/fr\/produit\/gobelet-en-carton-pour-boisson-froide-410ml-2000-pcs\/","title":{"rendered":"Gobelet en carton pour boisson froide 410ml &#8211; 2000 pi\u00e8ces."},"content":{"rendered":"<p>\u2615\ud83c\udf3f <strong>Gobelets en carton pour boissons froides :<\/strong> \u00e9co-fra\u00eecheur et polyvalence.<\/p>\n<p>D\u00e9gustez vos boissons rafra\u00eechissantes, milkshakes et slushies dans <strong>nos gobelets en carton<\/strong> sp\u00e9cialement con\u00e7us pour les boissons froides. Nous nous engageons \u00e0 vous offrir une exp\u00e9rience rafra\u00eechissante et durable, \u00e0 la hauteur de vos attentes. \ud83e\udd64\ud83c\udf31<\/p>\n<p><strong>Caract\u00e9ristiques principales<\/strong>:<\/p>\n<ul>\n<li>Panneau <strong>100% fibres vierges<\/strong>, lamin\u00e9 avec du <strong>poly\u00e9thyl\u00e8ne<\/strong>, alliant qualit\u00e9 et r\u00e9sistance. \ud83c\udf33\u267b\ufe0f<\/li>\n<li>Encres et vernis approuv\u00e9s pour le <strong>contact avec les denr\u00e9es alimentaires<\/strong>, garantissant la s\u00e9curit\u00e9. \ud83c\udf43\ud83e\udd64<\/li>\n<li>Mod\u00e8les standard en stock, pr\u00eats \u00e0 \u00eatre <a href=\"http:\/\/graphired.com\/como-comprar\/\"><br \/>\n  <strong>exp\u00e9dition imm\u00e9diate<\/strong><br \/>\n<\/a>ce qui raccourcit l&rsquo;attente. \u23f0\ud83d\ude9a<\/li>\n<li><strong>Possibilit\u00e9 de personnalisation<\/strong>, votre touche unique sur chaque verre. \u2728\ud83c\udfa8<\/li>\n<li>Large gamme de <strong>bouchons \u00e0 emporter<\/strong>, en carton ou en plastique (PS, PET, PLA), s&rsquo;adaptant \u00e0 vos besoins. \ud83c\udf79\ud83e\udd61<\/li>\n<\/ul>\n<p>De plus, tous nos Gobelets portent le <strong>marquage imprim\u00e9<\/strong>, ce qui est conforme au r\u00e8glement SUP <strong>(<\/strong> Single Use Plastic) <strong>(UE) 2020\/2151<\/strong> pour les produits \u00e0 usage unique. Cette certification refl\u00e8te notre engagement en mati\u00e8re de r\u00e9glementation et de respect de l&rsquo;environnement. \ud83c\udf0d\ud83c\udf31\ud83d\udccb<\/p>\n<p>\u00c0 chaque gorg\u00e9e, votre choix contribue au changement. Plongez dans la fra\u00eecheur de nos options de gobelets en carton, o\u00f9 la durabilit\u00e9 rencontre la commodit\u00e9. \u267b\ufe0f\ud83e\udd64\ud83c\udf3f<\/p>\n","protected":false},"excerpt":{"rendered":"<p>\u2615\ud83c\udf3f <strong>Gobelets en carton pour boissons froides :<\/strong> \u00e9co-fra\u00eecheur et polyvalence.<\/p>\n<p>D\u00e9gustez vos boissons rafra\u00eechissantes, milkshakes et slushies dans <strong>nos gobelets en carton<\/strong> sp\u00e9cialement con\u00e7us pour les boissons froides. Nous nous engageons \u00e0 vous offrir une exp\u00e9rience rafra\u00eechissante et durable, \u00e0 la hauteur de vos attentes. \ud83e\udd64\ud83c\udf31<\/p>\n<p><strong>Caract\u00e9ristiques principales<\/strong>:<\/p>\n<ul>\n<li>Panneau <strong>100% fibres vierges<\/strong>, lamin\u00e9 avec du <strong>poly\u00e9thyl\u00e8ne<\/strong>, alliant qualit\u00e9 et r\u00e9sistance. \ud83c\udf33\u267b\ufe0f<\/li>\n<li>Encres et vernis approuv\u00e9s pour le <strong>contact avec les denr\u00e9es alimentaires<\/strong>, garantissant la s\u00e9curit\u00e9. \ud83c\udf43\ud83e\udd64<\/li>\n<li>Mod\u00e8les standard en stock, pr\u00eats \u00e0 \u00eatre <a href=\"http:\/\/graphired.com\/como-comprar\/\"><br \/>\n  <strong>exp\u00e9dition imm\u00e9diate<\/strong><br \/>\n<\/a>r\u00e9duisant l&rsquo;attente. \u23f0<\/li>\n<li><strong>Possibilit\u00e9 de personnalisation<\/strong>, votre touche unique sur chaque verre. \u2728\ud83c\udfa8<\/li>\n<li>Large gamme de <strong>bouchons \u00e0 emporter<\/strong>, en carton ou en plastique (PS, PET, PLA), s&rsquo;adaptant \u00e0 vos besoins. \ud83c\udf79\ud83e\udd61<\/li>\n<\/ul>\n<p>De plus, tous nos Gobelets portent le <strong>marquage imprim\u00e9<\/strong>, ce qui est conforme au r\u00e8glement SUP <strong>(<\/strong> Single Use Plastic) <strong>(UE) 2020\/2151<\/strong> pour les produits \u00e0 usage unique. Cette certification refl\u00e8te notre engagement en mati\u00e8re de r\u00e9glementation et de respect de l&rsquo;environnement. \ud83c\udf0d\ud83c\udf31\ud83d\udccb<\/p>\n<p>\u00c0 chaque gorg\u00e9e, votre choix contribue au changement. Plongez dans la fra\u00eecheur de nos options de gobelets en carton, o\u00f9 la durabilit\u00e9 rencontre la commodit\u00e9. \u267b\ufe0f\ud83e\udd64\ud83c\udf3f<\/p>\n","protected":false},"featured_media":15536,"template":"","meta":{"_acf_changed":false},"product_brand":[],"product_cat":[1859],"product_tag":[],"class_list":{"0":"post-15666","1":"product","2":"type-product","3":"status-publish","4":"has-post-thumbnail","6":"product_cat-gobelets-en-carton-pour-le-froid-normal","7":"pa_apto-microondas-non","8":"pa_biodegradable-compostable-non","9":"pa_color-grafica-blanc","10":"pa_color-grafica-personnalise","11":"pa_color-grafica-soleil","12":"pa_color-grafica-bleu-tribal","13":"pa_material-carton-fr","14":"pa_recipiente-compatible-gobelet-en-carton-42m","16":"first","17":"instock","18":"taxable","19":"shipping-taxable","20":"purchasable","21":"product-type-variable"},"acf":[],"_links":{"self":[{"href":"https:\/\/graphired.com\/fr\/wp-json\/wp\/v2\/product\/15666","targetHints":{"allow":["GET"]}}],"collection":[{"href":"https:\/\/graphired.com\/fr\/wp-json\/wp\/v2\/product"}],"about":[{"href":"https:\/\/graphired.com\/fr\/wp-json\/wp\/v2\/types\/product"}],"version-history":[{"count":0,"href":"https:\/\/graphired.com\/fr\/wp-json\/wp\/v2\/product\/15666\/revisions"}],"wp:featuredmedia":[{"embeddable":true,"href":"https:\/\/graphired.com\/fr\/wp-json\/wp\/v2\/media\/15536"}],"wp:attachment":[{"href":"https:\/\/graphired.com\/fr\/wp-json\/wp\/v2\/media?parent=15666"}],"wp:term":[{"taxonomy":"product_brand","embeddable":true,"href":"https:\/\/graphired.com\/fr\/wp-json\/wp\/v2\/product_brand?post=15666"},{"taxonomy":"product_cat","embeddable":true,"href":"https:\/\/graphired.com\/fr\/wp-json\/wp\/v2\/product_cat?post=15666"},{"taxonomy":"product_tag","embeddable":true,"href":"https:\/\/graphired.com\/fr\/wp-json\/wp\/v2\/product_tag?post=15666"}],"curies":[{"name":"wp","href":"https:\/\/api.w.org\/{rel}","templated":true}]}}