{"id":15655,"date":"2023-08-09T12:53:17","date_gmt":"2023-08-09T12:53:17","guid":{"rendered":"https:\/\/graphired.com\/producto\/couvercle-empilable-deluxe-snap-on-pour-bocal-snap-on-s94s105-570-pcs\/"},"modified":"2024-05-15T13:40:48","modified_gmt":"2024-05-15T13:40:48","slug":"couvercle-empilable-deluxe-snap-on-pour-bocal-snap-on-s94s105-570-pcs","status":"publish","type":"product","link":"https:\/\/graphired.com\/fr\/produit\/couvercle-empilable-deluxe-snap-on-pour-bocal-snap-on-s94s105-570-pcs\/","title":{"rendered":"Couvercle empilable Snap-On de luxe pour Pot Snap-On S94|S105 &#8211; 570 pcs."},"content":{"rendered":"<p><strong>\ud83c\udf66\ud83d\ude9a Couvercle encliquetable de luxe pour pot de<\/strong> cr\u00e8me glac\u00e9e <strong>S94 et S105<\/strong>: l&rsquo;innovation dans le transport \u00e0 emporter et \u00e0 livrer.<\/p>\n<p>Dans le monde moderne de la vente \u00e0 emporter et de la livraison, la pr\u00e9sentation et la qualit\u00e9 sont des facteurs cl\u00e9s pour captiver les clients. C&rsquo;est l\u00e0 que nos <strong>couvercles de pots en carton de luxe<\/strong> entrent en jeu. Con\u00e7us pr\u00e9cis\u00e9ment pour r\u00e9pondre aux besoins des points de vente, ces couvercles sont plus que de simples accessoires ; ils sont une <strong>d\u00e9claration de style et de fonctionnalit\u00e9<\/strong>. \u2728\ud83c\udf68<\/p>\n<p><strong>Fabriqu\u00e9s pour impressionner<\/strong>: nos couvercles en carton pour bacs \u00e0 glace de luxe sont fabriqu\u00e9s \u00e0 partir d&rsquo;une combinaison de <strong>mat\u00e9riaux de haute qualit\u00e9<\/strong>. La base est fabriqu\u00e9e \u00e0 partir de panneaux de <strong>fibres 100 % vierges<\/strong>, ce qui garantit sa durabilit\u00e9 et sa solidit\u00e9. Elle est <strong>lamin\u00e9e avec du poly\u00e9thyl\u00e8ne<\/strong>, ce qui renforce non seulement l&rsquo;int\u00e9grit\u00e9 structurelle, mais cr\u00e9e \u00e9galement une barri\u00e8re efficace contre l&rsquo;humidit\u00e9 et d&rsquo;autres \u00e9l\u00e9ments ext\u00e9rieurs. En outre, chaque couvercle est d\u00e9cor\u00e9 d&rsquo;un <strong>anneau en pure cellulose multicouche<\/strong>.<\/p>\n<p><strong>\ud83c\udf67 Engagement en faveur de la s\u00e9curit\u00e9 alimentaire<\/strong>: Nous sommes conscients de l&rsquo;importance de maintenir les normes les plus \u00e9lev\u00e9es en mati\u00e8re de <strong>s\u00e9curit\u00e9 alimentaire<\/strong>. C&rsquo;est pourquoi nos couvercles de bocaux de luxe sont \u00e9quip\u00e9s d&rsquo;<strong>encres et de vernis sp\u00e9cifiquement approuv\u00e9s pour le contact alimentaire<\/strong>. Vous pouvez \u00eatre s\u00fbr que vos d\u00e9licieuses cr\u00e9ations culinaires seront prot\u00e9g\u00e9es dans un environnement s\u00fbr et respectueux des consommateurs. \ud83d\udc68\u200d\ud83c\udf73\ud83c\udf67<\/p>\n<p><strong>\ud83d\udca1 Design personnalisable<\/strong>: l&rsquo;<strong>individualit\u00e9<\/strong> est essentielle dans l&rsquo;industrie alimentaire et nos couvercles le refl\u00e8tent parfaitement. Nos couvertures de luxe vous offrent non seulement une qualit\u00e9 sup\u00e9rieure, mais elles sont \u00e9galement enti\u00e8rement <strong>personnalisables<\/strong>. Vous avez ainsi la possibilit\u00e9 d&rsquo;<strong>imprimer votre logo, des motifs distinctifs ou tout autre dessin<\/strong> qui vous permettra de vous d\u00e9marquer de la concurrence. \ud83c\udf89\ud83d\udca1<\/p>\n<p>En bref, nos <strong>couvercles de pots de cr\u00e8me glac\u00e9e en carton Deluxe<\/strong> remplissent non seulement leur fonction pratique de protection pendant le transport, mais ils am\u00e9liorent \u00e9galement l&rsquo;exp\u00e9rience de tes clients. Leur construction de haute qualit\u00e9, leur conception personnalisable et leur engagement en mati\u00e8re de s\u00e9curit\u00e9 alimentaire en font un investissement pr\u00e9cieux pour votre entreprise de restauration. Pr\u00e9sentez vos pots de cr\u00e8me glac\u00e9e avec le style qu&rsquo;ils m\u00e9ritent et offrez une exp\u00e9rience culinaire exceptionnelle \u00e0 chaque livraison. \ud83c\udf1f\ud83c\udf66<\/p>\n","protected":false},"excerpt":{"rendered":"<p><strong>\ud83c\udf66\ud83d\ude9a Couvercle encliquetable de luxe pour pot de <\/strong>cr\u00e8me glac\u00e9e <strong>S94 et S105 <\/strong>: l&rsquo;innovation dans le transport \u00e0 emporter et \u00e0 livrer.<\/p>\n<p>Dans le monde moderne de la vente \u00e0 emporter et de la livraison, la pr\u00e9sentation et la qualit\u00e9 sont des facteurs cl\u00e9s pour captiver les clients. C&rsquo;est l\u00e0 que nos <strong>couvercles de pots en carton de luxe<\/strong> entrent en jeu. Con\u00e7us pr\u00e9cis\u00e9ment pour r\u00e9pondre aux besoins des points de vente, ces couvercles sont plus que de simples accessoires ; ils sont une <strong>d\u00e9claration de style et de fonctionnalit\u00e9<\/strong>. \u2728\ud83c\udf68<\/p>\n<p><strong>Fabriqu\u00e9s pour impressionner<\/strong>: nos couvercles en carton pour bacs \u00e0 glace de luxe sont fabriqu\u00e9s \u00e0 partir d&rsquo;une combinaison de <strong>mat\u00e9riaux de haute qualit\u00e9<\/strong>. La base est fabriqu\u00e9e \u00e0 partir de panneaux de <strong>fibres 100 % vierges<\/strong>, ce qui garantit sa durabilit\u00e9 et sa solidit\u00e9. Elle est <strong>lamin\u00e9e avec du poly\u00e9thyl\u00e8ne<\/strong>, ce qui renforce non seulement l&rsquo;int\u00e9grit\u00e9 structurelle, mais cr\u00e9e \u00e9galement une barri\u00e8re efficace contre l&rsquo;humidit\u00e9 et d&rsquo;autres \u00e9l\u00e9ments ext\u00e9rieurs. En outre, chaque couvercle est d\u00e9cor\u00e9 d&rsquo;un <strong>anneau en pure cellulose multicouche<\/strong>.<\/p>\n<p><strong>\ud83c\udf67 Engagement en faveur de la s\u00e9curit\u00e9 alimentaire<\/strong>: Nous sommes conscients de l&rsquo;importance de maintenir les normes les plus \u00e9lev\u00e9es en mati\u00e8re de <strong>s\u00e9curit\u00e9 alimentaire<\/strong>. C&rsquo;est pourquoi nos couvercles de bocaux de luxe sont \u00e9quip\u00e9s d&rsquo;<strong>encres et de vernis sp\u00e9cifiquement approuv\u00e9s pour le contact alimentaire<\/strong>. Vous pouvez \u00eatre s\u00fbr que vos d\u00e9licieuses cr\u00e9ations culinaires seront prot\u00e9g\u00e9es dans un environnement s\u00fbr et respectueux des consommateurs. \ud83d\udc68\u200d\ud83c\udf73\ud83c\udf67<\/p>\n<p><strong>\ud83d\udca1 Design personnalisable<\/strong>: l&rsquo;<strong>individualit\u00e9<\/strong> est essentielle dans l&rsquo;industrie alimentaire et nos couvercles le refl\u00e8tent parfaitement. Nos couvertures de luxe vous offrent non seulement une qualit\u00e9 sup\u00e9rieure, mais elles sont \u00e9galement enti\u00e8rement <strong>personnalisables<\/strong>. Vous avez ainsi la possibilit\u00e9 d&rsquo;<strong>imprimer votre logo, des motifs distinctifs ou tout autre dessin<\/strong> qui vous permettra de vous d\u00e9marquer de la concurrence. \ud83c\udf89\ud83d\udca1<\/p>\n<p>En bref, nos <strong>couvercles de pots de cr\u00e8me glac\u00e9e en carton Deluxe<\/strong> remplissent non seulement leur fonction pratique de protection pendant le transport, mais ils am\u00e9liorent \u00e9galement l&rsquo;exp\u00e9rience de tes clients. Leur construction de haute qualit\u00e9, leur conception personnalisable et leur engagement en mati\u00e8re de s\u00e9curit\u00e9 alimentaire en font un investissement pr\u00e9cieux pour votre entreprise de restauration. Pr\u00e9sentez vos pots de cr\u00e8me glac\u00e9e avec le style qu&rsquo;ils m\u00e9ritent et offrez une exp\u00e9rience culinaire exceptionnelle \u00e0 chaque livraison. \ud83c\udf1f\ud83c\udf66<\/p>\n","protected":false},"featured_media":15785,"template":"","meta":{"_acf_changed":false},"product_brand":[],"product_cat":[1885],"product_tag":[],"class_list":{"0":"post-15655","1":"product","2":"type-product","3":"status-publish","4":"has-post-thumbnail","6":"product_cat-couvercles-en-carton-pour-les-pots","7":"pa_apto-microondas-non","8":"pa_biodegradable-compostable-non","9":"pa_color-grafica-blanc","10":"pa_color-grafica-personnalise","11":"pa_material-carton-fr","12":"pa_recipiente-compatible-pot-de-luxe-s105","13":"pa_recipiente-compatible-pot-de-luxe-s94","14":"pa_tipo-de-tapa-couvercle-de-luxe-snap-on","16":"first","17":"instock","18":"taxable","19":"shipping-taxable","20":"purchasable","21":"product-type-variable"},"acf":[],"_links":{"self":[{"href":"https:\/\/graphired.com\/fr\/wp-json\/wp\/v2\/product\/15655","targetHints":{"allow":["GET"]}}],"collection":[{"href":"https:\/\/graphired.com\/fr\/wp-json\/wp\/v2\/product"}],"about":[{"href":"https:\/\/graphired.com\/fr\/wp-json\/wp\/v2\/types\/product"}],"version-history":[{"count":0,"href":"https:\/\/graphired.com\/fr\/wp-json\/wp\/v2\/product\/15655\/revisions"}],"wp:featuredmedia":[{"embeddable":true,"href":"https:\/\/graphired.com\/fr\/wp-json\/wp\/v2\/media\/15785"}],"wp:attachment":[{"href":"https:\/\/graphired.com\/fr\/wp-json\/wp\/v2\/media?parent=15655"}],"wp:term":[{"taxonomy":"product_brand","embeddable":true,"href":"https:\/\/graphired.com\/fr\/wp-json\/wp\/v2\/product_brand?post=15655"},{"taxonomy":"product_cat","embeddable":true,"href":"https:\/\/graphired.com\/fr\/wp-json\/wp\/v2\/product_cat?post=15655"},{"taxonomy":"product_tag","embeddable":true,"href":"https:\/\/graphired.com\/fr\/wp-json\/wp\/v2\/product_tag?post=15655"}],"curies":[{"name":"wp","href":"https:\/\/api.w.org\/{rel}","templated":true}]}}