{"id":15649,"date":"2023-08-11T13:25:29","date_gmt":"2023-08-11T13:25:29","guid":{"rendered":"https:\/\/graphired.com\/producto\/porte-gobelets-en-pulpe-recyclee-2-gobelets-600-pcs\/"},"modified":"2024-04-25T09:19:31","modified_gmt":"2024-04-25T09:19:31","slug":"porte-gobelets-en-pulpe-recyclee-2-gobelets-600-pcs","status":"publish","type":"product","link":"https:\/\/graphired.com\/fr\/produit\/porte-gobelets-en-pulpe-recyclee-2-gobelets-600-pcs\/","title":{"rendered":"Porte-gobelets en pulpe recycl\u00e9e 2 gobelets &#8211; 600 pi\u00e8ces."},"content":{"rendered":"<p>\ud83c\udf3f <strong>Porte-gobelet en p\u00e2te de cellulose recycl\u00e9e :<\/strong> <em>solution \u00e9cologique et pratique<\/em>.<\/p>\n<p>\u267b\ufe0f <strong>D\u00e9montre que<\/strong> fonctionnalit\u00e9 et durabilit\u00e9 vont de pair. Fabriqu\u00e9 \u00e0 partir de p\u00e2te \u00e0 papier et de carton recycl\u00e9s, c&rsquo;est un <em>choix responsable<\/em>.<\/p>\n<p>\ud83c\udf0d Chaque utilisation <strong>contribue \u00e0 r\u00e9duire les d\u00e9chets<\/strong> et \u00e0 promouvoir la r\u00e9utilisation. Il refl\u00e8te un <em>mode de vie durable<\/em> et fait la diff\u00e9rence.<\/p>\n<p>\ud83d\ude80 La conception ergonomique <strong>assure la stabilit\u00e9<\/strong> pendant le transport. Pour les boissons chaudes ou froides, il s&rsquo;adapte \u00e0 vos besoins.<\/p>\n<p>\ud83c\udfa8 Son aspect naturel ajoute de l&rsquo;<strong>authenticit\u00e9 et un style rustique<\/strong>. Plus que fonctionnel, il d\u00e9core votre exp\u00e9rience de consommation.<\/p>\n<p>\ud83d\udc9a Choisissez consciemment, <strong>faites comprendre l&rsquo;importance de la protection de l&rsquo;environnement<\/strong>. Le porter sur soi, c&rsquo;est partager un engagement en faveur de la durabilit\u00e9.<\/p>\n<p>\ud83c\udf1f <strong>En bref<\/strong>, un <strong>porte-gobelet en cellulose<\/strong>, c&rsquo;est l&rsquo;\u00e9l\u00e9gance et la responsabilit\u00e9. Fonctionnalit\u00e9 et sensibilit\u00e9 dans les moindres d\u00e9tails. \ud83c\udf0d\ud83e\udd64<\/p>\n","protected":false},"excerpt":{"rendered":"<p>\ud83c\udf3f <strong>Porte-gobelet en p\u00e2te de cellulose recycl\u00e9e :<\/strong> <em>solution \u00e9cologique et pratique<\/em>.<\/p>\n<p>\u267b\ufe0f <strong>D\u00e9montre que<\/strong> fonctionnalit\u00e9 et durabilit\u00e9 vont de pair. Fabriqu\u00e9 \u00e0 partir de p\u00e2te \u00e0 papier et de carton recycl\u00e9s, c&rsquo;est un <em>choix responsable<\/em>.<\/p>\n<p>\ud83c\udf0d Chaque utilisation <strong>contribue \u00e0 r\u00e9duire les d\u00e9chets<\/strong> et \u00e0 promouvoir la r\u00e9utilisation. Il refl\u00e8te un <em>mode de vie durable<\/em> et fait la diff\u00e9rence.<\/p>\n<p>\ud83d\ude80 La conception ergonomique <strong>assure la stabilit\u00e9<\/strong> pendant le transport. Pour les boissons chaudes ou froides, il s&rsquo;adapte \u00e0 vos besoins.<\/p>\n<p>\ud83c\udfa8 Son aspect naturel ajoute de l&rsquo;<strong>authenticit\u00e9 et un style rustique<\/strong>. Plus que fonctionnel, il d\u00e9core votre exp\u00e9rience de consommation.<\/p>\n<p>\ud83d\udc9a Choisissez consciemment, <strong>faites comprendre l&rsquo;importance de la protection de l&rsquo;environnement<\/strong>. Le porter sur soi, c&rsquo;est partager un engagement en faveur de la durabilit\u00e9.<\/p>\n<p>\ud83c\udf1f <strong>En bref<\/strong>, un <strong>porte-gobelet en p\u00e2te \u00e0 papier et carton recycl\u00e9s<\/strong>, c&rsquo;est l&rsquo;\u00e9l\u00e9gance et la responsabilit\u00e9. Fonctionnalit\u00e9 et sensibilit\u00e9 dans les moindres d\u00e9tails. \ud83c\udf0d\ud83e\udd64<\/p>\n","protected":false},"featured_media":15650,"template":"","meta":{"_acf_changed":false},"product_brand":[],"product_cat":[1639],"product_tag":[],"class_list":{"0":"post-15649","1":"product","2":"type-product","3":"status-publish","4":"has-post-thumbnail","6":"product_cat-porte-gobelets","7":"pa_apto-microondas-non","8":"pa_biodegradable-compostable-oui","9":"pa_color-grafica-avana-fr","10":"pa_color-grafica-nature-fr","11":"pa_material-pate-recyclee","12":"pa_recipiente-compatible-gobelet-en-carton","13":"pa_recipiente-compatible-gobelet-en-carton-12ozdw","14":"pa_recipiente-compatible-gobelet-en-carton-16oz","15":"pa_recipiente-compatible-gobelet-en-carton-16ozdw","16":"pa_recipiente-compatible-gobelet-en-carton-20m","17":"pa_recipiente-compatible-coupe-en-carton-25m","18":"pa_recipiente-compatible-gobelet-en-carton-32m","19":"pa_recipiente-compatible-gobelet-en-carton-37m","20":"pa_recipiente-compatible-gobelet-en-carton-3oz","21":"pa_recipiente-compatible-gobelet-en-carton-42m","22":"pa_recipiente-compatible-gobelet-en-carton-45w","23":"pa_recipiente-compatible-gobelet-en-carton-4oz","24":"pa_recipiente-compatible-gobelet-en-carton-50w","25":"pa_recipiente-compatible-gobelet-en-carton-6oz","26":"pa_recipiente-compatible-gobelet-en-carton-70w","27":"pa_recipiente-compatible-gobelet-en-carton-75w","28":"pa_recipiente-compatible-gobelet-en-carton-8oz","29":"pa_recipiente-compatible-gobelet-en-pet","30":"pa_recipiente-compatible-gobelet-en-pla","31":"pa_recipiente-compatible-gobelet-en-pp-100ml","32":"pa_recipiente-compatible-gobelet-pet-240ml","33":"pa_recipiente-compatible-gobelet-pet-240ml-o78","34":"pa_recipiente-compatible-gobelet-pet-450ml-o96","35":"pa_recipiente-compatible-gobelet-pet-500ml-o96","36":"pa_recipiente-compatible-gobelet-pp-200ml","37":"pa_recipiente-compatible-gobelet-pp-375ml-126oz","38":"pa_recipiente-compatible-gobelet-ps-250ml","39":"pa_recipiente-compatible-gobelet-ps-450ml","40":"pa_recipiente-compatible-gobelet-rpet","41":"pa_recipiente-compatible-gobelet-rpet-350ml-o96","42":"pa_recipiente-compatible-gobelet-rpet-450ml-o96","43":"pa_recipiente-compatible-gobelet-rpet-500ml-o96","44":"pa_recipiente-compatible-pot-en-carton-9oz","45":"pa_recipiente-compatible-tasse-en-carton-12oz","46":"pa_recipiente-compatible-verre-transparent-330ml-o96","48":"first","49":"instock","50":"taxable","51":"shipping-taxable","52":"purchasable","53":"product-type-simple"},"acf":[],"_links":{"self":[{"href":"https:\/\/graphired.com\/fr\/wp-json\/wp\/v2\/product\/15649","targetHints":{"allow":["GET"]}}],"collection":[{"href":"https:\/\/graphired.com\/fr\/wp-json\/wp\/v2\/product"}],"about":[{"href":"https:\/\/graphired.com\/fr\/wp-json\/wp\/v2\/types\/product"}],"version-history":[{"count":0,"href":"https:\/\/graphired.com\/fr\/wp-json\/wp\/v2\/product\/15649\/revisions"}],"wp:featuredmedia":[{"embeddable":true,"href":"https:\/\/graphired.com\/fr\/wp-json\/wp\/v2\/media\/15650"}],"wp:attachment":[{"href":"https:\/\/graphired.com\/fr\/wp-json\/wp\/v2\/media?parent=15649"}],"wp:term":[{"taxonomy":"product_brand","embeddable":true,"href":"https:\/\/graphired.com\/fr\/wp-json\/wp\/v2\/product_brand?post=15649"},{"taxonomy":"product_cat","embeddable":true,"href":"https:\/\/graphired.com\/fr\/wp-json\/wp\/v2\/product_cat?post=15649"},{"taxonomy":"product_tag","embeddable":true,"href":"https:\/\/graphired.com\/fr\/wp-json\/wp\/v2\/product_tag?post=15649"}],"curies":[{"name":"wp","href":"https:\/\/api.w.org\/{rel}","templated":true}]}}