{"id":15621,"date":"2023-08-21T07:40:20","date_gmt":"2023-08-21T07:40:20","guid":{"rendered":"https:\/\/graphired.com\/producto\/conteneur-isotherme-porexpan-750cc-98-pcs\/"},"modified":"2024-05-27T08:56:35","modified_gmt":"2024-05-27T08:56:35","slug":"conteneur-isotherme-porexpan-750cc-98-pcs","status":"publish","type":"product","link":"https:\/\/graphired.com\/fr\/produit\/conteneur-isotherme-porexpan-750cc-98-pcs\/","title":{"rendered":"Conteneur isotherme Porexpan 750cc &#8211; 98 pcs."},"content":{"rendered":"<p>Les conteneurs isothermes TS en polystyr\u00e8ne expans\u00e9 Porex (\u00e9galement connu sous le nom d&rsquo;airpop) constituent un choix exceptionnel pour la conservation et le transport d&rsquo;aliments froids tels que les g\u00e2teaux et les cr\u00e8mes glac\u00e9es. \ud83c\udf70\ud83c\udf66 Ces emballages sont con\u00e7us pour pr\u00e9server les propri\u00e9t\u00e9s des aliments, telles que l&rsquo;ar\u00f4me, le go\u00fbt et la texture, gr\u00e2ce \u00e0 leurs propri\u00e9t\u00e9s isolantes de grande capacit\u00e9. \u2744\ufe0f\ud83c\udf21\ufe0f<\/p>\n<p>Caract\u00e9ristiques des conteneurs isothermes TS :<\/p>\n<ol>\n<li><strong>Mat\u00e9riau en polystyr\u00e8ne expans\u00e9 Porex (airpop) :<\/strong> Le polystyr\u00e8ne expans\u00e9 est connu pour ses excellentes capacit\u00e9s d&rsquo;isolation. Il permet de maintenir la temp\u00e9rature interne et de prot\u00e9ger les aliments froids des fluctuations ext\u00e9rieures. \ud83d\udce6\ud83c\udf1f<\/li>\n<li><strong>S\u00e9rie TS sans film int\u00e9gr\u00e9. Plateau int\u00e9rieur s\u00e9par\u00e9 :<\/strong>  Les emballages isothermes de la s\u00e9rie TS ont un plateau int\u00e9rieur s\u00e9par\u00e9, sans film int\u00e9gr\u00e9. Cela permet une plus grande polyvalence dans l&rsquo;utilisation et la pr\u00e9sentation des aliments. \ud83c\udf7d\ufe0f\ud83c\udf70<\/li>\n<li><strong>Empilables et hygi\u00e9niquement prot\u00e9g\u00e9s :<\/strong> Les conteneurs sont con\u00e7us pour \u00eatre empilables, ce qui facilite le stockage et le transport. En outre, sa conception contribue \u00e0 prot\u00e9ger les aliments de toute contamination ext\u00e9rieure, ce qui garantit leur s\u00e9curit\u00e9 sur le plan de l&rsquo;hygi\u00e8ne. \ud83e\uddfc\ud83d\udce6<\/li>\n<li><a href=\"http:\/\/graphired.com\/categoria-producto\/vajilla-y-complementos\/otros-complementos\/tiras-adhesivas-porex\/\"><br \/>\n  <strong>Bandes adh\u00e9sives personnalisables :<\/strong><br \/>\n<\/a> Les emballages isothermes TS peuvent \u00eatre personnalis\u00e9s avec des bandes adh\u00e9sives portant le nom de votre marque. Cela permet non seulement de rendre votre marque reconnaissable, mais aussi d&rsquo;ajouter une touche personnalis\u00e9e \u00e0 l&#8217;emballage. \ud83c\udff7\ufe0f\ud83c\udfa8<\/li>\n<\/ol>\n<p>Ces emballages sont particuli\u00e8rement utiles pour les entreprises qui doivent maintenir la qualit\u00e9 des aliments froids pendant le transport et le stockage, comme les p\u00e2tisseries, les glaciers et les services de restauration. Le pouvoir isolant du polystyr\u00e8ne expans\u00e9 permet d&rsquo;\u00e9viter la d\u00e9t\u00e9rioration des aliments et de maintenir leur fra\u00eecheur jusqu&rsquo;\u00e0 ce qu&rsquo;ils atteignent les consommateurs. \ud83d\ude9a\ud83d\udc68\u200d\ud83c\udf73<\/p>\n","protected":false},"excerpt":{"rendered":"<p>Les conteneurs isothermes TS en polystyr\u00e8ne expans\u00e9 Porex (\u00e9galement connu sous le nom d&rsquo;airpop) constituent un choix exceptionnel pour la conservation et le transport d&rsquo;aliments froids tels que les g\u00e2teaux et les cr\u00e8mes glac\u00e9es. \ud83c\udf70\ud83c\udf66 Ces emballages sont con\u00e7us pour pr\u00e9server les propri\u00e9t\u00e9s des aliments, telles que l&rsquo;ar\u00f4me, le go\u00fbt et la texture, gr\u00e2ce \u00e0 leurs propri\u00e9t\u00e9s isolantes de grande capacit\u00e9. \u2744\ufe0f\ud83c\udf21\ufe0f<\/p>\n<p>Caract\u00e9ristiques des conteneurs isothermes TS :<\/p>\n<ol>\n<li><strong>Mat\u00e9riau en polystyr\u00e8ne expans\u00e9 Porex (airpop) :<\/strong> Le polystyr\u00e8ne expans\u00e9 est connu pour ses excellentes capacit\u00e9s d&rsquo;isolation. Il permet de maintenir la temp\u00e9rature interne et de prot\u00e9ger les aliments froids des fluctuations ext\u00e9rieures. \ud83d\udce6\ud83c\udf1f<\/li>\n<li><strong>S\u00e9rie TS sans film int\u00e9gr\u00e9. Plateau int\u00e9rieur s\u00e9par\u00e9 :<\/strong>  Les emballages isothermes de la s\u00e9rie TS ont un plateau int\u00e9rieur s\u00e9par\u00e9, sans film int\u00e9gr\u00e9. Cela permet une plus grande polyvalence dans l&rsquo;utilisation et la pr\u00e9sentation des aliments. \ud83c\udf7d\ufe0f\ud83c\udf70<\/li>\n<li><strong>Empilables et hygi\u00e9niquement prot\u00e9g\u00e9s :<\/strong> Les conteneurs sont con\u00e7us pour \u00eatre empilables, ce qui facilite le stockage et le transport. En outre, sa conception contribue \u00e0 prot\u00e9ger les aliments de toute contamination ext\u00e9rieure, ce qui garantit leur s\u00e9curit\u00e9 sur le plan de l&rsquo;hygi\u00e8ne. \ud83e\uddfc\ud83d\udce6<\/li>\n<li><a href=\"http:\/\/graphired.com\/categoria-producto\/vajilla-y-complementos\/otros-complementos\/tiras-adhesivas-porex\/\"><br \/>\n  <strong>Bandes adh\u00e9sives personnalisables :<\/strong><br \/>\n<\/a> Les emballages isothermes TS peuvent \u00eatre personnalis\u00e9s avec des bandes adh\u00e9sives portant le nom de votre marque. Cela permet non seulement de rendre votre marque reconnaissable, mais aussi d&rsquo;ajouter une touche personnalis\u00e9e \u00e0 l&#8217;emballage. \ud83c\udff7\ufe0f\ud83c\udfa8<\/li>\n<\/ol>\n<p>Ces emballages sont particuli\u00e8rement utiles pour les entreprises qui doivent maintenir la qualit\u00e9 des aliments froids pendant le transport et le stockage, comme les p\u00e2tisseries, les glaciers et les services de restauration. Le pouvoir isolant du polystyr\u00e8ne expans\u00e9 permet d&rsquo;\u00e9viter la d\u00e9t\u00e9rioration des aliments et de maintenir leur fra\u00eecheur jusqu&rsquo;\u00e0 ce qu&rsquo;ils atteignent les consommateurs. \ud83d\ude9a\ud83d\udc68\u200d\ud83c\udf73<\/p>\n","protected":false},"featured_media":16035,"template":"","meta":{"_acf_changed":false},"product_brand":[],"product_cat":[1776],"product_tag":[],"class_list":{"0":"post-15621","1":"product","2":"type-product","3":"status-publish","4":"has-post-thumbnail","6":"product_cat-boites-isothermes","7":"pa_apto-microondas-non","8":"pa_biodegradable-compostable-non","9":"pa_color-grafica-blanc","10":"pa_material-porexpan-fr","11":"pa_recipiente-compatible-conteneur-porexpan","13":"first","14":"instock","15":"taxable","16":"shipping-taxable","17":"purchasable","18":"product-type-simple"},"acf":[],"_links":{"self":[{"href":"https:\/\/graphired.com\/fr\/wp-json\/wp\/v2\/product\/15621","targetHints":{"allow":["GET"]}}],"collection":[{"href":"https:\/\/graphired.com\/fr\/wp-json\/wp\/v2\/product"}],"about":[{"href":"https:\/\/graphired.com\/fr\/wp-json\/wp\/v2\/types\/product"}],"version-history":[{"count":0,"href":"https:\/\/graphired.com\/fr\/wp-json\/wp\/v2\/product\/15621\/revisions"}],"wp:featuredmedia":[{"embeddable":true,"href":"https:\/\/graphired.com\/fr\/wp-json\/wp\/v2\/media\/16035"}],"wp:attachment":[{"href":"https:\/\/graphired.com\/fr\/wp-json\/wp\/v2\/media?parent=15621"}],"wp:term":[{"taxonomy":"product_brand","embeddable":true,"href":"https:\/\/graphired.com\/fr\/wp-json\/wp\/v2\/product_brand?post=15621"},{"taxonomy":"product_cat","embeddable":true,"href":"https:\/\/graphired.com\/fr\/wp-json\/wp\/v2\/product_cat?post=15621"},{"taxonomy":"product_tag","embeddable":true,"href":"https:\/\/graphired.com\/fr\/wp-json\/wp\/v2\/product_tag?post=15621"}],"curies":[{"name":"wp","href":"https:\/\/api.w.org\/{rel}","templated":true}]}}