{"id":15610,"date":"2023-08-17T07:35:05","date_gmt":"2023-08-17T07:35:05","guid":{"rendered":"https:\/\/graphired.com\/producto\/pp-transparent-reutilisable-6x20mm-6000-pcs\/"},"modified":"2024-05-08T08:16:26","modified_gmt":"2024-05-08T08:16:26","slug":"pp-transparent-reutilisable-6x20mm-6000-pcs","status":"publish","type":"product","link":"https:\/\/graphired.com\/fr\/produit\/pp-transparent-reutilisable-6x20mm-6000-pcs\/","title":{"rendered":"PP transparent r\u00e9utilisable 6x20mm &#8211; 6000 pcs."},"content":{"rendered":"<p>\ud83e\udd64\ud83c\udf3f <strong>PP Reusable Cane :<\/strong> Steady Steps Towards Sustainability (en anglais)<\/p>\n<p>Dans un monde avide de solutions respectueuses de la plan\u00e8te, la <strong>paille r\u00e9utilisable en PP<\/strong> transparent de 20 cm \u00d86 cm appara\u00eet comme un choix conscient et responsable.<\/p>\n<p>Fabriqu\u00e9e en polypropyl\u00e8ne (PP), un mat\u00e9riau durable \u267b\ufe0f, cette paille transparente offre une exp\u00e9rience de boisson sans perdre de vue la durabilit\u00e9. Polyvalent pour les boissons rafra\u00eechissantes et les smoothies.<\/p>\n<p>Sa particularit\u00e9 r\u00e9side dans le fait qu&rsquo;il peut \u00eatre r\u00e9utilis\u00e9. En optant pour cette solution, vous \u00e9vitez les d\u00e9chets plastiques \u00e0 usage unique et vous r\u00e9duisez la pollution de l&rsquo;environnement. Sa transparence est l&rsquo;expression d&rsquo;un engagement \u00e9cologique.<\/p>\n<p>Chaque gorg\u00e9e est un pas vers la durabilit\u00e9 \ud83c\udf0d\ud83c\udf1f.<\/p>\n<p>Avec la <strong>paille r\u00e9utilisable en PP<\/strong>, nous transformons chaque boisson en une action consciente.<\/p>\n","protected":false},"excerpt":{"rendered":"<p>\ud83e\udd64\ud83c\udf3f <strong>PP Reusable Cane :<\/strong> Steady Steps Towards Sustainability (en anglais)<\/p>\n<p>Dans un monde avide de solutions respectueuses de la plan\u00e8te, la <strong>paille r\u00e9utilisable en PP<\/strong> transparent de 20 cm \u00d86 cm appara\u00eet comme un choix conscient et responsable.<\/p>\n<p>Fabriqu\u00e9e en polypropyl\u00e8ne (PP), un mat\u00e9riau durable \u267b\ufe0f, cette paille transparente offre une exp\u00e9rience de boisson sans perdre de vue la durabilit\u00e9. Polyvalent pour les boissons rafra\u00eechissantes et les smoothies.<\/p>\n<p>Sa particularit\u00e9 r\u00e9side dans le fait qu&rsquo;il peut \u00eatre r\u00e9utilis\u00e9. En optant pour cette solution, vous \u00e9vitez les d\u00e9chets plastiques \u00e0 usage unique et vous r\u00e9duisez la pollution de l&rsquo;environnement. Sa transparence est l&rsquo;expression d&rsquo;un engagement \u00e9cologique.<\/p>\n<p>Chaque gorg\u00e9e est un pas vers la durabilit\u00e9 \ud83c\udf0d\ud83c\udf1f.<\/p>\n<p>Avec la <strong>paille r\u00e9utilisable en PP<\/strong>, nous transformons chaque boisson en une action consciente.<\/p>\n","protected":false},"featured_media":15632,"template":"","meta":{"_acf_changed":false},"product_brand":[],"product_cat":[1850],"product_tag":[],"class_list":{"0":"post-15610","1":"product","2":"type-product","3":"status-publish","4":"has-post-thumbnail","6":"product_cat-pailles-en-plastique","7":"pa_apto-microondas-non","8":"pa_biodegradable-compostable-non","9":"pa_color-grafica-transparent-fr","10":"pa_material-pp-fr","12":"first","13":"instock","14":"sale","15":"taxable","16":"shipping-taxable","17":"purchasable","18":"product-type-simple"},"acf":[],"_links":{"self":[{"href":"https:\/\/graphired.com\/fr\/wp-json\/wp\/v2\/product\/15610","targetHints":{"allow":["GET"]}}],"collection":[{"href":"https:\/\/graphired.com\/fr\/wp-json\/wp\/v2\/product"}],"about":[{"href":"https:\/\/graphired.com\/fr\/wp-json\/wp\/v2\/types\/product"}],"version-history":[{"count":0,"href":"https:\/\/graphired.com\/fr\/wp-json\/wp\/v2\/product\/15610\/revisions"}],"wp:featuredmedia":[{"embeddable":true,"href":"https:\/\/graphired.com\/fr\/wp-json\/wp\/v2\/media\/15632"}],"wp:attachment":[{"href":"https:\/\/graphired.com\/fr\/wp-json\/wp\/v2\/media?parent=15610"}],"wp:term":[{"taxonomy":"product_brand","embeddable":true,"href":"https:\/\/graphired.com\/fr\/wp-json\/wp\/v2\/product_brand?post=15610"},{"taxonomy":"product_cat","embeddable":true,"href":"https:\/\/graphired.com\/fr\/wp-json\/wp\/v2\/product_cat?post=15610"},{"taxonomy":"product_tag","embeddable":true,"href":"https:\/\/graphired.com\/fr\/wp-json\/wp\/v2\/product_tag?post=15610"}],"curies":[{"name":"wp","href":"https:\/\/api.w.org\/{rel}","templated":true}]}}