{"id":15585,"date":"2023-08-21T13:26:12","date_gmt":"2023-08-21T13:26:12","guid":{"rendered":"https:\/\/graphired.com\/producto\/grandes-bandes-adhesives-pour-isothermes-250-pcs\/"},"modified":"2024-04-25T09:27:50","modified_gmt":"2024-04-25T09:27:50","slug":"grandes-bandes-adhesives-pour-isothermes-250-pcs","status":"publish","type":"product","link":"https:\/\/graphired.com\/fr\/produit\/grandes-bandes-adhesives-pour-isothermes-250-pcs\/","title":{"rendered":"Grandes bandes adh\u00e9sives pour isothermes &#8211; 250 pcs."},"content":{"rendered":"<p>Les bandes adh\u00e9sives offrent une option enti\u00e8rement personnalisable pour les emballages isothermes, permettant une meilleure prise en main et un transport am\u00e9lior\u00e9. \ud83c\udff7\ufe0f\ud83d\ude9a Ces bandes sont id\u00e9ales pour s&rsquo;assurer que les conteneurs sont maintenus ferm\u00e9s et que les aliments froids sont conserv\u00e9s dans des conditions optimales pendant le transport.<\/p>\n<p>Caract\u00e9ristiques des bandes adh\u00e9sives :<\/p>\n<ol>\n<li><strong>Adh\u00e9sif haute adh\u00e9rence pour cong\u00e9lation :<\/strong> les bandes adh\u00e9sives sont fabriqu\u00e9es \u00e0 partir d&rsquo;un adh\u00e9sif haute adh\u00e9rence con\u00e7u pour r\u00e9sister aux temp\u00e9ratures froides des cong\u00e9lateurs. Les bandes restent ainsi fermement en place, ce qui permet de maintenir les r\u00e9cipients ferm\u00e9s et les aliments en s\u00e9curit\u00e9. \u2744\ufe0f\ud83d\udd12<\/li>\n<li><strong>Encres et vernis approuv\u00e9s pour le contact alimentaire :<\/strong> Les bandes adh\u00e9sives sont imprim\u00e9es avec des encres et des vernis approuv\u00e9s pour le contact alimentaire. Cela garantit la s\u00e9curit\u00e9 alimentaire et \u00e9vite la possibilit\u00e9 de contamination crois\u00e9e entre les bandes et les aliments. \ud83c\udf7d\ufe0f\ud83d\udda8\ufe0f<\/li>\n<li>Mod\u00e8les <strong>standard disponibles en stock avec livraison imm\u00e9diate :<\/strong> Si vous recherchez une solution rapide, des mod\u00e8les de bandes adh\u00e9sives avec des designs standard sont disponibles en stock pour une livraison imm\u00e9diate. Ces mod\u00e8les pr\u00e9d\u00e9finis peuvent r\u00e9pondre \u00e0 vos besoins de base en mati\u00e8re d&rsquo;\u00e9tiquetage et de fermeture. \ud83d\udce6\u2709\ufe0f<\/li>\n<li><strong>Possibilit\u00e9 d&rsquo;impression de motifs personnalis\u00e9s :<\/strong> si vous souhaitez ajouter une touche personnalis\u00e9e \u00e0 votre emballage, les bandes adh\u00e9sives offrent la possibilit\u00e9 d&rsquo;imprimer des motifs personnalis\u00e9s. Cela vous permet d&rsquo;inclure votre logo, vos coordonn\u00e9es ou tout autre d\u00e9tail pertinent. \ud83c\udfa8\ud83c\udff7\ufe0f<\/li>\n<\/ol>\n<p>Ces bandes adh\u00e9sives sont un compl\u00e9ment id\u00e9al aux emballages isothermes, car elles assurent non seulement une bonne \u00e9tanch\u00e9it\u00e9, mais peuvent \u00e9galement servir d&rsquo;outil de marquage en affichant votre marque de mani\u00e8re visible sur l&#8217;emballage. <\/p>\n","protected":false},"excerpt":{"rendered":"<p>&nbsp;<\/p>\n<p>Les bandes adh\u00e9sives offrent une option enti\u00e8rement personnalisable pour les emballages isothermes, permettant une meilleure prise en main et un transport am\u00e9lior\u00e9. \ud83c\udff7\ufe0f\ud83d\ude9a Ces bandes sont id\u00e9ales pour s&rsquo;assurer que les conteneurs sont maintenus ferm\u00e9s et que les aliments froids sont conserv\u00e9s dans des conditions optimales pendant le transport.<\/p>\n<p>Caract\u00e9ristiques des bandes adh\u00e9sives :<\/p>\n<ol>\n<li><strong>Adh\u00e9sif haute adh\u00e9rence pour cong\u00e9lation :<\/strong> les bandes adh\u00e9sives sont fabriqu\u00e9es \u00e0 partir d&rsquo;un adh\u00e9sif haute adh\u00e9rence con\u00e7u pour r\u00e9sister aux temp\u00e9ratures froides des cong\u00e9lateurs. Les bandes restent ainsi fermement en place, ce qui permet de maintenir les r\u00e9cipients ferm\u00e9s et les aliments en s\u00e9curit\u00e9. \u2744\ufe0f\ud83d\udd12<\/li>\n<li><strong>Encres et vernis approuv\u00e9s pour le contact alimentaire :<\/strong> Les bandes adh\u00e9sives sont imprim\u00e9es avec des encres et des vernis approuv\u00e9s pour le contact alimentaire. Cela garantit la s\u00e9curit\u00e9 alimentaire et \u00e9vite la possibilit\u00e9 de contamination crois\u00e9e entre les bandes et les aliments. \ud83c\udf7d\ufe0f\ud83d\udda8\ufe0f<\/li>\n<li>Mod\u00e8les <strong>standard disponibles en stock avec livraison imm\u00e9diate :<\/strong> Si vous recherchez une solution rapide, des mod\u00e8les de bandes adh\u00e9sives avec des designs standard sont disponibles en stock pour une livraison imm\u00e9diate. Ces mod\u00e8les pr\u00e9d\u00e9finis peuvent r\u00e9pondre \u00e0 vos besoins de base en mati\u00e8re d&rsquo;\u00e9tiquetage et de fermeture. \ud83d\udce6\u2709\ufe0f<\/li>\n<li><strong>Possibilit\u00e9 d&rsquo;impression de motifs personnalis\u00e9s :<\/strong> si vous souhaitez ajouter une touche personnalis\u00e9e \u00e0 votre emballage, les bandes adh\u00e9sives offrent la possibilit\u00e9 d&rsquo;imprimer des motifs personnalis\u00e9s. Cela vous permet d&rsquo;inclure votre logo, vos coordonn\u00e9es ou tout autre d\u00e9tail pertinent. \ud83c\udfa8\ud83c\udff7\ufe0f<\/li>\n<\/ol>\n<p>Ces bandes adh\u00e9sives sont un compl\u00e9ment id\u00e9al aux emballages isothermes, car elles assurent non seulement une bonne \u00e9tanch\u00e9it\u00e9, mais peuvent \u00e9galement servir d&rsquo;outil de marquage en affichant votre marque de mani\u00e8re visible sur l&#8217;emballage. <\/p>\n","protected":false},"featured_media":15605,"template":"","meta":{"_acf_changed":false},"product_brand":[],"product_cat":[1866],"product_tag":[],"class_list":{"0":"post-15585","1":"product","2":"type-product","3":"status-publish","4":"has-post-thumbnail","6":"product_cat-bandes-adhesives","7":"pa_apto-microondas-non","8":"pa_biodegradable-compostable-non","9":"pa_color-grafica-personnalise","10":"pa_material-adhesif-pour-congelateur","11":"pa_recipiente-compatible-conteneur-porexpan","13":"first","14":"instock","15":"taxable","16":"shipping-taxable","17":"product-type-variable"},"acf":[],"_links":{"self":[{"href":"https:\/\/graphired.com\/fr\/wp-json\/wp\/v2\/product\/15585","targetHints":{"allow":["GET"]}}],"collection":[{"href":"https:\/\/graphired.com\/fr\/wp-json\/wp\/v2\/product"}],"about":[{"href":"https:\/\/graphired.com\/fr\/wp-json\/wp\/v2\/types\/product"}],"version-history":[{"count":0,"href":"https:\/\/graphired.com\/fr\/wp-json\/wp\/v2\/product\/15585\/revisions"}],"wp:featuredmedia":[{"embeddable":true,"href":"https:\/\/graphired.com\/fr\/wp-json\/wp\/v2\/media\/15605"}],"wp:attachment":[{"href":"https:\/\/graphired.com\/fr\/wp-json\/wp\/v2\/media?parent=15585"}],"wp:term":[{"taxonomy":"product_brand","embeddable":true,"href":"https:\/\/graphired.com\/fr\/wp-json\/wp\/v2\/product_brand?post=15585"},{"taxonomy":"product_cat","embeddable":true,"href":"https:\/\/graphired.com\/fr\/wp-json\/wp\/v2\/product_cat?post=15585"},{"taxonomy":"product_tag","embeddable":true,"href":"https:\/\/graphired.com\/fr\/wp-json\/wp\/v2\/product_tag?post=15585"}],"curies":[{"name":"wp","href":"https:\/\/api.w.org\/{rel}","templated":true}]}}