{"id":15492,"date":"2023-08-16T12:24:28","date_gmt":"2023-08-16T12:24:28","guid":{"rendered":"https:\/\/graphired.com\/producto\/cuillere-avec-cuillere-6x20-cm-noir-10-000-pcs\/"},"modified":"2024-05-17T07:58:15","modified_gmt":"2024-05-17T07:58:15","slug":"cuillere-avec-cuillere-6x20-cm-noir-10-000-pcs","status":"publish","type":"product","link":"https:\/\/graphired.com\/fr\/produit\/cuillere-avec-cuillere-6x20-cm-noir-10-000-pcs\/","title":{"rendered":"Cuill\u00e8re avec cuill\u00e8re 6&#215;20 cm Noir &#8211; 6.000 pcs."},"content":{"rendered":"<p><strong>6&#215;20 cm pailles cu<\/strong>ill\u00e8res : D\u00e9couvrez un monde de charme et d&rsquo;utilit\u00e9 avec cet assortiment de <strong>pailles cuill\u00e8res<\/strong>.<\/p>\n<p>\ud83e\udd44 Que vous organisiez une <strong>f\u00eate<\/strong>, un <strong>rassemblement social<\/strong> ou que vous souhaitiez simplement ajouter une touche sp\u00e9ciale \u00e0 vos boissons, ces <strong>pailles cuill\u00e8res<\/strong> sont le choix id\u00e9al. Sa <strong>longueur de 20 cm<\/strong> convient parfaitement aux verres standard et vous permet de boire sans probl\u00e8me.<\/p>\n<p>\ud83c\udf89 Avec sa couleur <strong>noire<\/strong> profonde, tu auras l&rsquo;occasion d&rsquo;ajouter une touche d&rsquo;\u00e9l\u00e9gance et d&rsquo;originalit\u00e9 \u00e0 tes boissons et \u00e0 tes pr\u00e9sentations culinaires.<\/p>\n<p>\u267b\ufe0f En optant pour ces <strong>pailles cuill\u00e8res<\/strong>, vous faites \u00e9galement un choix respectueux de l <strong>&lsquo;environnement<\/strong>. Ils sont fabriqu\u00e9s \u00e0 partir de <strong>mat\u00e9riaux respectueux de l&rsquo;environnement<\/strong> et sont <strong>recyclables<\/strong>, contribuant ainsi \u00e0 la r\u00e9duction des d\u00e9chets plastiques et \u00e0 un avenir plus durable.<\/p>\n<p>\ud83d\ude9a Maintenant disponible avec <a href=\"http:\/\/graphired.com\/como-comprar\/\"><br \/>\n  <strong>exp\u00e9dition rapide en 24\/48h<\/strong><br \/>\n<\/a> dans toute la p\u00e9ninsule.<\/p>\n<p>En bref, les <strong>cuill\u00e8res noires avec cuill\u00e8re 6&#215;20 cm <\/strong>sont bien plus que de simples accessoires. Ils repr\u00e9sentent la fusion de la <strong>fonctionnalit\u00e9, de la cr\u00e9ativit\u00e9 et de l&rsquo;engagement environnemental<\/strong>. Ajoutez une dose d&rsquo;\u00e9l\u00e9gance \u00e0 vos boissons, r\u00e9unions et projets, tout en faisant des choix responsables pour un environnement plus propre. <\/p>\n","protected":false},"excerpt":{"rendered":"<p><strong>6&#215;20 cm pailles cu<\/strong>ill\u00e8res : D\u00e9couvrez un monde de charme et d&rsquo;utilit\u00e9 avec cet assortiment de <strong>pailles cuill\u00e8res<\/strong>.<\/p>\n<p>\ud83e\udd44 Que vous organisiez une <strong>f\u00eate<\/strong>, un <strong>rassemblement social<\/strong> ou que vous souhaitiez simplement ajouter une touche sp\u00e9ciale \u00e0 vos boissons, ces <strong>pailles cuill\u00e8res<\/strong> sont le choix id\u00e9al. Sa <strong>longueur de 20 cm<\/strong> convient parfaitement aux verres standard et vous permet de boire sans probl\u00e8me.<\/p>\n<p>\ud83c\udf89 Avec sa couleur <strong>noire<\/strong> profonde, tu auras l&rsquo;occasion d&rsquo;ajouter une touche d&rsquo;\u00e9l\u00e9gance et d&rsquo;originalit\u00e9 \u00e0 tes boissons et \u00e0 tes pr\u00e9sentations culinaires.<\/p>\n<p>\u267b\ufe0f En optant pour ces <strong>pailles cuill\u00e8res<\/strong>, vous faites \u00e9galement un choix respectueux de l <strong>&lsquo;environnement<\/strong>. Ils sont fabriqu\u00e9s \u00e0 partir de <strong>mat\u00e9riaux respectueux de l&rsquo;environnement<\/strong> et sont <strong>recyclables<\/strong>, contribuant ainsi \u00e0 la r\u00e9duction des d\u00e9chets plastiques et \u00e0 un avenir plus durable.<\/p>\n<p>\ud83d\ude9a Maintenant disponible avec <a href=\"http:\/\/graphired.com\/como-comprar\/\"><br \/>\n  <strong>exp\u00e9dition rapide en 24\/48h<\/strong><br \/>\n<\/a> dans toute la p\u00e9ninsule.<\/p>\n<p>En bref, les <strong>cuill\u00e8res noires avec cuill\u00e8re 6&#215;20 cm <\/strong>sont bien plus que de simples accessoires. Ils repr\u00e9sentent la fusion de la <strong>fonctionnalit\u00e9, de la cr\u00e9ativit\u00e9 et de l&rsquo;engagement environnemental<\/strong>. Ajoutez une dose d&rsquo;\u00e9l\u00e9gance \u00e0 vos boissons, r\u00e9unions et projets, tout en faisant des choix responsables pour un environnement plus propre. <\/p>\n","protected":false},"featured_media":15496,"template":"","meta":{"_acf_changed":false},"product_brand":[],"product_cat":[1850],"product_tag":[],"class_list":{"0":"post-15492","1":"product","2":"type-product","3":"status-publish","4":"has-post-thumbnail","6":"product_cat-pailles-en-plastique","7":"pa_apto-microondas-non","8":"pa_biodegradable-compostable-oui","9":"pa_color-grafica-noir","10":"pa_material-biopolymere-non-reutilisable","12":"first","13":"instock","14":"sale","15":"taxable","16":"shipping-taxable","17":"purchasable","18":"product-type-simple"},"acf":[],"_links":{"self":[{"href":"https:\/\/graphired.com\/fr\/wp-json\/wp\/v2\/product\/15492","targetHints":{"allow":["GET"]}}],"collection":[{"href":"https:\/\/graphired.com\/fr\/wp-json\/wp\/v2\/product"}],"about":[{"href":"https:\/\/graphired.com\/fr\/wp-json\/wp\/v2\/types\/product"}],"version-history":[{"count":0,"href":"https:\/\/graphired.com\/fr\/wp-json\/wp\/v2\/product\/15492\/revisions"}],"wp:featuredmedia":[{"embeddable":true,"href":"https:\/\/graphired.com\/fr\/wp-json\/wp\/v2\/media\/15496"}],"wp:attachment":[{"href":"https:\/\/graphired.com\/fr\/wp-json\/wp\/v2\/media?parent=15492"}],"wp:term":[{"taxonomy":"product_brand","embeddable":true,"href":"https:\/\/graphired.com\/fr\/wp-json\/wp\/v2\/product_brand?post=15492"},{"taxonomy":"product_cat","embeddable":true,"href":"https:\/\/graphired.com\/fr\/wp-json\/wp\/v2\/product_cat?post=15492"},{"taxonomy":"product_tag","embeddable":true,"href":"https:\/\/graphired.com\/fr\/wp-json\/wp\/v2\/product_tag?post=15492"}],"curies":[{"name":"wp","href":"https:\/\/api.w.org\/{rel}","templated":true}]}}