{"id":15349,"date":"2023-08-25T11:22:53","date_gmt":"2023-08-25T11:22:53","guid":{"rendered":"https:\/\/graphired.com\/producto\/gobelet-en-carton-bio-230ml-boisson-chaude-6oz-compostable-1000-pcs\/"},"modified":"2024-04-29T13:46:58","modified_gmt":"2024-04-29T13:46:58","slug":"gobelet-en-carton-bio-230ml-boisson-chaude-6oz-compostable-1000-pcs","status":"publish","type":"product","link":"https:\/\/graphired.com\/fr\/produit\/gobelet-en-carton-bio-230ml-boisson-chaude-6oz-compostable-1000-pcs\/","title":{"rendered":"Gobelet en carton biologique 230ml Boisson chaude 6oz Compostable &#8211; 1000 pcs."},"content":{"rendered":"<p>\ud83c\udf3f <strong>BIO Gobelet en carton compostable pour boissons chaudes<\/strong>: D\u00e9guste tes boissons chaudes, comme le caf\u00e9 et les infusions, de mani\u00e8re durable avec nos <strong>gobelets en carton 100 % biod\u00e9gradables et compostables<\/strong>. Con\u00e7us avec une seule<strong>paroi<\/strong> en carton, ces gobelets sont une option respectueuse de l&rsquo;environnement.<\/p>\n<p><strong>Fabrication durable<\/strong>: nos gobelets sont fabriqu\u00e9s \u00e0 partir de <strong>carton 100 % fibres vierges<\/strong>, lamin\u00e9 avec du <strong>biopolym\u00e8re<\/strong> pour plus de solidit\u00e9 et de durabilit\u00e9. Cela garantit que votre exp\u00e9rience de consommation est agr\u00e9able sans compromettre la plan\u00e8te.<\/p>\n<p>\ud83c\udf43 <strong>Approuv\u00e9 pour le contact alimentaire<\/strong>: Nous utilisons des <strong>encres et des vernis<\/strong> sp\u00e9cifiquement approuv\u00e9s pour le contact alimentaire, ce qui garantit que vos boissons restent s\u00fbres et d\u00e9licieuses.<\/p>\n<p><strong>Conception standard et personnalis\u00e9e<\/strong>: nous avons en stock des mod\u00e8les de <strong>conception standard<\/strong>, pr\u00eats \u00e0 \u00eatre exp\u00e9di\u00e9s imm\u00e9diatement. Si vous recherchez quelque chose de plus personnalis\u00e9, nous offrons la possibilit\u00e9 d&rsquo;une <strong>impression<\/strong> sur mesure.<\/p>\n<p>\u267b\ufe0f <strong>Options de couvercles vari\u00e9es<\/strong>: pour les moments o\u00f9 vous \u00eates press\u00e9s, nous proposons plusieurs <strong>options de couvercles<\/strong> en carton et en plastique<strong>(PET, PLA<\/strong>), offrant commodit\u00e9 et fonctionnalit\u00e9 sans sacrifier le d\u00e9veloppement durable.<\/p>\n<p>\ud83c\udf0d <strong>Engagement en faveur de l&rsquo;environnement<\/strong>: Chaque gobelet en carton porte le <strong>marquage imprim\u00e9 sur le c\u00f4t\u00e9<\/strong>, conforme au <strong>r\u00e8glement d&rsquo;ex\u00e9cution (UE) 2020\/2151<\/strong> pour les produits \u00e0 usage unique <strong>SUP (Single Use Plastic)<\/strong>. Contribuez \u00e0 la protection de l&rsquo;environnement tout en d\u00e9gustant vos boissons pr\u00e9f\u00e9r\u00e9es.<\/p>\n<p>En bref, nos <strong>Gobelets en carton pour boissons chaudes biologiques<\/strong> te permettent de d\u00e9guster tes boissons chaudes de mani\u00e8re responsable et pratique. Avec des mat\u00e9riaux biod\u00e9gradables, un design personnalisable et des options de couvercles \u00e0 emporter, nous vous invitons \u00e0 vous joindre \u00e0 nos efforts pour un avenir plus durable. \ud83c\udf3f\ud83c\udf43\ud83c\udfa8<\/p>\n","protected":false},"excerpt":{"rendered":"<p>\ud83c\udf3f <strong>Gobelets en carton BIO pour boissons chaudes<\/strong>: D\u00e9guste tes boissons chaudes, comme le caf\u00e9 et les infusions, de mani\u00e8re durable avec nos <strong>gobelets en carton 100 % biod\u00e9gradables et compostables<\/strong>. Con\u00e7us avec une seule<strong>paroi<\/strong> en carton, ces gobelets sont une option respectueuse de l&rsquo;environnement.<\/p>\n<p><strong>Fabrication durable<\/strong>: nos gobelets sont fabriqu\u00e9s \u00e0 partir de <strong>carton 100 % fibres vierges<\/strong>, lamin\u00e9 avec du <strong>biopolym\u00e8re<\/strong> pour plus de solidit\u00e9 et de durabilit\u00e9. Cela garantit que votre exp\u00e9rience de consommation est agr\u00e9able sans compromettre la plan\u00e8te.<\/p>\n<p>\ud83c\udf43 <strong>Approuv\u00e9 pour le contact alimentaire<\/strong>: Nous utilisons des <strong>encres et des vernis<\/strong> sp\u00e9cifiquement approuv\u00e9s pour le contact alimentaire, ce qui garantit que vos boissons restent s\u00fbres et d\u00e9licieuses.<\/p>\n<p><strong>Conception standard et personnalis\u00e9e<\/strong>: nous avons en stock des mod\u00e8les de <strong>conception standard<\/strong>, pr\u00eats \u00e0 \u00eatre exp\u00e9di\u00e9s imm\u00e9diatement. Si vous recherchez quelque chose de plus personnalis\u00e9, nous offrons la possibilit\u00e9 d&rsquo;une <strong>impression<\/strong> sur mesure.<\/p>\n<p>\u267b\ufe0f <strong>Options de couvercles vari\u00e9es<\/strong>: pour les moments o\u00f9 vous \u00eates press\u00e9s, nous proposons plusieurs <strong>options de couvercles<\/strong> en carton et en plastique<strong>(PET, PLA<\/strong>), offrant commodit\u00e9 et fonctionnalit\u00e9 sans sacrifier le d\u00e9veloppement durable.<\/p>\n<p>\ud83c\udf0d <strong>Engagement en faveur de l&rsquo;environnement<\/strong>: Chaque gobelet en carton porte le <strong>marquage imprim\u00e9 sur le c\u00f4t\u00e9<\/strong>, conforme au <strong>r\u00e8glement d&rsquo;ex\u00e9cution (UE) 2020\/2151<\/strong> pour les produits \u00e0 usage unique <strong>SUP (Single Use Plastic)<\/strong>. Contribuez \u00e0 la protection de l&rsquo;environnement tout en d\u00e9gustant vos boissons pr\u00e9f\u00e9r\u00e9es.<\/p>\n<p>En bref, nos <strong>Gobelets en carton pour boissons chaudes biologiques<\/strong> te permettent de d\u00e9guster tes boissons chaudes de mani\u00e8re responsable et pratique. Avec des mat\u00e9riaux biod\u00e9gradables, un design personnalisable et des options de couvercles \u00e0 emporter, nous vous invitons \u00e0 vous joindre \u00e0 nos efforts pour un avenir plus durable. \ud83c\udf3f\ud83c\udf43\ud83c\udfa8<\/p>\n","protected":false},"featured_media":15867,"template":"","meta":{"_acf_changed":false},"product_brand":[],"product_cat":[1781],"product_tag":[],"class_list":{"0":"post-15349","1":"product","2":"type-product","3":"status-publish","4":"has-post-thumbnail","6":"product_cat-gobelets-en-carton-chaud-bio-compostable","7":"pa_apto-microondas-non","8":"pa_biodegradable-compostable-oui","9":"pa_color-grafica-blanc","10":"pa_color-grafica-feuille-de-palmier","11":"pa_color-grafica-personnalise","12":"pa_material-carton-fr","13":"pa_recipiente-compatible-gobelet-en-carton-6oz","15":"first","16":"instock","17":"taxable","18":"shipping-taxable","19":"product-type-variable"},"acf":[],"_links":{"self":[{"href":"https:\/\/graphired.com\/fr\/wp-json\/wp\/v2\/product\/15349","targetHints":{"allow":["GET"]}}],"collection":[{"href":"https:\/\/graphired.com\/fr\/wp-json\/wp\/v2\/product"}],"about":[{"href":"https:\/\/graphired.com\/fr\/wp-json\/wp\/v2\/types\/product"}],"version-history":[{"count":0,"href":"https:\/\/graphired.com\/fr\/wp-json\/wp\/v2\/product\/15349\/revisions"}],"wp:featuredmedia":[{"embeddable":true,"href":"https:\/\/graphired.com\/fr\/wp-json\/wp\/v2\/media\/15867"}],"wp:attachment":[{"href":"https:\/\/graphired.com\/fr\/wp-json\/wp\/v2\/media?parent=15349"}],"wp:term":[{"taxonomy":"product_brand","embeddable":true,"href":"https:\/\/graphired.com\/fr\/wp-json\/wp\/v2\/product_brand?post=15349"},{"taxonomy":"product_cat","embeddable":true,"href":"https:\/\/graphired.com\/fr\/wp-json\/wp\/v2\/product_cat?post=15349"},{"taxonomy":"product_tag","embeddable":true,"href":"https:\/\/graphired.com\/fr\/wp-json\/wp\/v2\/product_tag?post=15349"}],"curies":[{"name":"wp","href":"https:\/\/api.w.org\/{rel}","templated":true}]}}