{"id":15324,"date":"2023-08-28T13:13:00","date_gmt":"2023-08-28T13:13:00","guid":{"rendered":"https:\/\/graphired.com\/producto\/boite-de-barres-a-decouper-en-carton-850ml-400-pcs\/"},"modified":"2024-05-08T13:49:39","modified_gmt":"2024-05-08T13:49:39","slug":"boite-de-barres-a-decouper-en-carton-850ml-400-pcs","status":"publish","type":"product","link":"https:\/\/graphired.com\/fr\/produit\/boite-de-barres-a-decouper-en-carton-850ml-400-pcs\/","title":{"rendered":"Bo\u00eete en carton pour barre de coupe 850ml &#8211; 300 pcs."},"content":{"rendered":"<p><strong>\ud83c\udf66\ud83d\udce6 Cut Bar Containers<\/strong>: Pr\u00e9servez et stockez vos friandises glac\u00e9es avec des cartons con\u00e7us pour la cr\u00e8me glac\u00e9e d\u00e9coup\u00e9e, le nougat et plus encore.<\/p>\n<p><strong>Design fonctionnel<\/strong>: Con\u00e7u pour conserver la fra\u00eecheur de vos glaces et faciliter leur stockage \u00e0 la maison.<\/p>\n<p>\ud83d\udcd0 <strong>Vari\u00e9t\u00e9 de formats<\/strong>: id\u00e9al pour les barres, les b\u00fbches, les bras de gitane et les g\u00e2teaux rectangulaires. Adaptabilit\u00e9 \u00e0 vos cr\u00e9ations.<\/p>\n<p><strong>Mat\u00e9riaux durables<\/strong>: Fabriqu\u00e9s avec du carton 100 % fibres vierges et contrecoll\u00e9s avec du poly\u00e9thyl\u00e8ne, ce qui garantit leur qualit\u00e9 et leur durabilit\u00e9.<\/p>\n<p>\ud83c\udfa8 <strong>Personnalisation cr\u00e9ative<\/strong>: Imprimez avec un design personnalisable. Ajoutez une touche sp\u00e9ciale \u00e0 vos produits glac\u00e9s.<\/p>\n<p>\u2714\ufe0f <strong>Food Approved<\/strong>: Encres et vernis certifi\u00e9s pour le contact alimentaire, garantissant la s\u00e9curit\u00e9 de vos cr\u00e9ations.<\/p>\n<p>En bref, nos <strong>barres de coupe en carton<\/strong> offrent fra\u00eecheur, praticit\u00e9 et personnalisation. Offrez \u00e0 vos clients une exp\u00e9rience exceptionnelle. \ud83c\udf66\ud83d\udce6\ud83c\udfa8<\/p>\n","protected":false},"excerpt":{"rendered":"<p><strong>\ud83c\udf66\ud83d\udce6 Cut Bar Containers<\/strong>: Pr\u00e9servez et stockez vos friandises glac\u00e9es avec des cartons con\u00e7us pour la cr\u00e8me glac\u00e9e d\u00e9coup\u00e9e, le nougat et plus encore.<\/p>\n<p><strong>Design fonctionnel<\/strong>: Con\u00e7u pour conserver la fra\u00eecheur de vos glaces et faciliter leur stockage \u00e0 la maison.<\/p>\n<p>\ud83d\udcd0 <strong>Vari\u00e9t\u00e9 de formats<\/strong>: id\u00e9al pour les barres, les b\u00fbches, les bras de gitane et les g\u00e2teaux rectangulaires. Adaptabilit\u00e9 \u00e0 vos cr\u00e9ations.<\/p>\n<p><strong>Mat\u00e9riaux durables<\/strong>: Fabriqu\u00e9s avec du carton 100 % fibres vierges et contrecoll\u00e9s avec du poly\u00e9thyl\u00e8ne, ce qui garantit leur qualit\u00e9 et leur durabilit\u00e9.<\/p>\n<p>\ud83c\udfa8 <strong>Personnalisation cr\u00e9ative<\/strong>: Imprimez avec un design personnalisable. Ajoutez une touche sp\u00e9ciale \u00e0 vos produits glac\u00e9s.<\/p>\n<p>\u2714\ufe0f <strong>Food Approved<\/strong>: Encres et vernis certifi\u00e9s pour le contact alimentaire, garantissant la s\u00e9curit\u00e9 de vos cr\u00e9ations.<\/p>\n<p>En bref, nos <strong>barres de coupe en carton<\/strong> offrent fra\u00eecheur, praticit\u00e9 et personnalisation. Offrez \u00e0 vos clients une exp\u00e9rience exceptionnelle. \ud83c\udf66\ud83d\udce6\ud83c\udfa8<\/p>\n","protected":false},"featured_media":23391,"template":"","meta":{"_acf_changed":false},"product_brand":[],"product_cat":[1835],"product_tag":[],"class_list":{"0":"post-15324","1":"product","2":"type-product","3":"status-publish","4":"has-post-thumbnail","6":"product_cat-boites-a-decouper-les-glaces","7":"pa_apto-microondas-non","8":"pa_biodegradable-compostable-non","9":"pa_color-grafica-blanc","10":"pa_color-grafica-personnalise","11":"pa_material-carton-fr","12":"pa_recipiente-compatible-barre-de-coupe-850ml","14":"first","15":"instock","16":"taxable","17":"shipping-taxable","18":"purchasable","19":"product-type-variable"},"acf":[],"_links":{"self":[{"href":"https:\/\/graphired.com\/fr\/wp-json\/wp\/v2\/product\/15324","targetHints":{"allow":["GET"]}}],"collection":[{"href":"https:\/\/graphired.com\/fr\/wp-json\/wp\/v2\/product"}],"about":[{"href":"https:\/\/graphired.com\/fr\/wp-json\/wp\/v2\/types\/product"}],"version-history":[{"count":0,"href":"https:\/\/graphired.com\/fr\/wp-json\/wp\/v2\/product\/15324\/revisions"}],"wp:featuredmedia":[{"embeddable":true,"href":"https:\/\/graphired.com\/fr\/wp-json\/wp\/v2\/media\/23391"}],"wp:attachment":[{"href":"https:\/\/graphired.com\/fr\/wp-json\/wp\/v2\/media?parent=15324"}],"wp:term":[{"taxonomy":"product_brand","embeddable":true,"href":"https:\/\/graphired.com\/fr\/wp-json\/wp\/v2\/product_brand?post=15324"},{"taxonomy":"product_cat","embeddable":true,"href":"https:\/\/graphired.com\/fr\/wp-json\/wp\/v2\/product_cat?post=15324"},{"taxonomy":"product_tag","embeddable":true,"href":"https:\/\/graphired.com\/fr\/wp-json\/wp\/v2\/product_tag?post=15324"}],"curies":[{"name":"wp","href":"https:\/\/api.w.org\/{rel}","templated":true}]}}