{"id":15306,"date":"2023-08-28T13:25:13","date_gmt":"2023-08-28T13:25:13","guid":{"rendered":"https:\/\/graphired.com\/producto\/porte-gaufres-en-carton-250-pieces\/"},"modified":"2024-04-25T09:05:13","modified_gmt":"2024-04-25T09:05:13","slug":"porte-gaufres-en-carton-250-pieces","status":"publish","type":"product","link":"https:\/\/graphired.com\/fr\/produit\/porte-gaufres-en-carton-250-pieces\/","title":{"rendered":"Porte-gaufres en carton &#8211; 250 pi\u00e8ces"},"content":{"rendered":"<p>\ud83e\uddc7\ud83d\udce6 <strong>Porte-gaufres en carton<\/strong>: Plateau rectangulaire pratique pour les gaufres, les gaufrettes et les p\u00e2tisseries. Conception en forme de U pour un transport sans d\u00e9versement.<\/p>\n<p><strong>Conception fonctionnelle<\/strong>: forme en U pour un transport facile et sans \u00e9gouttement. Id\u00e9al pour les p\u00e2tisseries \u00e0 emporter.<\/p>\n<p>\ud83d\udcd0 <strong>Polyvalence d&rsquo;utilisation<\/strong>: parfait pour les gaufres et les p\u00e2tisseries. Ne convient pas au four ou au micro-ondes.<\/p>\n<p><strong>Mat\u00e9riaux durables<\/strong>: carton 100 % fibres vierges, contrecoll\u00e9 avec du poly\u00e9thyl\u00e8ne, garantissant la qualit\u00e9 et la durabilit\u00e9.<\/p>\n<p>\ud83c\udfa8 <strong>Personnalisation cr\u00e9ative<\/strong>: impression personnalisable. Ajoutez votre touche \u00e0 cette solution pratique.<\/p>\n<p>\ud83d\ude80 <strong>Exp\u00e9dition imm\u00e9diate<\/strong>: les mod\u00e8les standard sont disponibles en stock, pr\u00eats \u00e0 \u00eatre emport\u00e9s.<\/p>\n<p>En bref, notre <strong>porte-bo\u00eete en carton<\/strong> offre commodit\u00e9 et s\u00e9curit\u00e9 lors du transport. D\u00e9gustez des p\u00e2tisseries avec style. \ud83e\uddc7\ud83d\udce6\ud83c\udfa8<\/p>\n","protected":false},"excerpt":{"rendered":"<p>\ud83e\uddc7\ud83d\udce6 <strong>Porte-gaufres en carton<\/strong>: Plateau rectangulaire pratique pour les gaufres, les gaufrettes et les p\u00e2tisseries. Conception en forme de U pour un transport sans d\u00e9versement.<\/p>\n<p><strong>Conception fonctionnelle<\/strong>: forme en U pour un transport facile et sans \u00e9gouttement. Id\u00e9al pour les p\u00e2tisseries \u00e0 emporter.<\/p>\n<p>\ud83d\udcd0 <strong>Polyvalence d&rsquo;utilisation<\/strong>: parfait pour les gaufres et les p\u00e2tisseries. Ne convient pas au four ou au micro-ondes.<\/p>\n<p><strong>Mat\u00e9riaux durables<\/strong>: carton 100 % fibres vierges, contrecoll\u00e9 avec du poly\u00e9thyl\u00e8ne, garantissant la qualit\u00e9 et la durabilit\u00e9.<\/p>\n<p>\ud83c\udfa8 <strong>Personnalisation cr\u00e9ative<\/strong>: impression personnalisable. Ajoutez votre touche \u00e0 cette solution pratique.<\/p>\n<p>\ud83d\ude80 <strong>Exp\u00e9dition imm\u00e9diate<\/strong>: les mod\u00e8les standard sont disponibles en stock, pr\u00eats \u00e0 \u00eatre emport\u00e9s.<\/p>\n<p>En bref, notre <strong>porte-bo\u00eete en carton<\/strong> offre commodit\u00e9 et s\u00e9curit\u00e9 lors du transport. D\u00e9gustez des p\u00e2tisseries avec style. \ud83e\uddc7\ud83d\udce6\ud83c\udfa8<\/p>\n","protected":false},"featured_media":15312,"template":"","meta":{"_acf_changed":false},"product_brand":[],"product_cat":[1733],"product_tag":[],"class_list":{"0":"post-15306","1":"product","2":"type-product","3":"status-publish","4":"has-post-thumbnail","6":"product_cat-porte-gaufres-crepes-et-bubble-waffle","7":"pa_apto-microondas-oui","8":"pa_biodegradable-compostable-non","9":"pa_color-grafica-blanc","10":"pa_color-grafica-cruz-y-raya-azul-fr","11":"pa_color-grafica-cruz-y-raya-orange","12":"pa_color-grafica-croix-verte-et-rayure-verte","13":"pa_color-grafica-personnalise","14":"pa_material-carton-fr","16":"first","17":"instock","18":"taxable","19":"shipping-taxable","20":"purchasable","21":"product-type-variable"},"acf":[],"_links":{"self":[{"href":"https:\/\/graphired.com\/fr\/wp-json\/wp\/v2\/product\/15306","targetHints":{"allow":["GET"]}}],"collection":[{"href":"https:\/\/graphired.com\/fr\/wp-json\/wp\/v2\/product"}],"about":[{"href":"https:\/\/graphired.com\/fr\/wp-json\/wp\/v2\/types\/product"}],"version-history":[{"count":0,"href":"https:\/\/graphired.com\/fr\/wp-json\/wp\/v2\/product\/15306\/revisions"}],"wp:featuredmedia":[{"embeddable":true,"href":"https:\/\/graphired.com\/fr\/wp-json\/wp\/v2\/media\/15312"}],"wp:attachment":[{"href":"https:\/\/graphired.com\/fr\/wp-json\/wp\/v2\/media?parent=15306"}],"wp:term":[{"taxonomy":"product_brand","embeddable":true,"href":"https:\/\/graphired.com\/fr\/wp-json\/wp\/v2\/product_brand?post=15306"},{"taxonomy":"product_cat","embeddable":true,"href":"https:\/\/graphired.com\/fr\/wp-json\/wp\/v2\/product_cat?post=15306"},{"taxonomy":"product_tag","embeddable":true,"href":"https:\/\/graphired.com\/fr\/wp-json\/wp\/v2\/product_tag?post=15306"}],"curies":[{"name":"wp","href":"https:\/\/api.w.org\/{rel}","templated":true}]}}