{"id":15289,"date":"2023-08-28T07:09:25","date_gmt":"2023-08-28T07:09:25","guid":{"rendered":"https:\/\/graphired.com\/producto\/rpet-couvercle-de-dome-transparent-avec-trou-96o-1000-pcs\/"},"modified":"2024-04-25T09:37:36","modified_gmt":"2024-04-25T09:37:36","slug":"rpet-couvercle-de-dome-transparent-avec-trou-96o-1000-pcs","status":"publish","type":"product","link":"https:\/\/graphired.com\/fr\/produit\/rpet-couvercle-de-dome-transparent-avec-trou-96o-1000-pcs\/","title":{"rendered":"rPET Couvercle de d\u00f4me transparent avec trou 96\u00d8 &#8211; 1000 pcs."},"content":{"rendered":"<p>\ud83c\udf1f <strong>Couvercle transparent en PET\/rPET pour Gobelets<\/strong>: \u00c9l\u00e8ve ton exp\u00e9rience de la boisson avec nos couvercles de qualit\u00e9. Con\u00e7us pour s&rsquo;adapter aux gobelets de \u00d8 96 mm, ces couvercles constituent une solution polyvalente et durable pour vos besoins en mati\u00e8re de transport \u00e0 emporter.<\/p>\n<p>\ud83d\udecd\ufe0f <strong>Transport \u00e0 emporter sans stress<\/strong>: Les couvercles transparents ne gardent pas seulement tes boissons en s\u00e9curit\u00e9, mais ajoutent aussi \u00e0 la commodit\u00e9 du transport \u00e0 emporter. Sa conception \u00e9tanche \u00e0 l&rsquo;air emp\u00eache les fuites, garantissant que vos boissons arrivent intactes \u00e0 destination.<\/p>\n<p><strong>Engagement en faveur de l&rsquo;environnement<\/strong>: Chaque bouchon est fabriqu\u00e9 en PET et rPET, des mat\u00e9riaux recyclables qui contribuent \u00e0 la r\u00e9duction des d\u00e9chets. Contribuez \u00e0 un mode de vie plus \u00e9cologique tout en savourant vos boissons pr\u00e9f\u00e9r\u00e9es en toute tranquillit\u00e9.<\/p>\n<p>\ud83d\ude80 <strong>Solution pratique et responsable<\/strong>: nos fermetures sont le choix intelligent pour ceux qui recherchent le confort et la durabilit\u00e9 dans chaque gorg\u00e9e. Qu&rsquo;il s&rsquo;agisse d&rsquo;un caf\u00e9 matinal ou d&rsquo;un smoothie rafra\u00eechissant, nos tapas rendent votre exp\u00e9rience agr\u00e9able et respectueuse de l&rsquo;environnement.<\/p>\n<p>En bref, nos couvercles transparents en PET\/rPET sont le compl\u00e9ment id\u00e9al de vos verres d&rsquo;un diam\u00e8tre de 96 mm. Gardez vos boissons fra\u00eeches et s\u00fbres tout en contribuant \u00e0 la protection de l&rsquo;environnement. Profitez de la polyvalence, de la fonctionnalit\u00e9 et de l&rsquo;engagement durable \u00e0 chaque gorg\u00e9e. \ud83c\udf1f\ud83c\udf79\ud83c\udf0d<\/p>\n","protected":false},"excerpt":{"rendered":"<p>\ud83c\udf1f <strong>Couvercle transparent en PET\/rPET pour Gobelets<\/strong>: \u00c9l\u00e8ve ton exp\u00e9rience de la boisson avec nos couvercles de qualit\u00e9. Con\u00e7us pour s&rsquo;adapter aux gobelets de \u00d8 96 mm, ces couvercles constituent une solution polyvalente et durable pour vos besoins en mati\u00e8re de transport \u00e0 emporter.<\/p>\n<p>\ud83d\udecd\ufe0f <strong>Transport \u00e0 emporter sans stress<\/strong>: Les couvercles transparents ne gardent pas seulement tes boissons en s\u00e9curit\u00e9, mais ajoutent aussi \u00e0 la commodit\u00e9 du transport \u00e0 emporter. Sa conception \u00e9tanche \u00e0 l&rsquo;air emp\u00eache les fuites, garantissant que vos boissons arrivent intactes \u00e0 destination.<\/p>\n<p><strong>Engagement en faveur de l&rsquo;environnement<\/strong>: Chaque bouchon est fabriqu\u00e9 en PET et rPET, des mat\u00e9riaux recyclables qui contribuent \u00e0 la r\u00e9duction des d\u00e9chets. Contribuez \u00e0 un mode de vie plus \u00e9cologique tout en savourant vos boissons pr\u00e9f\u00e9r\u00e9es en toute tranquillit\u00e9.<\/p>\n<p>\ud83d\ude80 <strong>Solution pratique et responsable<\/strong>: nos fermetures sont le choix intelligent pour ceux qui recherchent le confort et la durabilit\u00e9 dans chaque gorg\u00e9e. Qu&rsquo;il s&rsquo;agisse d&rsquo;un caf\u00e9 matinal ou d&rsquo;un smoothie rafra\u00eechissant, nos tapas rendent votre exp\u00e9rience agr\u00e9able et respectueuse de l&rsquo;environnement.<\/p>\n<p>En bref, nos couvercles transparents en PET\/rPET sont le compl\u00e9ment id\u00e9al de vos verres d&rsquo;un diam\u00e8tre de 96 mm. Gardez vos boissons fra\u00eeches et s\u00fbres tout en contribuant \u00e0 la protection de l&rsquo;environnement. Profitez de la polyvalence, de la fonctionnalit\u00e9 et de l&rsquo;engagement durable \u00e0 chaque gorg\u00e9e. \ud83c\udf1f\ud83c\udf79\ud83c\udf0d<\/p>\n","protected":false},"featured_media":15291,"template":"","meta":{"_acf_changed":false},"product_brand":[],"product_cat":[1829],"product_tag":[],"class_list":{"0":"post-15289","1":"product","2":"type-product","3":"status-publish","4":"has-post-thumbnail","6":"product_cat-couvercles-en-pet-et-rpet-pour-gobelets","7":"pa_apto-microondas-non","8":"pa_biodegradable-compostable-non","9":"pa_color-grafica-transparent-fr","10":"pa_material-rpet-fr","11":"pa_recipiente-compatible-gobelet-pet-450ml-o96","12":"pa_recipiente-compatible-gobelet-pet-500ml-o96","13":"pa_recipiente-compatible-gobelet-pla-500ml-o96","14":"pa_recipiente-compatible-gobelet-pla-525ml-16oz-o96","15":"pa_recipiente-compatible-gobelet-pla-600ml-o96","16":"pa_recipiente-compatible-pla-gobelet-transparent-400ml-12oz-o96","17":"pa_recipiente-compatible-gobelet-rpet-350ml-o96","18":"pa_recipiente-compatible-gobelet-rpet-450ml-o96","19":"pa_recipiente-compatible-gobelet-rpet-500ml-o96","20":"pa_recipiente-compatible-verre-transparent-330ml-o96","21":"pa_tipo-de-tapa-dome-avec-orifice","23":"first","24":"instock","25":"taxable","26":"shipping-taxable","27":"purchasable","28":"product-type-simple"},"acf":[],"_links":{"self":[{"href":"https:\/\/graphired.com\/fr\/wp-json\/wp\/v2\/product\/15289","targetHints":{"allow":["GET"]}}],"collection":[{"href":"https:\/\/graphired.com\/fr\/wp-json\/wp\/v2\/product"}],"about":[{"href":"https:\/\/graphired.com\/fr\/wp-json\/wp\/v2\/types\/product"}],"version-history":[{"count":0,"href":"https:\/\/graphired.com\/fr\/wp-json\/wp\/v2\/product\/15289\/revisions"}],"wp:featuredmedia":[{"embeddable":true,"href":"https:\/\/graphired.com\/fr\/wp-json\/wp\/v2\/media\/15291"}],"wp:attachment":[{"href":"https:\/\/graphired.com\/fr\/wp-json\/wp\/v2\/media?parent=15289"}],"wp:term":[{"taxonomy":"product_brand","embeddable":true,"href":"https:\/\/graphired.com\/fr\/wp-json\/wp\/v2\/product_brand?post=15289"},{"taxonomy":"product_cat","embeddable":true,"href":"https:\/\/graphired.com\/fr\/wp-json\/wp\/v2\/product_cat?post=15289"},{"taxonomy":"product_tag","embeddable":true,"href":"https:\/\/graphired.com\/fr\/wp-json\/wp\/v2\/product_tag?post=15289"}],"curies":[{"name":"wp","href":"https:\/\/api.w.org\/{rel}","templated":true}]}}