{"id":15245,"date":"2023-08-28T10:17:08","date_gmt":"2023-08-28T10:17:08","guid":{"rendered":"https:\/\/graphired.com\/producto\/gobelet-en-carton-bio-350ml-boisson-froide-compostable-2000-pcs\/"},"modified":"2024-05-14T13:14:01","modified_gmt":"2024-05-14T13:14:01","slug":"gobelet-en-carton-bio-350ml-boisson-froide-compostable-2000-pcs","status":"publish","type":"product","link":"https:\/\/graphired.com\/fr\/produit\/gobelet-en-carton-bio-350ml-boisson-froide-compostable-2000-pcs\/","title":{"rendered":"Gobelet en carton bio 350ml Boisson froide compostable &#8211; 2000 pcs."},"content":{"rendered":"<p><strong>\ud83c\udf3f Gobelets en carton bio pour les boissons froides<\/strong>: Rafra\u00eechis-toi de mani\u00e8re durable avec des gobelets 100 % biod\u00e9gradables et compostables. Id\u00e9al pour les boissons rafra\u00eechissantes, les milkshakes et les slushies.<\/p>\n<p>Le <strong>d\u00e9veloppement durable \u00e0 chaque gorg\u00e9e<\/strong>: Fabriqu\u00e9 \u00e0 partir de carton 100 % fibres vierges lamin\u00e9 avec du biopolym\u00e8re, nous prenons soin de la plan\u00e8te pendant que vous vous r\u00e9galez.<\/p>\n<p>\ud83c\udfa8 <strong>Un design \u00e0 votre image<\/strong>: choisissez parmi les designs standard en stock ou personnalisez le v\u00f4tre. L&rsquo;impression adaptative pour se d\u00e9marquer.<\/p>\n<p>\u2714\ufe0f <strong>S\u00e9curit\u00e9 alimentaire<\/strong>: les encres et vernis approuv\u00e9s pour le contact alimentaire garantissent la fra\u00eecheur et la s\u00e9curit\u00e9 des boissons.<\/p>\n<p>\ud83d\ude80 <strong>Livraison imm\u00e9diate et Take Away<\/strong>: mod\u00e8les pr\u00eats \u00e0 l&#8217;emploi, id\u00e9aux pour les d\u00e9placements. Couvercles en PS, PET et PLA pour votre commodit\u00e9.<\/p>\n<p>En bref, nos <strong>Gobelets en carton bio pour boissons froides<\/strong> sont le choix rafra\u00eechissant et respectueux de l&rsquo;environnement. Design, qualit\u00e9 et durabilit\u00e9 dans chaque gorg\u00e9e. \ud83c\udf3f\ud83c\udf79\ud83c\udfa8<\/p>\n","protected":false},"excerpt":{"rendered":"<p><strong>\ud83c\udf3f Gobelets en carton bio pour les boissons froides<\/strong>: Rafra\u00eechis-toi de mani\u00e8re durable avec des gobelets 100 % biod\u00e9gradables et compostables. Id\u00e9al pour les boissons rafra\u00eechissantes, les milkshakes et les slushies.<\/p>\n<p>Le <strong>d\u00e9veloppement durable \u00e0 chaque gorg\u00e9e<\/strong>: Fabriqu\u00e9 \u00e0 partir de carton 100 % fibres vierges lamin\u00e9 avec du biopolym\u00e8re, nous prenons soin de la plan\u00e8te pendant que vous vous r\u00e9galez.<\/p>\n<p>\ud83c\udfa8 <strong>Un design \u00e0 votre image<\/strong>: choisissez parmi les designs standard en stock ou personnalisez le v\u00f4tre. L&rsquo;impression adaptative pour se d\u00e9marquer.<\/p>\n<p>\u2714\ufe0f <strong>S\u00e9curit\u00e9 alimentaire<\/strong>: les encres et vernis approuv\u00e9s pour le contact alimentaire garantissent la fra\u00eecheur et la s\u00e9curit\u00e9 des boissons.<\/p>\n<p>\ud83d\ude80 <strong>Livraison imm\u00e9diate et Take Away<\/strong>: mod\u00e8les pr\u00eats \u00e0 l&#8217;emploi, id\u00e9aux pour les d\u00e9placements. Couvercles en PS, PET et PLA pour votre commodit\u00e9.<\/p>\n<p>En bref, nos <strong>Gobelets en carton bio pour boissons froides<\/strong> sont le choix rafra\u00eechissant et respectueux de l&rsquo;environnement. Design, qualit\u00e9 et durabilit\u00e9 dans chaque gorg\u00e9e. \ud83c\udf3f\ud83c\udf79\ud83c\udfa8<\/p>\n","protected":false},"featured_media":15265,"template":"","meta":{"_acf_changed":false},"product_brand":[],"product_cat":[1543],"product_tag":[],"class_list":{"0":"post-15245","1":"product","2":"type-product","3":"status-publish","4":"has-post-thumbnail","6":"product_cat-gobelets-en-carton-froid-bio-compostable","7":"pa_apto-microondas-non","8":"pa_biodegradable-compostable-oui","9":"pa_color-grafica-feuille-de-palmier","10":"pa_color-grafica-personnalise","11":"pa_material-carton-fr","12":"pa_recipiente-compatible-gobelet-en-carton-37m","14":"first","15":"instock","16":"taxable","17":"shipping-taxable","18":"purchasable","19":"product-type-variable"},"acf":[],"_links":{"self":[{"href":"https:\/\/graphired.com\/fr\/wp-json\/wp\/v2\/product\/15245","targetHints":{"allow":["GET"]}}],"collection":[{"href":"https:\/\/graphired.com\/fr\/wp-json\/wp\/v2\/product"}],"about":[{"href":"https:\/\/graphired.com\/fr\/wp-json\/wp\/v2\/types\/product"}],"version-history":[{"count":0,"href":"https:\/\/graphired.com\/fr\/wp-json\/wp\/v2\/product\/15245\/revisions"}],"wp:featuredmedia":[{"embeddable":true,"href":"https:\/\/graphired.com\/fr\/wp-json\/wp\/v2\/media\/15265"}],"wp:attachment":[{"href":"https:\/\/graphired.com\/fr\/wp-json\/wp\/v2\/media?parent=15245"}],"wp:term":[{"taxonomy":"product_brand","embeddable":true,"href":"https:\/\/graphired.com\/fr\/wp-json\/wp\/v2\/product_brand?post=15245"},{"taxonomy":"product_cat","embeddable":true,"href":"https:\/\/graphired.com\/fr\/wp-json\/wp\/v2\/product_cat?post=15245"},{"taxonomy":"product_tag","embeddable":true,"href":"https:\/\/graphired.com\/fr\/wp-json\/wp\/v2\/product_tag?post=15245"}],"curies":[{"name":"wp","href":"https:\/\/api.w.org\/{rel}","templated":true}]}}