{"id":15180,"date":"2023-08-29T10:54:22","date_gmt":"2023-08-29T10:54:22","guid":{"rendered":"https:\/\/graphired.com\/producto\/mini-porte-croquettes-115x79x45mm-compostable-700-unites\/"},"modified":"2024-04-30T12:26:18","modified_gmt":"2024-04-30T12:26:18","slug":"mini-porte-croquettes-115x79x45mm-compostable-700-unites","status":"publish","type":"product","link":"https:\/\/graphired.com\/fr\/produit\/mini-porte-croquettes-115x79x45mm-compostable-700-unites\/","title":{"rendered":"Mini porte-croquettes 115x79x45mm Compostable &#8211; 700 unit\u00e9s"},"content":{"rendered":"<h3>Support pour mini-croquettes<\/h3>\n<p>Emballage en carton id\u00e9al pour la vente \u00e0 emporter.<\/p>\n<p>\ud83c\udf54 Carton polyvalent pour les aliments frits tels que les croquettes, les nuggets, les ailes&#8230; M\u00eame avec des sauces.<\/p>\n<p>\ud83d\udd25 Sp\u00e9cialement con\u00e7u pour les repas chauds.<\/p>\n<p>\ud83d\udd73 Trous de ventilation.<\/p>\n<p>\ud83c\udf7d\ufe0f Convient aux micro-ondes, ce qui permet de chauffer facilement les aliments.<\/p>\n<p>\ud83d\udcaa Extra robuste pour r\u00e9sister \u00e0 diverses conditions alimentaires et de manipulation.<\/p>\n<p>En r\u00e9sum\u00e9, cet emballage carton offre praticit\u00e9 et s\u00e9curit\u00e9 pour le transport des aliments, gr\u00e2ce \u00e0 des caract\u00e9ristiques telles qu&rsquo;une r\u00e9sistance accrue, et convient \u00e0 une large gamme d&rsquo;aliments, y compris les options chaudes et celles qui doivent \u00eatre r\u00e9chauff\u00e9es au four \u00e0 micro-ondes.<\/p>\n","protected":false},"excerpt":{"rendered":"<h3>Support pour mini-croquettes<\/h3>\n<p>Emballage en carton id\u00e9al pour la vente \u00e0 emporter.<\/p>\n<p>\ud83c\udf54 Carton polyvalent pour les aliments frits tels que les croquettes, les nuggets, les ailes&#8230; M\u00eame avec des sauces.<\/p>\n<p>\ud83d\udd25 Sp\u00e9cialement con\u00e7u pour les repas chauds.<\/p>\n<p>\ud83d\udd73 Trous de ventilation.<\/p>\n<p>\ud83c\udf7d\ufe0f Convient aux micro-ondes, ce qui permet de chauffer facilement les aliments.<\/p>\n<p>\ud83d\udcaa Extra robuste pour r\u00e9sister \u00e0 diverses conditions alimentaires et de manipulation.<\/p>\n<p>En r\u00e9sum\u00e9, cet emballage carton offre praticit\u00e9 et s\u00e9curit\u00e9 pour le transport des aliments, gr\u00e2ce \u00e0 des caract\u00e9ristiques telles qu&rsquo;une r\u00e9sistance accrue, et convient \u00e0 une large gamme d&rsquo;aliments, y compris les options chaudes et celles qui doivent \u00eatre r\u00e9chauff\u00e9es au four \u00e0 micro-ondes.<\/p>\n","protected":false},"featured_media":15184,"template":"","meta":{"_acf_changed":false},"product_brand":[],"product_cat":[1596],"product_tag":[],"class_list":{"0":"post-15180","1":"product","2":"type-product","3":"status-publish","4":"has-post-thumbnail","6":"product_cat-emballage-pour-friture-de-carton","7":"pa_apto-microondas-oui","8":"pa_biodegradable-compostable-oui","9":"pa_color-grafica-avana-fr","10":"pa_color-grafica-personnalise","11":"pa_material-carton-fr","13":"first","14":"instock","15":"taxable","16":"shipping-taxable","17":"purchasable","18":"product-type-variable"},"acf":[],"_links":{"self":[{"href":"https:\/\/graphired.com\/fr\/wp-json\/wp\/v2\/product\/15180","targetHints":{"allow":["GET"]}}],"collection":[{"href":"https:\/\/graphired.com\/fr\/wp-json\/wp\/v2\/product"}],"about":[{"href":"https:\/\/graphired.com\/fr\/wp-json\/wp\/v2\/types\/product"}],"version-history":[{"count":0,"href":"https:\/\/graphired.com\/fr\/wp-json\/wp\/v2\/product\/15180\/revisions"}],"wp:featuredmedia":[{"embeddable":true,"href":"https:\/\/graphired.com\/fr\/wp-json\/wp\/v2\/media\/15184"}],"wp:attachment":[{"href":"https:\/\/graphired.com\/fr\/wp-json\/wp\/v2\/media?parent=15180"}],"wp:term":[{"taxonomy":"product_brand","embeddable":true,"href":"https:\/\/graphired.com\/fr\/wp-json\/wp\/v2\/product_brand?post=15180"},{"taxonomy":"product_cat","embeddable":true,"href":"https:\/\/graphired.com\/fr\/wp-json\/wp\/v2\/product_cat?post=15180"},{"taxonomy":"product_tag","embeddable":true,"href":"https:\/\/graphired.com\/fr\/wp-json\/wp\/v2\/product_tag?post=15180"}],"curies":[{"name":"wp","href":"https:\/\/api.w.org\/{rel}","templated":true}]}}