{"id":15102,"date":"2023-08-29T07:28:40","date_gmt":"2023-08-29T07:28:40","guid":{"rendered":"https:\/\/graphired.com\/producto\/nouilles-a-emporter-750ml-430-pcs-gobelet-en-carton-avec-fermeture\/"},"modified":"2024-04-25T09:06:00","modified_gmt":"2024-04-25T09:06:00","slug":"nouilles-a-emporter-750ml-430-pcs-gobelet-en-carton-avec-fermeture","status":"publish","type":"product","link":"https:\/\/graphired.com\/fr\/produit\/nouilles-a-emporter-750ml-430-pcs-gobelet-en-carton-avec-fermeture\/","title":{"rendered":"Take Away Noodles 750ml &#8211; 430 pcs &#8211; Gobelet en carton avec fermeture"},"content":{"rendered":"<p>Emballage en carton id\u00e9al pour la vente \u00e0 emporter. Avec rev\u00eatement interne pour la protection des aliments. Fermeture par le haut pour contenir les aliments pendant le transport. Empilable.<\/p>\n<p>\ud83c\udf54 Carton polyvalent pour tous les types d&rsquo;aliments, m\u00eame avec des sauces.<\/p>\n<p>\ud83d\udca7 Etanche avec un lamin\u00e9 int\u00e9rieur pour \u00e9viter les fuites.<\/p>\n<p>\ud83d\udd12 Verrouillage de s\u00e9curit\u00e9 pour pr\u00e9server la fra\u00eecheur et la s\u00e9curit\u00e9 des aliments pendant le transport.<\/p>\n<p>\ud83d\udd25 Sp\u00e9cialement con\u00e7u pour les repas chauds.<\/p>\n<p>\ud83c\udf7d\ufe0f Convient aux micro-ondes, ce qui permet de chauffer facilement les aliments.<\/p>\n<p>\ud83d\udcaa Extra robuste pour r\u00e9sister \u00e0 diverses conditions alimentaires et de manipulation.<\/p>\n<p>En r\u00e9sum\u00e9, cet emballage carton offre praticit\u00e9 et s\u00e9curit\u00e9 pour le transport des aliments, gr\u00e2ce \u00e0 des caract\u00e9ristiques telles que l&rsquo;\u00e9tanch\u00e9it\u00e9 \u00e0 l&rsquo;air, la fermeture s\u00e9curis\u00e9e et une r\u00e9sistance accrue, et convient \u00e0 une large gamme d&rsquo;aliments, y compris les options chaudes et celles qui doivent \u00eatre r\u00e9chauff\u00e9es au micro-ondes.<\/p>\n","protected":false},"excerpt":{"rendered":"<p>Emballage en carton id\u00e9al pour la vente \u00e0 emporter. Avec rev\u00eatement interne pour la protection des aliments. Fermeture par le haut pour contenir les aliments pendant le transport. Empilable.<\/p>\n<p>\ud83c\udf54 Carton polyvalent pour tous les types d&rsquo;aliments, m\u00eame avec des sauces.<\/p>\n<p>\ud83d\udca7 Etanche avec un lamin\u00e9 int\u00e9rieur pour \u00e9viter les fuites.<\/p>\n<p>\ud83d\udd12 Verrouillage de s\u00e9curit\u00e9 pour pr\u00e9server la fra\u00eecheur et la s\u00e9curit\u00e9 des aliments pendant le transport.<\/p>\n<p>\ud83d\udd25 Sp\u00e9cialement con\u00e7u pour les repas chauds.<\/p>\n<p>\ud83c\udf7d\ufe0f Convient aux micro-ondes, ce qui permet de chauffer facilement les aliments.<\/p>\n<p>\ud83d\udcaa Extra robuste pour r\u00e9sister \u00e0 diverses conditions alimentaires et de manipulation.<\/p>\n<p>En r\u00e9sum\u00e9, cet emballage carton offre praticit\u00e9 et s\u00e9curit\u00e9 pour le transport des aliments, gr\u00e2ce \u00e0 des caract\u00e9ristiques telles que l&rsquo;\u00e9tanch\u00e9it\u00e9 \u00e0 l&rsquo;air, la fermeture s\u00e9curis\u00e9e et une r\u00e9sistance accrue, et convient \u00e0 une large gamme d&rsquo;aliments, y compris les options chaudes et celles qui doivent \u00eatre r\u00e9chauff\u00e9es au micro-ondes.<\/p>\n","protected":false},"featured_media":15127,"template":"","meta":{"_acf_changed":false},"product_brand":[],"product_cat":[1801],"product_tag":[],"class_list":{"0":"post-15102","1":"product","2":"type-product","3":"status-publish","4":"has-post-thumbnail","6":"product_cat-pot-pour-nouille","7":"pa_apto-microondas-oui","8":"pa_biodegradable-compostable-non","9":"pa_color-grafica-avana-fr","10":"pa_color-grafica-personnalise","11":"pa_material-carton-fr","13":"first","14":"instock","15":"taxable","16":"shipping-taxable","17":"purchasable","18":"product-type-variable"},"acf":[],"_links":{"self":[{"href":"https:\/\/graphired.com\/fr\/wp-json\/wp\/v2\/product\/15102","targetHints":{"allow":["GET"]}}],"collection":[{"href":"https:\/\/graphired.com\/fr\/wp-json\/wp\/v2\/product"}],"about":[{"href":"https:\/\/graphired.com\/fr\/wp-json\/wp\/v2\/types\/product"}],"version-history":[{"count":0,"href":"https:\/\/graphired.com\/fr\/wp-json\/wp\/v2\/product\/15102\/revisions"}],"wp:featuredmedia":[{"embeddable":true,"href":"https:\/\/graphired.com\/fr\/wp-json\/wp\/v2\/media\/15127"}],"wp:attachment":[{"href":"https:\/\/graphired.com\/fr\/wp-json\/wp\/v2\/media?parent=15102"}],"wp:term":[{"taxonomy":"product_brand","embeddable":true,"href":"https:\/\/graphired.com\/fr\/wp-json\/wp\/v2\/product_brand?post=15102"},{"taxonomy":"product_cat","embeddable":true,"href":"https:\/\/graphired.com\/fr\/wp-json\/wp\/v2\/product_cat?post=15102"},{"taxonomy":"product_tag","embeddable":true,"href":"https:\/\/graphired.com\/fr\/wp-json\/wp\/v2\/product_tag?post=15102"}],"curies":[{"name":"wp","href":"https:\/\/api.w.org\/{rel}","templated":true}]}}