{"id":15087,"date":"2023-08-29T08:30:13","date_gmt":"2023-08-29T08:30:13","guid":{"rendered":"https:\/\/graphired.com\/producto\/saladier-en-carton-800ml-500-pcs-sans-couvercle\/"},"modified":"2024-04-25T09:07:22","modified_gmt":"2024-04-25T09:07:22","slug":"saladier-en-carton-800ml-500-pcs-sans-couvercle","status":"publish","type":"product","link":"https:\/\/graphired.com\/fr\/produit\/saladier-en-carton-800ml-500-pcs-sans-couvercle\/","title":{"rendered":"Pot \u00e0 salade\/poisson en carton 800ml &#8211; 500 pi\u00e8ces (sans couvercle)."},"content":{"rendered":"<p>Emballage en carton id\u00e9al pour la vente \u00e0 emporter. Avec rev\u00eatement interne pour la protection des aliments. Couvercles en plastique non inclus.<\/p>\n<p>\ud83c\udf54 Carton polyvalent pour tous les types d&rsquo;aliments tels que les salades, le poulet ou les fritures, m\u00eame avec des sauces.<\/p>\n<p>\ud83d\udca7 Etanche avec un lamin\u00e9 int\u00e9rieur pour \u00e9viter les fuites.<\/p>\n<p>\ud83d\udd25 Sp\u00e9cialement con\u00e7u pour les repas chauds.<\/p>\n<p>\ud83c\udf7d\ufe0f Convient aux micro-ondes, ce qui permet de chauffer facilement les aliments.<\/p>\n<p>\ud83d\udcaa Extra robuste pour r\u00e9sister \u00e0 diverses conditions alimentaires et de manipulation.<\/p>\n<p>En r\u00e9sum\u00e9, cet emballage carton offre praticit\u00e9 et s\u00e9curit\u00e9 pour le transport des aliments, avec des caract\u00e9ristiques telles que l&rsquo;\u00e9tanch\u00e9it\u00e9 et une r\u00e9sistance accrue, et convient \u00e0 une large gamme d&rsquo;aliments, y compris les options chaudes et celles n\u00e9cessitant un chauffage au micro-ondes.<\/p>\n","protected":false},"excerpt":{"rendered":"<p>Emballage en carton id\u00e9al pour la vente \u00e0 emporter. Avec rev\u00eatement interne pour la protection des aliments. Couvercles en plastique non inclus.<\/p>\n<p>\ud83c\udf54 Carton polyvalent pour tous les types d&rsquo;aliments tels que les salades, le poulet ou les fritures, m\u00eame avec des sauces.<\/p>\n<p>\ud83d\udca7 Etanche avec un lamin\u00e9 int\u00e9rieur pour \u00e9viter les fuites.<\/p>\n<p>\ud83d\udd25 Sp\u00e9cialement con\u00e7u pour les repas chauds.<\/p>\n<p>\ud83c\udf7d\ufe0f Convient aux micro-ondes, ce qui permet de chauffer facilement les aliments.<\/p>\n<p>\ud83d\udcaa Extra robuste pour r\u00e9sister \u00e0 diverses conditions alimentaires et de manipulation.<\/p>\n<p>En r\u00e9sum\u00e9, cet emballage carton offre praticit\u00e9 et s\u00e9curit\u00e9 pour le transport des aliments, avec des caract\u00e9ristiques telles que l&rsquo;\u00e9tanch\u00e9it\u00e9 et une r\u00e9sistance accrue, et convient \u00e0 une large gamme d&rsquo;aliments, y compris les options chaudes et celles n\u00e9cessitant un chauffage au micro-ondes.<\/p>\n","protected":false},"featured_media":15134,"template":"","meta":{"_acf_changed":false},"product_brand":[],"product_cat":[1648],"product_tag":[],"class_list":{"0":"post-15087","1":"product","2":"type-product","3":"status-publish","4":"has-post-thumbnail","6":"product_cat-bol-poke-saladier","7":"pa_apto-microondas-oui","8":"pa_biodegradable-compostable-non","9":"pa_color-grafica-avana-fr","10":"pa_color-grafica-personnalise","11":"pa_material-carton-fr","12":"pa_recipiente-compatible-saladier-s80","14":"first","15":"instock","16":"taxable","17":"shipping-taxable","18":"purchasable","19":"product-type-variable"},"acf":[],"_links":{"self":[{"href":"https:\/\/graphired.com\/fr\/wp-json\/wp\/v2\/product\/15087","targetHints":{"allow":["GET"]}}],"collection":[{"href":"https:\/\/graphired.com\/fr\/wp-json\/wp\/v2\/product"}],"about":[{"href":"https:\/\/graphired.com\/fr\/wp-json\/wp\/v2\/types\/product"}],"version-history":[{"count":0,"href":"https:\/\/graphired.com\/fr\/wp-json\/wp\/v2\/product\/15087\/revisions"}],"wp:featuredmedia":[{"embeddable":true,"href":"https:\/\/graphired.com\/fr\/wp-json\/wp\/v2\/media\/15134"}],"wp:attachment":[{"href":"https:\/\/graphired.com\/fr\/wp-json\/wp\/v2\/media?parent=15087"}],"wp:term":[{"taxonomy":"product_brand","embeddable":true,"href":"https:\/\/graphired.com\/fr\/wp-json\/wp\/v2\/product_brand?post=15087"},{"taxonomy":"product_cat","embeddable":true,"href":"https:\/\/graphired.com\/fr\/wp-json\/wp\/v2\/product_cat?post=15087"},{"taxonomy":"product_tag","embeddable":true,"href":"https:\/\/graphired.com\/fr\/wp-json\/wp\/v2\/product_tag?post=15087"}],"curies":[{"name":"wp","href":"https:\/\/api.w.org\/{rel}","templated":true}]}}