{"id":15012,"date":"2023-09-13T13:16:37","date_gmt":"2023-09-13T13:16:37","guid":{"rendered":"https:\/\/graphired.com\/producto\/melangeur-diamant-en-plastique-differentes-couleurs-500-pcs\/"},"modified":"2024-08-22T16:57:16","modified_gmt":"2024-08-22T16:57:16","slug":"melangeur-diamant-en-plastique-differentes-couleurs-500-pcs","status":"publish","type":"product","link":"https:\/\/graphired.com\/fr\/produit\/melangeur-diamant-en-plastique-differentes-couleurs-500-pcs\/","title":{"rendered":"M\u00e9langeur diamant en plastique Diff\u00e9rentes couleurs &#8211; 500 pcs."},"content":{"rendered":"<p>\ud83d\udd37 <strong>M\u00e9langeur en plastique de style diamant en diff\u00e9rentes couleurs<\/strong>: Avec 500 unit\u00e9s de ces m\u00e9langeurs, il n&rsquo;a jamais \u00e9t\u00e9 aussi facile d&rsquo;ajouter une touche de glamour et de cr\u00e9ativit\u00e9 \u00e0 vos boissons. Ces m\u00e9langeurs sont disponibles dans une vari\u00e9t\u00e9 de couleurs, ce qui vous permet de les assortir parfaitement au th\u00e8me de votre \u00e9v\u00e9nement ou de votre f\u00eate. \ud83c\udf79 Que vous organisiez une f\u00eate, un \u00e9v\u00e9nement sp\u00e9cial ou que vous souhaitiez simplement d\u00e9guster une boisson unique \u00e0 la maison, ces m\u00e9langeurs diamant\u00e9s en plastique constituent un choix fantastique. Son design \u00e9l\u00e9gant et moderne se distingue dans toutes les boissons, qu&rsquo;il s&rsquo;agisse de cocktails ou de boissons non alcoolis\u00e9es. \ud83c\udf08 Outre leur aspect remarquable, ces mixeurs sont pratiques. Sa forme de diamant permet de m\u00e9langer et d&rsquo;agiter facilement vos boissons pr\u00e9f\u00e9r\u00e9es. Vous n&rsquo;avez plus \u00e0 vous soucier des mixeurs fragiles qui se cassent facilement. \ud83c\udf1f Il n&rsquo;a jamais \u00e9t\u00e9 aussi facile d&rsquo;ajouter une touche de style et de plaisir \u00e0 vos boissons. Que ce soit \u00e0 la maison ou dans un bar, ces m\u00e9langeurs diamant\u00e9s en plastique sont le choix id\u00e9al pour rehausser la pr\u00e9sentation de vos boissons et \u00e9pater vos invit\u00e9s. En bref, l&rsquo;ensemble de <strong>m\u00e9langeurs en plastique Diamond Style de diff\u00e9rentes couleurs<\/strong> est un moyen simple et efficace d&rsquo;ajouter une touche d&rsquo;\u00e9l\u00e9gance et d&rsquo;amusement \u00e0 vos boissons. Parfaites pour toutes les occasions, elles vous permettent de cr\u00e9er facilement des boissons impressionnantes. \ud83c\udf79\ud83c\udf08\ud83c\udf1f<\/p>\n","protected":false},"excerpt":{"rendered":"<p>\ud83d\udd37 <strong>M\u00e9langeur en plastique de style diamant en diff\u00e9rentes couleurs<\/strong>: Avec 500 unit\u00e9s de ces m\u00e9langeurs, il n&rsquo;a jamais \u00e9t\u00e9 aussi facile d&rsquo;ajouter une touche de glamour et de cr\u00e9ativit\u00e9 \u00e0 vos boissons. Ces m\u00e9langeurs sont disponibles dans une vari\u00e9t\u00e9 de couleurs, ce qui vous permet de les assortir parfaitement au th\u00e8me de votre \u00e9v\u00e9nement ou de votre f\u00eate. \ud83c\udf79 Que vous organisiez une f\u00eate, un \u00e9v\u00e9nement sp\u00e9cial ou que vous souhaitiez simplement d\u00e9guster une boisson unique \u00e0 la maison, ces m\u00e9langeurs diamant\u00e9s en plastique constituent un choix fantastique. Son design \u00e9l\u00e9gant et moderne se distingue dans toutes les boissons, qu&rsquo;il s&rsquo;agisse de cocktails ou de boissons non alcoolis\u00e9es. \ud83c\udf08 Outre leur aspect remarquable, ces mixeurs sont pratiques. Sa forme de diamant permet de m\u00e9langer et d&rsquo;agiter facilement vos boissons pr\u00e9f\u00e9r\u00e9es. Vous n&rsquo;avez plus \u00e0 vous soucier des mixeurs fragiles qui se cassent facilement. \ud83c\udf1f Il n&rsquo;a jamais \u00e9t\u00e9 aussi facile d&rsquo;ajouter une touche de style et de plaisir \u00e0 vos boissons. Que ce soit \u00e0 la maison ou dans un bar, ces m\u00e9langeurs diamant\u00e9s en plastique sont le choix id\u00e9al pour rehausser la pr\u00e9sentation de vos boissons et \u00e9pater vos invit\u00e9s. En bref, l&rsquo;ensemble de <strong>m\u00e9langeurs en plastique Diamond Style de diff\u00e9rentes couleurs<\/strong> est un moyen simple et efficace d&rsquo;ajouter une touche d&rsquo;\u00e9l\u00e9gance et d&rsquo;amusement \u00e0 vos boissons. Parfaites pour toutes les occasions, elles vous permettent de cr\u00e9er facilement des boissons impressionnantes. \ud83c\udf79\ud83c\udf08\ud83c\udf1f<\/p>\n","protected":false},"featured_media":15013,"template":"","meta":{"_acf_changed":false},"product_brand":[],"product_cat":[1789,1561],"product_tag":[1728],"class_list":{"0":"post-15012","1":"product","2":"type-product","3":"status-publish","4":"has-post-thumbnail","6":"product_cat-mixer-fr","7":"product_cat-outlet-fr","8":"product_tag-outlet-fr","9":"pa_apto-microondas-non","10":"pa_biodegradable-compostable-non","11":"pa_color-grafica-assortiment-multicolore","12":"pa_material-plastique","14":"first","15":"instock","16":"sale","17":"taxable","18":"shipping-taxable","19":"purchasable","20":"product-type-simple"},"acf":[],"_links":{"self":[{"href":"https:\/\/graphired.com\/fr\/wp-json\/wp\/v2\/product\/15012","targetHints":{"allow":["GET"]}}],"collection":[{"href":"https:\/\/graphired.com\/fr\/wp-json\/wp\/v2\/product"}],"about":[{"href":"https:\/\/graphired.com\/fr\/wp-json\/wp\/v2\/types\/product"}],"version-history":[{"count":0,"href":"https:\/\/graphired.com\/fr\/wp-json\/wp\/v2\/product\/15012\/revisions"}],"wp:featuredmedia":[{"embeddable":true,"href":"https:\/\/graphired.com\/fr\/wp-json\/wp\/v2\/media\/15013"}],"wp:attachment":[{"href":"https:\/\/graphired.com\/fr\/wp-json\/wp\/v2\/media?parent=15012"}],"wp:term":[{"taxonomy":"product_brand","embeddable":true,"href":"https:\/\/graphired.com\/fr\/wp-json\/wp\/v2\/product_brand?post=15012"},{"taxonomy":"product_cat","embeddable":true,"href":"https:\/\/graphired.com\/fr\/wp-json\/wp\/v2\/product_cat?post=15012"},{"taxonomy":"product_tag","embeddable":true,"href":"https:\/\/graphired.com\/fr\/wp-json\/wp\/v2\/product_tag?post=15012"}],"curies":[{"name":"wp","href":"https:\/\/api.w.org\/{rel}","templated":true}]}}