{"id":15009,"date":"2023-09-14T06:19:54","date_gmt":"2023-09-14T06:19:54","guid":{"rendered":"https:\/\/graphired.com\/producto\/couteau-compostable-mater-bi-200-pieces\/"},"modified":"2024-04-25T09:08:05","modified_gmt":"2024-04-25T09:08:05","slug":"couteau-compostable-mater-bi-200-pieces","status":"publish","type":"product","link":"https:\/\/graphired.com\/fr\/produit\/couteau-compostable-mater-bi-200-pieces\/","title":{"rendered":"Couteau compostable Mater-BI &#8211; 200 pi\u00e8ces"},"content":{"rendered":"<p>Couteau semi-rigide en biopolym\u00e8re r\u00e9utilisable et compostable.<\/p>\n","protected":false},"excerpt":{"rendered":"<p>Couteau semi-rigide en biopolym\u00e8re r\u00e9utilisable et compostable.<\/p>\n","protected":false},"featured_media":15011,"template":"","meta":{"_acf_changed":false},"product_brand":[],"product_cat":[1561],"product_tag":[1728],"class_list":{"0":"post-15009","1":"product","2":"type-product","3":"status-publish","4":"has-post-thumbnail","6":"product_cat-outlet-fr","7":"product_tag-outlet-fr","8":"pa_apto-microondas-non","9":"pa_biodegradable-compostable-oui","10":"pa_color-grafica-nature-fr","11":"pa_material-biopolymere-reutilisable","13":"first","14":"instock","15":"sale","16":"taxable","17":"shipping-taxable","18":"purchasable","19":"product-type-simple"},"acf":[],"_links":{"self":[{"href":"https:\/\/graphired.com\/fr\/wp-json\/wp\/v2\/product\/15009","targetHints":{"allow":["GET"]}}],"collection":[{"href":"https:\/\/graphired.com\/fr\/wp-json\/wp\/v2\/product"}],"about":[{"href":"https:\/\/graphired.com\/fr\/wp-json\/wp\/v2\/types\/product"}],"version-history":[{"count":0,"href":"https:\/\/graphired.com\/fr\/wp-json\/wp\/v2\/product\/15009\/revisions"}],"wp:featuredmedia":[{"embeddable":true,"href":"https:\/\/graphired.com\/fr\/wp-json\/wp\/v2\/media\/15011"}],"wp:attachment":[{"href":"https:\/\/graphired.com\/fr\/wp-json\/wp\/v2\/media?parent=15009"}],"wp:term":[{"taxonomy":"product_brand","embeddable":true,"href":"https:\/\/graphired.com\/fr\/wp-json\/wp\/v2\/product_brand?post=15009"},{"taxonomy":"product_cat","embeddable":true,"href":"https:\/\/graphired.com\/fr\/wp-json\/wp\/v2\/product_cat?post=15009"},{"taxonomy":"product_tag","embeddable":true,"href":"https:\/\/graphired.com\/fr\/wp-json\/wp\/v2\/product_tag?post=15009"}],"curies":[{"name":"wp","href":"https:\/\/api.w.org\/{rel}","templated":true}]}}