{"id":15006,"date":"2023-09-14T08:11:02","date_gmt":"2023-09-14T08:11:02","guid":{"rendered":"https:\/\/graphired.com\/producto\/pp-clear-cup-375ml126oz-1000-pcs\/"},"modified":"2024-08-22T16:48:13","modified_gmt":"2024-08-22T16:48:13","slug":"pp-clear-cup-375ml126oz-1000-pcs","status":"publish","type":"product","link":"https:\/\/graphired.com\/fr\/produit\/pp-clear-cup-375ml126oz-1000-pcs\/","title":{"rendered":"Gobelet transparent en PP 375ml|12,6oz &#8211; 1000 pcs."},"content":{"rendered":"<p>Robuste et polyvalent, ce Gobelet est le choix parfait pour une vari\u00e9t\u00e9 d&rsquo;occasions. \ud83d\udcaa \ud83c\udf89 Id\u00e9al pour les c\u00e9l\u00e9brations et les f\u00eates, sa durabilit\u00e9 permet de s&rsquo;assurer qu&rsquo;aucun invit\u00e9 ne se passe de sa boisson. \ud83c\udf8a \ud83d\udd04 Sa polyvalence le rend adapt\u00e9 aux r\u00e9unions de famille, aux \u00e9v\u00e9nements d&rsquo;entreprise ou \u00e0 tout \u00e9v\u00e9nement n\u00e9cessitant un gobelet robuste. De plus, sa conception \u00e0 usage unique simplifie le nettoyage et r\u00e9duit la logistique. \ud83d\udd04 En bref, le Gobelet en polypropyl\u00e8ne incassable de 200 ml est un choix fiable et pratique, parfait pour les r\u00e9ceptions comme pour les environnements professionnels exigeants. il apporte confort et s\u00e9curit\u00e9 en toute occasion ! \ud83c\udf1f<\/p>\n","protected":false},"excerpt":{"rendered":"<p>Robuste et polyvalent, ce Gobelet est le choix parfait pour une vari\u00e9t\u00e9 d&rsquo;occasions. \ud83d\udcaa \ud83c\udf89 Id\u00e9al pour les c\u00e9l\u00e9brations et les f\u00eates, sa durabilit\u00e9 permet de s&rsquo;assurer qu&rsquo;aucun invit\u00e9 ne se passe de sa boisson. \ud83c\udf8a \ud83d\udd04 Sa polyvalence le rend adapt\u00e9 aux r\u00e9unions de famille, aux \u00e9v\u00e9nements d&rsquo;entreprise ou \u00e0 tout \u00e9v\u00e9nement n\u00e9cessitant un gobelet robuste. De plus, sa conception \u00e0 usage unique simplifie le nettoyage et r\u00e9duit la logistique. \ud83d\udd04 En bref, le Gobelet en polypropyl\u00e8ne incassable de 200 ml est un choix fiable et pratique, parfait pour les r\u00e9ceptions comme pour les environnements professionnels exigeants. il apporte confort et s\u00e9curit\u00e9 en toute occasion ! \ud83c\udf1f<\/p>\n","protected":false},"featured_media":15008,"template":"","meta":{"_acf_changed":false},"product_brand":[],"product_cat":[1768,1561],"product_tag":[1728],"class_list":{"0":"post-15006","1":"product","2":"type-product","3":"status-publish","4":"has-post-thumbnail","6":"product_cat-autres-gobelets-en-plastique","7":"product_cat-outlet-fr","8":"product_tag-outlet-fr","9":"pa_apto-microondas-non","10":"pa_biodegradable-compostable-non","11":"pa_color-grafica-transparent-fr","12":"pa_material-pp-fr","13":"pa_recipiente-compatible-gobelet-pp-375ml-126oz","15":"first","16":"instock","17":"sale","18":"taxable","19":"shipping-taxable","20":"purchasable","21":"product-type-simple"},"acf":[],"_links":{"self":[{"href":"https:\/\/graphired.com\/fr\/wp-json\/wp\/v2\/product\/15006","targetHints":{"allow":["GET"]}}],"collection":[{"href":"https:\/\/graphired.com\/fr\/wp-json\/wp\/v2\/product"}],"about":[{"href":"https:\/\/graphired.com\/fr\/wp-json\/wp\/v2\/types\/product"}],"version-history":[{"count":0,"href":"https:\/\/graphired.com\/fr\/wp-json\/wp\/v2\/product\/15006\/revisions"}],"wp:featuredmedia":[{"embeddable":true,"href":"https:\/\/graphired.com\/fr\/wp-json\/wp\/v2\/media\/15008"}],"wp:attachment":[{"href":"https:\/\/graphired.com\/fr\/wp-json\/wp\/v2\/media?parent=15006"}],"wp:term":[{"taxonomy":"product_brand","embeddable":true,"href":"https:\/\/graphired.com\/fr\/wp-json\/wp\/v2\/product_brand?post=15006"},{"taxonomy":"product_cat","embeddable":true,"href":"https:\/\/graphired.com\/fr\/wp-json\/wp\/v2\/product_cat?post=15006"},{"taxonomy":"product_tag","embeddable":true,"href":"https:\/\/graphired.com\/fr\/wp-json\/wp\/v2\/product_tag?post=15006"}],"curies":[{"name":"wp","href":"https:\/\/api.w.org\/{rel}","templated":true}]}}