{"id":15003,"date":"2023-09-15T07:03:56","date_gmt":"2023-09-15T07:03:56","guid":{"rendered":"https:\/\/graphired.com\/producto\/ps-crystal-clear-glass-cup-250ml84oz-1000-pcs\/"},"modified":"2024-08-22T16:47:10","modified_gmt":"2024-08-22T16:47:10","slug":"ps-crystal-clear-glass-cup-250ml84oz-1000-pcs","status":"publish","type":"product","link":"https:\/\/graphired.com\/fr\/produit\/ps-crystal-clear-glass-cup-250ml84oz-1000-pcs\/","title":{"rendered":"Gobelet en verre cristallin PS 250ml|8,4oz &#8211; 1000 pcs."},"content":{"rendered":"<p>\ud83e\udd64 Style \u00e9l\u00e9gant : Le gobelet en verre polystyr\u00e8ne de 250 ml pr\u00e9sente un design cristallin qui apporte une touche d&rsquo;\u00e9l\u00e9gance \u00e0 vos \u00e9v\u00e9nements et c\u00e9l\u00e9brations. \ud83c\udf89 Id\u00e9al pour les c\u00e9l\u00e9brations : C&rsquo;est le choix parfait pour les f\u00eates, les \u00e9v\u00e9nements, les mariages, les r\u00e9unions de famille et autres occasions sp\u00e9ciales, o\u00f9 vous souhaitez servir des boissons de mani\u00e8re sophistiqu\u00e9e. \ud83d\udca7 Capacit\u00e9 g\u00e9n\u00e9reuse : avec une capacit\u00e9 de 250 ml, ce gobelet convient \u00e0 une grande vari\u00e9t\u00e9 de boissons, des boissons gazeuses aux cocktails. \ud83c\udf1f Monouso Pratique : Comme il s&rsquo;agit d&rsquo;un produit jetable, vous n&rsquo;aurez pas \u00e0 vous soucier du nettoyage apr\u00e8s l&rsquo;\u00e9v\u00e9nement, ce qui facilite la gestion des c\u00e9l\u00e9brations. Polyvalence : vous pouvez servir un large \u00e9ventail de boissons dans ce verre, ce qui en fait une option polyvalente adapt\u00e9e aux pr\u00e9f\u00e9rences de vos invit\u00e9s. \ud83c\udf32 Respectueux de l&rsquo;environnement : Bien que jetables, certains gobelets en polystyr\u00e8ne peuvent \u00eatre recycl\u00e9s, ce qui contribue au d\u00e9veloppement durable. \ud83c\udf1e Clart\u00e9 et brillance : Le design transparent et brillant du gobelet en verre polystyr\u00e8ne conf\u00e8re un aspect sophistiqu\u00e9 \u00e0 vos boissons et \u00e0 vos tables. Nettoyage facile : Gr\u00e2ce \u00e0 leur nature jetable, vous n&rsquo;aurez pas \u00e0 vous soucier de les laver apr\u00e8s l&rsquo;\u00e9v\u00e9nement, ce qui permet d&rsquo;\u00e9conomiser du temps et des efforts. \ud83e\udd42 Pr\u00e9sentation \u00e9tonnante : Ces verres am\u00e9liorent la pr\u00e9sentation de vos boissons et ajoutent une touche de glamour \u00e0 votre occasion sp\u00e9ciale. \ud83c\udfe1 Utilisation \u00e0 la maison ou lors d&rsquo;\u00e9v\u00e9nements : Ils conviennent \u00e0 la fois aux \u00e9v\u00e9nements formels et informels, et peuvent \u00e9galement \u00eatre utilis\u00e9s \u00e0 la maison pour des occasions sp\u00e9ciales. Avec le Gobelet en verre polystyr\u00e8ne de 250 ml, tes c\u00e9l\u00e9brations sont \u00e9lev\u00e9es \u00e0 un autre niveau avec une touche d&rsquo;\u00e9l\u00e9gance et de confort. Offrez \u00e0 vos invit\u00e9s une exp\u00e9rience inoubliable ! \ud83c\udf1f\ud83e\udd64\ud83c\udf89<\/p>\n","protected":false},"excerpt":{"rendered":"<p>\ud83e\udd64 Style \u00e9l\u00e9gant : Le gobelet en verre polystyr\u00e8ne de 250 ml pr\u00e9sente un design cristallin qui apporte une touche d&rsquo;\u00e9l\u00e9gance \u00e0 vos \u00e9v\u00e9nements et c\u00e9l\u00e9brations. \ud83c\udf89 Id\u00e9al pour les c\u00e9l\u00e9brations : C&rsquo;est le choix parfait pour les f\u00eates, les \u00e9v\u00e9nements, les mariages, les r\u00e9unions de famille et autres occasions sp\u00e9ciales, o\u00f9 vous souhaitez servir des boissons de mani\u00e8re sophistiqu\u00e9e. \ud83d\udca7 Capacit\u00e9 g\u00e9n\u00e9reuse : avec une capacit\u00e9 de 250 ml, ce gobelet convient \u00e0 une grande vari\u00e9t\u00e9 de boissons, des boissons gazeuses aux cocktails. \ud83c\udf1f Monouso Pratique : Comme il s&rsquo;agit d&rsquo;un produit jetable, vous n&rsquo;aurez pas \u00e0 vous soucier du nettoyage apr\u00e8s l&rsquo;\u00e9v\u00e9nement, ce qui facilite la gestion des c\u00e9l\u00e9brations. Polyvalence : vous pouvez servir un large \u00e9ventail de boissons dans ce verre, ce qui en fait une option polyvalente adapt\u00e9e aux pr\u00e9f\u00e9rences de vos invit\u00e9s. \ud83c\udf32 Respectueux de l&rsquo;environnement : Bien que jetables, certains gobelets en polystyr\u00e8ne peuvent \u00eatre recycl\u00e9s, ce qui contribue au d\u00e9veloppement durable. \ud83c\udf1e Clart\u00e9 et brillance : Le design transparent et brillant du gobelet en verre polystyr\u00e8ne conf\u00e8re un aspect sophistiqu\u00e9 \u00e0 vos boissons et \u00e0 vos tables. Nettoyage facile : Gr\u00e2ce \u00e0 leur nature jetable, vous n&rsquo;aurez pas \u00e0 vous soucier de les laver apr\u00e8s l&rsquo;\u00e9v\u00e9nement, ce qui permet d&rsquo;\u00e9conomiser du temps et des efforts. \ud83e\udd42 Pr\u00e9sentation \u00e9tonnante : Ces verres am\u00e9liorent la pr\u00e9sentation de vos boissons et ajoutent une touche de glamour \u00e0 votre occasion sp\u00e9ciale. \ud83c\udfe1 Utilisation \u00e0 la maison ou lors d&rsquo;\u00e9v\u00e9nements : Ils conviennent \u00e0 la fois aux \u00e9v\u00e9nements formels et informels, et peuvent \u00e9galement \u00eatre utilis\u00e9s \u00e0 la maison pour des occasions sp\u00e9ciales. Avec le Gobelet en verre polystyr\u00e8ne de 250 ml, tes c\u00e9l\u00e9brations sont \u00e9lev\u00e9es \u00e0 un autre niveau avec une touche d&rsquo;\u00e9l\u00e9gance et de confort. Offrez \u00e0 vos invit\u00e9s une exp\u00e9rience inoubliable ! \ud83c\udf1f\ud83e\udd64\ud83c\udf89<\/p>\n","protected":false},"featured_media":15005,"template":"","meta":{"_acf_changed":false},"product_brand":[],"product_cat":[1768,1561],"product_tag":[1728],"class_list":{"0":"post-15003","1":"product","2":"type-product","3":"status-publish","4":"has-post-thumbnail","6":"product_cat-autres-gobelets-en-plastique","7":"product_cat-outlet-fr","8":"product_tag-outlet-fr","9":"pa_apto-microondas-non","10":"pa_biodegradable-compostable-non","11":"pa_color-grafica-transparent-fr","12":"pa_material-ps-crystal-fr","13":"pa_recipiente-compatible-gobelet-ps-250ml","15":"first","16":"instock","17":"sale","18":"taxable","19":"shipping-taxable","20":"purchasable","21":"product-type-simple"},"acf":[],"_links":{"self":[{"href":"https:\/\/graphired.com\/fr\/wp-json\/wp\/v2\/product\/15003","targetHints":{"allow":["GET"]}}],"collection":[{"href":"https:\/\/graphired.com\/fr\/wp-json\/wp\/v2\/product"}],"about":[{"href":"https:\/\/graphired.com\/fr\/wp-json\/wp\/v2\/types\/product"}],"version-history":[{"count":0,"href":"https:\/\/graphired.com\/fr\/wp-json\/wp\/v2\/product\/15003\/revisions"}],"wp:featuredmedia":[{"embeddable":true,"href":"https:\/\/graphired.com\/fr\/wp-json\/wp\/v2\/media\/15005"}],"wp:attachment":[{"href":"https:\/\/graphired.com\/fr\/wp-json\/wp\/v2\/media?parent=15003"}],"wp:term":[{"taxonomy":"product_brand","embeddable":true,"href":"https:\/\/graphired.com\/fr\/wp-json\/wp\/v2\/product_brand?post=15003"},{"taxonomy":"product_cat","embeddable":true,"href":"https:\/\/graphired.com\/fr\/wp-json\/wp\/v2\/product_cat?post=15003"},{"taxonomy":"product_tag","embeddable":true,"href":"https:\/\/graphired.com\/fr\/wp-json\/wp\/v2\/product_tag?post=15003"}],"curies":[{"name":"wp","href":"https:\/\/api.w.org\/{rel}","templated":true}]}}