{"id":14993,"date":"2023-08-29T12:16:10","date_gmt":"2023-08-29T12:16:10","guid":{"rendered":"https:\/\/graphired.com\/producto\/porte-pancakes-piadina-en-carton-plie-compostable-200-pcs\/"},"modified":"2024-06-12T11:04:01","modified_gmt":"2024-06-12T11:04:01","slug":"porte-pancakes-piadina-en-carton-plie-compostable-200-pcs","status":"publish","type":"product","link":"https:\/\/graphired.com\/fr\/produit\/porte-pancakes-piadina-en-carton-plie-compostable-200-pcs\/","title":{"rendered":"Porte-pancakes\/piadina en carton pli\u00e9 compostable &#8211; 200 pcs."},"content":{"rendered":"<p>\ud83e\udd5e\ud83d\udce6 <strong>Porte-cr\u00eapes \u00e9cologique<\/strong>: En carton 100 % biod\u00e9gradable et compostable, id\u00e9al pour les cr\u00eapes, pizzas ou piadina \u00e0 emporter.<\/p>\n<p><strong>Conception pli\u00e9e pratique<\/strong>: con\u00e7ue pour un transport sans \u00e9gouttement. L&rsquo;agr\u00e9ment du client est facile \u00e0 obtenir. Ne convient pas au four ou au micro-ondes.<\/p>\n<p>\ud83c\udf7d\ufe0f <strong>Polyvalence alimentaire<\/strong>: parfait pour les cr\u00eapes, la pizza ou la piadina. N&rsquo;affecte pas les saveurs. Utilisation responsable.<\/p>\n<p>\ud83c\udf3f <strong>Eco-Conscient<\/strong>: Fabriqu\u00e9 en carton 100% fibres vierges, durable et biod\u00e9gradable. R\u00e9duction des d\u00e9chets.<\/p>\n<p>\ud83c\udfa8 <strong>Personnalisation cr\u00e9ative<\/strong>: design standard ou personnalis\u00e9. Ajoutez votre touche \u00e0 une solution \u00e9cologique.<\/p>\n<p>\ud83d\ude80 <strong>Exp\u00e9dition rapide<\/strong>: Mod\u00e8les en stock pour une exp\u00e9dition imm\u00e9diate, pour un service sans attente.<\/p>\n<p>En bref, le <strong>Porta Crepes<\/strong> offre commodit\u00e9 et durabilit\u00e9. Savourez et transportez vos d\u00e9lices dans le respect de l&rsquo;environnement. \ud83e\udd5e\ud83d\udce6\ud83c\udfa8<\/p>\n","protected":false},"excerpt":{"rendered":"<p>\ud83e\udd5e\ud83d\udce6 <strong>Porte-cr\u00eapes \u00e9cologique<\/strong>: En carton 100 % biod\u00e9gradable et compostable, id\u00e9al pour les cr\u00eapes, pizzas ou piadina \u00e0 emporter.<\/p>\n<p><strong>Conception pli\u00e9e pratique<\/strong>: con\u00e7ue pour un transport sans \u00e9gouttement. L&rsquo;agr\u00e9ment du client est facile \u00e0 obtenir. Ne convient pas au four ou au micro-ondes.<\/p>\n<p>\ud83c\udf7d\ufe0f <strong>Polyvalence alimentaire<\/strong>: parfait pour les cr\u00eapes, la pizza ou la piadina. N&rsquo;affecte pas les saveurs. Utilisation responsable.<\/p>\n<p>\ud83c\udf3f <strong>Eco-Conscient<\/strong>: Fabriqu\u00e9 en carton 100% fibres vierges, durable et biod\u00e9gradable. R\u00e9duction des d\u00e9chets.<\/p>\n<p>\ud83c\udfa8 <strong>Personnalisation cr\u00e9ative<\/strong>: design standard ou personnalis\u00e9. Ajoutez votre touche \u00e0 une solution \u00e9cologique.<\/p>\n<p>\ud83d\ude80 <strong>Exp\u00e9dition rapide<\/strong>: Mod\u00e8les en stock pour une exp\u00e9dition imm\u00e9diate, pour un service sans attente.<\/p>\n<p>En bref, le <strong>Porta Crepes<\/strong> offre commodit\u00e9 et durabilit\u00e9. Savourez et transportez vos d\u00e9lices dans le respect de l&rsquo;environnement. \ud83e\udd5e\ud83d\udce6\ud83c\udfa8<\/p>\n","protected":false},"featured_media":15297,"template":"","meta":{"_acf_changed":false},"product_brand":[],"product_cat":[1733],"product_tag":[],"class_list":{"0":"post-14993","1":"product","2":"type-product","3":"status-publish","4":"has-post-thumbnail","6":"product_cat-porte-gaufres-crepes-et-bubble-waffle","7":"pa_apto-microondas-oui","8":"pa_biodegradable-compostable-oui","9":"pa_color-grafica-avana-fr","10":"pa_color-grafica-personnalise","11":"pa_material-carton-fr","13":"first","14":"instock","15":"taxable","16":"shipping-taxable","17":"purchasable","18":"product-type-variable"},"acf":[],"_links":{"self":[{"href":"https:\/\/graphired.com\/fr\/wp-json\/wp\/v2\/product\/14993","targetHints":{"allow":["GET"]}}],"collection":[{"href":"https:\/\/graphired.com\/fr\/wp-json\/wp\/v2\/product"}],"about":[{"href":"https:\/\/graphired.com\/fr\/wp-json\/wp\/v2\/types\/product"}],"version-history":[{"count":0,"href":"https:\/\/graphired.com\/fr\/wp-json\/wp\/v2\/product\/14993\/revisions"}],"wp:featuredmedia":[{"embeddable":true,"href":"https:\/\/graphired.com\/fr\/wp-json\/wp\/v2\/media\/15297"}],"wp:attachment":[{"href":"https:\/\/graphired.com\/fr\/wp-json\/wp\/v2\/media?parent=14993"}],"wp:term":[{"taxonomy":"product_brand","embeddable":true,"href":"https:\/\/graphired.com\/fr\/wp-json\/wp\/v2\/product_brand?post=14993"},{"taxonomy":"product_cat","embeddable":true,"href":"https:\/\/graphired.com\/fr\/wp-json\/wp\/v2\/product_cat?post=14993"},{"taxonomy":"product_tag","embeddable":true,"href":"https:\/\/graphired.com\/fr\/wp-json\/wp\/v2\/product_tag?post=14993"}],"curies":[{"name":"wp","href":"https:\/\/api.w.org\/{rel}","templated":true}]}}