{"id":14974,"date":"2023-09-15T09:09:42","date_gmt":"2023-09-15T09:09:42","guid":{"rendered":"https:\/\/graphired.com\/producto\/boite-a-gateaux-ronde-isotherme-en-porexpan-o23-5cm-32-pcs\/"},"modified":"2024-04-25T09:06:40","modified_gmt":"2024-04-25T09:06:40","slug":"boite-a-gateaux-ronde-isotherme-en-porexpan-o23-5cm-32-pcs","status":"publish","type":"product","link":"https:\/\/graphired.com\/fr\/produit\/boite-a-gateaux-ronde-isotherme-en-porexpan-o23-5cm-32-pcs\/","title":{"rendered":"Bo\u00eete \u00e0 g\u00e2teaux ronde isotherme en porexpan \u00d823.5cm &#8211; 32 pcs."},"content":{"rendered":"<p>Parmi les propri\u00e9t\u00e9s les plus remarquables des bo\u00eetes porexpan sur mesure, on peut citer les suivantes :<\/p>\n<ol>\n<li>Composition majoritairement a\u00e9rienne : ils sont constitu\u00e9s \u00e0 98 % d&rsquo;air, les 2 % restants \u00e9tant du polystyr\u00e8ne expans\u00e9.<\/li>\n<li>Densit\u00e9 et r\u00e9sistance \u00e9lev\u00e9es : en raison de sa densit\u00e9 \u00e9lev\u00e9e, le porexpan est exceptionnellement dur et r\u00e9sistant.<\/li>\n<li>Ultra-l\u00e9g\u00e8re : Gr\u00e2ce \u00e0 leurs propri\u00e9t\u00e9s physiques, les bo\u00eetes en polystyr\u00e8ne sont extr\u00eamement l\u00e9g\u00e8res.<\/li>\n<li>Longue dur\u00e9e de vie : ils pr\u00e9sentent une remarquable r\u00e9sistance m\u00e9canique et au vieillissement, ce qui garantit une longue dur\u00e9e de vie.<\/li>\n<li>Absorption des chocs : Ils sont d&rsquo;excellents absorbeurs de chocs, ce qui les rend id\u00e9aux pour prot\u00e9ger les objets fragiles.<\/li>\n<li>R\u00e9sistance \u00e0 l&rsquo;eau et au vieillissement : bien qu&rsquo;ils ne soient pas hygroscopiques et n&rsquo;absorbent pratiquement pas d&rsquo;eau, ils peuvent \u00eatre perm\u00e9ables \u00e0 la vapeur d&rsquo;eau. Ils ont une longue dur\u00e9e de vie et r\u00e9sistent aux intemp\u00e9ries, bien qu&rsquo;une exposition prolong\u00e9e au rayonnement solaire puisse d\u00e9t\u00e9riorer le mat\u00e9riau.<\/li>\n<li>Isolation thermique et acoustique : ils fonctionnent efficacement en tant qu&rsquo;isolants thermiques et acoustiques.<\/li>\n<li>Non-toxicit\u00e9 : Porexpan ne se d\u00e9compose pas, ne moisit pas et ne se d\u00e9t\u00e9riore pas lorsqu&rsquo;il est expos\u00e9 \u00e0 l&rsquo;air libre. En outre, il s&rsquo;agit d&rsquo;un mat\u00e9riau anti-poussi\u00e8re qui n&rsquo;irrite pas la peau.<\/li>\n<li>Sensible aux changements de temp\u00e9rature : bien qu&rsquo;il puisse \u00eatre utilis\u00e9 sans probl\u00e8me \u00e0 basse temp\u00e9rature, il se ramollit et se d\u00e9forme \u00e0 des temp\u00e9ratures sup\u00e9rieures \u00e0 100\u00b0C.<\/li>\n<li>Recyclabilit\u00e9 : le polystyr\u00e8ne expans\u00e9 est enti\u00e8rement r\u00e9utilisable. La principale m\u00e9thode de recyclage consiste \u00e0 d\u00e9chiqueter m\u00e9caniquement les mat\u00e9riaux et \u00e0 les combiner avec de nouveaux mat\u00e9riaux pour former des blocs d&rsquo;EPS contenant jusqu&rsquo;\u00e0 50 % de mat\u00e9riaux recycl\u00e9s.<\/li>\n<\/ol>\n","protected":false},"excerpt":{"rendered":"<p>Parmi les propri\u00e9t\u00e9s les plus remarquables des bo\u00eetes porexpan sur mesure, on peut citer les suivantes :<\/p>\n<ol>\n<li>Composition majoritairement a\u00e9rienne : ils sont constitu\u00e9s \u00e0 98 % d&rsquo;air, les 2 % restants \u00e9tant du polystyr\u00e8ne expans\u00e9.<\/li>\n<li>Densit\u00e9 et r\u00e9sistance \u00e9lev\u00e9es : en raison de sa densit\u00e9 \u00e9lev\u00e9e, le porexpan est exceptionnellement dur et r\u00e9sistant.<\/li>\n<li>Ultra-l\u00e9g\u00e8re : Gr\u00e2ce \u00e0 leurs propri\u00e9t\u00e9s physiques, les bo\u00eetes en polystyr\u00e8ne sont extr\u00eamement l\u00e9g\u00e8res.<\/li>\n<li>Longue dur\u00e9e de vie : ils pr\u00e9sentent une remarquable r\u00e9sistance m\u00e9canique et au vieillissement, ce qui garantit une longue dur\u00e9e de vie.<\/li>\n<li>Absorption des chocs : Ils sont d&rsquo;excellents absorbeurs de chocs, ce qui les rend id\u00e9aux pour prot\u00e9ger les objets fragiles.<\/li>\n<li>R\u00e9sistance \u00e0 l&rsquo;eau et au vieillissement : bien qu&rsquo;ils ne soient pas hygroscopiques et n&rsquo;absorbent pratiquement pas d&rsquo;eau, ils peuvent \u00eatre perm\u00e9ables \u00e0 la vapeur d&rsquo;eau. Ils ont une longue dur\u00e9e de vie et r\u00e9sistent aux intemp\u00e9ries, bien qu&rsquo;une exposition prolong\u00e9e au rayonnement solaire puisse d\u00e9t\u00e9riorer le mat\u00e9riau.<\/li>\n<li>Isolation thermique et acoustique : ils fonctionnent efficacement en tant qu&rsquo;isolants thermiques et acoustiques.<\/li>\n<li>Non-toxicit\u00e9 : Porexpan ne se d\u00e9compose pas, ne moisit pas et ne se d\u00e9t\u00e9riore pas lorsqu&rsquo;il est expos\u00e9 \u00e0 l&rsquo;air libre. En outre, il s&rsquo;agit d&rsquo;un mat\u00e9riau anti-poussi\u00e8re qui n&rsquo;irrite pas la peau.<\/li>\n<li>Sensible aux changements de temp\u00e9rature : bien qu&rsquo;il puisse \u00eatre utilis\u00e9 sans probl\u00e8me \u00e0 basse temp\u00e9rature, il se ramollit et se d\u00e9forme \u00e0 des temp\u00e9ratures sup\u00e9rieures \u00e0 100\u00b0C.<\/li>\n<li>Recyclabilit\u00e9 : le polystyr\u00e8ne expans\u00e9 est enti\u00e8rement r\u00e9utilisable. La principale m\u00e9thode de recyclage consiste \u00e0 d\u00e9chiqueter m\u00e9caniquement les mat\u00e9riaux et \u00e0 les combiner avec de nouveaux mat\u00e9riaux pour former des blocs d&rsquo;EPS contenant jusqu&rsquo;\u00e0 50 % de mat\u00e9riaux recycl\u00e9s.<\/li>\n<\/ol>\n","protected":false},"featured_media":14975,"template":"","meta":{"_acf_changed":false},"product_brand":[],"product_cat":[1776],"product_tag":[],"class_list":{"0":"post-14974","1":"product","2":"type-product","3":"status-publish","4":"has-post-thumbnail","6":"product_cat-boites-isothermes","7":"pa_apto-microondas-non","8":"pa_biodegradable-compostable-non","9":"pa_color-grafica-blanc","10":"pa_material-porexpan-fr","11":"pa_recipiente-compatible-conteneur-porexpan","13":"first","14":"instock","15":"taxable","16":"shipping-taxable","17":"product-type-simple"},"acf":[],"_links":{"self":[{"href":"https:\/\/graphired.com\/fr\/wp-json\/wp\/v2\/product\/14974","targetHints":{"allow":["GET"]}}],"collection":[{"href":"https:\/\/graphired.com\/fr\/wp-json\/wp\/v2\/product"}],"about":[{"href":"https:\/\/graphired.com\/fr\/wp-json\/wp\/v2\/types\/product"}],"version-history":[{"count":0,"href":"https:\/\/graphired.com\/fr\/wp-json\/wp\/v2\/product\/14974\/revisions"}],"wp:featuredmedia":[{"embeddable":true,"href":"https:\/\/graphired.com\/fr\/wp-json\/wp\/v2\/media\/14975"}],"wp:attachment":[{"href":"https:\/\/graphired.com\/fr\/wp-json\/wp\/v2\/media?parent=14974"}],"wp:term":[{"taxonomy":"product_brand","embeddable":true,"href":"https:\/\/graphired.com\/fr\/wp-json\/wp\/v2\/product_brand?post=14974"},{"taxonomy":"product_cat","embeddable":true,"href":"https:\/\/graphired.com\/fr\/wp-json\/wp\/v2\/product_cat?post=14974"},{"taxonomy":"product_tag","embeddable":true,"href":"https:\/\/graphired.com\/fr\/wp-json\/wp\/v2\/product_tag?post=14974"}],"curies":[{"name":"wp","href":"https:\/\/api.w.org\/{rel}","templated":true}]}}