{"id":14965,"date":"2023-09-15T11:40:42","date_gmt":"2023-09-15T11:40:42","guid":{"rendered":"https:\/\/graphired.com\/producto\/gobelet-pp-blanc-100ml-4800-pcs\/"},"modified":"2024-04-25T09:12:08","modified_gmt":"2024-04-25T09:12:08","slug":"gobelet-pp-blanc-100ml-4800-pcs","status":"publish","type":"product","link":"https:\/\/graphired.com\/fr\/produit\/gobelet-pp-blanc-100ml-4800-pcs\/","title":{"rendered":"Gobelet blanc en PP 100ml &#8211; 4800 pcs."},"content":{"rendered":"<p>Style professionnel : Le gobelet en PP (polypropyl\u00e8ne) est un choix professionnel et pratique, id\u00e9al pour les environnements dentaires et m\u00e9dicaux.<\/p>\n<p>Mat\u00e9riau durable : Il est fabriqu\u00e9 en polypropyl\u00e8ne, un mat\u00e9riau plastique solide et durable.<\/p>\n<p>Respect de l&rsquo;environnement : le polypropyl\u00e8ne est recyclable, ce qui contribue \u00e0 r\u00e9duire les d\u00e9chets et \u00e0 promouvoir le d\u00e9veloppement durable.<\/p>\n<p>Application dentaire : parfaite pour les cabinets dentaires et m\u00e9dicaux, contribuant \u00e0 une hygi\u00e8ne et une organisation optimales.<\/p>\n<p>Style professionnel : Compl\u00e8te l&rsquo;esth\u00e9tique des environnements m\u00e9dicaux et souligne votre engagement en mati\u00e8re de qualit\u00e9 et d&rsquo;hygi\u00e8ne.<\/p>\n<p>Responsabilit\u00e9 environnementale : le recyclage du gobelet en PP est essentiel pour minimiser son impact sur l&rsquo;environnement.<\/p>\n<p>\u00c9limination facile et responsable : en le recyclant correctement, vous contribuez au d\u00e9veloppement durable dans les environnements m\u00e9dicaux.<\/p>\n<p>Avec un gobelet en PP, vous garantissez l&rsquo;hygi\u00e8ne et la fonctionnalit\u00e9 dans les environnements m\u00e9dicaux et dentaires, tout en promouvant la responsabilit\u00e9 environnementale. Un choix professionnel avec une conscience environnementale ! \ud83e\udd64\ud83c\udf31\ud83c\udf43\ud83c\udfe5\ud83c\udf0d<\/p>\n","protected":false},"excerpt":{"rendered":"<p>\ud83e\udd64 <strong>Gobelet incassable en polypropyl\u00e8ne 100ml :<\/strong> \ud83e\udd73<\/p>\n<p>Style professionnel : Le gobelet en PP (polypropyl\u00e8ne) est un choix professionnel et pratique, id\u00e9al pour les environnements dentaires et m\u00e9dicaux.<\/p>\n<p>Mat\u00e9riau durable : Il est fabriqu\u00e9 en polypropyl\u00e8ne, un mat\u00e9riau plastique solide et durable.<\/p>\n<p>Respect de l&rsquo;environnement : le polypropyl\u00e8ne est recyclable, ce qui contribue \u00e0 r\u00e9duire les d\u00e9chets et \u00e0 promouvoir le d\u00e9veloppement durable.<\/p>\n<p>Application dentaire : parfaite pour les cabinets dentaires et m\u00e9dicaux, contribuant \u00e0 une hygi\u00e8ne et une organisation optimales.<\/p>\n<p>Style professionnel : Compl\u00e8te l&rsquo;esth\u00e9tique des environnements m\u00e9dicaux et souligne votre engagement en mati\u00e8re de qualit\u00e9 et d&rsquo;hygi\u00e8ne.<\/p>\n<p>Responsabilit\u00e9 environnementale : le recyclage du gobelet en PP est essentiel pour minimiser son impact sur l&rsquo;environnement.<\/p>\n<p>\u00c9limination facile et responsable : en le recyclant correctement, vous contribuez au d\u00e9veloppement durable dans les environnements m\u00e9dicaux.<\/p>\n<p>Avec un gobelet en PP, vous garantissez l&rsquo;hygi\u00e8ne et la fonctionnalit\u00e9 dans les environnements m\u00e9dicaux et dentaires, tout en promouvant la responsabilit\u00e9 environnementale. Un choix professionnel avec une conscience environnementale ! \ud83e\udd64\ud83c\udf31\ud83c\udf43\ud83c\udfe5\ud83c\udf0d<\/p>\n","protected":false},"featured_media":14967,"template":"","meta":{"_acf_changed":false},"product_brand":[],"product_cat":[1768,1561],"product_tag":[1728],"class_list":{"0":"post-14965","1":"product","2":"type-product","3":"status-publish","4":"has-post-thumbnail","6":"product_cat-autres-gobelets-en-plastique","7":"product_cat-outlet-fr","8":"product_tag-outlet-fr","9":"pa_apto-microondas-non","10":"pa_biodegradable-compostable-non","11":"pa_color-grafica-blanc","12":"pa_material-pp-fr","13":"pa_recipiente-compatible-gobelet-en-pp-100ml","15":"first","16":"instock","17":"sale","18":"taxable","19":"shipping-taxable","20":"purchasable","21":"product-type-simple"},"acf":[],"_links":{"self":[{"href":"https:\/\/graphired.com\/fr\/wp-json\/wp\/v2\/product\/14965","targetHints":{"allow":["GET"]}}],"collection":[{"href":"https:\/\/graphired.com\/fr\/wp-json\/wp\/v2\/product"}],"about":[{"href":"https:\/\/graphired.com\/fr\/wp-json\/wp\/v2\/types\/product"}],"version-history":[{"count":0,"href":"https:\/\/graphired.com\/fr\/wp-json\/wp\/v2\/product\/14965\/revisions"}],"wp:featuredmedia":[{"embeddable":true,"href":"https:\/\/graphired.com\/fr\/wp-json\/wp\/v2\/media\/14967"}],"wp:attachment":[{"href":"https:\/\/graphired.com\/fr\/wp-json\/wp\/v2\/media?parent=14965"}],"wp:term":[{"taxonomy":"product_brand","embeddable":true,"href":"https:\/\/graphired.com\/fr\/wp-json\/wp\/v2\/product_brand?post=14965"},{"taxonomy":"product_cat","embeddable":true,"href":"https:\/\/graphired.com\/fr\/wp-json\/wp\/v2\/product_cat?post=14965"},{"taxonomy":"product_tag","embeddable":true,"href":"https:\/\/graphired.com\/fr\/wp-json\/wp\/v2\/product_tag?post=14965"}],"curies":[{"name":"wp","href":"https:\/\/api.w.org\/{rel}","templated":true}]}}