{"id":14910,"date":"2023-09-22T09:52:26","date_gmt":"2023-09-22T09:52:26","guid":{"rendered":"https:\/\/graphired.com\/producto\/couvercle-en-plastique-pour-verre-12oz-16oz-1000-pcs\/"},"modified":"2024-04-25T09:08:36","modified_gmt":"2024-04-25T09:08:36","slug":"couvercle-en-plastique-pour-verre-12oz-16oz-1000-pcs","status":"publish","type":"product","link":"https:\/\/graphired.com\/fr\/produit\/couvercle-en-plastique-pour-verre-12oz-16oz-1000-pcs\/","title":{"rendered":"Couvercle en plastique pour Gobelet de 12oz | 16oz &#8211; 1000 pcs."},"content":{"rendered":"<p>\ud83d\udd33\ud83c\udf75 <strong>Couvercles en plastique pour boissons chaudes<\/strong>: Compl\u00e9tez vos boissons chaudes avec des couvercles \u00e0 embouchure plate ou factice, en noir ou en blanc. Parfait pour emporter des caf\u00e9s et des th\u00e9s dans les transports \u00e0 emporter.<\/p>\n<p>\ud83d\udd32 <strong>Conception polyvalente<\/strong>: choisissez entre la finition plate et la forme ergonomique du mannequin. Assure une consommation confortable pendant le transport.<\/p>\n<p>\u2714\ufe0f <strong>Fermeture herm\u00e9tique anti-\u00e9claboussures<\/strong>: savourez vos boissons en toute tranquillit\u00e9. Nos couvercles garantissent une bonne \u00e9tanch\u00e9it\u00e9 et \u00e9vitent les d\u00e9bordements.<\/p>\n<p>\ud83d\ude80 <strong>Transport pratique<\/strong>: id\u00e9al pour les caf\u00e9s en d\u00e9placement. Un design fonctionnel et attrayant, adapt\u00e9 au rythme de votre journ\u00e9e.<\/p>\n<p>En bref, nos <strong>couvercles en plastique pour boissons chaudes<\/strong> sont votre alli\u00e9 pour un transport sans d\u00e9versement. Choisissez votre style et profitez-en en toute s\u00e9r\u00e9nit\u00e9. \ud83d\udd33\ud83c\udf75\ud83d\udd32<\/p>\n","protected":false},"excerpt":{"rendered":"<p>\ud83d\udd33\ud83c\udf75 <strong>Couvercles en plastique pour boissons chaudes<\/strong>: Compl\u00e9tez vos boissons chaudes avec des couvercles \u00e0 embouchure plate ou factice, en noir ou en blanc. Parfait pour emporter des caf\u00e9s et des th\u00e9s dans les transports \u00e0 emporter.<\/p>\n<p>\ud83d\udd32 <strong>Conception polyvalente<\/strong>: choisissez entre la finition plate et la forme ergonomique du mannequin. Assure une consommation confortable pendant le transport.<\/p>\n<p>\u2714\ufe0f <strong>Fermeture herm\u00e9tique anti-\u00e9claboussures<\/strong>: savourez vos boissons en toute tranquillit\u00e9. Nos couvercles garantissent une bonne \u00e9tanch\u00e9it\u00e9 et \u00e9vitent les d\u00e9bordements.<\/p>\n<p>\ud83d\ude80 <strong>Transport pratique<\/strong>: id\u00e9al pour les caf\u00e9s en d\u00e9placement. Un design fonctionnel et attrayant, adapt\u00e9 au rythme de votre journ\u00e9e.<\/p>\n<p>En bref, nos <strong>couvercles en plastique pour boissons chaudes<\/strong> sont votre alli\u00e9 pour un transport sans d\u00e9versement. Choisissez votre style et profitez-en en toute s\u00e9r\u00e9nit\u00e9. \ud83d\udd33\ud83c\udf75\ud83d\udd32<\/p>\n","protected":false},"featured_media":15736,"template":"","meta":{"_acf_changed":false},"product_brand":[],"product_cat":[1760],"product_tag":[],"class_list":{"0":"post-14910","1":"product","2":"type-product","3":"status-publish","4":"has-post-thumbnail","6":"product_cat-couvercles-en-polystyrene","7":"pa_apto-microondas-non","8":"pa_biodegradable-compostable-non","9":"pa_color-grafica-blanc","10":"pa_color-grafica-noir","11":"pa_material-polystyrene-fr","12":"pa_recipiente-compatible-gobelet-en-carton-12ozdw","13":"pa_recipiente-compatible-gobelet-en-carton-16oz","14":"pa_recipiente-compatible-gobelet-en-carton-16ozdw","15":"pa_recipiente-compatible-tasse-en-carton-12oz","16":"pa_tipo-de-tapa-factice","18":"first","19":"instock","20":"taxable","21":"shipping-taxable","22":"product-type-variable"},"acf":[],"_links":{"self":[{"href":"https:\/\/graphired.com\/fr\/wp-json\/wp\/v2\/product\/14910","targetHints":{"allow":["GET"]}}],"collection":[{"href":"https:\/\/graphired.com\/fr\/wp-json\/wp\/v2\/product"}],"about":[{"href":"https:\/\/graphired.com\/fr\/wp-json\/wp\/v2\/types\/product"}],"version-history":[{"count":0,"href":"https:\/\/graphired.com\/fr\/wp-json\/wp\/v2\/product\/14910\/revisions"}],"wp:featuredmedia":[{"embeddable":true,"href":"https:\/\/graphired.com\/fr\/wp-json\/wp\/v2\/media\/15736"}],"wp:attachment":[{"href":"https:\/\/graphired.com\/fr\/wp-json\/wp\/v2\/media?parent=14910"}],"wp:term":[{"taxonomy":"product_brand","embeddable":true,"href":"https:\/\/graphired.com\/fr\/wp-json\/wp\/v2\/product_brand?post=14910"},{"taxonomy":"product_cat","embeddable":true,"href":"https:\/\/graphired.com\/fr\/wp-json\/wp\/v2\/product_cat?post=14910"},{"taxonomy":"product_tag","embeddable":true,"href":"https:\/\/graphired.com\/fr\/wp-json\/wp\/v2\/product_tag?post=14910"}],"curies":[{"name":"wp","href":"https:\/\/api.w.org\/{rel}","templated":true}]}}