{"id":14880,"date":"2023-10-19T10:53:23","date_gmt":"2023-10-19T10:53:23","guid":{"rendered":"https:\/\/graphired.com\/producto\/papernews-cone-a-frites-pour-journaux-grand-format-2000-pcs\/"},"modified":"2024-08-29T09:33:56","modified_gmt":"2024-08-29T09:33:56","slug":"papernews-cone-a-frites-pour-journaux-grand-format-2000-pcs","status":"publish","type":"product","link":"https:\/\/graphired.com\/fr\/produit\/papernews-cone-a-frites-pour-journaux-grand-format-2000-pcs\/","title":{"rendered":"PaperNews C\u00f4ne \u00e0 frites pour journaux grand format &#8211; 2000 pcs."},"content":{"rendered":"<div class=\"text-xs flex items-center justify-center gap-1 absolute left-0 top-2 -ml-4 -translate-x-full gizmo:top-1 gizmo:-ml-6 invisible\">\n<div class=\"text-xs flex items-center justify-center gap-1 absolute left-0 top-2 -ml-4 -translate-x-full gizmo:top-1 gizmo:-ml-6 invisible\"><strong>Cones en papier frites cir\u00e9 (70 (Kraft) &#8211; 80 (Blanc) gr\/m\u00b2) :<\/strong> <strong>Un style exceptionnel pour vos bouch\u00e9es pr\u00e9f\u00e9r\u00e9es<\/strong><\/div>\n<p>  Fais l&rsquo;exp\u00e9rience de l&rsquo;excellence culinaire avec nos Prot\u00e8ge-cornets en papier cir\u00e9, con\u00e7us pour rehausser tes friandises pr\u00e9f\u00e9r\u00e9es avec style :  <\/p>\n<ul>\n<li><strong>R\u00e9sistance \u00e0 la graisse :<\/strong> \ud83e\uddfc Gardez vos mains propres et s\u00e8ches, car le papier emp\u00eache les huiles de s&rsquo;infiltrer.<\/li>\n<li><strong>Convient au micro-ondes et au four conventionnel\ud83d\udcc7 : <\/strong>220\u00baC &#8211; 30 Min. Max.<\/li>\n<li><strong>Vari\u00e9t\u00e9 d&rsquo;impressions :<\/strong> \ud83c\udfa8 Choisissez parmi les options d&rsquo;impression Papernews en blanc et kraft pour une pr\u00e9sentation visuellement captivante.<\/li>\n<li><strong>Polyvalence :<\/strong> \ud83c\udf7d\ufe0f Id\u00e9al pour une grande vari\u00e9t\u00e9 d&rsquo;aliments frits, des chips croustillantes aux rondelles d&rsquo;oignon dor\u00e9es.<\/li>\n<li><strong>Recyclable :<\/strong> \ud83d\udd01 Contribue au cycle de recyclage, en prenant soin de l&rsquo;environnement.<\/li>\n<li><strong>Large application :<\/strong> \ud83c\udfe2 Parfait pour les restaurants, les caf\u00e9s, les \u00e9v\u00e9nements \u00e0 domicile et plus encore.<\/li>\n<li><strong>Qualit\u00e9 sup\u00e9rieure :<\/strong> \ud83c\udf1f Papier de haute qualit\u00e9 70 ou 80 g\/m\u00b2 pour une exp\u00e9rience culinaire exceptionnelle.<\/li>\n<li><strong>Touche d&rsquo;\u00e9l\u00e9gance :<\/strong> \ud83d\udcbc Combine fonctionnalit\u00e9 et style en une seule solution.<\/li>\n<\/ul>\n<p>  Ces c\u00f4nes offrent non seulement un moyen pratique de d\u00e9guster tes collations, mais ils ajoutent aussi une touche de sophistication \u00e0 chaque bouch\u00e9e. \ud83c\udf1f\ud83c\udf7d\ufe0f\ud83c\udf3f  <\/p><\/div>\n","protected":false},"excerpt":{"rendered":"<div class=\"text-xs flex items-center justify-center gap-1 absolute left-0 top-2 -ml-4 -translate-x-full gizmo:top-1 gizmo:-ml-6 invisible\"><strong>Cones en papier frites cir\u00e9 (70 (Kraft) &#8211; 80 (Blanc) gr\/m\u00b2) :<\/strong> <strong>Un style exceptionnel pour vos bouch\u00e9es pr\u00e9f\u00e9r\u00e9es<\/strong><\/div>\n<p>  Fais l&rsquo;exp\u00e9rience de l&rsquo;excellence culinaire avec nos Prot\u00e8ge-cornets en papier cir\u00e9, con\u00e7us pour rehausser tes friandises pr\u00e9f\u00e9r\u00e9es avec style :  <\/p>\n<ul>\n<li><strong>R\u00e9sistance \u00e0 la graisse :<\/strong> \ud83e\uddfc Gardez vos mains propres et s\u00e8ches, car le papier emp\u00eache les huiles de s&rsquo;infiltrer.<\/li>\n<li><strong>Convient au micro-ondes et au four conventionnel\ud83d\udcc7 : <\/strong>220\u00baC &#8211; 30 Min. Max.<\/li>\n<li><strong>Vari\u00e9t\u00e9 d&rsquo;impressions :<\/strong> \ud83c\udfa8 Choisissez parmi les options d&rsquo;impression Papernews en blanc et kraft pour une pr\u00e9sentation visuellement captivante.<\/li>\n<li><strong>Polyvalence :<\/strong> \ud83c\udf7d\ufe0f Id\u00e9al pour une grande vari\u00e9t\u00e9 d&rsquo;aliments frits, des chips croustillantes aux rondelles d&rsquo;oignon dor\u00e9es.<\/li>\n<li><strong>Recyclable :<\/strong> \ud83d\udd01 Contribue au cycle de recyclage, en prenant soin de l&rsquo;environnement.<\/li>\n<li><strong>Large application :<\/strong> \ud83c\udfe2 Parfait pour les restaurants, les caf\u00e9s, les \u00e9v\u00e9nements \u00e0 domicile et plus encore.<\/li>\n<li><strong>Qualit\u00e9 sup\u00e9rieure :<\/strong> \ud83c\udf1f Papier de haute qualit\u00e9 70 ou 80 g\/m\u00b2 pour une exp\u00e9rience culinaire exceptionnelle.<\/li>\n<li><strong>Touche d&rsquo;\u00e9l\u00e9gance :<\/strong> \ud83d\udcbc Combine fonctionnalit\u00e9 et style en une seule solution.<\/li>\n<\/ul>\n<p>  Ces c\u00f4nes offrent non seulement un moyen pratique de d\u00e9guster tes collations, mais ils ajoutent aussi une touche de sophistication \u00e0 chaque bouch\u00e9e. \ud83c\udf1f\ud83c\udf7d\ufe0f\ud83c\udf3f<\/p>\n","protected":false},"featured_media":14898,"template":"","meta":{"_acf_changed":false},"product_brand":[],"product_cat":[1757],"product_tag":[],"class_list":{"0":"post-14880","1":"product","2":"type-product","3":"status-publish","4":"has-post-thumbnail","6":"product_cat-cone-de-friture","7":"pa_apto-microondas-oui","8":"pa_biodegradable-compostable-non","9":"pa_color-grafica-kraft-fr","10":"pa_color-grafica-papernews-blanc","11":"pa_material-papier-sulfurise","13":"first","14":"instock","15":"taxable","16":"shipping-taxable","17":"purchasable","18":"product-type-variable"},"acf":[],"_links":{"self":[{"href":"https:\/\/graphired.com\/fr\/wp-json\/wp\/v2\/product\/14880","targetHints":{"allow":["GET"]}}],"collection":[{"href":"https:\/\/graphired.com\/fr\/wp-json\/wp\/v2\/product"}],"about":[{"href":"https:\/\/graphired.com\/fr\/wp-json\/wp\/v2\/types\/product"}],"version-history":[{"count":0,"href":"https:\/\/graphired.com\/fr\/wp-json\/wp\/v2\/product\/14880\/revisions"}],"wp:featuredmedia":[{"embeddable":true,"href":"https:\/\/graphired.com\/fr\/wp-json\/wp\/v2\/media\/14898"}],"wp:attachment":[{"href":"https:\/\/graphired.com\/fr\/wp-json\/wp\/v2\/media?parent=14880"}],"wp:term":[{"taxonomy":"product_brand","embeddable":true,"href":"https:\/\/graphired.com\/fr\/wp-json\/wp\/v2\/product_brand?post=14880"},{"taxonomy":"product_cat","embeddable":true,"href":"https:\/\/graphired.com\/fr\/wp-json\/wp\/v2\/product_cat?post=14880"},{"taxonomy":"product_tag","embeddable":true,"href":"https:\/\/graphired.com\/fr\/wp-json\/wp\/v2\/product_tag?post=14880"}],"curies":[{"name":"wp","href":"https:\/\/api.w.org\/{rel}","templated":true}]}}