{"id":14821,"date":"2023-10-24T10:16:21","date_gmt":"2023-10-24T10:16:21","guid":{"rendered":"https:\/\/graphired.com\/producto\/baton-en-bois-114mm-distributeur-10-000-pcs\/"},"modified":"2024-06-11T10:33:51","modified_gmt":"2024-06-11T10:33:51","slug":"baton-en-bois-114mm-distributeur-10-000-pcs","status":"publish","type":"product","link":"https:\/\/graphired.com\/fr\/produit\/baton-en-bois-114mm-distributeur-10-000-pcs\/","title":{"rendered":"B\u00e2ton en bois 114mm + distributeur &#8211; 10.000 pcs"},"content":{"rendered":"<p>Simplicit\u00e9 classique : les b\u00e2tonnets \u00e0 caf\u00e9 en bois sont une option classique et simple pour remuer votre boisson pr\u00e9f\u00e9r\u00e9e.<\/p>\n<p>Mat\u00e9riau naturel : Ils sont fabriqu\u00e9s en bois naturel, ce qui les rend biod\u00e9gradables et respectueux de l&rsquo;environnement.<\/p>\n<p>\ud83c\udf43 Eco-Conscient : Ces b\u00e2tonnets se d\u00e9composent naturellement, r\u00e9duisant ainsi la pollution et les d\u00e9chets plastiques.<\/p>\n<p>\ud83e\udd44 Polyvalence : en plus d&rsquo;\u00eatre id\u00e9ales pour remuer le caf\u00e9, elles sont pratiques pour m\u00e9langer le th\u00e9 et d&rsquo;autres boissons chaudes.<\/p>\n<p>\ud83c\udf74 Utilisation pratique : Parfait pour la maison, le bureau et le caf\u00e9, ajoutant une touche d&rsquo;authenticit\u00e9 \u00e0 votre exp\u00e9rience.<\/p>\n<p>\ud83c\udf89 \u00c9l\u00e9ment classique : ils compl\u00e8tent la tradition du caf\u00e9 et ajoutent une touche rustique \u00e0 vos boissons.<\/p>\n<p>Engagement environnemental : en utilisant des b\u00e2tonnets en bois, vous montrez votre soutien \u00e0 la r\u00e9duction du plastique et au d\u00e9veloppement durable.<\/p>\n<p>\u00c9limination facile : d\u00e9barrassez-vous-en facilement, en sachant qu&rsquo;ils ne nuiront pas \u00e0 l&rsquo;environnement.<\/p>\n<p>Avec les b\u00e2tonnets \u00e0 caf\u00e9 en bois, d\u00e9gustez vos boissons de mani\u00e8re simple et \u00e9cologique, tout en contribuant \u00e0 un environnement plus propre. Un choix classique et respectueux de l&rsquo;environnement ! \u2615\ud83c\udf31\ud83c\udf43\ud83c\udf0d\ud83e\udd44<\/p>\n","protected":false},"excerpt":{"rendered":"<p>Simplicit\u00e9 classique : les b\u00e2tonnets \u00e0 caf\u00e9 en bois sont une option classique et simple pour remuer votre boisson pr\u00e9f\u00e9r\u00e9e.<\/p>\n<p>Mat\u00e9riau naturel : Ils sont fabriqu\u00e9s en bois naturel, ce qui les rend biod\u00e9gradables et respectueux de l&rsquo;environnement.<\/p>\n<p>\ud83c\udf43 Eco-Conscient : Ces b\u00e2tonnets se d\u00e9composent naturellement, r\u00e9duisant ainsi la pollution et les d\u00e9chets plastiques.<\/p>\n<p>\ud83e\udd44 Polyvalence : en plus d&rsquo;\u00eatre id\u00e9ales pour remuer le caf\u00e9, elles sont pratiques pour m\u00e9langer le th\u00e9 et d&rsquo;autres boissons chaudes.<\/p>\n<p>\ud83c\udf74 Utilisation pratique : Parfait pour la maison, le bureau et le caf\u00e9, ajoutant une touche d&rsquo;authenticit\u00e9 \u00e0 votre exp\u00e9rience.<\/p>\n<p>\ud83c\udf89 \u00c9l\u00e9ment classique : ils compl\u00e8tent la tradition du caf\u00e9 et ajoutent une touche rustique \u00e0 vos boissons.<\/p>\n<p>Engagement environnemental : en utilisant des b\u00e2tonnets en bois, vous montrez votre soutien \u00e0 la r\u00e9duction du plastique et au d\u00e9veloppement durable.<\/p>\n<p>\u00c9limination facile : d\u00e9barrassez-vous-en facilement, en sachant qu&rsquo;ils ne nuiront pas \u00e0 l&rsquo;environnement.<\/p>\n<p>Avec les b\u00e2tonnets \u00e0 caf\u00e9 en bois, d\u00e9gustez vos boissons de mani\u00e8re simple et \u00e9cologique, tout en contribuant \u00e0 un environnement plus propre. Un choix classique et respectueux de l&rsquo;environnement ! \u2615\ud83c\udf31\ud83c\udf43\ud83c\udf0d\ud83e\udd44<\/p>\n","protected":false},"featured_media":14824,"template":"","meta":{"_acf_changed":false},"product_brand":[],"product_cat":[1751],"product_tag":[],"class_list":{"0":"post-14821","1":"product","2":"type-product","3":"status-publish","4":"has-post-thumbnail","6":"product_cat-batons-en-bois","7":"pa_apto-microondas-non","8":"pa_biodegradable-compostable-oui","9":"pa_color-grafica-bois","10":"pa_material-bois","12":"first","13":"instock","14":"taxable","15":"shipping-taxable","16":"purchasable","17":"product-type-simple"},"acf":[],"_links":{"self":[{"href":"https:\/\/graphired.com\/fr\/wp-json\/wp\/v2\/product\/14821","targetHints":{"allow":["GET"]}}],"collection":[{"href":"https:\/\/graphired.com\/fr\/wp-json\/wp\/v2\/product"}],"about":[{"href":"https:\/\/graphired.com\/fr\/wp-json\/wp\/v2\/types\/product"}],"version-history":[{"count":0,"href":"https:\/\/graphired.com\/fr\/wp-json\/wp\/v2\/product\/14821\/revisions"}],"wp:featuredmedia":[{"embeddable":true,"href":"https:\/\/graphired.com\/fr\/wp-json\/wp\/v2\/media\/14824"}],"wp:attachment":[{"href":"https:\/\/graphired.com\/fr\/wp-json\/wp\/v2\/media?parent=14821"}],"wp:term":[{"taxonomy":"product_brand","embeddable":true,"href":"https:\/\/graphired.com\/fr\/wp-json\/wp\/v2\/product_brand?post=14821"},{"taxonomy":"product_cat","embeddable":true,"href":"https:\/\/graphired.com\/fr\/wp-json\/wp\/v2\/product_cat?post=14821"},{"taxonomy":"product_tag","embeddable":true,"href":"https:\/\/graphired.com\/fr\/wp-json\/wp\/v2\/product_tag?post=14821"}],"curies":[{"name":"wp","href":"https:\/\/api.w.org\/{rel}","templated":true}]}}