{"id":14817,"date":"2023-10-24T12:31:41","date_gmt":"2023-10-24T12:31:41","guid":{"rendered":"https:\/\/graphired.com\/producto\/fourchette-en-bois-158mm-2000-pcs\/"},"modified":"2024-08-20T13:13:18","modified_gmt":"2024-08-20T13:13:18","slug":"fourchette-en-bois-158mm-2000-pcs","status":"publish","type":"product","link":"https:\/\/graphired.com\/fr\/produit\/fourchette-en-bois-158mm-2000-pcs\/","title":{"rendered":"Fourchette en bois 160 mm &#8211; 1000 pi\u00e8ces"},"content":{"rendered":"<p>\ud83c\udf74 Charme naturel : La fourchette en bois est une option charmante et naturelle pour savourer vos repas. \ud83c\udf32 Mat\u00e9riau durable : Il est fabriqu\u00e9 en bois naturel, une source renouvelable et respectueuse de l&rsquo;environnement. \ud83c\udf43 Eco-Conscient : Cette fourchette est biod\u00e9gradable, contribuant ainsi \u00e0 la r\u00e9duction des d\u00e9chets plastiques et au respect de la plan\u00e8te. \ud83e\udd57 Polyvalence : Id\u00e9al pour tous les types de repas, des salades aux plats principaux, ajoutant une touche rustique \u00e0 votre table. \ud83c\udfe1 Utilisation domestique : parfait pour une utilisation \u00e0 la maison, lors d&rsquo;\u00e9v\u00e9nements ou au restaurant, apportant de l&rsquo;authenticit\u00e9 \u00e0 vos repas. \ud83c\udf89 Natural Style : Compl\u00e8te l&rsquo;esth\u00e9tique des aliments biologiques et souligne votre engagement en faveur des ingr\u00e9dients naturels. Engagement environnemental : en utilisant une fourchette en bois, vous montrez votre soutien \u00e0 la r\u00e9duction du plastique et au d\u00e9veloppement durable. \u00c9limination facile : Lorsque vous vous en d\u00e9barrassez, vous savez qu&rsquo;il ne causera aucun dommage \u00e0 l&rsquo;environnement, car il se biod\u00e9grade naturellement. Avec une fourchette en bois, savourez vos repas de mani\u00e8re naturelle et \u00e9cologique, en contribuant \u00e0 un monde plus propre et plus durable. Un choix charmant et respectueux de la plan\u00e8te ! \ud83c\udf74\ud83c\udf31\ud83c\udf43\ud83c\udf0d\ud83c\udfe1<\/p>\n","protected":false},"excerpt":{"rendered":"<p>\ud83c\udf74 Charme naturel : La fourchette en bois est une option charmante et naturelle pour savourer vos repas. \ud83c\udf32 Mat\u00e9riau durable : Il est fabriqu\u00e9 en bois naturel, une source renouvelable et respectueuse de l&rsquo;environnement. \ud83c\udf43 Eco-Conscient : Cette fourchette est biod\u00e9gradable, contribuant ainsi \u00e0 la r\u00e9duction des d\u00e9chets plastiques et au respect de la plan\u00e8te. \ud83e\udd57 Polyvalence : Id\u00e9al pour tous les types de repas, des salades aux plats principaux, ajoutant une touche rustique \u00e0 votre table. \ud83c\udfe1 Utilisation domestique : parfait pour une utilisation \u00e0 la maison, lors d&rsquo;\u00e9v\u00e9nements ou au restaurant, apportant de l&rsquo;authenticit\u00e9 \u00e0 vos repas. \ud83c\udf89 Natural Style : Compl\u00e8te l&rsquo;esth\u00e9tique des aliments biologiques et souligne votre engagement en faveur des ingr\u00e9dients naturels. Engagement environnemental : en utilisant une fourchette en bois, vous montrez votre soutien \u00e0 la r\u00e9duction du plastique et au d\u00e9veloppement durable. \u00c9limination facile : Lorsque vous vous en d\u00e9barrassez, vous savez qu&rsquo;il ne causera aucun dommage \u00e0 l&rsquo;environnement, car il se biod\u00e9grade naturellement. Avec une fourchette en bois, savourez vos repas de mani\u00e8re naturelle et \u00e9cologique, en contribuant \u00e0 un monde plus propre et plus durable. Un choix charmant et respectueux de la plan\u00e8te ! \ud83c\udf74\ud83c\udf31\ud83c\udf43\ud83c\udf0d\ud83c\udfe1<\/p>\n","protected":false},"featured_media":21874,"template":"","meta":{"_acf_changed":false},"product_brand":[],"product_cat":[1750,1743],"product_tag":[],"class_list":{"0":"post-14817","1":"product","2":"type-product","3":"status-publish","4":"has-post-thumbnail","6":"product_cat-couverts","7":"product_cat-fourchettes","8":"pa_apto-microondas-non","9":"pa_biodegradable-compostable-oui","10":"pa_color-grafica-bois","11":"pa_material-bois","13":"first","14":"instock","15":"sale","16":"taxable","17":"shipping-taxable","18":"purchasable","19":"product-type-simple"},"acf":[],"_links":{"self":[{"href":"https:\/\/graphired.com\/fr\/wp-json\/wp\/v2\/product\/14817","targetHints":{"allow":["GET"]}}],"collection":[{"href":"https:\/\/graphired.com\/fr\/wp-json\/wp\/v2\/product"}],"about":[{"href":"https:\/\/graphired.com\/fr\/wp-json\/wp\/v2\/types\/product"}],"version-history":[{"count":0,"href":"https:\/\/graphired.com\/fr\/wp-json\/wp\/v2\/product\/14817\/revisions"}],"wp:featuredmedia":[{"embeddable":true,"href":"https:\/\/graphired.com\/fr\/wp-json\/wp\/v2\/media\/21874"}],"wp:attachment":[{"href":"https:\/\/graphired.com\/fr\/wp-json\/wp\/v2\/media?parent=14817"}],"wp:term":[{"taxonomy":"product_brand","embeddable":true,"href":"https:\/\/graphired.com\/fr\/wp-json\/wp\/v2\/product_brand?post=14817"},{"taxonomy":"product_cat","embeddable":true,"href":"https:\/\/graphired.com\/fr\/wp-json\/wp\/v2\/product_cat?post=14817"},{"taxonomy":"product_tag","embeddable":true,"href":"https:\/\/graphired.com\/fr\/wp-json\/wp\/v2\/product_tag?post=14817"}],"curies":[{"name":"wp","href":"https:\/\/api.w.org\/{rel}","templated":true}]}}