{"id":14814,"date":"2023-10-24T13:31:54","date_gmt":"2023-10-24T13:31:54","guid":{"rendered":"https:\/\/graphired.com\/producto\/cuillere-en-bois-160mm-5000-pcs\/"},"modified":"2024-04-25T09:11:29","modified_gmt":"2024-04-25T09:11:29","slug":"cuillere-en-bois-160mm-5000-pcs","status":"publish","type":"product","link":"https:\/\/graphired.com\/fr\/produit\/cuillere-en-bois-160mm-5000-pcs\/","title":{"rendered":"Cuill\u00e8re en bois 160mm &#8211; 5000 pcs"},"content":{"rendered":"<p>\ud83e\udd44 Charme naturel : La cuill\u00e8re en bois est un choix charmant et naturel pour appr\u00e9cier vos repas.<\/p>\n<p>\ud83c\udf32 Mat\u00e9riau durable : Il est fabriqu\u00e9 en bois naturel, une source renouvelable et respectueuse de l&rsquo;environnement.<\/p>\n<p>\ud83c\udf43 Eco-Conscient : Cette cuill\u00e8re est biod\u00e9gradable, contribuant ainsi \u00e0 la r\u00e9duction des d\u00e9chets plastiques et au respect de la plan\u00e8te.<\/p>\n<p>\ud83c\udf7d\ufe0f Polyvalence : Id\u00e9al pour une vari\u00e9t\u00e9 de repas, des soupes aux desserts, ajoutant une touche rustique \u00e0 votre table.<\/p>\n<p>\ud83c\udfe1 Utilisation domestique : parfait pour une utilisation \u00e0 la maison, lors d&rsquo;\u00e9v\u00e9nements ou au restaurant, apportant de l&rsquo;authenticit\u00e9 \u00e0 vos repas.<\/p>\n<p>\ud83c\udf89 Natural Style : Compl\u00e8te l&rsquo;esth\u00e9tique des aliments biologiques et souligne votre engagement en faveur des ingr\u00e9dients naturels.<\/p>\n<p>Engagement environnemental : en utilisant une cuill\u00e8re en bois, vous montrez votre soutien \u00e0 la r\u00e9duction du plastique et au d\u00e9veloppement durable.<\/p>\n<p>\u00c9limination facile : Lorsque vous vous en d\u00e9barrassez, vous savez qu&rsquo;il ne causera aucun dommage \u00e0 l&rsquo;environnement, car il se biod\u00e9grade naturellement.<\/p>\n<p>Avec une cuill\u00e8re en bois, d\u00e9gustez vos repas de mani\u00e8re naturelle et \u00e9cologique, en contribuant \u00e0 un monde plus propre et plus durable. Un choix charmant et respectueux de la plan\u00e8te ! \ud83e\udd44\ud83c\udf31\ud83c\udf43\ud83c\udf0d\ud83c\udfe1<\/p>\n","protected":false},"excerpt":{"rendered":"<p>\ud83e\udd44 Charme naturel : La cuill\u00e8re en bois est un choix charmant et naturel pour appr\u00e9cier vos repas.<\/p>\n<p>\ud83c\udf32 Mat\u00e9riau durable : Il est fabriqu\u00e9 en bois naturel, une source renouvelable et respectueuse de l&rsquo;environnement.<\/p>\n<p>\ud83c\udf43 Eco-Conscient : Cette cuill\u00e8re est biod\u00e9gradable, contribuant ainsi \u00e0 la r\u00e9duction des d\u00e9chets plastiques et au respect de la plan\u00e8te.<\/p>\n<p>\ud83c\udf7d\ufe0f Polyvalence : Id\u00e9al pour une vari\u00e9t\u00e9 de repas, des soupes aux desserts, ajoutant une touche rustique \u00e0 votre table.<\/p>\n<p>\ud83c\udfe1 Utilisation domestique : parfait pour une utilisation \u00e0 la maison, lors d&rsquo;\u00e9v\u00e9nements ou au restaurant, apportant de l&rsquo;authenticit\u00e9 \u00e0 vos repas.<\/p>\n<p>\ud83c\udf89 Natural Style : Compl\u00e8te l&rsquo;esth\u00e9tique des aliments biologiques et souligne votre engagement en faveur des ingr\u00e9dients naturels.<\/p>\n<p>Engagement environnemental : en utilisant une cuill\u00e8re en bois, vous montrez votre soutien \u00e0 la r\u00e9duction du plastique et au d\u00e9veloppement durable.<\/p>\n<p>\u00c9limination facile : Lorsque vous vous en d\u00e9barrassez, vous savez qu&rsquo;il ne causera aucun dommage \u00e0 l&rsquo;environnement, car il se biod\u00e9grade naturellement.<\/p>\n<p>Avec une cuill\u00e8re en bois, d\u00e9gustez vos repas de mani\u00e8re naturelle et \u00e9cologique, en contribuant \u00e0 un monde plus propre et plus durable. Un choix charmant et respectueux de la plan\u00e8te ! \ud83e\udd44\ud83c\udf31\ud83c\udf43\ud83c\udf0d\ud83c\udfe1<\/p>\n","protected":false},"featured_media":14815,"template":"","meta":{"_acf_changed":false},"product_brand":[],"product_cat":[1745],"product_tag":[],"class_list":{"0":"post-14814","1":"product","2":"type-product","3":"status-publish","4":"has-post-thumbnail","6":"product_cat-cuilleres","7":"pa_apto-microondas-non","8":"pa_biodegradable-compostable-oui","9":"pa_color-grafica-bois","10":"pa_material-bois","12":"first","13":"instock","14":"taxable","15":"shipping-taxable","16":"purchasable","17":"product-type-simple"},"acf":[],"_links":{"self":[{"href":"https:\/\/graphired.com\/fr\/wp-json\/wp\/v2\/product\/14814","targetHints":{"allow":["GET"]}}],"collection":[{"href":"https:\/\/graphired.com\/fr\/wp-json\/wp\/v2\/product"}],"about":[{"href":"https:\/\/graphired.com\/fr\/wp-json\/wp\/v2\/types\/product"}],"version-history":[{"count":0,"href":"https:\/\/graphired.com\/fr\/wp-json\/wp\/v2\/product\/14814\/revisions"}],"wp:featuredmedia":[{"embeddable":true,"href":"https:\/\/graphired.com\/fr\/wp-json\/wp\/v2\/media\/14815"}],"wp:attachment":[{"href":"https:\/\/graphired.com\/fr\/wp-json\/wp\/v2\/media?parent=14814"}],"wp:term":[{"taxonomy":"product_brand","embeddable":true,"href":"https:\/\/graphired.com\/fr\/wp-json\/wp\/v2\/product_brand?post=14814"},{"taxonomy":"product_cat","embeddable":true,"href":"https:\/\/graphired.com\/fr\/wp-json\/wp\/v2\/product_cat?post=14814"},{"taxonomy":"product_tag","embeddable":true,"href":"https:\/\/graphired.com\/fr\/wp-json\/wp\/v2\/product_tag?post=14814"}],"curies":[{"name":"wp","href":"https:\/\/api.w.org\/{rel}","templated":true}]}}