{"id":14792,"date":"2023-10-24T09:32:59","date_gmt":"2023-10-24T09:32:59","guid":{"rendered":"https:\/\/graphired.com\/producto\/cpla-bio-couteau-blanc-168mm-1000-pcs\/"},"modified":"2024-04-25T09:14:07","modified_gmt":"2024-04-25T09:14:07","slug":"cpla-bio-couteau-blanc-168mm-1000-pcs","status":"publish","type":"product","link":"https:\/\/graphired.com\/fr\/produit\/cpla-bio-couteau-blanc-168mm-1000-pcs\/","title":{"rendered":"CPLA Bio Couteau blanc 168mm &#8211; 1000 pcs."},"content":{"rendered":"<p>\ud83c\udf74 Monouso : Le couteau CPLA Bio de 168 mm en blanc est jetable et polyvalent, adapt\u00e9 \u00e0 une grande vari\u00e9t\u00e9 de repas.<\/p>\n<p>Respectueux de l&rsquo;environnement : Bien que jetable, il est fabriqu\u00e9 en CPLA Bio, un bioplastique qui se d\u00e9grade naturellement, r\u00e9duisant ainsi l&rsquo;impact sur l&rsquo;environnement.<\/p>\n<p>\ud83c\udf7d\ufe0f Taille polyvalente : avec une longueur de 168 mm, cette fourchette est parfaite pour d\u00e9guster une vari\u00e9t\u00e9 de repas.<\/p>\n<p>\ud83c\udf43 Conscient de l&rsquo;environnement : Contribuez \u00e0 r\u00e9duire l&rsquo;utilisation des plastiques traditionnels, en soutenant la durabilit\u00e9 dans tous vos repas.<\/p>\n<p>\ud83c\udf74 Large utilit\u00e9 : Id\u00e9ale pour les caf\u00e9s, les restaurants, les bureaux et les maisons, cette fourchette jetable est un choix pratique et commode.<\/p>\n<p>\ud83c\udf89 \u00c9l\u00e9gant et fonctionnel : Le design blanc allie \u00e9l\u00e9gance et utilit\u00e9, am\u00e9liorant ainsi votre exp\u00e9rience culinaire.<\/p>\n<p>Engagement environnemental : En choisissant ce couteau, vous montrez votre engagement \u00e0 r\u00e9duire les d\u00e9chets plastiques et \u00e0 pr\u00e9server la plan\u00e8te.<\/p>\n<p>Facile \u00e0 \u00e9liminer : Facile \u00e0 \u00e9liminer, ce qui vous permet de l&rsquo;utiliser pour tous vos repas.<\/p>\n<p>Avec le couteau CPLA Bio White de 168 mm, vous pouvez d\u00e9guster vos repas en toute conscience et confortablement, sans vous soucier du nettoyage, puisqu&rsquo;il est \u00e0 usage unique. Choisissez une option \u00e9cologique pour tous vos repas ! \ud83c\udf74\ud83c\udf31\ud83c\udf7d\ufe0f\ud83c\udf0d<\/p>\n","protected":false},"excerpt":{"rendered":"<p>\ud83c\udf74 Monouso : Le couteau CPLA Bio de 168 mm en blanc est jetable et polyvalent, adapt\u00e9 \u00e0 une grande vari\u00e9t\u00e9 de repas.<\/p>\n<p>Respectueux de l&rsquo;environnement : Bien que jetable, il est fabriqu\u00e9 en CPLA Bio, un bioplastique qui se d\u00e9grade naturellement, r\u00e9duisant ainsi l&rsquo;impact sur l&rsquo;environnement.<\/p>\n<p>\ud83c\udf7d\ufe0f Taille polyvalente : avec une longueur de 168 mm, cette fourchette est parfaite pour d\u00e9guster une vari\u00e9t\u00e9 de repas.<\/p>\n<p>\ud83c\udf43 Conscient de l&rsquo;environnement : Contribuez \u00e0 r\u00e9duire l&rsquo;utilisation des plastiques traditionnels, en soutenant la durabilit\u00e9 dans tous vos repas.<\/p>\n<p>\ud83c\udf74 Large utilit\u00e9 : Id\u00e9ale pour les caf\u00e9s, les restaurants, les bureaux et les maisons, cette fourchette jetable est un choix pratique et commode.<\/p>\n<p>\ud83c\udf89 \u00c9l\u00e9gant et fonctionnel : Le design blanc allie \u00e9l\u00e9gance et utilit\u00e9, am\u00e9liorant ainsi votre exp\u00e9rience culinaire.<\/p>\n<p>Engagement environnemental : En choisissant ce couteau, vous montrez votre engagement \u00e0 r\u00e9duire les d\u00e9chets plastiques et \u00e0 pr\u00e9server la plan\u00e8te.<\/p>\n<p>Facile \u00e0 \u00e9liminer : Facile \u00e0 \u00e9liminer, ce qui vous permet de l&rsquo;utiliser pour tous vos repas.<\/p>\n<p>Avec le couteau CPLA Bio White de 168 mm, vous pouvez d\u00e9guster vos repas en toute conscience et confortablement, sans vous soucier du nettoyage, puisqu&rsquo;il est \u00e0 usage unique. Choisissez une option \u00e9cologique pour tous vos repas ! \ud83c\udf74\ud83c\udf31\ud83c\udf7d\ufe0f\ud83c\udf0d<\/p>\n","protected":false},"featured_media":14793,"template":"","meta":{"_acf_changed":false},"product_brand":[],"product_cat":[1742],"product_tag":[],"class_list":{"0":"post-14792","1":"product","2":"type-product","3":"status-publish","4":"has-post-thumbnail","6":"product_cat-couteaux","7":"pa_apto-microondas-non","8":"pa_biodegradable-compostable-oui","9":"pa_color-grafica-blanc","10":"pa_material-pla-cristallise","12":"first","13":"instock","14":"taxable","15":"shipping-taxable","16":"purchasable","17":"product-type-simple"},"acf":[],"_links":{"self":[{"href":"https:\/\/graphired.com\/fr\/wp-json\/wp\/v2\/product\/14792","targetHints":{"allow":["GET"]}}],"collection":[{"href":"https:\/\/graphired.com\/fr\/wp-json\/wp\/v2\/product"}],"about":[{"href":"https:\/\/graphired.com\/fr\/wp-json\/wp\/v2\/types\/product"}],"version-history":[{"count":0,"href":"https:\/\/graphired.com\/fr\/wp-json\/wp\/v2\/product\/14792\/revisions"}],"wp:featuredmedia":[{"embeddable":true,"href":"https:\/\/graphired.com\/fr\/wp-json\/wp\/v2\/media\/14793"}],"wp:attachment":[{"href":"https:\/\/graphired.com\/fr\/wp-json\/wp\/v2\/media?parent=14792"}],"wp:term":[{"taxonomy":"product_brand","embeddable":true,"href":"https:\/\/graphired.com\/fr\/wp-json\/wp\/v2\/product_brand?post=14792"},{"taxonomy":"product_cat","embeddable":true,"href":"https:\/\/graphired.com\/fr\/wp-json\/wp\/v2\/product_cat?post=14792"},{"taxonomy":"product_tag","embeddable":true,"href":"https:\/\/graphired.com\/fr\/wp-json\/wp\/v2\/product_tag?post=14792"}],"curies":[{"name":"wp","href":"https:\/\/api.w.org\/{rel}","templated":true}]}}