{"id":14671,"date":"2023-11-16T10:43:57","date_gmt":"2023-11-16T10:43:57","guid":{"rendered":"https:\/\/graphired.com\/producto\/autocollant-rond-personnalise\/"},"modified":"2024-06-10T12:59:33","modified_gmt":"2024-06-10T12:59:33","slug":"autocollant-rond-personnalise","status":"publish","type":"product","link":"https:\/\/graphired.com\/fr\/produit\/autocollant-rond-personnalise\/","title":{"rendered":"Autocollant rond personnalis\u00e9"},"content":{"rendered":"<p><strong>Autocollants ronds personnalisables : donnez vie \u00e0 vos id\u00e9es \ud83c\udf08<\/strong><\/p>\n<p>Donnez vie \u00e0 vos id\u00e9es gr\u00e2ce \u00e0 nos autocollants ronds personnalisables ! Disponibles en diff\u00e9rentes tailles, de 3,5 \u00e0 9 cm de diam\u00e8tre, ces autocollants sont le choix id\u00e9al pour personnaliser vos produits, vos promotions ou simplement exprimer votre cr\u00e9ativit\u00e9.<\/p>\n<p><strong>Une vari\u00e9t\u00e9 de mat\u00e9riaux pour r\u00e9pondre \u00e0 vos besoins \ud83c\udf1f<\/strong><\/p>\n<ul>\n<li><em>Vinyle adh\u00e9sif mat :<\/em> Solides, imperm\u00e9ables et sans fissures, ces adh\u00e9sifs sont id\u00e9aux pour une grande vari\u00e9t\u00e9 d&rsquo;applications. Qu&rsquo;il s&rsquo;agisse d&rsquo;\u00e9tiquettes de produits ou de d\u00e9coration, la finition mate lui conf\u00e8re une touche d&rsquo;\u00e9l\u00e9gance et de durabilit\u00e9.<\/li>\n<li><em>Vinyle PP mat :<\/em> semblable au vinyle adh\u00e9sif, mais plus fin. Parfait pour les applications congel\u00e9es, ce mat\u00e9riau offre une r\u00e9sistance \u00e0 l&rsquo;eau et une finition plastique qui met en valeur vos dessins de mani\u00e8re attrayante.<\/li>\n<li><em>Adh\u00e9sif transparent :<\/em> Laissez briller vos cr\u00e9ations gr\u00e2ce \u00e0 ce mat\u00e9riau transparent. Id\u00e9al pour les surfaces o\u00f9 vous souhaitez que le fond soit visible, cet adh\u00e9sif offre une polyvalence et une touche de modernit\u00e9 \u00e0 vos projets.<\/li>\n<li>Papier adh\u00e9sif : l&rsquo;option la plus \u00e9conomique, id\u00e9ale pour les scell\u00e9s sur les produits en raison de sa facilit\u00e9 de d\u00e9chirement. Sacs, saladiers, gobelets, bo\u00eetes am\u00e9ricaines&#8230; etc.<\/li>\n<\/ul>\n<p><strong>Des utilisations polyvalentes pour vos autocollants :<\/strong><\/p>\n<ol>\n<li><strong>\u00c9tiquettes de produits personnalis\u00e9es :<\/strong> Marquez vos produits avec style et professionnalisme.<\/li>\n<li><strong>Promotions sp\u00e9ciales :<\/strong> Mettez en \u00e9vidence les offres et les r\u00e9ductions gr\u00e2ce \u00e0 des autocollants personnalis\u00e9s qui attirent l&rsquo;attention.<\/li>\n<li><strong>D\u00e9coration cr\u00e9ative :<\/strong> ajoutez une touche unique \u00e0 vos objets et cadeaux.<\/li>\n<li><strong>Signalisation efficace :<\/strong> utilisez des autocollants pour indiquer les informations importantes de mani\u00e8re claire et attrayante.<\/li>\n<li><strong>Personnalisation des emballages :<\/strong> Ajoutez une touche personnelle \u00e0 vos emballages et bo\u00eetes d&rsquo;exp\u00e9dition.<\/li>\n<\/ol>\n<p><strong>Une qualit\u00e9 qui dure :<\/strong><\/p>\n<p>Nos adh\u00e9sifs sont de haute qualit\u00e9, ce qui garantit leur durabilit\u00e9 et leur solidit\u00e9. Ils sont \u00e9galement faciles \u00e0 appliquer, ce qui en fait le choix id\u00e9al pour vos projets.<\/p>\n<p>Personnalisez d\u00e8s aujourd&rsquo;hui vos autocollants ronds et faites ressortir vos id\u00e9es. D\u00e9couvrez le pouvoir de la cr\u00e9ativit\u00e9 avec nos autocollants personnalisables ! \ud83d\ude80\u2728<\/p>\n","protected":false},"excerpt":{"rendered":"<p><strong>Autocollants ronds personnalisables : donnez vie \u00e0 vos id\u00e9es \ud83c\udf08<\/strong><\/p>\n<p>Donnez vie \u00e0 vos id\u00e9es gr\u00e2ce \u00e0 nos autocollants ronds personnalisables ! Disponibles en diff\u00e9rentes tailles, de 3,5 \u00e0 9 cm de diam\u00e8tre, ces autocollants sont le choix id\u00e9al pour personnaliser vos produits, vos promotions ou simplement exprimer votre cr\u00e9ativit\u00e9.<\/p>\n<p><strong>Une vari\u00e9t\u00e9 de mat\u00e9riaux pour r\u00e9pondre \u00e0 vos besoins \ud83c\udf1f<\/strong><\/p>\n<ul>\n<li><em>Vinyle adh\u00e9sif mat :<\/em> Solides, imperm\u00e9ables et sans fissures, ces adh\u00e9sifs sont id\u00e9aux pour une grande vari\u00e9t\u00e9 d&rsquo;applications. Qu&rsquo;il s&rsquo;agisse d&rsquo;\u00e9tiquettes de produits ou de d\u00e9coration, la finition mate lui conf\u00e8re une touche d&rsquo;\u00e9l\u00e9gance et de durabilit\u00e9.<\/li>\n<li><em>Vinyle PP mat :<\/em> similaire au vinyle adh\u00e9sif, mais plus fin. Parfait pour les applications congel\u00e9es, ce mat\u00e9riau offre une r\u00e9sistance \u00e0 l&rsquo;eau et une finition plastique qui met en valeur vos dessins de mani\u00e8re attrayante.<\/li>\n<li><em>Adh\u00e9sif transparent :<\/em> Laissez briller vos cr\u00e9ations gr\u00e2ce \u00e0 ce mat\u00e9riau transparent. Id\u00e9al pour les surfaces o\u00f9 vous souhaitez que le fond soit visible, cet adh\u00e9sif offre une polyvalence et une touche de modernit\u00e9 \u00e0 vos projets.<\/li>\n<li>Papier adh\u00e9sif : l&rsquo;option la plus \u00e9conomique, id\u00e9ale pour les scell\u00e9s sur les produits en raison de sa facilit\u00e9 de d\u00e9chirement. Sacs, saladiers, gobelets, bo\u00eetes am\u00e9ricaines&#8230; etc.<\/li>\n<\/ul>\n<p><strong>Des utilisations polyvalentes pour vos autocollants :<\/strong><\/p>\n<ol>\n<li><strong>\u00c9tiquettes de produits personnalis\u00e9es :<\/strong> Marquez vos produits avec style et professionnalisme.<\/li>\n<li><strong>Promotions sp\u00e9ciales :<\/strong> Mettez en \u00e9vidence les offres et les r\u00e9ductions gr\u00e2ce \u00e0 des autocollants personnalis\u00e9s qui attirent l&rsquo;attention.<\/li>\n<li><strong>D\u00e9coration cr\u00e9ative :<\/strong> ajoutez une touche unique \u00e0 vos objets et cadeaux.<\/li>\n<li><strong>Signalisation efficace :<\/strong> utilisez des autocollants pour indiquer les informations importantes de mani\u00e8re claire et attrayante.<\/li>\n<li><strong>Personnalisation des emballages :<\/strong> Ajoutez une touche personnelle \u00e0 vos emballages et bo\u00eetes d&rsquo;exp\u00e9dition.<\/li>\n<\/ol>\n<p><strong>Une qualit\u00e9 qui dure :<\/strong><\/p>\n<p>Nos adh\u00e9sifs sont de haute qualit\u00e9, ce qui garantit leur durabilit\u00e9 et leur solidit\u00e9. Ils sont \u00e9galement faciles \u00e0 appliquer, ce qui en fait le choix id\u00e9al pour vos projets.<\/p>\n<p>Personnalisez d\u00e8s aujourd&rsquo;hui vos autocollants ronds et faites ressortir vos id\u00e9es. D\u00e9couvrez le pouvoir de la cr\u00e9ativit\u00e9 avec nos autocollants personnalisables ! \ud83d\ude80\u2728<\/p>\n","protected":false},"featured_media":14733,"template":"","meta":{"_acf_changed":false},"product_brand":[],"product_cat":[1574],"product_tag":[2100],"class_list":{"0":"post-14671","1":"product","2":"type-product","3":"status-publish","4":"has-post-thumbnail","6":"product_cat-stickers-personnalises","7":"product_tag-variante-fr","8":"pa_apto-microondas-non","9":"pa_biodegradable-compostable-non","10":"pa_color-grafica-personnalise","11":"pa_material-adhesif-pour-congelateur","12":"pa_material-pp-fr","13":"pa_material-vinyle-adhesif","14":"pa_recipiente-compatible-100-terrine","15":"pa_recipiente-compatible-barre-de-coupe-1000ml","16":"pa_recipiente-compatible-barre-de-coupe-850ml","17":"pa_recipiente-compatible-bocal-102","18":"pa_recipiente-compatible-bocal-130","19":"pa_recipiente-compatible-bocal-160","20":"pa_recipiente-compatible-bocal-200b","21":"pa_recipiente-compatible-bocal-80","22":"pa_recipiente-compatible-bocal-90","23":"pa_recipiente-compatible-bocal-95","24":"pa_recipiente-compatible-bocal-s100","25":"pa_recipiente-compatible-conteneur-porexpan","26":"pa_recipiente-compatible-bol-a-pulpe-600ml-o155mm","27":"pa_recipiente-compatible-gobelet-a-dessert-pla-320ml-o95mm","28":"pa_recipiente-compatible-gobelet-en-carton","29":"pa_recipiente-compatible-gobelet-en-carton-12ozdw","30":"pa_recipiente-compatible-gobelet-en-carton-16oz","31":"pa_recipiente-compatible-gobelet-en-carton-16ozdw","32":"pa_recipiente-compatible-gobelet-en-carton-20m","33":"pa_recipiente-compatible-coupe-en-carton-25m","34":"pa_recipiente-compatible-gobelet-en-carton-32m","35":"pa_recipiente-compatible-gobelet-en-carton-37m","36":"pa_recipiente-compatible-gobelet-en-carton-3oz","37":"pa_recipiente-compatible-gobelet-en-carton-42m","38":"pa_recipiente-compatible-gobelet-en-carton-45w","39":"pa_recipiente-compatible-gobelet-en-carton-4oz","40":"pa_recipiente-compatible-gobelet-en-carton-50w","41":"pa_recipiente-compatible-gobelet-en-carton-6oz","42":"pa_recipiente-compatible-gobelet-en-carton-70w","43":"pa_recipiente-compatible-gobelet-en-carton-75w","44":"pa_recipiente-compatible-gobelet-en-carton-8oz","45":"pa_recipiente-compatible-gobelet-en-pet","46":"pa_recipiente-compatible-gobelet-en-pla","47":"pa_recipiente-compatible-gobelet-en-pp-100ml","48":"pa_recipiente-compatible-gobelet-pet-240ml","49":"pa_recipiente-compatible-gobelet-pet-240ml-o78","50":"pa_recipiente-compatible-gobelet-pet-450ml-o96","51":"pa_recipiente-compatible-gobelet-pet-500ml-o96","52":"pa_recipiente-compatible-gobelet-pla-250ml-o76mm","53":"pa_recipiente-compatible-gobelet-pla-330ml-12oz-o78","54":"pa_recipiente-compatible-gobelet-pla-500ml-o96","55":"pa_recipiente-compatible-gobelet-pla-525ml-16oz-o96","56":"pa_recipiente-compatible-gobelet-pla-600ml-o96","57":"pa_recipiente-compatible-pla-gobelet-transparent-400ml-12oz-o96","58":"pa_recipiente-compatible-gobelet-pp-200ml","59":"pa_recipiente-compatible-gobelet-pp-375ml-126oz","60":"pa_recipiente-compatible-gobelet-ps-250ml","61":"pa_recipiente-compatible-gobelet-ps-450ml","62":"pa_recipiente-compatible-gobelet-rpet","63":"pa_recipiente-compatible-gobelet-rpet-350ml-o96","64":"pa_recipiente-compatible-gobelet-rpet-450ml-o96","65":"pa_recipiente-compatible-gobelet-rpet-500ml-o96","66":"pa_recipiente-compatible-jarre-60","67":"pa_recipiente-compatible-plateau","68":"pa_recipiente-compatible-pot-17014","69":"pa_recipiente-compatible-pot-350","70":"pa_recipiente-compatible-pot-450","71":"pa_recipiente-compatible-pot-a-pulpe-30ml-o62mm","72":"pa_recipiente-compatible-pot-de-luxe","73":"pa_recipiente-compatible-pot-de-luxe-s105","74":"pa_recipiente-compatible-pot-de-luxe-s19","75":"pa_recipiente-compatible-pot-de-luxe-s50","76":"pa_recipiente-compatible-pot-de-luxe-s65","77":"pa_recipiente-compatible-bocal-de-luxe-s80","78":"pa_recipiente-compatible-pot-de-luxe-s94","79":"pa_recipiente-compatible-pot-en-carton","80":"pa_recipiente-compatible-pot-en-carton-9oz","81":"pa_recipiente-compatible-pot-swisspack-140ml-o725mm","82":"pa_recipiente-compatible-pot-swisspack-230ml-o1015mm","83":"pa_recipiente-compatible-pot-swisspack-250ml-o1015mm","84":"pa_recipiente-compatible-pot-swisspack-85ml-o725mm","85":"pa_recipiente-compatible-saladier-s120","86":"pa_recipiente-compatible-saladier-s80","87":"pa_recipiente-compatible-tasse-en-carton-12oz","88":"pa_recipiente-compatible-verre-transparent-330ml-o96","90":"first","91":"instock","92":"taxable","93":"shipping-taxable","94":"purchasable","95":"product-type-variable"},"acf":[],"_links":{"self":[{"href":"https:\/\/graphired.com\/fr\/wp-json\/wp\/v2\/product\/14671","targetHints":{"allow":["GET"]}}],"collection":[{"href":"https:\/\/graphired.com\/fr\/wp-json\/wp\/v2\/product"}],"about":[{"href":"https:\/\/graphired.com\/fr\/wp-json\/wp\/v2\/types\/product"}],"version-history":[{"count":0,"href":"https:\/\/graphired.com\/fr\/wp-json\/wp\/v2\/product\/14671\/revisions"}],"wp:featuredmedia":[{"embeddable":true,"href":"https:\/\/graphired.com\/fr\/wp-json\/wp\/v2\/media\/14733"}],"wp:attachment":[{"href":"https:\/\/graphired.com\/fr\/wp-json\/wp\/v2\/media?parent=14671"}],"wp:term":[{"taxonomy":"product_brand","embeddable":true,"href":"https:\/\/graphired.com\/fr\/wp-json\/wp\/v2\/product_brand?post=14671"},{"taxonomy":"product_cat","embeddable":true,"href":"https:\/\/graphired.com\/fr\/wp-json\/wp\/v2\/product_cat?post=14671"},{"taxonomy":"product_tag","embeddable":true,"href":"https:\/\/graphired.com\/fr\/wp-json\/wp\/v2\/product_tag?post=14671"}],"curies":[{"name":"wp","href":"https:\/\/api.w.org\/{rel}","templated":true}]}}